{"id":24733,"date":"2024-12-14T12:27:07","date_gmt":"2024-12-14T12:27:07","guid":{"rendered":"https:\/\/twine.vn\/?post_type=product&#038;p=24733"},"modified":"2024-12-16T15:14:11","modified_gmt":"2024-12-16T15:14:11","slug":"the-glenlivet-founders-reserve","status":"publish","type":"product","link":"https:\/\/twine.vn\/index.php\/product\/the-glenlivet-founders-reserve\/","title":{"rendered":"The Glenlivet Founder\u2019s Reserve"},"content":{"rendered":"<p><span style=\"font-family: helvetica, arial, sans-serif;\">The Glenlivet Founder\u2019s Reserve l\u00e0 m\u1ed9t trong nh\u1eefng s\u1ea3n ph\u1ea9m n\u1ed5i b\u1eadt \u0111\u1ebfn t\u1eeb th\u01b0\u01a1ng hi\u1ec7u r\u01b0\u1ee3u whisky danh ti\u1ebfng <em>The Glenlivet<\/em>, thu\u1ed9c v\u00f9ng Speyside, Scotland. V\u1edbi l\u1ecbch s\u1eed l\u00e2u \u0111\u1eddi v\u00e0 h\u01b0\u01a1ng v\u1ecb \u0111\u1eb7c tr\u01b0ng, chai whisky n\u00e0y kh\u00f4ng ch\u1ec9 l\u00e0 bi\u1ec3u t\u01b0\u1ee3ng c\u1ee7a ch\u1ea5t l\u01b0\u1ee3ng m\u00e0 c\u00f2n t\u00f4n vinh di s\u1ea3n c\u1ee7a ng\u01b0\u1eddi s\u00e1ng l\u1eadp, <strong>George Smith<\/strong>.<\/span><\/p>\n<hr \/>\n<h3><span style=\"font-family: helvetica, arial, sans-serif;\"><strong>L\u1ecbch S\u1eed &amp; Ngu\u1ed3n G\u1ed1c<\/strong><\/span><\/h3>\n<p><span style=\"font-family: helvetica, arial, sans-serif;\">The Glenlivet \u0111\u01b0\u1ee3c th\u00e0nh l\u1eadp t\u1eeb n\u0103m 1824 b\u1edfi George Smith, ng\u01b0\u1eddi ti\u00ean phong trong vi\u1ec7c s\u1ea3n xu\u1ea5t r\u01b0\u1ee3u whisky h\u1ee3p ph\u00e1p \u1edf v\u00f9ng Speyside. \u0110\u1ec3 tri \u00e2n nh\u1eefng gi\u00e1 tr\u1ecb m\u00e0 ng\u01b0\u1eddi s\u00e1ng l\u1eadp \u0111\u00e3 t\u1ea1o d\u1ef1ng, d\u00f2ng <em>Founder\u2019s Reserve<\/em> \u0111\u01b0\u1ee3c ra \u0111\u1eddi, mang \u0111\u1eadm n\u00e9t c\u1ed5 \u0111i\u1ec3n k\u1ebft h\u1ee3p v\u1edbi tinh th\u1ea7n \u0111\u1ed5i m\u1edbi c\u1ee7a nh\u00e0 Glenlivet.<\/span><\/p>\n<hr \/>\n<h3><span style=\"font-family: helvetica, arial, sans-serif;\"><strong>H\u01b0\u01a1ng V\u1ecb \u0110\u1ed9c \u0110\u00e1o<\/strong><\/span><\/h3>\n<ul>\n<li><span style=\"font-family: helvetica, arial, sans-serif;\"><strong>M\u0169i (Nose):<\/strong> T\u01b0\u01a1i m\u00e1t v\u1edbi h\u01b0\u01a1ng t\u00e1o xanh, l\u00ea ch\u00edn v\u00e0 cam qu\u00fdt, c\u00f9ng m\u1ed9t ch\u00fat h\u01b0\u01a1ng vani d\u1ecbu nh\u1eb9.<\/span><\/li>\n<li><span style=\"font-family: helvetica, arial, sans-serif;\"><strong>V\u1ecb (Palate):<\/strong> M\u01b0\u1ee3t m\u00e0, \u1ea5m \u00e1p v\u1edbi s\u1ef1 k\u1ebft h\u1ee3p c\u1ee7a k\u1eb9o b\u01a1, m\u1eadt ong v\u00e0 gia v\u1ecb nh\u1eb9 t\u1eeb g\u1ed7 s\u1ed3i.<\/span><\/li>\n<li><span style=\"font-family: helvetica, arial, sans-serif;\"><strong>D\u01b0 v\u1ecb (Finish):<\/strong> K\u00e9o d\u00e0i, ng\u1ecdt ng\u00e0o v\u1edbi g\u1ee3i \u00fd c\u1ee7a k\u1eb9o caramen v\u00e0 ch\u00fat h\u1ea1nh nh\u00e2n.<\/span><\/li>\n<\/ul>\n<p><span style=\"font-family: helvetica, arial, sans-serif;\">Founder\u2019s Reserve \u0111\u01b0\u1ee3c \u1ee7 trong th\u00f9ng g\u1ed7 s\u1ed3i <strong>American Oak<\/strong> \u0111\u1ec3 mang \u0111\u1ebfn s\u1ef1 h\u00e0i h\u00f2a gi\u1eefa v\u1ecb ng\u1ecdt m\u1ec1m m\u1ea1i v\u00e0 k\u1ebft c\u1ea5u thanh tho\u00e1t, t\u01b0\u01a1i m\u1edbi.<\/span><\/p>\n<hr \/>\n<h3><span style=\"font-family: helvetica, arial, sans-serif;\"><strong>\u0110\u1eb7c \u0110i\u1ec3m S\u1ea3n Ph\u1ea9m<\/strong><\/span><\/h3>\n<ul>\n<li><span style=\"font-family: helvetica, arial, sans-serif;\"><strong>Dung t\u00edch:<\/strong> 700ml<\/span><\/li>\n<li><span style=\"font-family: helvetica, arial, sans-serif;\"><strong>N\u1ed3ng \u0111\u1ed9 c\u1ed3n:<\/strong> 40% ABV<\/span><\/li>\n<li><span style=\"font-family: helvetica, arial, sans-serif;\"><strong>Xu\u1ea5t x\u1ee9:<\/strong> Speyside, Scotland<\/span><\/li>\n<\/ul>\n<p><span style=\"font-family: helvetica, arial, sans-serif;\">The Glenlivet Founder\u2019s Reserve ph\u00f9 h\u1ee3p \u0111\u1ec3 th\u01b0\u1edfng th\u1ee9c nguy\u00ean ch\u1ea5t (neat), th\u00eam \u0111\u00e1 (on the rocks) ho\u1eb7c d\u00f9ng trong c\u00e1c cocktail nh\u1eb9 nh\u00e0ng \u0111\u1ec3 kh\u00e1m ph\u00e1 tr\u1ecdn v\u1eb9n h\u01b0\u01a1ng v\u1ecb phong ph\u00fa. \u0110\u00e2y l\u00e0 l\u1ef1a ch\u1ecdn l\u00fd t\u01b0\u1edfng cho nh\u1eefng ai y\u00eau th\u00edch d\u00f2ng whisky thanh l\u1ecbch v\u00e0 l\u1ecbch s\u1eed \u0111\u1ea7y c\u1ea3m h\u1ee9ng.<\/span><\/p>\n<p><span style=\"font-family: helvetica, arial, sans-serif;\"> R\u01b0\u1ee3u ngo\u1ea1i Twine \u2013 Th\u01b0\u01a1ng hi\u1ec7u t\u1eeb n\u0103m 2021<\/span><br \/>\n<strong>\u0110\u1ecba ch\u1ec9:<\/strong> 144, \u0110\u01b0\u1eddng D1, KDC Ph\u00fa H\u00f2a 1, TP. Th\u1ee7 D\u1ea7u M\u1ed9t, B\u00ecnh D\u01b0\u01a1ng<br \/>\n<strong>Hotline:<\/strong> 0989.819.859 &#8211; 0898.683.465<br \/>\n<strong>Fanpage:<\/strong> <span class=\"html-span xdj266r x11i5rnm xat24cr x1mh8g0r xexx8yu x4uap5 x18d9i69 xkhd6sd x1hl2dhg x16tdsg8 x1vvkbs\"><a class=\"x1i10hfl xjbqb8w x1ejq31n xd10rxx x1sy0etr x17r0tee x972fbf xcfux6l x1qhh985 xm0m39n x9f619 x1ypdohk xt0psk2 xe8uvvx xdj266r x11i5rnm xat24cr x1mh8g0r xexx8yu x4uap5 x18d9i69 xkhd6sd x16tdsg8 x1hl2dhg xggy1nq x1a2a7pz x1sur9pj xkrqix3 x1fey0fg x1s688f\" tabindex=\"0\" role=\"link\" href=\"http:\/\/fb.com\/ruoungoaitwine\" target=\"_blank\" rel=\"nofollow noopener noreferrer\">fb.com\/ruoungoaitwine<\/a><\/span> | <span class=\"html-span xdj266r x11i5rnm xat24cr x1mh8g0r xexx8yu x4uap5 x18d9i69 xkhd6sd x1hl2dhg x16tdsg8 x1vvkbs\"><a class=\"x1i10hfl xjbqb8w x1ejq31n xd10rxx x1sy0etr x17r0tee x972fbf xcfux6l x1qhh985 xm0m39n x9f619 x1ypdohk xt0psk2 xe8uvvx xdj266r x11i5rnm xat24cr x1mh8g0r xexx8yu x4uap5 x18d9i69 xkhd6sd x16tdsg8 x1hl2dhg xggy1nq x1a2a7pz x1sur9pj xkrqix3 x1fey0fg x1s688f\" tabindex=\"0\" role=\"link\" href=\"http:\/\/fb.com\/ruouvangtwine\" target=\"_blank\" rel=\"nofollow noopener noreferrer\">fb.com\/ruouvangtwine<\/a><\/span><\/p>\n","protected":false},"excerpt":{"rendered":"<p><span style=\"font-family: helvetica, arial, sans-serif;\">The Glenlivet Founder\u2019s Reserve l\u00e0 m\u1ed9t trong nh\u1eefng s\u1ea3n ph\u1ea9m n\u1ed5i b\u1eadt \u0111\u1ebfn t\u1eeb th\u01b0\u01a1ng hi\u1ec7u r\u01b0\u1ee3u whisky danh ti\u1ebfng <em>The Glenlivet<\/em>, thu\u1ed9c v\u00f9ng Speyside, Scotland. V\u1edbi l\u1ecbch s\u1eed l\u00e2u \u0111\u1eddi v\u00e0 h\u01b0\u01a1ng v\u1ecb \u0111\u1eb7c tr\u01b0ng, chai whisky n\u00e0y kh\u00f4ng ch\u1ec9 l\u00e0 bi\u1ec3u t\u01b0\u1ee3ng c\u1ee7a ch\u1ea5t l\u01b0\u1ee3ng m\u00e0 c\u00f2n t\u00f4n vinh di s\u1ea3n c\u1ee7a ng\u01b0\u1eddi s\u00e1ng l\u1eadp, <strong>George Smith<\/strong>.<\/span><\/p>\n","protected":false},"featured_media":24742,"comment_status":"open","ping_status":"closed","template":"","meta":[],"product_cat":[155],"product_tag":[],"class_list":{"0":"post-24733","1":"product","2":"type-product","3":"status-publish","4":"has-post-thumbnail","6":"product_cat-single-malt-scotch-whisky","9":"first","10":"instock","11":"shipping-taxable","12":"product-type-simple"},"_links":{"self":[{"href":"https:\/\/twine.vn\/index.php\/wp-json\/wp\/v2\/product\/24733","targetHints":{"allow":["GET"]}}],"collection":[{"href":"https:\/\/twine.vn\/index.php\/wp-json\/wp\/v2\/product"}],"about":[{"href":"https:\/\/twine.vn\/index.php\/wp-json\/wp\/v2\/types\/product"}],"replies":[{"embeddable":true,"href":"https:\/\/twine.vn\/index.php\/wp-json\/wp\/v2\/comments?post=24733"}],"wp:featuredmedia":[{"embeddable":true,"href":"https:\/\/twine.vn\/index.php\/wp-json\/wp\/v2\/media\/24742"}],"wp:attachment":[{"href":"https:\/\/twine.vn\/index.php\/wp-json\/wp\/v2\/media?parent=24733"}],"wp:term":[{"taxonomy":"product_cat","embeddable":true,"href":"https:\/\/twine.vn\/index.php\/wp-json\/wp\/v2\/product_cat?post=24733"},{"taxonomy":"product_tag","embeddable":true,"href":"https:\/\/twine.vn\/index.php\/wp-json\/wp\/v2\/product_tag?post=24733"}],"curies":[{"name":"wp","href":"https:\/\/api.w.org\/{rel}","templated":true}]}}