{"id":24753,"date":"2024-12-14T13:01:28","date_gmt":"2024-12-14T13:01:28","guid":{"rendered":"https:\/\/twine.vn\/?post_type=product&#038;p=24753"},"modified":"2024-12-16T15:11:51","modified_gmt":"2024-12-16T15:11:51","slug":"tombacco-azzurra-rosso-igt-puglia","status":"publish","type":"product","link":"https:\/\/twine.vn\/index.php\/product\/tombacco-azzurra-rosso-igt-puglia\/","title":{"rendered":"TOMBACCO AZZURRA ROSSO IGT PUGLIA"},"content":{"rendered":"<p><span style=\"font-family: helvetica, arial, sans-serif;\">Tombacco Azzurra Rosso IGT Puglia l\u00e0 d\u00f2ng r\u01b0\u1ee3u vang \u0111\u1ecf cao c\u1ea5p \u0111\u1ebfn t\u1eeb v\u00f9ng <strong>Puglia<\/strong>, mi\u1ec1n Nam n\u01b0\u1edbc \u00dd, n\u01a1i n\u1ed5i ti\u1ebfng v\u1edbi kh\u00ed h\u1eadu \u00f4n h\u00f2a v\u00e0 truy\u1ec1n th\u1ed1ng l\u00e2u \u0111\u1eddi trong s\u1ea3n xu\u1ea5t r\u01b0\u1ee3u vang ch\u1ea5t l\u01b0\u1ee3ng.<\/span><\/p>\n<hr \/>\n<h3><span style=\"font-family: helvetica, arial, sans-serif;\"><strong>L\u1ecbch S\u1eed &amp; Ngu\u1ed3n G\u1ed1c<\/strong><\/span><\/h3>\n<p><span style=\"font-family: helvetica, arial, sans-serif;\">Tombacco l\u00e0 th\u01b0\u01a1ng hi\u1ec7u danh ti\u1ebfng t\u1eeb \u00dd, n\u1ed5i b\u1eadt v\u1edbi nh\u1eefng d\u00f2ng vang \u0111\u01b0\u1ee3c l\u00e0m th\u1ee7 c\u00f4ng t\u1eeb c\u00e1c gi\u1ed1ng nho \u0111\u1eb7c tr\u01b0ng, bi\u1ec3u t\u01b0\u1ee3ng c\u1ee7a ngh\u1ec7 thu\u1eadt l\u00e0m r\u01b0\u1ee3u vang \u00dd. Tombacco Azzurra Rosso IGT Puglia l\u00e0 k\u1ebft tinh c\u1ee7a s\u1ef1 t\u1ec9 m\u1ec9 v\u00e0 ni\u1ec1m \u0111am m\u00ea, \u0111\u01b0\u1ee3c c\u00e1c chuy\u00ean gia s\u1ea3n xu\u1ea5t r\u01b0\u1ee3u vang tuy\u1ec3n ch\u1ecdn t\u1eeb nh\u1eefng tr\u00e1i nho ch\u00edn m\u1ecdng tr\u1ed3ng tr\u00ean v\u00f9ng \u0111\u1ea5t gi\u00e0u dinh d\u01b0\u1ee1ng t\u1ea1i Puglia.<\/span><\/p>\n<p><span style=\"font-family: helvetica, arial, sans-serif;\">V\u1edbi bi\u1ec3u t\u01b0\u1ee3ng thi\u1ebft k\u1ebf trang nh\u00e3 v\u00e0 s\u1eafc xanh \u1ea5n t\u01b0\u1ee3ng, <strong>Tombacco Azzurra<\/strong> mang \u0111\u1ebfn phong c\u00e1ch \u0111\u1ed9c \u0111\u00e1o, v\u1eeba sang tr\u1ecdng v\u1eeba hi\u1ec7n \u0111\u1ea1i.<\/span><\/p>\n<hr \/>\n<h3><span style=\"font-family: helvetica, arial, sans-serif;\"><strong>H\u01b0\u01a1ng V\u1ecb \u0110\u1ed9c \u0110\u00e1o<\/strong><\/span><\/h3>\n<ul>\n<li><span style=\"font-family: helvetica, arial, sans-serif;\"><strong>M\u0169i (Nose):<\/strong> H\u01b0\u01a1ng th\u01a1m n\u1ed3ng n\u00e0n c\u1ee7a tr\u00e1i c\u00e2y ch\u00edn \u0111\u1ecf nh\u01b0 m\u1eadn, d\u00e2u t\u00e2y k\u1ebft h\u1ee3p c\u00f9ng g\u1ee3i \u00fd nh\u1eb9 c\u1ee7a vani v\u00e0 h\u01b0\u01a1ng g\u1ed7 s\u1ed3i.<\/span><\/li>\n<li><span style=\"font-family: helvetica, arial, sans-serif;\"><strong>V\u1ecb (Palate):<\/strong> C\u1ea5u tr\u00fac c\u00e2n b\u1eb1ng, m\u01b0\u1ee3t m\u00e0, n\u1ed5i b\u1eadt v\u1edbi v\u1ecb ng\u1ecdt nh\u1eb9 h\u00f2a quy\u1ec7n v\u1edbi tannin m\u1ec1m m\u1ecbn. C\u00e1c t\u1ea7ng h\u01b0\u01a1ng c\u1ee7a tr\u00e1i c\u00e2y \u0111en, m\u1ee9t qu\u1ea3 c\u00f9ng ch\u00fat gia v\u1ecb thoang tho\u1ea3ng t\u1ea1o n\u00ean s\u1ef1 \u1ea5n t\u01b0\u1ee3ng.<\/span><\/li>\n<li><span style=\"font-family: helvetica, arial, sans-serif;\"><strong>D\u01b0 v\u1ecb (Finish):<\/strong> D\u00e0i l\u00e2u, \u00eam \u00e1i v\u1edbi h\u1eadu v\u1ecb tr\u00f2n \u0111\u1ea7y v\u00e0 ch\u00fat h\u01b0\u01a1ng g\u1ed7 s\u1ed3i tinh t\u1ebf.<\/span><\/li>\n<\/ul>\n<p><span style=\"font-family: helvetica, arial, sans-serif;\">Tombacco Azzurra Rosso IGT Puglia l\u00e0 s\u1ef1 k\u1ebft h\u1ee3p ho\u00e0n h\u1ea3o c\u1ee7a h\u01b0\u01a1ng v\u1ecb m\u1ea1nh m\u1ebd nh\u01b0ng v\u1eabn \u0111\u1ea7y tinh t\u1ebf, mang \u0111\u1eadm d\u1ea5u \u1ea5n c\u1ee7a v\u00f9ng Puglia.<\/span><\/p>\n<hr \/>\n<h3><span style=\"font-family: helvetica, arial, sans-serif;\"><strong>\u0110\u1eb7c \u0110i\u1ec3m S\u1ea3n Ph\u1ea9m<\/strong><\/span><\/h3>\n<ul>\n<li><span style=\"font-family: helvetica, arial, sans-serif;\"><strong>Dung t\u00edch:<\/strong> 750ml<\/span><\/li>\n<li><span style=\"font-family: helvetica, arial, sans-serif;\"><strong>N\u1ed3ng \u0111\u1ed9 c\u1ed3n:<\/strong> 14% ABV<\/span><\/li>\n<li><span style=\"font-family: helvetica, arial, sans-serif;\"><strong>Xu\u1ea5t x\u1ee9:<\/strong> Puglia, \u00dd<\/span><\/li>\n<li><span style=\"font-family: helvetica, arial, sans-serif;\"><strong>Gi\u1ed1ng nho:<\/strong> C\u00e1c gi\u1ed1ng nho b\u1ea3n \u0111\u1ecba tuy\u1ec3n ch\u1ecdn t\u1eeb v\u00f9ng Puglia.<\/span><\/li>\n<\/ul>\n<p><span style=\"font-family: helvetica, arial, sans-serif;\"><strong>Tombacco Azzurra<\/strong> l\u00e0 l\u1ef1a ch\u1ecdn l\u00fd t\u01b0\u1edfng \u0111\u1ec3 th\u01b0\u1edfng th\u1ee9c trong c\u00e1c b\u1eefa ti\u1ec7c sang tr\u1ecdng, k\u1ebft h\u1ee3p ho\u00e0n h\u1ea3o v\u1edbi th\u1ecbt \u0111\u1ecf, c\u00e1c m\u00f3n n\u01b0\u1edbng ho\u1eb7c ph\u00f4 mai tr\u01b0\u1edfng th\u00e0nh. \u0110\u00e2y c\u0169ng l\u00e0 m\u00f3n qu\u00e0 \u0111\u1eb3ng c\u1ea5p d\u00e0nh t\u1eb7ng \u0111\u1ed1i t\u00e1c, ng\u01b0\u1eddi th\u00e2n v\u00e0 b\u1ea1n b\u00e8.<\/span><\/p>\n<hr \/>\n<h3><span style=\"font-family: helvetica, arial, sans-serif;\"><strong>R\u01b0\u1ee3u Ngo\u1ea1i Twine \u2013 Th\u01b0\u01a1ng Hi\u1ec7u T\u1eeb N\u0103m 2021<\/strong><\/span><\/h3>\n<p><span style=\"font-family: helvetica, arial, sans-serif;\"><strong>\u0110\u1ecba ch\u1ec9:<\/strong> 144, \u0110\u01b0\u1eddng D1, KDC Ph\u00fa H\u00f2a 1, TP. Th\u1ee7 D\u1ea7u M\u1ed9t, B\u00ecnh D\u01b0\u01a1ng<\/span><br \/>\n<span style=\"font-family: helvetica, arial, sans-serif;\"><strong>Hotline:<\/strong> 0989.819.859 \u2013 0898.683.465<\/span><br \/>\n<span style=\"font-family: helvetica, arial, sans-serif;\"><strong>Fanpage:<\/strong> <a href=\"http:\/\/fb.com\/ruoungoaitwine\" target=\"_new\" rel=\"noopener\">fb.com\/ruoungoaitwine<\/a> | <a href=\"http:\/\/fb.com\/ruouvangtwine\" target=\"_new\" rel=\"noopener\">fb.com\/ruouvangtwine<\/a><\/span><\/p>\n<p><span style=\"font-family: helvetica, arial, sans-serif;\"><strong>Twine<\/strong> \u2013 \u0110\u1ed3ng h\u00e0nh c\u00f9ng b\u1ea1n n\u00e2ng t\u1ea7m phong c\u00e1ch s\u1ed1ng v\u1edbi nh\u1eefng d\u00f2ng r\u01b0\u1ee3u ngo\u1ea1i th\u01b0\u1ee3ng h\u1ea1ng!<\/span><\/p>\n","protected":false},"excerpt":{"rendered":"<p><span style=\"font-family: helvetica, arial, sans-serif;\">Tombacco Azzurra Rosso IGT Puglia l\u00e0 d\u00f2ng r\u01b0\u1ee3u vang \u0111\u1ecf cao c\u1ea5p \u0111\u1ebfn t\u1eeb v\u00f9ng <strong>Puglia<\/strong>, mi\u1ec1n Nam n\u01b0\u1edbc \u00dd, n\u01a1i n\u1ed5i ti\u1ebfng v\u1edbi kh\u00ed h\u1eadu \u00f4n h\u00f2a v\u00e0 truy\u1ec1n th\u1ed1ng l\u00e2u \u0111\u1eddi trong s\u1ea3n xu\u1ea5t r\u01b0\u1ee3u vang ch\u1ea5t l\u01b0\u1ee3ng.<\/span><\/p>\n<p><span style=\"font-family: helvetica, arial, sans-serif;\">Tombacco l\u00e0 th\u01b0\u01a1ng hi\u1ec7u danh ti\u1ebfng t\u1eeb \u00dd, n\u1ed5i b\u1eadt v\u1edbi nh\u1eefng d\u00f2ng vang \u0111\u01b0\u1ee3c l\u00e0m th\u1ee7 c\u00f4ng t\u1eeb c\u00e1c gi\u1ed1ng nho \u0111\u1eb7c tr\u01b0ng, bi\u1ec3u t\u01b0\u1ee3ng c\u1ee7a ngh\u1ec7 thu\u1eadt l\u00e0m r\u01b0\u1ee3u vang \u00dd. Tombacco Azzurra Rosso IGT Puglia l\u00e0 k\u1ebft tinh c\u1ee7a s\u1ef1 t\u1ec9 m\u1ec9 v\u00e0 ni\u1ec1m \u0111am m\u00ea, \u0111\u01b0\u1ee3c c\u00e1c chuy\u00ean gia s\u1ea3n xu\u1ea5t r\u01b0\u1ee3u vang tuy\u1ec3n ch\u1ecdn t\u1eeb nh\u1eefng tr\u00e1i nho ch\u00edn m\u1ecdng tr\u1ed3ng tr\u00ean v\u00f9ng \u0111\u1ea5t gi\u00e0u dinh d\u01b0\u1ee1ng t\u1ea1i Puglia.<\/span><\/p>\n<p><span style=\"font-family: helvetica, arial, sans-serif;\">V\u1edbi bi\u1ec3u t\u01b0\u1ee3ng thi\u1ebft k\u1ebf trang nh\u00e3 v\u00e0 s\u1eafc xanh \u1ea5n t\u01b0\u1ee3ng, <strong>Tombacco Azzurra<\/strong> mang \u0111\u1ebfn phong c\u00e1ch \u0111\u1ed9c \u0111\u00e1o, v\u1eeba sang tr\u1ecdng v\u1eeba hi\u1ec7n \u0111\u1ea1i.<\/span><\/p>\n","protected":false},"featured_media":24757,"comment_status":"open","ping_status":"closed","template":"","meta":[],"product_cat":[103],"product_tag":[],"class_list":{"0":"post-24753","1":"product","2":"type-product","3":"status-publish","4":"has-post-thumbnail","6":"product_cat-red-wines","9":"first","10":"instock","11":"shipping-taxable","12":"product-type-simple"},"_links":{"self":[{"href":"https:\/\/twine.vn\/index.php\/wp-json\/wp\/v2\/product\/24753","targetHints":{"allow":["GET"]}}],"collection":[{"href":"https:\/\/twine.vn\/index.php\/wp-json\/wp\/v2\/product"}],"about":[{"href":"https:\/\/twine.vn\/index.php\/wp-json\/wp\/v2\/types\/product"}],"replies":[{"embeddable":true,"href":"https:\/\/twine.vn\/index.php\/wp-json\/wp\/v2\/comments?post=24753"}],"wp:featuredmedia":[{"embeddable":true,"href":"https:\/\/twine.vn\/index.php\/wp-json\/wp\/v2\/media\/24757"}],"wp:attachment":[{"href":"https:\/\/twine.vn\/index.php\/wp-json\/wp\/v2\/media?parent=24753"}],"wp:term":[{"taxonomy":"product_cat","embeddable":true,"href":"https:\/\/twine.vn\/index.php\/wp-json\/wp\/v2\/product_cat?post=24753"},{"taxonomy":"product_tag","embeddable":true,"href":"https:\/\/twine.vn\/index.php\/wp-json\/wp\/v2\/product_tag?post=24753"}],"curies":[{"name":"wp","href":"https:\/\/api.w.org\/{rel}","templated":true}]}}