{"id":24759,"date":"2024-12-15T09:20:02","date_gmt":"2024-12-15T09:20:02","guid":{"rendered":"https:\/\/twine.vn\/?post_type=product&#038;p=24759"},"modified":"2024-12-16T15:11:35","modified_gmt":"2024-12-16T15:11:35","slug":"entrecote","status":"publish","type":"product","link":"https:\/\/twine.vn\/index.php\/product\/entrecote\/","title":{"rendered":"ENTREC\u00d4TE"},"content":{"rendered":"<p><span style=\"font-family: helvetica, arial, sans-serif;\"><strong>Entrec\u00f4te<\/strong> l\u00e0 d\u00f2ng r\u01b0\u1ee3u vang \u0111\u1ecf cao c\u1ea5p \u0111\u1ebfn t\u1eeb n\u01b0\u1edbc <strong>Ph\u00e1p<\/strong>, v\u00f9ng \u0111\u1ea5t n\u1ed5i ti\u1ebfng v\u1edbi l\u1ecbch s\u1eed v\u00e0 ngh\u1ec7 thu\u1eadt l\u00e0m r\u01b0\u1ee3u vang l\u00e2u \u0111\u1eddi. \u0110\u01b0\u1ee3c thi\u1ebft k\u1ebf \u0111\u1eb7c bi\u1ec7t \u0111\u1ec3 k\u1ebft h\u1ee3p ho\u00e0n h\u1ea3o c\u00f9ng c\u00e1c m\u00f3n \u0103n \u1ea9m th\u1ef1c, \u0111\u1eb7c bi\u1ec7t l\u00e0 c\u00e1c m\u00f3n th\u1ecbt \u0111\u1ecf, Entrec\u00f4te mang \u0111\u1ebfn m\u1ed9t tr\u1ea3i nghi\u1ec7m \u0111\u1ea7y cu\u1ed1n h\u00fat v\u00e0 \u0111\u1eb3ng c\u1ea5p.<\/span><\/p>\n<hr \/>\n<h3><span style=\"font-family: helvetica, arial, sans-serif;\"><strong>L\u1ecbch S\u1eed &amp; Ngu\u1ed3n G\u1ed1c<\/strong><\/span><\/h3>\n<p><span style=\"font-family: helvetica, arial, sans-serif;\">Entrec\u00f4te l\u00e0 s\u1ea3n ph\u1ea9m n\u1ed5i b\u1eadt c\u1ee7a th\u01b0\u01a1ng hi\u1ec7u <strong>Gourmet P\u00e8re &amp; Fils<\/strong>, m\u1ed9t nh\u00e0 s\u1ea3n xu\u1ea5t r\u01b0\u1ee3u vang danh ti\u1ebfng. D\u00f2ng r\u01b0\u1ee3u n\u00e0y l\u00e0 s\u1ef1 k\u1ebft tinh c\u1ee7a nh\u1eefng tr\u00e1i nho ch\u1ea5t l\u01b0\u1ee3ng cao \u0111\u01b0\u1ee3c thu ho\u1ea1ch t\u1eeb c\u00e1c v\u01b0\u1eddn nho tuy\u1ec3n ch\u1ecdn. Nh\u1edd kh\u00ed h\u1eadu l\u00fd t\u01b0\u1edfng v\u00e0 th\u1ed5 nh\u01b0\u1ee1ng \u0111\u1eb7c bi\u1ec7t, Entrec\u00f4te s\u1edf h\u1eefu h\u01b0\u01a1ng v\u1ecb \u0111\u1eb7c tr\u01b0ng, h\u00e0i h\u00f2a v\u00e0 \u0111\u1ea7y l\u00f4i cu\u1ed1n.<\/span><\/p>\n<p><span style=\"font-family: helvetica, arial, sans-serif;\">V\u1edbi thi\u1ebft k\u1ebf nh\u00e3n chai c\u1ed5 \u0111i\u1ec3n, sang tr\u1ecdng, Entrec\u00f4te kh\u00f4ng ch\u1ec9 th\u1ec3 hi\u1ec7n phong c\u00e1ch tinh t\u1ebf m\u00e0 c\u00f2n t\u00f4n vinh truy\u1ec1n th\u1ed1ng s\u1ea3n xu\u1ea5t r\u01b0\u1ee3u vang \u0111\u1eb3ng c\u1ea5p c\u1ee7a n\u01b0\u1edbc Ph\u00e1p.<\/span><\/p>\n<hr \/>\n<h3><span style=\"font-family: helvetica, arial, sans-serif;\"><strong>H\u01b0\u01a1ng V\u1ecb \u0110\u1ed9c \u0110\u00e1o<\/strong><\/span><\/h3>\n<ul>\n<li><span style=\"font-family: helvetica, arial, sans-serif;\"><strong>M\u0169i (Nose):<\/strong> H\u01b0\u01a1ng th\u01a1m n\u1ed3ng n\u00e0n c\u1ee7a tr\u00e1i c\u00e2y ch\u00edn \u0111\u1ecf nh\u01b0 m\u00e2m x\u00f4i, anh \u0111\u00e0o k\u1ebft h\u1ee3p c\u00f9ng g\u1ee3i \u00fd tinh t\u1ebf c\u1ee7a h\u1ea1t ti\u00eau \u0111en v\u00e0 gia v\u1ecb nh\u1eb9.<\/span><\/li>\n<li><span style=\"font-family: helvetica, arial, sans-serif;\"><strong>V\u1ecb (Palate):<\/strong> H\u01b0\u01a1ng v\u1ecb \u0111\u1eadm \u0111\u00e0, tr\u00f2n \u0111\u1ea7y v\u1edbi s\u1ef1 h\u00f2a quy\u1ec7n c\u1ee7a tr\u00e1i c\u00e2y \u0111\u1ecf, cam th\u1ea3o v\u00e0 ch\u00fat v\u1ecb cay t\u1eeb gi\u1ed1ng nho Syrah. Tannin m\u1ec1m m\u01b0\u1ee3t, c\u1ea5u tr\u00fac c\u00e2n \u0111\u1ed1i.<\/span><\/li>\n<li><span style=\"font-family: helvetica, arial, sans-serif;\"><strong>D\u01b0 v\u1ecb (Finish):<\/strong> D\u00e0i l\u00e2u, \u1ea5m \u00e1p v\u1edbi h\u1eadu v\u1ecb thanh tho\u00e1t c\u1ee7a g\u1ed7 s\u1ed3i v\u00e0 ch\u00fat gia v\u1ecb tho\u1ea3ng nh\u1eb9.<\/span><\/li>\n<\/ul>\n<p><span style=\"font-family: helvetica, arial, sans-serif;\">Entrec\u00f4te l\u00e0 d\u00f2ng vang \u0111\u1ecf n\u1ed5i b\u1eadt v\u1edbi h\u01b0\u01a1ng v\u1ecb m\u1ea1nh m\u1ebd nh\u01b0ng v\u1eabn gi\u1eef \u0111\u01b0\u1ee3c s\u1ef1 tinh t\u1ebf, t\u1ea1o n\u00ean d\u1ea5u \u1ea5n kh\u00f3 qu\u00ean trong l\u00f2ng ng\u01b0\u1eddi th\u01b0\u1edfng th\u1ee9c.<\/span><\/p>\n<hr \/>\n<h3><span style=\"font-family: helvetica, arial, sans-serif;\"><strong>\u0110\u1eb7c \u0110i\u1ec3m S\u1ea3n Ph\u1ea9m<\/strong><\/span><\/h3>\n<ul>\n<li><span style=\"font-family: helvetica, arial, sans-serif;\"><strong>Dung t\u00edch:<\/strong> 750ml<\/span><\/li>\n<li><span style=\"font-family: helvetica, arial, sans-serif;\"><strong>N\u1ed3ng \u0111\u1ed9 c\u1ed3n:<\/strong> 14% ABV<\/span><\/li>\n<li><span style=\"font-family: helvetica, arial, sans-serif;\"><strong>Xu\u1ea5t x\u1ee9:<\/strong> Ph\u00e1p<\/span><\/li>\n<li><span style=\"font-family: helvetica, arial, sans-serif;\"><strong>Gi\u1ed1ng nho:<\/strong> Cabernet Sauvignon v\u00e0 Syrah<\/span><\/li>\n<\/ul>\n<p><span style=\"font-family: helvetica, arial, sans-serif;\"><strong>Entrec\u00f4te<\/strong> l\u00e0 l\u1ef1a ch\u1ecdn l\u00fd t\u01b0\u1edfng \u0111\u1ec3 th\u01b0\u1edfng th\u1ee9c trong c\u00e1c b\u1eefa ti\u1ec7c sang tr\u1ecdng, d\u00f9ng k\u00e8m th\u1ecbt b\u00f2 b\u00edt t\u1ebft, c\u00e1c m\u00f3n n\u01b0\u1edbng ho\u1eb7c ph\u00f4 mai tr\u01b0\u1edfng th\u00e0nh. \u0110\u00e2y c\u0169ng l\u00e0 m\u00f3n qu\u00e0 tinh t\u1ebf v\u00e0 \u0111\u1eb3ng c\u1ea5p d\u00e0nh cho \u0111\u1ed1i t\u00e1c, b\u1ea1n b\u00e8 v\u00e0 ng\u01b0\u1eddi th\u00e2n trong nh\u1eefng d\u1ecbp \u0111\u1eb7c bi\u1ec7t.<\/span><\/p>\n<hr \/>\n<h3><span style=\"font-family: helvetica, arial, sans-serif;\"><strong>R\u01b0\u1ee3u Ngo\u1ea1i Twine \u2013 Th\u01b0\u01a1ng Hi\u1ec7u T\u1eeb N\u0103m 2021<\/strong><\/span><\/h3>\n<p><span style=\"font-family: helvetica, arial, sans-serif;\"><strong>\u0110\u1ecba ch\u1ec9:<\/strong> 144, \u0110\u01b0\u1eddng D1, KDC Ph\u00fa H\u00f2a 1, TP. Th\u1ee7 D\u1ea7u M\u1ed9t, B\u00ecnh D\u01b0\u01a1ng<\/span><br \/>\n<span style=\"font-family: helvetica, arial, sans-serif;\"><strong>Hotline:<\/strong> 0989.819.859 \u2013 0898.683.465<\/span><br \/>\n<span style=\"font-family: helvetica, arial, sans-serif;\"><strong>Fanpage:<\/strong> <a href=\"http:\/\/fb.com\/ruoungoaitwine\" target=\"_new\" rel=\"noopener\">fb.com\/ruoungoaitwine<\/a> | <a href=\"http:\/\/fb.com\/ruouvangtwine\" target=\"_new\" rel=\"noopener\">fb.com\/ruouvangtwine<\/a><\/span><\/p>\n<p>&nbsp;<\/p>\n","protected":false},"excerpt":{"rendered":"<p><span style=\"font-family: helvetica, arial, sans-serif;\">Entrec\u00f4te l\u00e0 d\u00f2ng r\u01b0\u1ee3u vang \u0111\u1ecf cao c\u1ea5p \u0111\u1ebfn t\u1eeb <strong>Ph\u00e1p<\/strong>, n\u01a1i n\u1ed5i ti\u1ebfng v\u1edbi truy\u1ec1n th\u1ed1ng s\u1ea3n xu\u1ea5t r\u01b0\u1ee3u vang l\u00e2u \u0111\u1eddi v\u00e0 danh ti\u1ebfng. \u0110\u01b0\u1ee3c t\u1ea1o ra v\u1edbi m\u1ee5c \u0111\u00edch k\u1ebft h\u1ee3p ho\u00e0n h\u1ea3o c\u00f9ng \u1ea9m th\u1ef1c cao c\u1ea5p, Entrec\u00f4te mang \u0111\u1ebfn tr\u1ea3i nghi\u1ec7m th\u01b0\u1edfng th\u1ee9c \u0111\u1ed9c \u0111\u00e1o v\u00e0 \u0111\u1ea7y cu\u1ed1n h\u00fat.<\/span><\/p>\n","protected":false},"featured_media":24762,"comment_status":"open","ping_status":"closed","template":"","meta":[],"product_cat":[152,103],"product_tag":[],"class_list":{"0":"post-24759","1":"product","2":"type-product","3":"status-publish","4":"has-post-thumbnail","6":"product_cat-ruou-vang-phap","7":"product_cat-red-wines","10":"first","11":"instock","12":"shipping-taxable","13":"product-type-simple"},"_links":{"self":[{"href":"https:\/\/twine.vn\/index.php\/wp-json\/wp\/v2\/product\/24759","targetHints":{"allow":["GET"]}}],"collection":[{"href":"https:\/\/twine.vn\/index.php\/wp-json\/wp\/v2\/product"}],"about":[{"href":"https:\/\/twine.vn\/index.php\/wp-json\/wp\/v2\/types\/product"}],"replies":[{"embeddable":true,"href":"https:\/\/twine.vn\/index.php\/wp-json\/wp\/v2\/comments?post=24759"}],"wp:featuredmedia":[{"embeddable":true,"href":"https:\/\/twine.vn\/index.php\/wp-json\/wp\/v2\/media\/24762"}],"wp:attachment":[{"href":"https:\/\/twine.vn\/index.php\/wp-json\/wp\/v2\/media?parent=24759"}],"wp:term":[{"taxonomy":"product_cat","embeddable":true,"href":"https:\/\/twine.vn\/index.php\/wp-json\/wp\/v2\/product_cat?post=24759"},{"taxonomy":"product_tag","embeddable":true,"href":"https:\/\/twine.vn\/index.php\/wp-json\/wp\/v2\/product_tag?post=24759"}],"curies":[{"name":"wp","href":"https:\/\/api.w.org\/{rel}","templated":true}]}}