{"id":24765,"date":"2024-12-15T09:27:42","date_gmt":"2024-12-15T09:27:42","guid":{"rendered":"https:\/\/twine.vn\/?post_type=product&#038;p=24765"},"modified":"2024-12-16T15:11:19","modified_gmt":"2024-12-16T15:11:19","slug":"malesan-cabernet-sauvignon-2020","status":"publish","type":"product","link":"https:\/\/twine.vn\/index.php\/product\/malesan-cabernet-sauvignon-2020\/","title":{"rendered":"MALESAN CABERNET SAUVIGNON 2020"},"content":{"rendered":"<div class=\"flex max-w-full flex-col flex-grow\">\n<div class=\"min-h-8 text-message flex w-full flex-col items-end gap-2 whitespace-normal break-words text-start [.text-message+&amp;]:mt-5\" dir=\"auto\" data-message-author-role=\"assistant\" data-message-id=\"82f791ac-6a1a-43c3-ba93-4c911fbdea7d\" data-message-model-slug=\"gpt-4o\">\n<div class=\"flex w-full flex-col gap-1 empty:hidden first:pt-[3px]\">\n<div class=\"markdown prose w-full break-words dark:prose-invert light\">\n<p><span style=\"font-family: helvetica, arial, sans-serif;\">Malesan Cabernet Sauvignon 2020 l\u00e0 d\u00f2ng r\u01b0\u1ee3u vang \u0111\u1ecf danh ti\u1ebfng \u0111\u1ebfn t\u1eeb Ph\u00e1p, \u0111\u01b0\u1ee3c l\u00e0m t\u1eeb gi\u1ed1ng nho Cabernet Sauvignon n\u1ed5i ti\u1ebfng to\u00e0n c\u1ea7u. V\u1edbi thi\u1ebft k\u1ebf sang tr\u1ecdng v\u00e0 ch\u1ea5t l\u01b0\u1ee3ng \u0111\u1eadm n\u00e9t truy\u1ec1n th\u1ed1ng, Malesan mang \u0111\u1ebfn tr\u1ea3i nghi\u1ec7m tuy\u1ec7t v\u1eddi cho nh\u1eefng t\u00edn \u0111\u1ed3 y\u00eau r\u01b0\u1ee3u vang.<\/span><\/p>\n<hr \/>\n<h3><span style=\"font-family: helvetica, arial, sans-serif;\"><strong>L\u1ecbch S\u1eed &amp; Ngu\u1ed3n G\u1ed1c<\/strong><\/span><\/h3>\n<p><span style=\"font-family: helvetica, arial, sans-serif;\">Malesan l\u00e0 th\u01b0\u01a1ng hi\u1ec7u vang Ph\u00e1p n\u1ed5i ti\u1ebfng, \u0111\u1ea1i di\u1ec7n cho ngh\u1ec7 thu\u1eadt l\u00e0m r\u01b0\u1ee3u th\u1ee7 c\u00f4ng tinh t\u1ebf c\u1ee7a n\u01b0\u1edbc Ph\u00e1p. Malesan Cabernet Sauvignon \u0111\u01b0\u1ee3c s\u1ea3n xu\u1ea5t t\u1eeb nh\u1eefng tr\u00e1i nho Cabernet Sauvignon ch\u00edn m\u1ecdng, tuy\u1ec3n ch\u1ecdn k\u1ef9 l\u01b0\u1ee1ng t\u1eeb c\u00e1c v\u01b0\u1eddn nho ch\u1ea5t l\u01b0\u1ee3ng cao. D\u00f2ng vang n\u00e0y th\u1ec3 hi\u1ec7n tr\u1ecdn v\u1eb9n h\u01b0\u01a1ng v\u1ecb \u0111\u1eadm \u0111\u00e0 v\u00e0 thanh l\u1ecbch, bi\u1ec3u t\u01b0\u1ee3ng cho v\u0103n h\u00f3a vang truy\u1ec1n th\u1ed1ng c\u1ee7a x\u1ee9 s\u1edf r\u01b0\u1ee3u vang.<\/span><\/p>\n<hr \/>\n<h3><span style=\"font-family: helvetica, arial, sans-serif;\"><strong>H\u01b0\u01a1ng V\u1ecb \u0110\u1ed9c \u0110\u00e1o<\/strong><\/span><\/h3>\n<ul>\n<li><span style=\"font-family: helvetica, arial, sans-serif;\"><strong>M\u0169i (Nose)<\/strong>: N\u1ed5i b\u1eadt v\u1edbi h\u01b0\u01a1ng th\u01a1m n\u1ed3ng n\u00e0n c\u1ee7a tr\u00e1i c\u00e2y \u0111\u1ecf nh\u01b0 anh \u0111\u00e0o, m\u1eadn ch\u00edn k\u1ebft h\u1ee3p c\u00f9ng g\u1ee3i \u00fd nh\u1eb9 c\u1ee7a h\u01b0\u01a1ng vani v\u00e0 g\u1ed7 s\u1ed3i.<\/span><\/li>\n<li><span style=\"font-family: helvetica, arial, sans-serif;\"><strong>V\u1ecb (Palate)<\/strong>: V\u1ecb r\u01b0\u1ee3u \u0111\u1eadm \u0111\u00e0, c\u1ea5u tr\u00fac ch\u1eafc ch\u1eafn v\u1edbi s\u1ef1 h\u00f2a quy\u1ec7n tinh t\u1ebf gi\u1eefa tr\u00e1i c\u00e2y \u0111\u1ecf v\u00e0 tannin m\u1ec1m m\u1ecbn, c\u00e2n b\u1eb1ng ho\u00e0n h\u1ea3o.<\/span><\/li>\n<li><span style=\"font-family: helvetica, arial, sans-serif;\"><strong>D\u01b0 v\u1ecb (Finish)<\/strong>: D\u00e0i l\u00e2u, \u00eam \u00e1i v\u1edbi h\u1eadu v\u1ecb tr\u00f2n \u0111\u1ea7y v\u00e0 ch\u00fat h\u01b0\u01a1ng cay nh\u1eb9 c\u1ee7a gia v\u1ecb.<\/span><\/li>\n<\/ul>\n<p><span style=\"font-family: helvetica, arial, sans-serif;\">Malesan Cabernet Sauvignon 2020 l\u00e0 s\u1ef1 l\u1ef1a ch\u1ecdn ho\u00e0n h\u1ea3o \u0111\u1ec3 th\u01b0\u1edfng th\u1ee9c h\u01b0\u01a1ng v\u1ecb r\u01b0\u1ee3u vang \u0111\u1ecf c\u1ed5 \u0111i\u1ec3n nh\u01b0ng v\u1eabn \u0111\u1ea7y hi\u1ec7n \u0111\u1ea1i.<\/span><\/p>\n<hr \/>\n<h3><span style=\"font-family: helvetica, arial, sans-serif;\"><strong>\u0110\u1eb7c \u0110i\u1ec3m S\u1ea3n Ph\u1ea9m<\/strong><\/span><\/h3>\n<ul>\n<li><span style=\"font-family: helvetica, arial, sans-serif;\"><strong>Dung t\u00edch<\/strong>: 750ml<\/span><\/li>\n<li><span style=\"font-family: helvetica, arial, sans-serif;\"><strong>N\u1ed3ng \u0111\u1ed9 c\u1ed3n<\/strong>: 13.5% ABV<\/span><\/li>\n<li><span style=\"font-family: helvetica, arial, sans-serif;\"><strong>Xu\u1ea5t x\u1ee9<\/strong>: Ph\u00e1p<\/span><\/li>\n<li><span style=\"font-family: helvetica, arial, sans-serif;\"><strong>Gi\u1ed1ng nho<\/strong>: Cabernet Sauvignon<\/span><\/li>\n<\/ul>\n<hr \/>\n<h3><span style=\"font-family: helvetica, arial, sans-serif;\"><strong>Th\u01b0\u1edfng Th\u1ee9c &amp; K\u1ebft H\u1ee3p M\u00f3n \u0102n<\/strong><\/span><\/h3>\n<p><span style=\"font-family: helvetica, arial, sans-serif;\">Malesan Cabernet Sauvignon l\u00fd t\u01b0\u1edfng \u0111\u1ec3 k\u1ebft h\u1ee3p v\u1edbi:<\/span><\/p>\n<ul>\n<li><span style=\"font-family: helvetica, arial, sans-serif;\">Th\u1ecbt b\u00f2 n\u01b0\u1edbng, b\u00edt t\u1ebft ho\u1eb7c s\u01b0\u1eddn c\u1eebu<\/span><\/li>\n<li><span style=\"font-family: helvetica, arial, sans-serif;\">C\u00e1c m\u00f3n th\u1ecbt \u0111\u1ecf h\u1ea7m<\/span><\/li>\n<li><span style=\"font-family: helvetica, arial, sans-serif;\">Ph\u00f4 mai tr\u01b0\u1edfng th\u00e0nh<\/span><\/li>\n<\/ul>\n<p><span style=\"font-family: helvetica, arial, sans-serif;\">D\u00f2ng vang n\u00e0y c\u0169ng l\u00e0 l\u1ef1a ch\u1ecdn tuy\u1ec7t v\u1eddi \u0111\u1ec3 n\u00e2ng t\u1ea7m c\u00e1c b\u1eefa ti\u1ec7c sang tr\u1ecdng ho\u1eb7c l\u00e0m qu\u00e0 t\u1eb7ng \u00fd ngh\u0129a cho \u0111\u1ed1i t\u00e1c, gia \u0111\u00ecnh v\u00e0 b\u1ea1n b\u00e8.<\/span><\/p>\n<hr \/>\n<h3><span style=\"font-family: helvetica, arial, sans-serif;\"><strong>R\u01b0\u1ee3u Ngo\u1ea1i Twine \u2013 Th\u01b0\u01a1ng Hi\u1ec7u T\u1eeb N\u0103m 2021<\/strong><\/span><\/h3>\n<p><span style=\"font-family: helvetica, arial, sans-serif;\"><strong>\u0110\u1ecba ch\u1ec9<\/strong>: 144, \u0110\u01b0\u1eddng D1, KDC Ph\u00fa H\u00f2a 1, TP. Th\u1ee7 D\u1ea7u M\u1ed9t, B\u00ecnh D\u01b0\u01a1ng<\/span><br \/>\n<span style=\"font-family: helvetica, arial, sans-serif;\"><strong>Hotline<\/strong>: 0989.819.859 \u2013 0898.683.465<\/span><br \/>\n<span style=\"font-family: helvetica, arial, sans-serif;\"><strong>Website\/Fanpage<\/strong>: fb.com\/ruoungoaitwine | fb.com\/ruouvangtwine<\/span><\/p>\n<\/div>\n<\/div>\n<\/div>\n<\/div>\n","protected":false},"excerpt":{"rendered":"<p><span style=\"font-family: helvetica, arial, sans-serif;\">Malesan Cabernet Sauvignon 2020 l\u00e0 d\u00f2ng r\u01b0\u1ee3u vang \u0111\u1ecf danh ti\u1ebfng \u0111\u1ebfn t\u1eeb Ph\u00e1p, \u0111\u01b0\u1ee3c l\u00e0m t\u1eeb gi\u1ed1ng nho Cabernet Sauvignon n\u1ed5i ti\u1ebfng to\u00e0n c\u1ea7u. V\u1edbi thi\u1ebft k\u1ebf sang tr\u1ecdng v\u00e0 ch\u1ea5t l\u01b0\u1ee3ng \u0111\u1eadm n\u00e9t truy\u1ec1n th\u1ed1ng, Malesan mang \u0111\u1ebfn tr\u1ea3i nghi\u1ec7m tuy\u1ec7t v\u1eddi cho nh\u1eefng t\u00edn \u0111\u1ed3 y\u00eau r\u01b0\u1ee3u vang.<\/span><\/p>\n<p><span style=\"font-family: helvetica, arial, sans-serif;\">Malesan l\u00e0 th\u01b0\u01a1ng hi\u1ec7u vang Ph\u00e1p n\u1ed5i ti\u1ebfng, \u0111\u1ea1i di\u1ec7n cho ngh\u1ec7 thu\u1eadt l\u00e0m r\u01b0\u1ee3u th\u1ee7 c\u00f4ng tinh t\u1ebf c\u1ee7a n\u01b0\u1edbc Ph\u00e1p. Malesan Cabernet Sauvignon \u0111\u01b0\u1ee3c s\u1ea3n xu\u1ea5t t\u1eeb nh\u1eefng tr\u00e1i nho Cabernet Sauvignon ch\u00edn m\u1ecdng, tuy\u1ec3n ch\u1ecdn k\u1ef9 l\u01b0\u1ee1ng t\u1eeb c\u00e1c v\u01b0\u1eddn nho ch\u1ea5t l\u01b0\u1ee3ng cao. D\u00f2ng vang n\u00e0y th\u1ec3 hi\u1ec7n tr\u1ecdn v\u1eb9n h\u01b0\u01a1ng v\u1ecb \u0111\u1eadm \u0111\u00e0 v\u00e0 thanh l\u1ecbch, bi\u1ec3u t\u01b0\u1ee3ng cho v\u0103n h\u00f3a vang truy\u1ec1n th\u1ed1ng c\u1ee7a x\u1ee9 s\u1edf r\u01b0\u1ee3u vang.<\/span><\/p>\n","protected":false},"featured_media":24769,"comment_status":"open","ping_status":"closed","template":"","meta":[],"product_cat":[15,152,103],"product_tag":[],"class_list":{"0":"post-24765","1":"product","2":"type-product","3":"status-publish","4":"has-post-thumbnail","6":"product_cat-ruou-vang","7":"product_cat-ruou-vang-phap","8":"product_cat-red-wines","11":"first","12":"instock","13":"shipping-taxable","14":"product-type-simple"},"_links":{"self":[{"href":"https:\/\/twine.vn\/index.php\/wp-json\/wp\/v2\/product\/24765","targetHints":{"allow":["GET"]}}],"collection":[{"href":"https:\/\/twine.vn\/index.php\/wp-json\/wp\/v2\/product"}],"about":[{"href":"https:\/\/twine.vn\/index.php\/wp-json\/wp\/v2\/types\/product"}],"replies":[{"embeddable":true,"href":"https:\/\/twine.vn\/index.php\/wp-json\/wp\/v2\/comments?post=24765"}],"wp:featuredmedia":[{"embeddable":true,"href":"https:\/\/twine.vn\/index.php\/wp-json\/wp\/v2\/media\/24769"}],"wp:attachment":[{"href":"https:\/\/twine.vn\/index.php\/wp-json\/wp\/v2\/media?parent=24765"}],"wp:term":[{"taxonomy":"product_cat","embeddable":true,"href":"https:\/\/twine.vn\/index.php\/wp-json\/wp\/v2\/product_cat?post=24765"},{"taxonomy":"product_tag","embeddable":true,"href":"https:\/\/twine.vn\/index.php\/wp-json\/wp\/v2\/product_tag?post=24765"}],"curies":[{"name":"wp","href":"https:\/\/api.w.org\/{rel}","templated":true}]}}