{"id":24850,"date":"2024-12-17T17:09:00","date_gmt":"2024-12-17T17:09:00","guid":{"rendered":"https:\/\/twine.vn\/?post_type=product&#038;p=24850"},"modified":"2024-12-17T17:09:01","modified_gmt":"2024-12-17T17:09:01","slug":"ballantines-finest","status":"publish","type":"product","link":"https:\/\/twine.vn\/index.php\/product\/ballantines-finest\/","title":{"rendered":"Ballantine\u2019s Finest"},"content":{"rendered":"<h3><strong>L\u1ecbch S\u1eed &amp; Ngu\u1ed3n G\u1ed1c<\/strong><\/h3>\n<p>Ballantine\u2019s Finest l\u00e0 m\u1ed9t trong nh\u1eefng d\u00f2ng Blended Scotch Whisky n\u1ed5i ti\u1ebfng to\u00e0n c\u1ea7u v\u1edbi b\u1ec1 d\u00e0y l\u1ecbch s\u1eed c\u1ee7a th\u01b0\u01a1ng hi\u1ec7u Ballantine\u2019s, ra \u0111\u1eddi t\u1eeb n\u0103m <strong>1827<\/strong> t\u1ea1i Scotland. \u0110\u01b0\u1ee3c t\u1ea1o n\u00ean b\u1edfi George Ballantine v\u00e0 con trai, d\u00f2ng r\u01b0\u1ee3u n\u00e0y \u0111\u1ea1i di\u1ec7n cho s\u1ef1 k\u1ebft h\u1ee3p ho\u00e0n h\u1ea3o gi\u1eefa truy\u1ec1n th\u1ed1ng v\u00e0 k\u1ef9 thu\u1eadt pha tr\u1ed9n \u0111\u1ed9c \u0111\u00e1o. Ballantine\u2019s Finest ch\u00ednh l\u00e0 n\u1ec1n t\u1ea3ng, l\u00e0 d\u00f2ng whisky mang \u0111\u1eadm d\u1ea5u \u1ea5n tinh t\u1ebf v\u00e0 c\u00e2n b\u1eb1ng c\u1ee7a nh\u00e0 Ballantine\u2019s.<\/p>\n<hr \/>\n<h3><strong>H\u01b0\u01a1ng V\u1ecb \u0110\u1ed9c \u0110\u00e1o<\/strong><\/h3>\n<ul>\n<li><strong>M\u0169i (Nose):<\/strong> H\u01b0\u01a1ng th\u01a1m nh\u1eb9 nh\u00e0ng c\u1ee7a m\u1eadt ong, t\u00e1o \u0111\u1ecf v\u00e0 ch\u00fat h\u01b0\u01a1ng gia v\u1ecb thoang tho\u1ea3ng.<\/li>\n<li><strong>V\u1ecb (Palate):<\/strong> S\u1ef1 h\u00f2a quy\u1ec7n m\u01b0\u1ee3t m\u00e0 c\u1ee7a m\u1ea1ch nha, vani v\u00e0 s\u00f4-c\u00f4-la s\u1eefa, t\u1ea1o n\u00ean c\u1ea3m gi\u00e1c \u00eam d\u1ecbu, d\u1ec5 ch\u1ecbu.<\/li>\n<li><strong>D\u01b0 v\u1ecb (Finish):<\/strong> K\u00e9o d\u00e0i, nh\u1eb9 nh\u00e0ng v\u1edbi v\u1ecb ng\u1ecdt tinh t\u1ebf c\u1ee7a g\u1ed7 s\u1ed3i v\u00e0 ch\u00fat cay n\u1ed3ng c\u1ee7a gia v\u1ecb.<\/li>\n<\/ul>\n<hr \/>\n<h3><strong>\u0110\u1eb7c \u0110i\u1ec3m S\u1ea3n Ph\u1ea9m<\/strong><\/h3>\n<ul>\n<li><strong>Dung t\u00edch:<\/strong> 700ml<\/li>\n<li><strong>N\u1ed3ng \u0111\u1ed9 c\u1ed3n:<\/strong> 40% ABV<\/li>\n<li><strong>Xu\u1ea5t x\u1ee9:<\/strong> Scotland<\/li>\n<\/ul>\n<p>Ballantine\u2019s Finest l\u00e0 l\u1ef1a ch\u1ecdn l\u00fd t\u01b0\u1edfng \u0111\u1ec3 th\u01b0\u1edfng th\u1ee9c nguy\u00ean ch\u1ea5t (neat), k\u1ebft h\u1ee3p v\u1edbi \u0111\u00e1 (on the rocks) ho\u1eb7c d\u00f9ng \u0111\u1ec3 pha ch\u1ebf c\u00e1c lo\u1ea1i cocktail. \u0110\u00e2y l\u00e0 d\u00f2ng whisky ph\u1ed5 bi\u1ebfn trong nh\u1eefng bu\u1ed5i g\u1eb7p g\u1ee1 b\u1ea1n b\u00e8, c\u00e1c d\u1ecbp ti\u1ec7c t\u00f9ng v\u00e0 l\u00e0m qu\u00e0 t\u1eb7ng \u00fd ngh\u0129a.<\/p>\n<hr \/>\n<p><strong>R\u01b0\u1ee3u Ngo\u1ea1i Twine \u2013 Th\u01b0\u01a1ng Hi\u1ec7u T\u1eeb N\u0103m 2021<\/strong><br \/>\n<strong>\u0110\u1ecba ch\u1ec9:<\/strong> 144, \u0110\u01b0\u1eddng D1, KDC Ph\u00fa H\u00f2a 1, TP. Th\u1ee7 D\u1ea7u M\u1ed9t, B\u00ecnh D\u01b0\u01a1ng<br \/>\n<strong>Hotline:<\/strong> 0989.819.859 \u2013 0898.683.465<br \/>\n<strong>Fanpage:<\/strong> fb.com\/ruoungoaitwine | fb.com\/ruouvangtwine<\/p>\n<hr \/>\n<p><em>Twine \u2013 \u0110\u1ed3ng h\u00e0nh c\u00f9ng b\u1ea1n n\u00e2ng t\u1ea7m phong c\u00e1ch s\u1ed1ng v\u1edbi nh\u1eefng d\u00f2ng r\u01b0\u1ee3u ngo\u1ea1i th\u01b0\u1ee3ng h\u1ea1ng!<\/em><\/p>\n","protected":false},"excerpt":{"rendered":"<p>Ballantine\u2019s Finest l\u00e0 m\u1ed9t trong nh\u1eefng d\u00f2ng Blended Scotch Whisky n\u1ed5i ti\u1ebfng to\u00e0n c\u1ea7u v\u1edbi b\u1ec1 d\u00e0y l\u1ecbch s\u1eed c\u1ee7a th\u01b0\u01a1ng hi\u1ec7u Ballantine\u2019s, ra \u0111\u1eddi t\u1eeb n\u0103m <strong>1827<\/strong> t\u1ea1i Scotland. \u0110\u01b0\u1ee3c t\u1ea1o n\u00ean b\u1edfi George Ballantine v\u00e0 con trai, d\u00f2ng r\u01b0\u1ee3u n\u00e0y \u0111\u1ea1i di\u1ec7n cho s\u1ef1 k\u1ebft h\u1ee3p ho\u00e0n h\u1ea3o gi\u1eefa truy\u1ec1n th\u1ed1ng v\u00e0 k\u1ef9 thu\u1eadt pha tr\u1ed9n \u0111\u1ed9c \u0111\u00e1o. Ballantine\u2019s Finest ch\u00ednh l\u00e0 n\u1ec1n t\u1ea3ng, l\u00e0 d\u00f2ng whisky mang \u0111\u1eadm d\u1ea5u \u1ea5n tinh t\u1ebf v\u00e0 c\u00e2n b\u1eb1ng c\u1ee7a nh\u00e0 Ballantine\u2019s.<\/p>\n","protected":false},"featured_media":24842,"comment_status":"open","ping_status":"closed","template":"","meta":[],"product_cat":[145],"product_tag":[],"class_list":{"0":"post-24850","1":"product","2":"type-product","3":"status-publish","4":"has-post-thumbnail","6":"product_cat-ruou-whisky","9":"first","10":"instock","11":"shipping-taxable","12":"product-type-simple"},"_links":{"self":[{"href":"https:\/\/twine.vn\/index.php\/wp-json\/wp\/v2\/product\/24850","targetHints":{"allow":["GET"]}}],"collection":[{"href":"https:\/\/twine.vn\/index.php\/wp-json\/wp\/v2\/product"}],"about":[{"href":"https:\/\/twine.vn\/index.php\/wp-json\/wp\/v2\/types\/product"}],"replies":[{"embeddable":true,"href":"https:\/\/twine.vn\/index.php\/wp-json\/wp\/v2\/comments?post=24850"}],"wp:featuredmedia":[{"embeddable":true,"href":"https:\/\/twine.vn\/index.php\/wp-json\/wp\/v2\/media\/24842"}],"wp:attachment":[{"href":"https:\/\/twine.vn\/index.php\/wp-json\/wp\/v2\/media?parent=24850"}],"wp:term":[{"taxonomy":"product_cat","embeddable":true,"href":"https:\/\/twine.vn\/index.php\/wp-json\/wp\/v2\/product_cat?post=24850"},{"taxonomy":"product_tag","embeddable":true,"href":"https:\/\/twine.vn\/index.php\/wp-json\/wp\/v2\/product_tag?post=24850"}],"curies":[{"name":"wp","href":"https:\/\/api.w.org\/{rel}","templated":true}]}}