{"id":24852,"date":"2024-12-17T17:17:12","date_gmt":"2024-12-17T17:17:12","guid":{"rendered":"https:\/\/twine.vn\/?post_type=product&#038;p=24852"},"modified":"2024-12-17T17:17:12","modified_gmt":"2024-12-17T17:17:12","slug":"the-kyoto-blended-whisky","status":"publish","type":"product","link":"https:\/\/twine.vn\/index.php\/product\/the-kyoto-blended-whisky\/","title":{"rendered":"The Kyoto Blended Whisky"},"content":{"rendered":"<h3><span style=\"font-family: helvetica, arial, sans-serif;\"><strong>L\u1ecbch S\u1eed &amp; Ngu\u1ed3n G\u1ed1c<\/strong><\/span><\/h3>\n<p><span style=\"font-family: helvetica, arial, sans-serif;\">The Kyoto Blended Whisky l\u00e0 d\u00f2ng whisky \u0111\u1ed9c \u0111\u00e1o \u0111\u1ebfn t\u1eeb Kyoto, Nh\u1eadt B\u1ea3n. Kyoto n\u1ed5i ti\u1ebfng v\u1edbi truy\u1ec1n th\u1ed1ng v\u0103n h\u00f3a v\u00e0 ngh\u1ec7 thu\u1eadt tinh t\u1ebf, v\u00e0 d\u00f2ng whisky n\u00e0y \u0111\u01b0\u1ee3c ch\u01b0ng c\u1ea5t t\u1ea1i <strong>Kyoto Miyako Distillery<\/strong>, nh\u00e0 m\u00e1y ch\u01b0ng c\u1ea5t \u0111\u1ea7u ti\u00ean v\u00e0 duy nh\u1ea5t c\u1ee7a Kyoto chuy\u00ean s\u1ea3n xu\u1ea5t whisky. V\u1edbi t\u00e2m huy\u1ebft v\u00e0 s\u1ef1 t\u1ec9 m\u1ec9 trong t\u1eebng giai \u0111o\u1ea1n pha tr\u1ed9n, The Kyoto Whisky mang \u0111\u1eadm d\u1ea5u \u1ea5n c\u1ee7a v\u00f9ng \u0111\u1ea5t di s\u1ea3n n\u00e0y.<\/span><\/p>\n<hr \/>\n<h3><span style=\"font-family: helvetica, arial, sans-serif;\"><strong>H\u01b0\u01a1ng V\u1ecb \u0110\u1ed9c \u0110\u00e1o<\/strong><\/span><\/h3>\n<ul>\n<li><span style=\"font-family: helvetica, arial, sans-serif;\"><strong>M\u0169i (Nose):<\/strong> H\u01b0\u01a1ng th\u01a1m d\u1ecbu nh\u1eb9 c\u1ee7a m\u1eadt ong, tr\u00e1i c\u00e2y ch\u00edn v\u00e0 hoa anh \u0111\u00e0o thoang tho\u1ea3ng.<\/span><\/li>\n<li><span style=\"font-family: helvetica, arial, sans-serif;\"><strong>V\u1ecb (Palate):<\/strong> S\u1ef1 c\u00e2n b\u1eb1ng tinh t\u1ebf gi\u1eefa v\u1ecb ng\u1ecdt c\u1ee7a vani, g\u1ed7 s\u1ed3i v\u00e0 ch\u00fat cay nh\u1eb9 t\u1eeb c\u00e1c lo\u1ea1i gia v\u1ecb.<\/span><\/li>\n<li><span style=\"font-family: helvetica, arial, sans-serif;\"><strong>D\u01b0 v\u1ecb (Finish):<\/strong> K\u00e9o d\u00e0i, \u00eam d\u1ecbu v\u1edbi g\u1ee3i \u00fd c\u1ee7a h\u1ea1t d\u1ebb v\u00e0 ch\u00fat v\u1ecb kh\u00f3i nh\u1eb9, mang \u0111\u1ebfn tr\u1ea3i nghi\u1ec7m \u0111\u1ed9c \u0111\u00e1o v\u00e0 kh\u00f3 qu\u00ean.<\/span><\/li>\n<\/ul>\n<hr \/>\n<h3><span style=\"font-family: helvetica, arial, sans-serif;\"><strong>\u0110\u1eb7c \u0110i\u1ec3m S\u1ea3n Ph\u1ea9m<\/strong><\/span><\/h3>\n<ul>\n<li><span style=\"font-family: helvetica, arial, sans-serif;\"><strong>Danh m\u1ee5c:<\/strong> Blended Whisky<\/span><\/li>\n<li><span style=\"font-family: helvetica, arial, sans-serif;\"><strong>Dung t\u00edch:<\/strong> 700ml<\/span><\/li>\n<li><span style=\"font-family: helvetica, arial, sans-serif;\"><strong>N\u1ed3ng \u0111\u1ed9 c\u1ed3n:<\/strong> 43% ABV<\/span><\/li>\n<li><span style=\"font-family: helvetica, arial, sans-serif;\"><strong>Xu\u1ea5t x\u1ee9:<\/strong> Kyoto, Nh\u1eadt B\u1ea3n<\/span><\/li>\n<\/ul>\n<p><span style=\"font-family: helvetica, arial, sans-serif;\">The Kyoto Blended Whisky kh\u00f4ng ch\u1ec9 l\u00e0 m\u1ed9t lo\u1ea1i r\u01b0\u1ee3u, m\u00e0 c\u00f2n l\u00e0 <strong>t\u00e1c ph\u1ea9m ngh\u1ec7 thu\u1eadt<\/strong> mang linh h\u1ed3n v\u00e0 b\u1ea3n s\u1eafc c\u1ee7a Kyoto. S\u1ea3n ph\u1ea9m th\u00edch h\u1ee3p \u0111\u1ec3 th\u01b0\u1edfng th\u1ee9c nguy\u00ean ch\u1ea5t (neat), k\u1ebft h\u1ee3p c\u00f9ng \u0111\u00e1 (on the rocks) ho\u1eb7c l\u00e0m qu\u00e0 t\u1eb7ng \u00fd ngh\u0129a trong c\u00e1c d\u1ecbp \u0111\u1eb7c bi\u1ec7t.<\/span><\/p>\n<hr \/>\n<p><span style=\"font-family: helvetica, arial, sans-serif;\"><strong>R\u01b0\u1ee3u Ngo\u1ea1i Twine \u2013 Th\u01b0\u01a1ng Hi\u1ec7u T\u1eeb N\u0103m 2021<\/strong><\/span><br \/>\n<span style=\"font-family: helvetica, arial, sans-serif;\"><strong>\u0110\u1ecba ch\u1ec9:<\/strong> 144, \u0110\u01b0\u1eddng D1, KDC Ph\u00fa H\u00f2a 1, TP. Th\u1ee7 D\u1ea7u M\u1ed9t, B\u00ecnh D\u01b0\u01a1ng<\/span><br \/>\n<span style=\"font-family: helvetica, arial, sans-serif;\"><strong>Hotline:<\/strong> 0989.819.859 \u2013 0898.683.465<\/span><br \/>\n<span style=\"font-family: helvetica, arial, sans-serif;\"><strong>Fanpage:<\/strong> fb.com\/ruoungoaitwine | fb.com\/ruouvangtwine<\/span><\/p>\n<hr \/>\n<p><span style=\"font-family: helvetica, arial, sans-serif;\"><em>Twine \u2013 \u0110\u1ed3ng h\u00e0nh c\u00f9ng b\u1ea1n n\u00e2ng t\u1ea7m phong c\u00e1ch s\u1ed1ng v\u1edbi nh\u1eefng d\u00f2ng r\u01b0\u1ee3u ngo\u1ea1i th\u01b0\u1ee3ng h\u1ea1ng!<\/em><\/span><\/p>\n","protected":false},"excerpt":{"rendered":"<p><span style=\"font-family: helvetica, arial, sans-serif;\">The Kyoto Blended Whisky l\u00e0 d\u00f2ng whisky \u0111\u1ed9c \u0111\u00e1o \u0111\u1ebfn t\u1eeb Kyoto, Nh\u1eadt B\u1ea3n. Kyoto n\u1ed5i ti\u1ebfng v\u1edbi truy\u1ec1n th\u1ed1ng v\u0103n h\u00f3a v\u00e0 ngh\u1ec7 thu\u1eadt tinh t\u1ebf, v\u00e0 d\u00f2ng whisky n\u00e0y \u0111\u01b0\u1ee3c ch\u01b0ng c\u1ea5t t\u1ea1i <strong>Kyoto Miyako Distillery<\/strong>, nh\u00e0 m\u00e1y ch\u01b0ng c\u1ea5t \u0111\u1ea7u ti\u00ean v\u00e0 duy nh\u1ea5t c\u1ee7a Kyoto chuy\u00ean s\u1ea3n xu\u1ea5t whisky. V\u1edbi t\u00e2m huy\u1ebft v\u00e0 s\u1ef1 t\u1ec9 m\u1ec9 trong t\u1eebng giai \u0111o\u1ea1n pha tr\u1ed9n, The Kyoto Whisky mang \u0111\u1eadm d\u1ea5u \u1ea5n c\u1ee7a v\u00f9ng \u0111\u1ea5t di s\u1ea3n n\u00e0y.<\/span><\/p>\n","protected":false},"featured_media":24855,"comment_status":"open","ping_status":"closed","template":"","meta":[],"product_cat":[154,145],"product_tag":[],"class_list":{"0":"post-24852","1":"product","2":"type-product","3":"status-publish","4":"has-post-thumbnail","6":"product_cat-blended-scotch-whisky","7":"product_cat-ruou-whisky","10":"first","11":"instock","12":"shipping-taxable","13":"product-type-simple"},"_links":{"self":[{"href":"https:\/\/twine.vn\/index.php\/wp-json\/wp\/v2\/product\/24852","targetHints":{"allow":["GET"]}}],"collection":[{"href":"https:\/\/twine.vn\/index.php\/wp-json\/wp\/v2\/product"}],"about":[{"href":"https:\/\/twine.vn\/index.php\/wp-json\/wp\/v2\/types\/product"}],"replies":[{"embeddable":true,"href":"https:\/\/twine.vn\/index.php\/wp-json\/wp\/v2\/comments?post=24852"}],"wp:featuredmedia":[{"embeddable":true,"href":"https:\/\/twine.vn\/index.php\/wp-json\/wp\/v2\/media\/24855"}],"wp:attachment":[{"href":"https:\/\/twine.vn\/index.php\/wp-json\/wp\/v2\/media?parent=24852"}],"wp:term":[{"taxonomy":"product_cat","embeddable":true,"href":"https:\/\/twine.vn\/index.php\/wp-json\/wp\/v2\/product_cat?post=24852"},{"taxonomy":"product_tag","embeddable":true,"href":"https:\/\/twine.vn\/index.php\/wp-json\/wp\/v2\/product_tag?post=24852"}],"curies":[{"name":"wp","href":"https:\/\/api.w.org\/{rel}","templated":true}]}}