{"id":24862,"date":"2024-12-17T17:30:32","date_gmt":"2024-12-17T17:30:32","guid":{"rendered":"https:\/\/twine.vn\/?post_type=product&#038;p=24862"},"modified":"2024-12-17T17:30:32","modified_gmt":"2024-12-17T17:30:32","slug":"the-kyoto-malt-whisky","status":"publish","type":"product","link":"https:\/\/twine.vn\/index.php\/product\/the-kyoto-malt-whisky\/","title":{"rendered":"The Kyoto Malt Whisky"},"content":{"rendered":"<h3><span style=\"font-family: helvetica, arial, sans-serif;\"><strong>L\u1ecbch S\u1eed &amp; Ngu\u1ed3n G\u1ed1c<\/strong><\/span><\/h3>\n<p><span style=\"font-family: helvetica, arial, sans-serif;\">The Kyoto Malt Whisky l\u00e0 d\u00f2ng whisky cao c\u1ea5p xu\u1ea5t ph\u00e1t t\u1eeb v\u00f9ng \u0111\u1ea5t Kyoto n\u1ed5i ti\u1ebfng c\u1ee7a Nh\u1eadt B\u1ea3n. \u0110\u01b0\u1ee3c s\u1ea3n xu\u1ea5t t\u1ea1i <strong>Kyoto Miyako Distillery<\/strong>, nh\u00e0 m\u00e1y ch\u01b0ng c\u1ea5t duy nh\u1ea5t t\u1ea1i Kyoto chuy\u00ean t\u00e2m v\u00e0o ngh\u1ec7 thu\u1eadt pha ch\u1ebf whisky, s\u1ea3n ph\u1ea9m n\u00e0y k\u1ebft tinh tinh hoa c\u1ee7a k\u1ef9 thu\u1eadt truy\u1ec1n th\u1ed1ng v\u00e0 s\u1ef1 s\u00e1ng t\u1ea1o \u0111\u01b0\u01a1ng \u0111\u1ea1i. M\u1ed7i chai r\u01b0\u1ee3u l\u00e0 minh ch\u1ee9ng cho s\u1ef1 t\u1ec9 m\u1ec9 v\u00e0 t\u00e2m huy\u1ebft c\u1ee7a c\u00e1c ngh\u1ec7 nh\u00e2n ch\u01b0ng c\u1ea5t, mang linh h\u1ed3n c\u1ee7a Kyoto v\u00e0o t\u1eebng gi\u1ecdt whisky.<\/span><\/p>\n<hr \/>\n<h3><span style=\"font-family: helvetica, arial, sans-serif;\"><strong>H\u01b0\u01a1ng V\u1ecb \u0110\u1ed9c \u0110\u00e1o<\/strong><\/span><\/h3>\n<ul>\n<li><span style=\"font-family: helvetica, arial, sans-serif;\"><strong>M\u0169i (Nose):<\/strong> H\u01b0\u01a1ng th\u01a1m phong ph\u00fa c\u1ee7a m\u1eadt ong, tr\u00e1i c\u00e2y nhi\u1ec7t \u0111\u1edbi v\u00e0 hoa anh \u0111\u00e0o \u0111\u1eb7c tr\u01b0ng.<\/span><\/li>\n<li><span style=\"font-family: helvetica, arial, sans-serif;\"><strong>V\u1ecb (Palate):<\/strong> S\u1ef1 k\u1ebft h\u1ee3p h\u00e0i h\u00f2a gi\u1eefa v\u1ecb ng\u1ecdt c\u1ee7a vani, g\u1ed7 s\u1ed3i tinh t\u1ebf v\u00e0 ch\u00fat gia v\u1ecb cay nh\u1eb9 nh\u00e0ng.<\/span><\/li>\n<li><span style=\"font-family: helvetica, arial, sans-serif;\"><strong>D\u01b0 v\u1ecb (Finish):<\/strong> K\u00e9o d\u00e0i, \u00eam m\u01b0\u1ee3t v\u1edbi ch\u00fat kh\u00f3i nh\u1eb9 v\u00e0 g\u1ee3i \u00fd c\u1ee7a h\u1ea1t d\u1ebb rang, t\u1ea1o n\u00ean tr\u1ea3i nghi\u1ec7m tr\u1ecdn v\u1eb9n kh\u00f3 qu\u00ean.<\/span><\/li>\n<\/ul>\n<hr \/>\n<h3><span style=\"font-family: helvetica, arial, sans-serif;\"><strong>\u0110\u1eb7c \u0110i\u1ec3m S\u1ea3n Ph\u1ea9m<\/strong><\/span><\/h3>\n<ul>\n<li><span style=\"font-family: helvetica, arial, sans-serif;\"><strong>Danh m\u1ee5c:<\/strong> Malt Whisky<\/span><\/li>\n<li><span style=\"font-family: helvetica, arial, sans-serif;\"><strong>Dung t\u00edch:<\/strong> 700ml<\/span><\/li>\n<li><span style=\"font-family: helvetica, arial, sans-serif;\"><strong>N\u1ed3ng \u0111\u1ed9 c\u1ed3n:<\/strong> 43% ABV<\/span><\/li>\n<li><span style=\"font-family: helvetica, arial, sans-serif;\"><strong>Xu\u1ea5t x\u1ee9:<\/strong> Kyoto, Nh\u1eadt B\u1ea3n<\/span><\/li>\n<\/ul>\n<p><span style=\"font-family: helvetica, arial, sans-serif;\">The Kyoto Malt Whisky l\u00e0 l\u1ef1a ch\u1ecdn ho\u00e0n h\u1ea3o \u0111\u1ec3 th\u01b0\u1edfng th\u1ee9c <strong>nguy\u00ean ch\u1ea5t (neat)<\/strong>, th\u00eam \u0111\u00e1 (<strong>on the rocks<\/strong>), ho\u1eb7c l\u00e0m qu\u00e0 t\u1eb7ng \u00fd ngh\u0129a trong c\u00e1c d\u1ecbp \u0111\u1eb7c bi\u1ec7t. V\u1edbi thi\u1ebft k\u1ebf sang tr\u1ecdng c\u00f9ng ch\u1ea5t l\u01b0\u1ee3ng v\u01b0\u1ee3t tr\u1ed9i, \u0111\u00e2y kh\u00f4ng ch\u1ec9 l\u00e0 th\u1ee9c u\u1ed1ng m\u00e0 c\u00f2n l\u00e0 <strong>bi\u1ec3u t\u01b0\u1ee3ng v\u0103n h\u00f3a<\/strong> c\u1ee7a Kyoto.<\/span><\/p>\n<hr \/>\n<h3><span style=\"font-family: helvetica, arial, sans-serif;\"><strong>R\u01b0\u1ee3u Ngo\u1ea1i Twine \u2013 Th\u01b0\u01a1ng Hi\u1ec7u T\u1eeb N\u0103m 2021<\/strong><\/span><\/h3>\n<p><span style=\"font-family: helvetica, arial, sans-serif;\"><strong>\u0110\u1ecba ch\u1ec9:<\/strong> 144, \u0110\u01b0\u1eddng D1, KDC Ph\u00fa H\u00f2a 1, TP. Th\u1ee7 D\u1ea7u M\u1ed9t, B\u00ecnh D\u01b0\u01a1ng<\/span><br \/>\n<span style=\"font-family: helvetica, arial, sans-serif;\"><strong>Hotline:<\/strong> 0989.819.859 \u2013 0898.683.465<\/span><br \/>\n<span style=\"font-family: helvetica, arial, sans-serif;\"><strong>Fanpage:<\/strong> <a href=\"https:\/\/fb.com\/ruoungoaitwine\" target=\"_new\" rel=\"noopener\">fb.com\/ruoungoaitwine<\/a> | <a href=\"https:\/\/fb.com\/ruouvangtwine\" target=\"_new\" rel=\"noopener\">fb.com\/ruouvangtwine<\/a><\/span><\/p>\n<p><span style=\"font-family: helvetica, arial, sans-serif;\"><strong>Twine<\/strong> \u2013 \u0110\u1ed3ng h\u00e0nh c\u00f9ng b\u1ea1n n\u00e2ng t\u1ea7m phong c\u00e1ch s\u1ed1ng v\u1edbi nh\u1eefng d\u00f2ng r\u01b0\u1ee3u ngo\u1ea1i th\u01b0\u1ee3ng h\u1ea1ng!<\/span><\/p>\n","protected":false},"excerpt":{"rendered":"<p><span style=\"font-family: helvetica, arial, sans-serif;\">The Kyoto Malt Whisky l\u00e0 d\u00f2ng whisky cao c\u1ea5p xu\u1ea5t ph\u00e1t t\u1eeb v\u00f9ng \u0111\u1ea5t Kyoto n\u1ed5i ti\u1ebfng c\u1ee7a Nh\u1eadt B\u1ea3n. \u0110\u01b0\u1ee3c s\u1ea3n xu\u1ea5t t\u1ea1i <strong>Kyoto Miyako Distillery<\/strong>, nh\u00e0 m\u00e1y ch\u01b0ng c\u1ea5t duy nh\u1ea5t t\u1ea1i Kyoto chuy\u00ean t\u00e2m v\u00e0o ngh\u1ec7 thu\u1eadt pha ch\u1ebf whisky, s\u1ea3n ph\u1ea9m n\u00e0y k\u1ebft tinh tinh hoa c\u1ee7a k\u1ef9 thu\u1eadt truy\u1ec1n th\u1ed1ng v\u00e0 s\u1ef1 s\u00e1ng t\u1ea1o \u0111\u01b0\u01a1ng \u0111\u1ea1i. M\u1ed7i chai r\u01b0\u1ee3u l\u00e0 minh ch\u1ee9ng cho s\u1ef1 t\u1ec9 m\u1ec9 v\u00e0 t\u00e2m huy\u1ebft c\u1ee7a c\u00e1c ngh\u1ec7 nh\u00e2n ch\u01b0ng c\u1ea5t, mang linh h\u1ed3n c\u1ee7a Kyoto v\u00e0o t\u1eebng gi\u1ecdt whisky.<\/span><\/p>\n","protected":false},"featured_media":24861,"comment_status":"open","ping_status":"closed","template":"","meta":[],"product_cat":[156],"product_tag":[],"class_list":{"0":"post-24862","1":"product","2":"type-product","3":"status-publish","4":"has-post-thumbnail","6":"product_cat-single-malt-whisky","9":"first","10":"instock","11":"shipping-taxable","12":"product-type-simple"},"_links":{"self":[{"href":"https:\/\/twine.vn\/index.php\/wp-json\/wp\/v2\/product\/24862","targetHints":{"allow":["GET"]}}],"collection":[{"href":"https:\/\/twine.vn\/index.php\/wp-json\/wp\/v2\/product"}],"about":[{"href":"https:\/\/twine.vn\/index.php\/wp-json\/wp\/v2\/types\/product"}],"replies":[{"embeddable":true,"href":"https:\/\/twine.vn\/index.php\/wp-json\/wp\/v2\/comments?post=24862"}],"wp:featuredmedia":[{"embeddable":true,"href":"https:\/\/twine.vn\/index.php\/wp-json\/wp\/v2\/media\/24861"}],"wp:attachment":[{"href":"https:\/\/twine.vn\/index.php\/wp-json\/wp\/v2\/media?parent=24862"}],"wp:term":[{"taxonomy":"product_cat","embeddable":true,"href":"https:\/\/twine.vn\/index.php\/wp-json\/wp\/v2\/product_cat?post=24862"},{"taxonomy":"product_tag","embeddable":true,"href":"https:\/\/twine.vn\/index.php\/wp-json\/wp\/v2\/product_tag?post=24862"}],"curies":[{"name":"wp","href":"https:\/\/api.w.org\/{rel}","templated":true}]}}