{"id":24863,"date":"2024-12-18T16:49:47","date_gmt":"2024-12-18T16:49:47","guid":{"rendered":"https:\/\/twine.vn\/?post_type=product&#038;p=24863"},"modified":"2024-12-18T16:49:47","modified_gmt":"2024-12-18T16:49:47","slug":"jack-daniels-tennessee-fire","status":"publish","type":"product","link":"https:\/\/twine.vn\/index.php\/product\/jack-daniels-tennessee-fire\/","title":{"rendered":"Jack Daniel&#8217;s Tennessee Fire"},"content":{"rendered":"<p><span style=\"font-family: helvetica, arial, sans-serif;\"><strong>L\u1ecbch S\u1eed &amp; Ngu\u1ed3n G\u1ed1c<\/strong><\/span><br \/>\n<span style=\"font-family: helvetica, arial, sans-serif;\">Jack Daniel\u2019s Tennessee Fire l\u00e0 s\u1ef1 h\u00f2a quy\u1ec7n ho\u00e0n h\u1ea3o gi\u1eefa whiskey Jack Daniel\u2019s Old No.7 n\u1ed5i ti\u1ebfng v\u00e0 h\u01b0\u01a1ng qu\u1ebf n\u1ed3ng \u1ea5m \u0111\u1eb7c tr\u01b0ng. \u0110\u01b0\u1ee3c s\u1ea3n xu\u1ea5t t\u1ea1i Lynchburg, Tennessee \u2013 n\u01a1i kh\u1edfi ngu\u1ed3n th\u01b0\u01a1ng hi\u1ec7u Jack Daniel\u2019s t\u1eeb n\u0103m 1866, d\u00f2ng r\u01b0\u1ee3u n\u00e0y \u0111\u1ea1i di\u1ec7n cho s\u1ef1 s\u00e1ng t\u1ea1o t\u00e1o b\u1ea1o, mang \u0111\u1ebfn tr\u1ea3i nghi\u1ec7m m\u1edbi m\u1ebb tr\u00ean n\u1ec1n t\u1ea3ng di s\u1ea3n l\u00e2u \u0111\u1eddi c\u1ee7a nh\u00e0 Jack Daniel\u2019s.<\/span><\/p>\n<hr \/>\n<p><span style=\"font-family: helvetica, arial, sans-serif;\"><strong>H\u01b0\u01a1ng V\u1ecb \u0110\u1ed9c \u0110\u00e1o<\/strong><\/span><\/p>\n<ul>\n<li><span style=\"font-family: helvetica, arial, sans-serif;\"><strong>M\u0169i (Nose)<\/strong>: H\u01b0\u01a1ng th\u01a1m cay n\u1ed3ng \u0111\u1eb7c tr\u01b0ng c\u1ee7a qu\u1ebf, h\u00f2a quy\u1ec7n c\u00f9ng ch\u00fat ng\u1ecdt nh\u1eb9 c\u1ee7a m\u1eadt ong v\u00e0 vani.<\/span><\/li>\n<li><span style=\"font-family: helvetica, arial, sans-serif;\"><strong>V\u1ecb (Palate)<\/strong>: V\u1ecb cay \u1ea5m c\u1ee7a qu\u1ebf b\u00f9ng n\u1ed5 tr\u00ean \u0111\u1ea7u l\u01b0\u1ee1i, k\u1ebft h\u1ee3p h\u00e0i h\u00f2a v\u1edbi s\u1ef1 \u00eam m\u01b0\u1ee3t v\u00e0 ng\u1ecdt ng\u00e0o c\u1ee7a whiskey Tennessee c\u1ed5 \u0111i\u1ec3n.<\/span><\/li>\n<li><span style=\"font-family: helvetica, arial, sans-serif;\"><strong>D\u01b0 v\u1ecb (Finish)<\/strong>: K\u00e9o d\u00e0i, \u1ea5m \u00e1p v\u1edbi d\u1ea5u \u1ea5n s\u00e2u l\u1eafng c\u1ee7a qu\u1ebf v\u00e0 v\u1ecb ng\u1ecdt tinh t\u1ebf.<\/span><\/li>\n<\/ul>\n<hr \/>\n<p><span style=\"font-family: helvetica, arial, sans-serif;\"><strong>\u0110\u1eb7c \u0110i\u1ec3m S\u1ea3n Ph\u1ea9m<\/strong><\/span><\/p>\n<ul>\n<li><span style=\"font-family: helvetica, arial, sans-serif;\"><strong>Dung t\u00edch<\/strong>: 750ml<\/span><\/li>\n<li><span style=\"font-family: helvetica, arial, sans-serif;\"><strong>N\u1ed3ng \u0111\u1ed9 c\u1ed3n<\/strong>: 35% ABV<\/span><\/li>\n<li><span style=\"font-family: helvetica, arial, sans-serif;\"><strong>Xu\u1ea5t x\u1ee9<\/strong>: M\u1ef9<\/span><\/li>\n<\/ul>\n<p><span style=\"font-family: helvetica, arial, sans-serif;\">Jack Daniel\u2019s Tennessee Fire l\u00e0 l\u1ef1a ch\u1ecdn l\u00fd t\u01b0\u1edfng khi th\u01b0\u1edfng th\u1ee9c l\u1ea1nh nguy\u00ean ch\u1ea5t, k\u1ebft h\u1ee3p v\u1edbi \u0111\u00e1 ho\u1eb7c pha ch\u1ebf cocktail s\u00e1ng t\u1ea1o. Th\u00edch h\u1ee3p trong c\u00e1c bu\u1ed5i ti\u1ec7c s\u00f4i \u0111\u1ed9ng, g\u1eb7p g\u1ee1 b\u1ea1n b\u00e8 v\u00e0 l\u00e0 m\u00f3n qu\u00e0 \u00fd ngh\u0129a cho nh\u1eefng ng\u01b0\u1eddi y\u00eau th\u00edch h\u01b0\u01a1ng v\u1ecb whiskey \u0111\u1ed9c \u0111\u00e1o.<\/span><\/p>\n<hr \/>\n<p><span style=\"font-family: helvetica, arial, sans-serif;\"><strong>R\u01b0\u1ee3u Ngo\u1ea1i Twine \u2013 Th\u01b0\u01a1ng Hi\u1ec7u T\u1eeb N\u0103m 2021<\/strong><\/span><br \/>\n<span style=\"font-family: helvetica, arial, sans-serif;\"><strong>\u0110\u1ecba ch\u1ec9<\/strong>: 144, \u0110\u01b0\u1eddng D1, KDC Ph\u00fa H\u00f2a 1, TP. Th\u1ee7 D\u1ea7u M\u1ed9t, B\u00ecnh D\u01b0\u01a1ng<\/span><br \/>\n<span style=\"font-family: helvetica, arial, sans-serif;\"><strong>Hotline<\/strong>: 0989.819.859 \u2013 0898.683.465<\/span><br \/>\n<span style=\"font-family: helvetica, arial, sans-serif;\"><strong>Fanpage<\/strong>: fb.com\/ruoungoaitwine | fb.com\/ruouvangtwine<\/span><\/p>\n<hr \/>\n<p><span style=\"font-family: helvetica, arial, sans-serif;\"><strong>Twine \u2013 \u0110\u1ed3ng h\u00e0nh c\u00f9ng b\u1ea1n n\u00e2ng t\u1ea7m phong c\u00e1ch s\u1ed1ng v\u1edbi nh\u1eefng d\u00f2ng r\u01b0\u1ee3u ngo\u1ea1i th\u01b0\u1ee3ng h\u1ea1ng!<\/strong><\/span><\/p>\n","protected":false},"excerpt":{"rendered":"<p><span style=\"font-family: helvetica, arial, sans-serif;\">Jack Daniel\u2019s Tennessee Fire l\u00e0 s\u1ef1 h\u00f2a quy\u1ec7n ho\u00e0n h\u1ea3o gi\u1eefa whiskey Jack Daniel\u2019s Old No.7 n\u1ed5i ti\u1ebfng v\u00e0 h\u01b0\u01a1ng qu\u1ebf n\u1ed3ng \u1ea5m \u0111\u1eb7c tr\u01b0ng. \u0110\u01b0\u1ee3c s\u1ea3n xu\u1ea5t t\u1ea1i Lynchburg, Tennessee \u2013 n\u01a1i kh\u1edfi ngu\u1ed3n th\u01b0\u01a1ng hi\u1ec7u Jack Daniel\u2019s t\u1eeb n\u0103m 1866, d\u00f2ng r\u01b0\u1ee3u n\u00e0y \u0111\u1ea1i di\u1ec7n cho s\u1ef1 s\u00e1ng t\u1ea1o t\u00e1o b\u1ea1o, mang \u0111\u1ebfn tr\u1ea3i nghi\u1ec7m m\u1edbi m\u1ebb tr\u00ean n\u1ec1n t\u1ea3ng di s\u1ea3n l\u00e2u \u0111\u1eddi c\u1ee7a nh\u00e0 Jack Daniel\u2019s.<\/span><\/p>\n","protected":false},"featured_media":24864,"comment_status":"open","ping_status":"closed","template":"","meta":[],"product_cat":[148,145],"product_tag":[],"class_list":{"0":"post-24863","1":"product","2":"type-product","3":"status-publish","4":"has-post-thumbnail","6":"product_cat-ruou-manh","7":"product_cat-ruou-whisky","10":"first","11":"instock","12":"shipping-taxable","13":"product-type-simple"},"_links":{"self":[{"href":"https:\/\/twine.vn\/index.php\/wp-json\/wp\/v2\/product\/24863","targetHints":{"allow":["GET"]}}],"collection":[{"href":"https:\/\/twine.vn\/index.php\/wp-json\/wp\/v2\/product"}],"about":[{"href":"https:\/\/twine.vn\/index.php\/wp-json\/wp\/v2\/types\/product"}],"replies":[{"embeddable":true,"href":"https:\/\/twine.vn\/index.php\/wp-json\/wp\/v2\/comments?post=24863"}],"wp:featuredmedia":[{"embeddable":true,"href":"https:\/\/twine.vn\/index.php\/wp-json\/wp\/v2\/media\/24864"}],"wp:attachment":[{"href":"https:\/\/twine.vn\/index.php\/wp-json\/wp\/v2\/media?parent=24863"}],"wp:term":[{"taxonomy":"product_cat","embeddable":true,"href":"https:\/\/twine.vn\/index.php\/wp-json\/wp\/v2\/product_cat?post=24863"},{"taxonomy":"product_tag","embeddable":true,"href":"https:\/\/twine.vn\/index.php\/wp-json\/wp\/v2\/product_tag?post=24863"}],"curies":[{"name":"wp","href":"https:\/\/api.w.org\/{rel}","templated":true}]}}