{"id":24867,"date":"2024-12-18T17:12:53","date_gmt":"2024-12-18T17:12:53","guid":{"rendered":"https:\/\/twine.vn\/?post_type=product&#038;p=24867"},"modified":"2024-12-18T17:18:50","modified_gmt":"2024-12-18T17:18:50","slug":"glen-grant-12-years-old","status":"publish","type":"product","link":"https:\/\/twine.vn\/index.php\/product\/glen-grant-12-years-old\/","title":{"rendered":"Glen Grant 12 Years Old"},"content":{"rendered":"<p><span style=\"font-family: helvetica, arial, sans-serif;\"><strong>L\u1ecbch S\u1eed &amp; Ngu\u1ed3n G\u1ed1c<\/strong><\/span><br \/>\n<span style=\"font-family: helvetica, arial, sans-serif;\">Glen Grant 12 Years Old l\u00e0 d\u00f2ng Single Malt Scotch Whisky \u0111\u1ebfn t\u1eeb v\u00f9ng Speyside, Scotland \u2013 c\u00e1i n\u00f4i c\u1ee7a nh\u1eefng d\u00f2ng whisky th\u01b0\u1ee3ng h\u1ea1ng. \u0110\u01b0\u1ee3c th\u00e0nh l\u1eadp t\u1eeb n\u0103m 1840, Glen Grant mang trong m\u00ecnh di s\u1ea3n l\u00e2u \u0111\u1eddi v\u1edbi s\u1ef1 tinh t\u1ebf trong t\u1eebng gi\u1ecdt r\u01b0\u1ee3u. S\u1ef1 k\u1ebft h\u1ee3p gi\u1eefa ngu\u1ed3n n\u01b0\u1edbc tinh khi\u1ebft, k\u1ef9 thu\u1eadt ch\u01b0ng c\u1ea5t truy\u1ec1n th\u1ed1ng v\u00e0 th\u1eddi gian \u1ee7 trong th\u00f9ng g\u1ed7 s\u1ed3i mang \u0111\u1ebfn h\u01b0\u01a1ng v\u1ecb \u0111\u1ed9c \u0111\u00e1o kh\u00f3 qu\u00ean.<\/span><\/p>\n<p><span style=\"font-family: helvetica, arial, sans-serif;\"><strong>H\u01b0\u01a1ng V\u1ecb \u0110\u1ed9c \u0110\u00e1o<\/strong><\/span><\/p>\n<ul>\n<li><span style=\"font-family: helvetica, arial, sans-serif;\"><strong>M\u0169i (Nose):<\/strong> H\u01b0\u01a1ng th\u01a1m thanh tho\u00e1t c\u1ee7a t\u00e1o ch\u00edn, l\u00ea v\u00e0 m\u1ed9t ch\u00fat vani d\u1ecbu nh\u1eb9.<\/span><\/li>\n<li><span style=\"font-family: helvetica, arial, sans-serif;\"><strong>V\u1ecb (Palate):<\/strong> S\u1ef1 c\u00e2n b\u1eb1ng tuy\u1ec7t v\u1eddi gi\u1eefa tr\u00e1i c\u00e2y t\u01b0\u01a1i m\u00e1t, v\u1ecb ng\u1ecdt c\u1ee7a m\u1eadt ong v\u00e0 h\u1eadu v\u1ecb g\u1ed7 s\u1ed3i m\u01b0\u1ee3t m\u00e0.<\/span><\/li>\n<li><span style=\"font-family: helvetica, arial, sans-serif;\"><strong>D\u01b0 v\u1ecb (Finish):<\/strong> K\u00e9o d\u00e0i, \u1ea5m \u00e1p v\u00e0 tinh t\u1ebf v\u1edbi s\u1ef1 h\u00f2a quy\u1ec7n c\u1ee7a vani v\u00e0 h\u01b0\u01a1ng tr\u00e1i c\u00e2y nh\u1eb9 nh\u00e0ng.<\/span><\/li>\n<\/ul>\n<p><span style=\"font-family: helvetica, arial, sans-serif;\"><strong>\u0110\u1eb7c \u0110i\u1ec3m S\u1ea3n Ph\u1ea9m<\/strong><\/span><\/p>\n<ul>\n<li><span style=\"font-family: helvetica, arial, sans-serif;\"><strong>Dung t\u00edch:<\/strong> 700ml<\/span><\/li>\n<li><span style=\"font-family: helvetica, arial, sans-serif;\"><strong>N\u1ed3ng \u0111\u1ed9 c\u1ed3n:<\/strong> 43% ABV<\/span><\/li>\n<li><span style=\"font-family: helvetica, arial, sans-serif;\"><strong>Xu\u1ea5t x\u1ee9:<\/strong> Scotland<\/span><\/li>\n<\/ul>\n<p><span style=\"font-family: helvetica, arial, sans-serif;\">Glen Grant 12 Years Old l\u00e0 l\u1ef1a ch\u1ecdn ho\u00e0n h\u1ea3o cho nh\u1eefng ng\u01b0\u1eddi y\u00eau th\u00edch whisky \u0111\u1eadm ch\u1ea5t truy\u1ec1n th\u1ed1ng, c\u00f3 th\u1ec3 th\u01b0\u1edfng th\u1ee9c nguy\u00ean ch\u1ea5t, th\u00eam \u0111\u00e1 ho\u1eb7c k\u1ebft h\u1ee3p trong c\u00e1c bu\u1ed5i ti\u1ec7c trang tr\u1ecdng. \u0110\u00e2y c\u0169ng l\u00e0 m\u00f3n qu\u00e0 tinh t\u1ebf d\u00e0nh t\u1eb7ng cho nh\u1eefng ai tr\u00e2n tr\u1ecdng h\u01b0\u01a1ng v\u1ecb whisky \u0111\u1eb3ng c\u1ea5p \u0111\u1ebfn t\u1eeb v\u00f9ng Speyside.<\/span><\/p>\n<hr \/>\n<p><span style=\"font-family: helvetica, arial, sans-serif;\"><strong>R\u01b0\u1ee3u Ngo\u1ea1i Twine \u2013 Th\u01b0\u01a1ng Hi\u1ec7u T\u1eeb N\u0103m 2021<\/strong><\/span><br \/>\n<span style=\"font-family: helvetica, arial, sans-serif;\"><strong>\u0110\u1ecba ch\u1ec9:<\/strong> 144, \u0110\u01b0\u1eddng D1, KDC Ph\u00fa H\u00f2a 1, TP. Th\u1ee7 D\u1ea7u M\u1ed9t, B\u00ecnh D\u01b0\u01a1ng<\/span><br \/>\n<span style=\"font-family: helvetica, arial, sans-serif;\"><strong>Hotline:<\/strong> 0989.819.859 \u2013 0898.683.465<\/span><br \/>\n<span style=\"font-family: helvetica, arial, sans-serif;\"><strong>Fanpage:<\/strong> <a href=\"#\" rel=\"noopener\">fb.com\/ruoungoaitwine<\/a> | <a href=\"#\" rel=\"noopener\">fb.com\/ruouvangtwine<\/a><\/span><\/p>\n<p><span style=\"font-family: helvetica, arial, sans-serif;\"><strong>Twine<\/strong> \u2013 \u0110\u1ed3ng h\u00e0nh c\u00f9ng b\u1ea1n n\u00e2ng t\u1ea7m phong c\u00e1ch s\u1ed1ng v\u1edbi nh\u1eefng d\u00f2ng r\u01b0\u1ee3u ngo\u1ea1i th\u01b0\u1ee3ng h\u1ea1ng!<\/span><\/p>\n<p>&nbsp;<\/p>\n","protected":false},"excerpt":{"rendered":"<p><span style=\"font-family: helvetica, arial, sans-serif;\">Glen Grant 12 Years Old l\u00e0 d\u00f2ng Single Malt Scotch Whisky \u0111\u1ebfn t\u1eeb v\u00f9ng Speyside, Scotland \u2013 c\u00e1i n\u00f4i c\u1ee7a nh\u1eefng d\u00f2ng whisky th\u01b0\u1ee3ng h\u1ea1ng. \u0110\u01b0\u1ee3c th\u00e0nh l\u1eadp t\u1eeb n\u0103m 1840, Glen Grant mang trong m\u00ecnh di s\u1ea3n l\u00e2u \u0111\u1eddi v\u1edbi s\u1ef1 tinh t\u1ebf trong t\u1eebng gi\u1ecdt r\u01b0\u1ee3u. S\u1ef1 k\u1ebft h\u1ee3p gi\u1eefa ngu\u1ed3n n\u01b0\u1edbc tinh khi\u1ebft, k\u1ef9 thu\u1eadt ch\u01b0ng c\u1ea5t truy\u1ec1n th\u1ed1ng v\u00e0 th\u1eddi gian \u1ee7 trong th\u00f9ng g\u1ed7 s\u1ed3i mang \u0111\u1ebfn h\u01b0\u01a1ng v\u1ecb \u0111\u1ed9c \u0111\u00e1o kh\u00f3 qu\u00ean.<\/span><\/p>\n","protected":false},"featured_media":24868,"comment_status":"open","ping_status":"closed","template":"","meta":[],"product_cat":[154,145],"product_tag":[],"class_list":{"0":"post-24867","1":"product","2":"type-product","3":"status-publish","4":"has-post-thumbnail","6":"product_cat-blended-scotch-whisky","7":"product_cat-ruou-whisky","10":"first","11":"instock","12":"shipping-taxable","13":"product-type-simple"},"_links":{"self":[{"href":"https:\/\/twine.vn\/index.php\/wp-json\/wp\/v2\/product\/24867","targetHints":{"allow":["GET"]}}],"collection":[{"href":"https:\/\/twine.vn\/index.php\/wp-json\/wp\/v2\/product"}],"about":[{"href":"https:\/\/twine.vn\/index.php\/wp-json\/wp\/v2\/types\/product"}],"replies":[{"embeddable":true,"href":"https:\/\/twine.vn\/index.php\/wp-json\/wp\/v2\/comments?post=24867"}],"wp:featuredmedia":[{"embeddable":true,"href":"https:\/\/twine.vn\/index.php\/wp-json\/wp\/v2\/media\/24868"}],"wp:attachment":[{"href":"https:\/\/twine.vn\/index.php\/wp-json\/wp\/v2\/media?parent=24867"}],"wp:term":[{"taxonomy":"product_cat","embeddable":true,"href":"https:\/\/twine.vn\/index.php\/wp-json\/wp\/v2\/product_cat?post=24867"},{"taxonomy":"product_tag","embeddable":true,"href":"https:\/\/twine.vn\/index.php\/wp-json\/wp\/v2\/product_tag?post=24867"}],"curies":[{"name":"wp","href":"https:\/\/api.w.org\/{rel}","templated":true}]}}