{"id":24871,"date":"2024-12-18T17:24:05","date_gmt":"2024-12-18T17:24:05","guid":{"rendered":"https:\/\/twine.vn\/?post_type=product&#038;p=24871"},"modified":"2024-12-18T17:24:05","modified_gmt":"2024-12-18T17:24:05","slug":"arran-10-years-old","status":"publish","type":"product","link":"https:\/\/twine.vn\/index.php\/product\/arran-10-years-old\/","title":{"rendered":"Arran 10 Years Old"},"content":{"rendered":"<p><span style=\"font-family: helvetica, arial, sans-serif;\"><strong>L\u1ecbch S\u1eed &amp; Ngu\u1ed3n G\u1ed1c<\/strong><\/span><br \/>\n<span style=\"font-family: helvetica, arial, sans-serif;\">Arran 10 Years Old l\u00e0 d\u00f2ng <strong>Single Malt Scotch Whisky<\/strong> n\u1ed5i ti\u1ebfng \u0111\u1ebfn t\u1eeb <strong>\u0110\u1ea3o Arran, Scotland<\/strong>. S\u1ea3n ph\u1ea9m \u0111\u01b0\u1ee3c ch\u1ebf t\u00e1c t\u1eeb ngu\u1ed3n n\u01b0\u1edbc tinh khi\u1ebft c\u1ee7a Loch na Davie v\u00e0 nh\u1eefng nguy\u00ean li\u1ec7u t\u1ed1t nh\u1ea5t, k\u1ebft h\u1ee3p v\u1edbi k\u1ef9 thu\u1eadt ch\u01b0ng c\u1ea5t truy\u1ec1n th\u1ed1ng tr\u00ean \u0111\u1ea3o Arran. V\u1edbi 10 n\u0103m \u1ee7 trong th\u00f9ng g\u1ed7 s\u1ed3i, d\u00f2ng whisky n\u00e0y \u0111\u00e3 kh\u1eb3ng \u0111\u1ecbnh ch\u1ea5t l\u01b0\u1ee3ng v\u00e0 h\u01b0\u01a1ng v\u1ecb \u0111\u1eadm \u0111\u00e0 \u0111\u1eb7c tr\u01b0ng c\u1ee7a m\u00ecnh.<\/span><\/p>\n<p><span style=\"font-family: helvetica, arial, sans-serif;\"><strong>H\u01b0\u01a1ng V\u1ecb \u0110\u1ed9c \u0110\u00e1o<\/strong><\/span><\/p>\n<p><span style=\"font-family: helvetica, arial, sans-serif;\"><strong>M\u0169i (Nose):<\/strong> H\u01b0\u01a1ng th\u01a1m ng\u1ecdt ng\u00e0o c\u1ee7a <strong>tr\u00e1i c\u00e2y ch\u00edn<\/strong>, k\u1eb9o b\u01a1 v\u00e0 m\u1ed9t ch\u00fat <strong>h\u1ea1nh nh\u00e2n<\/strong>.<\/span><br \/>\n<span style=\"font-family: helvetica, arial, sans-serif;\"><strong>V\u1ecb (Palate):<\/strong> C\u00e2n b\u1eb1ng gi\u1eefa v\u1ecb <strong>cam qu\u00fdt<\/strong>, <strong>m\u1eadt ong<\/strong> v\u00e0 ch\u00fat cay nh\u1eb9 t\u1eeb g\u1ed7 s\u1ed3i. H\u01b0\u01a1ng <strong>vanilla<\/strong> c\u00f9ng <strong>m\u1ea1ch nha<\/strong> tinh t\u1ebf lan t\u1ecfa n\u01a1i \u0111\u1ea7u l\u01b0\u1ee1i.<\/span><br \/>\n<span style=\"font-family: helvetica, arial, sans-serif;\"><strong>D\u01b0 v\u1ecb (Finish):<\/strong> K\u00e9o d\u00e0i v\u00e0 \u1ea5m \u00e1p v\u1edbi h\u01b0\u01a1ng g\u1ed7 s\u1ed3i, tr\u00e1i c\u00e2y kh\u00f4 v\u00e0 ch\u00fat v\u1ecb <strong>h\u1ea1t ti\u00eau<\/strong> nh\u1eb9 nh\u00e0ng.<\/span><\/p>\n<p><span style=\"font-family: helvetica, arial, sans-serif;\"><strong>\u0110\u1eb7c \u0110i\u1ec3m S\u1ea3n Ph\u1ea9m<\/strong><\/span><\/p>\n<p><span style=\"font-family: helvetica, arial, sans-serif;\"><strong>Dung t\u00edch:<\/strong> 700ml<\/span><br \/>\n<span style=\"font-family: helvetica, arial, sans-serif;\"><strong>N\u1ed3ng \u0111\u1ed9 c\u1ed3n:<\/strong> 46% ABV<\/span><br \/>\n<span style=\"font-family: helvetica, arial, sans-serif;\"><strong>Xu\u1ea5t x\u1ee9:<\/strong> Isle of Arran, Scotland<\/span><br \/>\n<span style=\"font-family: helvetica, arial, sans-serif;\"><strong>\u0110\u1eb7c tr\u01b0ng:<\/strong> Non-chill filtered, gi\u1eef tr\u1ecdn h\u01b0\u01a1ng v\u1ecb t\u1ef1 nhi\u00ean v\u00e0 m\u00e0u s\u1eafc nguy\u00ean b\u1ea3n.<\/span><\/p>\n<p><span style=\"font-family: helvetica, arial, sans-serif;\">Arran 10 Years Old l\u00e0 m\u1ed9t trong nh\u1eefng l\u1ef1a ch\u1ecdn tuy\u1ec7t v\u1eddi d\u00e0nh cho nh\u1eefng ai y\u00eau th\u00edch d\u00f2ng whisky thu\u1ea7n t\u00fay t\u1eeb v\u00f9ng \u0111\u1ea3o Scotland. Th\u01b0\u1edfng th\u1ee9c nguy\u00ean ch\u1ea5t, th\u00eam \u0111\u00e1 ho\u1eb7c k\u1ebft h\u1ee3p trong c\u00e1c bu\u1ed5i g\u1eb7p g\u1ee1 <strong>\u1ea5m c\u00fang<\/strong> v\u00e0 <strong>trang tr\u1ecdng<\/strong>. S\u1ea3n ph\u1ea9m n\u00e0y c\u0169ng l\u00e0 m\u00f3n qu\u00e0 \u00fd ngh\u0129a cho nh\u1eefng ng\u01b0\u1eddi \u0111am m\u00ea whisky ch\u00ednh th\u1ed1ng v\u00e0 \u0111\u1eb3ng c\u1ea5p.<\/span><\/p>\n<hr \/>\n<p><span style=\"font-family: helvetica, arial, sans-serif;\"><strong>R\u01b0\u1ee3u Ngo\u1ea1i Twine \u2013 Th\u01b0\u01a1ng Hi\u1ec7u T\u1eeb N\u0103m 2021<\/strong><\/span><br \/>\n<span style=\"font-family: helvetica, arial, sans-serif;\"><strong>\u0110\u1ecba ch\u1ec9:<\/strong> 144, \u0110\u01b0\u1eddng D1, KDC Ph\u00fa H\u00f2a 1, TP. Th\u1ee7 D\u1ea7u M\u1ed9t, B\u00ecnh D\u01b0\u01a1ng<\/span><br \/>\n<span style=\"font-family: helvetica, arial, sans-serif;\"><strong>Hotline:<\/strong> 0989.819.859 \u2013 0898.683.465<\/span><br \/>\n<span style=\"font-family: helvetica, arial, sans-serif;\"><strong>Fanpage:<\/strong> fb.com\/ruoungoaitwine | fb.com\/ruouvangtwine<\/span><\/p>\n<p><span style=\"font-family: helvetica, arial, sans-serif;\"><strong>Twine<\/strong> \u2013 \u0110\u1ed3ng h\u00e0nh c\u00f9ng b\u1ea1n n\u00e2ng t\u1ea7m phong c\u00e1ch s\u1ed1ng v\u1edbi nh\u1eefng d\u00f2ng r\u01b0\u1ee3u ngo\u1ea1i th\u01b0\u1ee3ng h\u1ea1ng!<\/span><\/p>\n","protected":false},"excerpt":{"rendered":"<p><span style=\"font-family: helvetica, arial, sans-serif;\">Arran 10 Years Old l\u00e0 d\u00f2ng <strong>Single Malt Scotch Whisky<\/strong> n\u1ed5i ti\u1ebfng \u0111\u1ebfn t\u1eeb <strong>\u0110\u1ea3o Arran, Scotland<\/strong>. S\u1ea3n ph\u1ea9m \u0111\u01b0\u1ee3c ch\u1ebf t\u00e1c t\u1eeb ngu\u1ed3n n\u01b0\u1edbc tinh khi\u1ebft c\u1ee7a Loch na Davie v\u00e0 nh\u1eefng nguy\u00ean li\u1ec7u t\u1ed1t nh\u1ea5t, k\u1ebft h\u1ee3p v\u1edbi k\u1ef9 thu\u1eadt ch\u01b0ng c\u1ea5t truy\u1ec1n th\u1ed1ng tr\u00ean \u0111\u1ea3o Arran. V\u1edbi 10 n\u0103m \u1ee7 trong th\u00f9ng g\u1ed7 s\u1ed3i, d\u00f2ng whisky n\u00e0y \u0111\u00e3 kh\u1eb3ng \u0111\u1ecbnh ch\u1ea5t l\u01b0\u1ee3ng v\u00e0 h\u01b0\u01a1ng v\u1ecb \u0111\u1eadm \u0111\u00e0 \u0111\u1eb7c tr\u01b0ng c\u1ee7a m\u00ecnh.<\/span><\/p>\n","protected":false},"featured_media":24875,"comment_status":"open","ping_status":"closed","template":"","meta":[],"product_cat":[145,155],"product_tag":[],"class_list":{"0":"post-24871","1":"product","2":"type-product","3":"status-publish","4":"has-post-thumbnail","6":"product_cat-ruou-whisky","7":"product_cat-single-malt-scotch-whisky","10":"first","11":"instock","12":"shipping-taxable","13":"product-type-simple"},"_links":{"self":[{"href":"https:\/\/twine.vn\/index.php\/wp-json\/wp\/v2\/product\/24871","targetHints":{"allow":["GET"]}}],"collection":[{"href":"https:\/\/twine.vn\/index.php\/wp-json\/wp\/v2\/product"}],"about":[{"href":"https:\/\/twine.vn\/index.php\/wp-json\/wp\/v2\/types\/product"}],"replies":[{"embeddable":true,"href":"https:\/\/twine.vn\/index.php\/wp-json\/wp\/v2\/comments?post=24871"}],"wp:featuredmedia":[{"embeddable":true,"href":"https:\/\/twine.vn\/index.php\/wp-json\/wp\/v2\/media\/24875"}],"wp:attachment":[{"href":"https:\/\/twine.vn\/index.php\/wp-json\/wp\/v2\/media?parent=24871"}],"wp:term":[{"taxonomy":"product_cat","embeddable":true,"href":"https:\/\/twine.vn\/index.php\/wp-json\/wp\/v2\/product_cat?post=24871"},{"taxonomy":"product_tag","embeddable":true,"href":"https:\/\/twine.vn\/index.php\/wp-json\/wp\/v2\/product_tag?post=24871"}],"curies":[{"name":"wp","href":"https:\/\/api.w.org\/{rel}","templated":true}]}}