{"id":24896,"date":"2024-12-20T15:31:36","date_gmt":"2024-12-20T15:31:36","guid":{"rendered":"https:\/\/twine.vn\/?post_type=product&#038;p=24896"},"modified":"2024-12-20T15:33:44","modified_gmt":"2024-12-20T15:33:44","slug":"glenfiddich-original-single-malt-scotch-whisky-bo-qua-tet-dac-biet","status":"publish","type":"product","link":"https:\/\/twine.vn\/index.php\/product\/glenfiddich-original-single-malt-scotch-whisky-bo-qua-tet-dac-biet\/","title":{"rendered":"Glenfiddich Original Single Malt Scotch Whisky \u2013 B\u1ed9 Qu\u00e0 T\u1ebft \u0110\u1eb7c Bi\u1ec7t"},"content":{"rendered":"<h3><span style=\"font-family: helvetica, arial, sans-serif;\"><strong>L\u1ecbch S\u1eed &amp; Ngu\u1ed3n G\u1ed1c<\/strong><\/span><\/h3>\n<p><span style=\"font-family: helvetica, arial, sans-serif;\">Glenfiddich l\u00e0 m\u1ed9t trong nh\u1eefng th\u01b0\u01a1ng hi\u1ec7u Single Malt Scotch Whisky h\u00e0ng \u0111\u1ea7u th\u1ebf gi\u1edbi, \u0111\u01b0\u1ee3c th\u00e0nh l\u1eadp t\u1eeb n\u0103m 1887 t\u1ea1i v\u00f9ng Speyside, Scotland. V\u1edbi h\u01a1n 130 n\u0103m l\u1ecbch s\u1eed, Glenfiddich lu\u00f4n l\u00e0 bi\u1ec3u t\u01b0\u1ee3ng c\u1ee7a ch\u1ea5t l\u01b0\u1ee3ng v\u00e0 s\u1ef1 \u0111\u1ed5i m\u1edbi trong ngh\u1ec7 thu\u1eadt ch\u01b0ng c\u1ea5t whisky.<\/span><\/p>\n<p><span style=\"font-family: helvetica, arial, sans-serif;\">Phi\u00ean b\u1ea3n Glenfiddich Original n\u00e0y \u0111\u01b0\u1ee3c \u0111\u1eb7t trong h\u1ed9p qu\u00e0 T\u1ebft trang tr\u1ecdng, mang \u0111\u1eadm \u00fd ngh\u0129a v\u0103n h\u00f3a \u00c1 \u0110\u00f4ng, l\u00e0 m\u00f3n qu\u00e0 ho\u00e0n h\u1ea3o \u0111\u1ec3 d\u00e0nh t\u1eb7ng cho ng\u01b0\u1eddi th\u00e2n, b\u1ea1n b\u00e8 v\u00e0 \u0111\u1ed1i t\u00e1c trong d\u1ecbp l\u1ec5 h\u1ed9i.<\/span><\/p>\n<hr \/>\n<h3><span style=\"font-family: helvetica, arial, sans-serif;\"><strong>H\u01b0\u01a1ng V\u1ecb \u0110\u1ed9c \u0110\u00e1o<\/strong><\/span><\/h3>\n<p><span style=\"font-family: helvetica, arial, sans-serif;\"><strong>M\u0169i (Nose):<\/strong> H\u01b0\u01a1ng th\u01a1m phong ph\u00fa c\u1ee7a tr\u00e1i c\u00e2y t\u01b0\u01a1i, t\u00e1o xanh v\u00e0 l\u00ea, h\u00f2a quy\u1ec7n c\u00f9ng ch\u00fat m\u1eadt ong ng\u1ecdt ng\u00e0o.<\/span><br \/>\n<span style=\"font-family: helvetica, arial, sans-serif;\"><strong>V\u1ecb (Palate):<\/strong> C\u00e2n b\u1eb1ng gi\u1eefa v\u1ecb ng\u1ecdt nh\u1eb9 c\u1ee7a vani, g\u1ed7 s\u1ed3i v\u00e0 ch\u00fat cay nh\u1eb9 t\u1eeb gia v\u1ecb, mang l\u1ea1i c\u1ea3m gi\u00e1c \u00eam d\u1ecbu v\u00e0 tinh t\u1ebf.<\/span><br \/>\n<span style=\"font-family: helvetica, arial, sans-serif;\"><strong>D\u01b0 v\u1ecb (Finish):<\/strong> K\u00e9o d\u00e0i v\u1edbi s\u1ef1 h\u00f2a quy\u1ec7n c\u1ee7a h\u01b0\u01a1ng m\u1ea1ch nha v\u00e0 ch\u00fat v\u1ecb caramel m\u01b0\u1ee3t m\u00e0.<\/span><\/p>\n<hr \/>\n<h3><span style=\"font-family: helvetica, arial, sans-serif;\"><strong>\u0110\u1eb7c \u0110i\u1ec3m S\u1ea3n Ph\u1ea9m<\/strong><\/span><\/h3>\n<ul>\n<li><span style=\"font-family: helvetica, arial, sans-serif;\"><strong>Dung t\u00edch:<\/strong> 700ml<\/span><\/li>\n<li><span style=\"font-family: helvetica, arial, sans-serif;\"><strong>N\u1ed3ng \u0111\u1ed9 c\u1ed3n:<\/strong> 40% ABV<\/span><\/li>\n<li><span style=\"font-family: helvetica, arial, sans-serif;\"><strong>Xu\u1ea5t x\u1ee9:<\/strong> Speyside, Scotland<\/span><\/li>\n<\/ul>\n<hr \/>\n<h3><span style=\"font-family: helvetica, arial, sans-serif;\"><strong>Th\u01b0\u1edfng Th\u1ee9c &amp; K\u1ebft H\u1ee3p M\u00f3n \u0102n<\/strong><\/span><\/h3>\n<p><span style=\"font-family: helvetica, arial, sans-serif;\">Glenfiddich Original l\u00fd t\u01b0\u1edfng \u0111\u1ec3:<\/span><\/p>\n<ul>\n<li><span style=\"font-family: helvetica, arial, sans-serif;\">U\u1ed1ng nguy\u00ean ch\u1ea5t (neat) ho\u1eb7c th\u00eam \u0111\u00e1 (on the rocks).<\/span><\/li>\n<li><span style=\"font-family: helvetica, arial, sans-serif;\">K\u1ebft h\u1ee3p v\u1edbi c\u00e1c m\u00f3n \u0103n \u0111\u1eadm \u0111\u00e0 nh\u01b0 th\u1ecbt n\u01b0\u1edbng, h\u1ea3i s\u1ea3n ho\u1eb7c ph\u00f4 mai tr\u01b0\u1edfng th\u00e0nh.<\/span><\/li>\n<\/ul>\n<p><span style=\"font-family: helvetica, arial, sans-serif;\">B\u1ed9 qu\u00e0 n\u00e0y g\u1ed3m:<\/span><\/p>\n<ul>\n<li><span style=\"font-family: helvetica, arial, sans-serif;\">1 chai Glenfiddich Original Single Malt Scotch Whisky.<\/span><\/li>\n<li><span style=\"font-family: helvetica, arial, sans-serif;\">2 ly whisky sang tr\u1ecdng \u0111\u01b0\u1ee3c kh\u1eafc logo Glenfiddich.<\/span><\/li>\n<\/ul>\n<hr \/>\n<h3><span style=\"font-family: helvetica, arial, sans-serif;\"><strong>\u00dd Ngh\u0129a Qu\u00e0 T\u1eb7ng<\/strong><\/span><\/h3>\n<p><span style=\"font-family: helvetica, arial, sans-serif;\">H\u1ed9p qu\u00e0 Glenfiddich mang h\u00ecnh \u1ea3nh ngh\u1ec7 thu\u1eadt \u0111\u1eadm ch\u1ea5t \u00c1 \u0110\u00f4ng v\u1edbi h\u00ecnh \u1ea3nh m\u00e8o may m\u1eafn v\u00e0 hoa mai, bi\u1ec3u t\u01b0\u1ee3ng cho t\u00e0i l\u1ed9c, th\u1ecbnh v\u01b0\u1ee3ng v\u00e0 may m\u1eafn trong n\u0103m m\u1edbi. \u0110\u00e2y l\u00e0 l\u1ef1a ch\u1ecdn ho\u00e0n h\u1ea3o \u0111\u1ec3 trao g\u1eedi nh\u1eefng l\u1eddi ch\u00fac t\u1ed1t \u0111\u1eb9p trong d\u1ecbp T\u1ebft Nguy\u00ean \u0110\u00e1n.<\/span><\/p>\n<hr \/>\n<p><span style=\"font-family: helvetica, arial, sans-serif;\"><strong>R\u01b0\u1ee3u Ngo\u1ea1i Twine \u2013 Th\u01b0\u01a1ng Hi\u1ec7u T\u1eeb N\u0103m 2021<\/strong><\/span><br \/>\n<span style=\"font-family: helvetica, arial, sans-serif;\">\u0110\u1ecba ch\u1ec9: 144, \u0110\u01b0\u1eddng D1, KDC Ph\u00fa H\u00f2a 1, TP. Th\u1ee7 D\u1ea7u M\u1ed9t, B\u00ecnh D\u01b0\u01a1ng<\/span><br \/>\n<span style=\"font-family: helvetica, arial, sans-serif;\">Hotline: 0989.819.859 \u2013 0898.683.465<\/span><br \/>\n<span style=\"font-family: helvetica, arial, sans-serif;\">Fanpage: fb.com\/ruoungoaitwine | fb.com\/ruouvangtwine<\/span><\/p>\n","protected":false},"excerpt":{"rendered":"<p><span style=\"font-family: helvetica, arial, sans-serif;\">Glenfiddich l\u00e0 m\u1ed9t trong nh\u1eefng th\u01b0\u01a1ng hi\u1ec7u Single Malt Scotch Whisky h\u00e0ng \u0111\u1ea7u th\u1ebf gi\u1edbi, \u0111\u01b0\u1ee3c th\u00e0nh l\u1eadp t\u1eeb n\u0103m 1887 t\u1ea1i v\u00f9ng Speyside, Scotland. V\u1edbi h\u01a1n 130 n\u0103m l\u1ecbch s\u1eed, Glenfiddich lu\u00f4n l\u00e0 bi\u1ec3u t\u01b0\u1ee3ng c\u1ee7a ch\u1ea5t l\u01b0\u1ee3ng v\u00e0 s\u1ef1 \u0111\u1ed5i m\u1edbi trong ngh\u1ec7 thu\u1eadt ch\u01b0ng c\u1ea5t whisky.<\/span><\/p>\n<p><span style=\"font-family: helvetica, arial, sans-serif;\">Phi\u00ean b\u1ea3n Glenfiddich Original n\u00e0y \u0111\u01b0\u1ee3c \u0111\u1eb7t trong h\u1ed9p qu\u00e0 T\u1ebft trang tr\u1ecdng, mang \u0111\u1eadm \u00fd ngh\u0129a v\u0103n h\u00f3a \u00c1 \u0110\u00f4ng, l\u00e0 m\u00f3n qu\u00e0 ho\u00e0n h\u1ea3o \u0111\u1ec3 d\u00e0nh t\u1eb7ng cho ng\u01b0\u1eddi th\u00e2n, b\u1ea1n b\u00e8 v\u00e0 \u0111\u1ed1i t\u00e1c trong d\u1ecbp l\u1ec5 h\u1ed9i.<\/span><\/p>\n","protected":false},"featured_media":24903,"comment_status":"open","ping_status":"closed","template":"","meta":[],"product_cat":[145,155],"product_tag":[],"class_list":{"0":"post-24896","1":"product","2":"type-product","3":"status-publish","4":"has-post-thumbnail","6":"product_cat-ruou-whisky","7":"product_cat-single-malt-scotch-whisky","10":"first","11":"instock","12":"shipping-taxable","13":"product-type-simple"},"_links":{"self":[{"href":"https:\/\/twine.vn\/index.php\/wp-json\/wp\/v2\/product\/24896","targetHints":{"allow":["GET"]}}],"collection":[{"href":"https:\/\/twine.vn\/index.php\/wp-json\/wp\/v2\/product"}],"about":[{"href":"https:\/\/twine.vn\/index.php\/wp-json\/wp\/v2\/types\/product"}],"replies":[{"embeddable":true,"href":"https:\/\/twine.vn\/index.php\/wp-json\/wp\/v2\/comments?post=24896"}],"wp:featuredmedia":[{"embeddable":true,"href":"https:\/\/twine.vn\/index.php\/wp-json\/wp\/v2\/media\/24903"}],"wp:attachment":[{"href":"https:\/\/twine.vn\/index.php\/wp-json\/wp\/v2\/media?parent=24896"}],"wp:term":[{"taxonomy":"product_cat","embeddable":true,"href":"https:\/\/twine.vn\/index.php\/wp-json\/wp\/v2\/product_cat?post=24896"},{"taxonomy":"product_tag","embeddable":true,"href":"https:\/\/twine.vn\/index.php\/wp-json\/wp\/v2\/product_tag?post=24896"}],"curies":[{"name":"wp","href":"https:\/\/api.w.org\/{rel}","templated":true}]}}