{"id":24905,"date":"2024-12-20T15:36:22","date_gmt":"2024-12-20T15:36:22","guid":{"rendered":"https:\/\/twine.vn\/?post_type=product&#038;p=24905"},"modified":"2024-12-20T15:36:22","modified_gmt":"2024-12-20T15:36:22","slug":"mortlach-12-years-old","status":"publish","type":"product","link":"https:\/\/twine.vn\/index.php\/product\/mortlach-12-years-old\/","title":{"rendered":"Mortlach 12 Years Old"},"content":{"rendered":"<h3><span style=\"font-family: helvetica, arial, sans-serif;\"><strong>L\u1ecbch S\u1eed &amp; Ngu\u1ed3n G\u1ed1c<\/strong><\/span><\/h3>\n<p><span style=\"font-family: helvetica, arial, sans-serif;\">Mortlach 12 Years Old l\u00e0 m\u1ed9t trong nh\u1eefng d\u00f2ng Single Malt Scotch Whisky n\u1ed5i b\u1eadt \u0111\u1ebfn t\u1eeb Dufftown, v\u00f9ng \u0111\u1ea5t \u0111\u01b0\u1ee3c m\u1ec7nh danh l\u00e0 &#8220;Th\u1ee7 \u0111\u00f4 c\u1ee7a r\u01b0\u1ee3u whisky th\u1ebf gi\u1edbi&#8221;. \u0110\u01b0\u1ee3c th\u00e0nh l\u1eadp v\u00e0o n\u0103m 1823, Mortlach l\u00e0 nh\u00e0 m\u00e1y ch\u01b0ng c\u1ea5t \u0111\u1ea7u ti\u00ean t\u1ea1i Dufftown, mang trong m\u00ecnh di s\u1ea3n l\u00e2u \u0111\u1eddi v\u00e0 danh ti\u1ebfng to\u00e0n c\u1ea7u nh\u1edd k\u1ef9 thu\u1eadt ch\u01b0ng c\u1ea5t \u0111\u1ed9c \u0111\u00e1o.<\/span><\/p>\n<p><span style=\"font-family: helvetica, arial, sans-serif;\">V\u1edbi quy tr\u00ecnh ch\u01b0ng c\u1ea5t 2.81 l\u1ea7n \u0111\u1eb7c bi\u1ec7t (The Way We Distil), Mortlach t\u1ea1o ra nh\u1eefng d\u00f2ng whisky c\u00f3 h\u01b0\u01a1ng v\u1ecb \u0111\u1eadm \u0111\u00e0, ph\u1ee9c t\u1ea1p m\u00e0 kh\u00f4ng n\u01a1i n\u00e0o s\u00e1nh k\u1ecbp. Mortlach 12, hay c\u00f2n \u0111\u01b0\u1ee3c bi\u1ebft \u0111\u1ebfn v\u1edbi c\u00e1i t\u00ean &#8220;The Wee Witchie&#8221;, l\u00e0 \u0111\u1ea1i di\u1ec7n ti\u00eau bi\u1ec3u cho phong c\u00e1ch m\u1ea1nh m\u1ebd nh\u01b0ng \u0111\u1ea7y tinh t\u1ebf c\u1ee7a th\u01b0\u01a1ng hi\u1ec7u n\u00e0y.<\/span><\/p>\n<hr \/>\n<h3><span style=\"font-family: helvetica, arial, sans-serif;\"><strong>H\u01b0\u01a1ng V\u1ecb \u0110\u1ed9c \u0110\u00e1o<\/strong><\/span><\/h3>\n<ul>\n<li><span style=\"font-family: helvetica, arial, sans-serif;\"><strong>M\u0169i (Nose):<\/strong> H\u01b0\u01a1ng th\u01a1m thanh tho\u00e1t c\u1ee7a tr\u00e1i c\u00e2y ch\u00edn m\u1ecdng, nh\u01b0 t\u00e1o v\u00e0 m\u01a1, k\u1ebft h\u1ee3p v\u1edbi m\u1ed9t ch\u00fat v\u1ecb ng\u1ecdt nh\u1eb9 c\u1ee7a m\u1eadt ong v\u00e0 tho\u1ea3ng h\u01b0\u01a1ng g\u1ed7 s\u1ed3i.<\/span><\/li>\n<li><span style=\"font-family: helvetica, arial, sans-serif;\"><strong>V\u1ecb (Palate):<\/strong> V\u1ecb r\u01b0\u1ee3u c\u00e2n b\u1eb1ng v\u1edbi s\u1ef1 k\u1ebft h\u1ee3p h\u00e0i h\u00f2a gi\u1eefa h\u01b0\u01a1ng vani, v\u1ecb ng\u1ecdt c\u1ee7a caramel v\u00e0 ch\u00fat cay nh\u1eb9 t\u1eeb gia v\u1ecb nh\u01b0 g\u1eebng v\u00e0 nh\u1ee5c \u0111\u1eadu kh\u1ea5u.<\/span><\/li>\n<li><span style=\"font-family: helvetica, arial, sans-serif;\"><strong>D\u01b0 v\u1ecb (Finish):<\/strong> K\u00e9o d\u00e0i, \u1ea5m \u00e1p v\u1edbi h\u01b0\u01a1ng g\u1ed7 s\u1ed3i m\u01b0\u1ee3t m\u00e0 v\u00e0 m\u1ed9t ch\u00fat kh\u00f3i tinh t\u1ebf, \u0111\u1eb7c tr\u01b0ng c\u1ee7a Mortlach.<\/span><\/li>\n<\/ul>\n<hr \/>\n<h3><span style=\"font-family: helvetica, arial, sans-serif;\"><strong>\u0110\u1eb7c \u0110i\u1ec3m S\u1ea3n Ph\u1ea9m<\/strong><\/span><\/h3>\n<ul>\n<li><span style=\"font-family: helvetica, arial, sans-serif;\"><strong>Dung t\u00edch:<\/strong> 700ml<\/span><\/li>\n<li><span style=\"font-family: helvetica, arial, sans-serif;\"><strong>N\u1ed3ng \u0111\u1ed9 c\u1ed3n:<\/strong> 43.4% ABV<\/span><\/li>\n<li><span style=\"font-family: helvetica, arial, sans-serif;\"><strong>Xu\u1ea5t x\u1ee9:<\/strong> Dufftown, Scotland<\/span><\/li>\n<li><span style=\"font-family: helvetica, arial, sans-serif;\"><strong>Lo\u1ea1i:<\/strong> Single Malt Scotch Whisky<\/span><\/li>\n<\/ul>\n<hr \/>\n<h3><span style=\"font-family: helvetica, arial, sans-serif;\"><strong>Th\u01b0\u1edfng Th\u1ee9c &amp; K\u1ebft H\u1ee3p M\u00f3n \u0102n<\/strong><\/span><\/h3>\n<p><span style=\"font-family: helvetica, arial, sans-serif;\">Mortlach 12 l\u00e0 l\u1ef1a ch\u1ecdn l\u00fd t\u01b0\u1edfng \u0111\u1ec3 th\u01b0\u1edfng th\u1ee9c nguy\u00ean ch\u1ea5t (neat) ho\u1eb7c th\u00eam m\u1ed9t ch\u00fat \u0111\u00e1 l\u1ea1nh \u0111\u1ec3 l\u00e0m d\u1ecbu \u0111i h\u01b0\u01a1ng v\u1ecb m\u1ea1nh m\u1ebd. \u0110\u00e2y c\u0169ng l\u00e0 d\u00f2ng whisky ho\u00e0n h\u1ea3o \u0111\u1ec3 k\u1ebft h\u1ee3p v\u1edbi:<\/span><\/p>\n<ul>\n<li><span style=\"font-family: helvetica, arial, sans-serif;\">C\u00e1c m\u00f3n th\u1ecbt \u0111\u1ecf nh\u01b0 th\u1ecbt b\u00f2 n\u01b0\u1edbng, b\u00edt t\u1ebft.<\/span><\/li>\n<li><span style=\"font-family: helvetica, arial, sans-serif;\">Ph\u00f4 mai tr\u01b0\u1edfng th\u00e0nh ho\u1eb7c s\u00f4-c\u00f4-la \u0111en.<\/span><\/li>\n<li><span style=\"font-family: helvetica, arial, sans-serif;\">C\u00e1c m\u00f3n n\u01b0\u1edbng \u0111\u1eadm \u0111\u00e0 gia v\u1ecb.<\/span><\/li>\n<\/ul>\n<hr \/>\n<h3><span style=\"font-family: helvetica, arial, sans-serif;\"><strong>S\u1ef1 L\u1ef1a Ch\u1ecdn \u0110\u1eb3ng C\u1ea5p<\/strong><\/span><\/h3>\n<p><span style=\"font-family: helvetica, arial, sans-serif;\">Mortlach 12 Years Old kh\u00f4ng ch\u1ec9 l\u00e0 bi\u1ec3u t\u01b0\u1ee3ng c\u1ee7a whisky Scotland m\u00e0 c\u00f2n l\u00e0 m\u00f3n qu\u00e0 \u0111\u1ea7y \u00fd ngh\u0129a trong c\u00e1c d\u1ecbp quan tr\u1ecdng. S\u1ef1 k\u1ebft h\u1ee3p gi\u1eefa thi\u1ebft k\u1ebf sang tr\u1ecdng v\u00e0 ch\u1ea5t l\u01b0\u1ee3ng \u0111\u1ec9nh cao c\u1ee7a Mortlach ch\u1eafc ch\u1eafn s\u1ebd l\u00e0m h\u00e0i l\u00f2ng b\u1ea5t k\u1ef3 t\u00edn \u0111\u1ed3 whisky n\u00e0o.<\/span><\/p>\n<hr \/>\n<p><span style=\"font-family: helvetica, arial, sans-serif;\"><strong>R\u01b0\u1ee3u Ngo\u1ea1i Twine \u2013 Th\u01b0\u01a1ng Hi\u1ec7u T\u1eeb N\u0103m 2021<\/strong><\/span><\/p>\n<ul>\n<li><span style=\"font-family: helvetica, arial, sans-serif;\"><strong>\u0110\u1ecba ch\u1ec9:<\/strong> 144, \u0110\u01b0\u1eddng D1, KDC Ph\u00fa H\u00f2a 1, TP. Th\u1ee7 D\u1ea7u M\u1ed9t, B\u00ecnh D\u01b0\u01a1ng<\/span><\/li>\n<li><span style=\"font-family: helvetica, arial, sans-serif;\"><strong>Hotline:<\/strong> 0989.819.859 \u2013 0898.683.465<\/span><\/li>\n<li><span style=\"font-family: helvetica, arial, sans-serif;\"><strong>Fanpage:<\/strong> fb.com\/ruoungoaitwine | fb.com\/ruouvangtwine<\/span><\/li>\n<\/ul>\n<p><span style=\"font-family: helvetica, arial, sans-serif;\">H\u00e3y \u0111\u1ec3 Mortlach 12 c\u00f9ng b\u1ea1n t\u1eadn h\u01b0\u1edfng nh\u1eefng kho\u1ea3nh kh\u1eafc \u0111\u00e1ng nh\u1edb v\u00e0 n\u00e2ng t\u1ea7m phong c\u00e1ch s\u1ed1ng!<\/span><\/p>\n","protected":false},"excerpt":{"rendered":"<p><span style=\"font-family: helvetica, arial, sans-serif;\">Mortlach 12 Years Old l\u00e0 m\u1ed9t trong nh\u1eefng d\u00f2ng Single Malt Scotch Whisky n\u1ed5i b\u1eadt \u0111\u1ebfn t\u1eeb Dufftown, v\u00f9ng \u0111\u1ea5t \u0111\u01b0\u1ee3c m\u1ec7nh danh l\u00e0 &#8220;Th\u1ee7 \u0111\u00f4 c\u1ee7a r\u01b0\u1ee3u whisky th\u1ebf gi\u1edbi&#8221;. \u0110\u01b0\u1ee3c th\u00e0nh l\u1eadp v\u00e0o n\u0103m 1823, Mortlach l\u00e0 nh\u00e0 m\u00e1y ch\u01b0ng c\u1ea5t \u0111\u1ea7u ti\u00ean t\u1ea1i Dufftown, mang trong m\u00ecnh di s\u1ea3n l\u00e2u \u0111\u1eddi v\u00e0 danh ti\u1ebfng to\u00e0n c\u1ea7u nh\u1edd k\u1ef9 thu\u1eadt ch\u01b0ng c\u1ea5t \u0111\u1ed9c \u0111\u00e1o.<\/span><\/p>\n<p><span style=\"font-family: helvetica, arial, sans-serif;\">V\u1edbi quy tr\u00ecnh ch\u01b0ng c\u1ea5t 2.81 l\u1ea7n \u0111\u1eb7c bi\u1ec7t (The Way We Distil), Mortlach t\u1ea1o ra nh\u1eefng d\u00f2ng whisky c\u00f3 h\u01b0\u01a1ng v\u1ecb \u0111\u1eadm \u0111\u00e0, ph\u1ee9c t\u1ea1p m\u00e0 kh\u00f4ng n\u01a1i n\u00e0o s\u00e1nh k\u1ecbp. Mortlach 12, hay c\u00f2n \u0111\u01b0\u1ee3c bi\u1ebft \u0111\u1ebfn v\u1edbi c\u00e1i t\u00ean &#8220;The Wee Witchie&#8221;, l\u00e0 \u0111\u1ea1i di\u1ec7n ti\u00eau bi\u1ec3u cho phong c\u00e1ch m\u1ea1nh m\u1ebd nh\u01b0ng \u0111\u1ea7y tinh t\u1ebf c\u1ee7a th\u01b0\u01a1ng hi\u1ec7u n\u00e0y.<\/span><\/p>\n","protected":false},"featured_media":24911,"comment_status":"open","ping_status":"closed","template":"","meta":[],"product_cat":[145,155],"product_tag":[],"class_list":{"0":"post-24905","1":"product","2":"type-product","3":"status-publish","4":"has-post-thumbnail","6":"product_cat-ruou-whisky","7":"product_cat-single-malt-scotch-whisky","10":"first","11":"instock","12":"shipping-taxable","13":"product-type-simple"},"_links":{"self":[{"href":"https:\/\/twine.vn\/index.php\/wp-json\/wp\/v2\/product\/24905","targetHints":{"allow":["GET"]}}],"collection":[{"href":"https:\/\/twine.vn\/index.php\/wp-json\/wp\/v2\/product"}],"about":[{"href":"https:\/\/twine.vn\/index.php\/wp-json\/wp\/v2\/types\/product"}],"replies":[{"embeddable":true,"href":"https:\/\/twine.vn\/index.php\/wp-json\/wp\/v2\/comments?post=24905"}],"wp:featuredmedia":[{"embeddable":true,"href":"https:\/\/twine.vn\/index.php\/wp-json\/wp\/v2\/media\/24911"}],"wp:attachment":[{"href":"https:\/\/twine.vn\/index.php\/wp-json\/wp\/v2\/media?parent=24905"}],"wp:term":[{"taxonomy":"product_cat","embeddable":true,"href":"https:\/\/twine.vn\/index.php\/wp-json\/wp\/v2\/product_cat?post=24905"},{"taxonomy":"product_tag","embeddable":true,"href":"https:\/\/twine.vn\/index.php\/wp-json\/wp\/v2\/product_tag?post=24905"}],"curies":[{"name":"wp","href":"https:\/\/api.w.org\/{rel}","templated":true}]}}