{"id":24942,"date":"2024-12-23T15:38:41","date_gmt":"2024-12-23T15:38:41","guid":{"rendered":"https:\/\/twine.vn\/?post_type=product&#038;p=24942"},"modified":"2024-12-23T15:38:41","modified_gmt":"2024-12-23T15:38:41","slug":"kahlua-coffee-liqueur","status":"publish","type":"product","link":"https:\/\/twine.vn\/index.php\/product\/kahlua-coffee-liqueur\/","title":{"rendered":"Kahl\u00faa Coffee Liqueur"},"content":{"rendered":"<p><span style=\"font-family: helvetica, arial, sans-serif;\"><strong>L\u1ecbch S\u1eed &amp; Ngu\u1ed3n G\u1ed1c<\/strong><\/span><br \/>\n<span style=\"font-family: helvetica, arial, sans-serif;\">Kahl\u00faa Coffee Liqueur l\u00e0 bi\u1ec3u t\u01b0\u1ee3ng c\u1ee7a d\u00f2ng r\u01b0\u1ee3u m\u00f9i c\u00e0 ph\u00ea n\u1ed5i ti\u1ebfng to\u00e0n c\u1ea7u. \u0110\u01b0\u1ee3c ra \u0111\u1eddi t\u1ea1i Veracruz, Mexico v\u00e0o n\u0103m 1936, Kahl\u00faa k\u1ebft h\u1ee3p gi\u1eefa c\u00e0 ph\u00ea Arabica ch\u1ea5t l\u01b0\u1ee3ng cao v\u00e0 r\u01b0\u1ee3u rum, mang \u0111\u1ebfn h\u01b0\u01a1ng v\u1ecb \u0111\u1eb7c tr\u01b0ng kh\u00f4ng th\u1ec3 nh\u1ea7m l\u1eabn. V\u1edbi l\u1ecbch s\u1eed l\u00e2u \u0111\u1eddi, Kahl\u00faa lu\u00f4n l\u00e0 l\u1ef1a ch\u1ecdn h\u00e0ng \u0111\u1ea7u cho nh\u1eefng ng\u01b0\u1eddi y\u00eau th\u00edch c\u00e1c lo\u1ea1i cocktail s\u00e1ng t\u1ea1o.<\/span><\/p>\n<p><span style=\"font-family: helvetica, arial, sans-serif;\"><strong>H\u01b0\u01a1ng V\u1ecb \u0110\u1ed9c \u0110\u00e1o<\/strong><\/span><\/p>\n<ul>\n<li><span style=\"font-family: helvetica, arial, sans-serif;\"><strong>M\u0169i (Nose):<\/strong> H\u01b0\u01a1ng th\u01a1m quy\u1ebfn r\u0169 c\u1ee7a c\u00e0 ph\u00ea rang v\u00e0 caramel.<\/span><\/li>\n<li><span style=\"font-family: helvetica, arial, sans-serif;\"><strong>V\u1ecb (Palate):<\/strong> V\u1ecb ng\u1ecdt \u0111\u1eadm \u0111\u00e0 v\u1edbi s\u1ef1 h\u00f2a quy\u1ec7n ho\u00e0n h\u1ea3o gi\u1eefa c\u00e0 ph\u00ea, vani v\u00e0 chocolate.<\/span><\/li>\n<li><span style=\"font-family: helvetica, arial, sans-serif;\"><strong>D\u01b0 v\u1ecb (Finish):<\/strong> K\u00e9o d\u00e0i, m\u01b0\u1ee3t m\u00e0 v\u1edbi h\u1eadu v\u1ecb c\u00e0 ph\u00ea d\u1ec5 ch\u1ecbu.<\/span><\/li>\n<\/ul>\n<p><span style=\"font-family: helvetica, arial, sans-serif;\"><strong>\u0110\u1eb7c \u0110i\u1ec3m S\u1ea3n Ph\u1ea9m<\/strong><\/span><\/p>\n<ul>\n<li><span style=\"font-family: helvetica, arial, sans-serif;\"><strong>Dung t\u00edch:<\/strong> 750ml<\/span><\/li>\n<li><span style=\"font-family: helvetica, arial, sans-serif;\"><strong>N\u1ed3ng \u0111\u1ed9 c\u1ed3n:<\/strong> 20% ABV<\/span><\/li>\n<li><span style=\"font-family: helvetica, arial, sans-serif;\"><strong>Xu\u1ea5t x\u1ee9:<\/strong> Mexico<\/span><\/li>\n<\/ul>\n<p><span style=\"font-family: helvetica, arial, sans-serif;\">Kahl\u00faa Coffee Liqueur l\u00e0 l\u1ef1a ch\u1ecdn tuy\u1ec7t v\u1eddi \u0111\u1ec3 pha ch\u1ebf c\u00e1c m\u00f3n cocktail kinh \u0111i\u1ec3n nh\u01b0 Espresso Martini, White Russian, ho\u1eb7c th\u1eadm ch\u00ed th\u01b0\u1edfng th\u1ee9c nguy\u00ean ch\u1ea5t. \u0110\u00e2y l\u00e0 d\u00f2ng r\u01b0\u1ee3u m\u00f9i ph\u00f9 h\u1ee3p cho m\u1ecdi d\u1ecbp, t\u1eeb nh\u1eefng bu\u1ed5i ti\u1ec7c t\u00f9ng cho \u0111\u1ebfn c\u00e1c bu\u1ed5i t\u1ed1i th\u01b0 gi\u00e3n.<\/span><\/p>\n<hr \/>\n<p><span style=\"font-family: helvetica, arial, sans-serif;\"><strong>R\u01b0\u1ee3u Ngo\u1ea1i Twine \u2013 Th\u01b0\u01a1ng Hi\u1ec7u T\u1eeb N\u0103m 2021<\/strong><\/span><\/p>\n<ul>\n<li><span style=\"font-family: helvetica, arial, sans-serif;\"><strong>\u0110\u1ecba ch\u1ec9:<\/strong> 144, \u0110\u01b0\u1eddng D1, KDC Ph\u00fa H\u00f2a 1, TP. Th\u1ee7 D\u1ea7u M\u1ed9t, B\u00ecnh D\u01b0\u01a1ng<\/span><\/li>\n<li><span style=\"font-family: helvetica, arial, sans-serif;\"><strong>Hotline:<\/strong> 0989.819.859 \u2013 0898.683.465<\/span><\/li>\n<li><span style=\"font-family: helvetica, arial, sans-serif;\"><strong>Fanpage:<\/strong> fb.com\/ruoungoaitwine | fb.com\/ruouvangtwine<\/span><\/li>\n<\/ul>\n<p><span style=\"font-family: helvetica, arial, sans-serif;\">Twine \u2013 \u0110\u1ed3ng h\u00e0nh c\u00f9ng b\u1ea1n n\u00e2ng t\u1ea7m phong c\u00e1ch s\u1ed1ng v\u1edbi nh\u1eefng d\u00f2ng r\u01b0\u1ee3u ngo\u1ea1i th\u01b0\u1ee3ng h\u1ea1ng!<\/span><\/p>\n","protected":false},"excerpt":{"rendered":"<p><span style=\"font-family: helvetica, arial, sans-serif;\">Kahl\u00faa Coffee Liqueur l\u00e0 bi\u1ec3u t\u01b0\u1ee3ng c\u1ee7a d\u00f2ng r\u01b0\u1ee3u m\u00f9i c\u00e0 ph\u00ea n\u1ed5i ti\u1ebfng to\u00e0n c\u1ea7u. \u0110\u01b0\u1ee3c ra \u0111\u1eddi t\u1ea1i Veracruz, Mexico v\u00e0o n\u0103m 1936, Kahl\u00faa k\u1ebft h\u1ee3p gi\u1eefa c\u00e0 ph\u00ea Arabica ch\u1ea5t l\u01b0\u1ee3ng cao v\u00e0 r\u01b0\u1ee3u rum, mang \u0111\u1ebfn h\u01b0\u01a1ng v\u1ecb \u0111\u1eb7c tr\u01b0ng kh\u00f4ng th\u1ec3 nh\u1ea7m l\u1eabn. V\u1edbi l\u1ecbch s\u1eed l\u00e2u \u0111\u1eddi, Kahl\u00faa lu\u00f4n l\u00e0 l\u1ef1a ch\u1ecdn h\u00e0ng \u0111\u1ea7u cho nh\u1eefng ng\u01b0\u1eddi y\u00eau th\u00edch c\u00e1c lo\u1ea1i cocktail s\u00e1ng t\u1ea1o.<\/span><\/p>\n","protected":false},"featured_media":24945,"comment_status":"open","ping_status":"closed","template":"","meta":[],"product_cat":[158],"product_tag":[],"class_list":{"0":"post-24942","1":"product","2":"type-product","3":"status-publish","4":"has-post-thumbnail","6":"product_cat-ruou-mui-liqueur","9":"first","10":"instock","11":"shipping-taxable","12":"product-type-simple"},"_links":{"self":[{"href":"https:\/\/twine.vn\/index.php\/wp-json\/wp\/v2\/product\/24942","targetHints":{"allow":["GET"]}}],"collection":[{"href":"https:\/\/twine.vn\/index.php\/wp-json\/wp\/v2\/product"}],"about":[{"href":"https:\/\/twine.vn\/index.php\/wp-json\/wp\/v2\/types\/product"}],"replies":[{"embeddable":true,"href":"https:\/\/twine.vn\/index.php\/wp-json\/wp\/v2\/comments?post=24942"}],"wp:featuredmedia":[{"embeddable":true,"href":"https:\/\/twine.vn\/index.php\/wp-json\/wp\/v2\/media\/24945"}],"wp:attachment":[{"href":"https:\/\/twine.vn\/index.php\/wp-json\/wp\/v2\/media?parent=24942"}],"wp:term":[{"taxonomy":"product_cat","embeddable":true,"href":"https:\/\/twine.vn\/index.php\/wp-json\/wp\/v2\/product_cat?post=24942"},{"taxonomy":"product_tag","embeddable":true,"href":"https:\/\/twine.vn\/index.php\/wp-json\/wp\/v2\/product_tag?post=24942"}],"curies":[{"name":"wp","href":"https:\/\/api.w.org\/{rel}","templated":true}]}}