{"id":24955,"date":"2024-12-26T05:02:29","date_gmt":"2024-12-26T05:02:29","guid":{"rendered":"https:\/\/twine.vn\/?post_type=product&#038;p=24955"},"modified":"2024-12-26T05:02:30","modified_gmt":"2024-12-26T05:02:30","slug":"sir-passo-rosso-toscano","status":"publish","type":"product","link":"https:\/\/twine.vn\/index.php\/product\/sir-passo-rosso-toscano\/","title":{"rendered":"Sir Passo Rosso Toscano"},"content":{"rendered":"<h4><span style=\"font-family: helvetica, arial, sans-serif;\"><strong>L\u1ecbch S\u1eed &amp; Ngu\u1ed3n G\u1ed1c<\/strong><\/span><\/h4>\n<p><span style=\"font-family: helvetica, arial, sans-serif;\">Sir Passo Rosso Toscano l\u00e0 m\u1ed9t trong nh\u1eefng d\u00f2ng r\u01b0\u1ee3u vang \u0111\u1ecf \u0111\u1eb7c tr\u01b0ng c\u1ee7a v\u00f9ng Tuscany, \u00dd \u2013 n\u01a1i n\u1ed5i ti\u1ebfng v\u1edbi ngh\u1ec7 thu\u1eadt l\u00e0m vang truy\u1ec1n th\u1ed1ng l\u00e2u \u0111\u1eddi. \u0110\u01b0\u1ee3c s\u1ea3n xu\u1ea5t b\u1edfi nh\u00e0 l\u00e0m vang Duca di Saragnano, Sir Passo mang \u0111\u1eadm tinh th\u1ea7n v\u00e0 s\u1ef1 thanh l\u1ecbch c\u1ee7a v\u0103n h\u00f3a \u00dd. V\u1edbi ch\u1ea5t l\u01b0\u1ee3ng cao v\u00e0 s\u1ef1 ch\u0103m ch\u00fat t\u1ec9 m\u1ec9, d\u00f2ng r\u01b0\u1ee3u n\u00e0y \u0111\u00e3 tr\u1edf th\u00e0nh l\u1ef1a ch\u1ecdn y\u00eau th\u00edch c\u1ee7a nh\u1eefng t\u00edn \u0111\u1ed3 r\u01b0\u1ee3u vang tr\u00ean to\u00e0n th\u1ebf gi\u1edbi.<\/span><\/p>\n<h4><span style=\"font-family: helvetica, arial, sans-serif;\"><strong>\u0110\u1eb7c \u0110i\u1ec3m H\u01b0\u01a1ng V\u1ecb<\/strong><\/span><\/h4>\n<ul>\n<li><span style=\"font-family: helvetica, arial, sans-serif;\"><strong>M\u0169i (Nose):<\/strong> H\u01b0\u01a1ng th\u01a1m quy\u1ebfn r\u0169 c\u1ee7a tr\u00e1i c\u00e2y ch\u00edn m\u1ecdng nh\u01b0 anh \u0111\u00e0o, m\u00e2m x\u00f4i, h\u00f2a quy\u1ec7n c\u00f9ng ch\u00fat g\u1ee3i \u00fd c\u1ee7a vani v\u00e0 gia v\u1ecb nh\u1eb9.<\/span><\/li>\n<li><span style=\"font-family: helvetica, arial, sans-serif;\"><strong>V\u1ecb (Palate):<\/strong> K\u1ebft c\u1ea5u m\u1ec1m m\u1ea1i, h\u00e0i h\u00f2a v\u1edbi v\u1ecb ng\u1ecdt t\u1ef1 nhi\u00ean t\u1eeb nho v\u00e0 ch\u00fat v\u1ecb ch\u00e1t nh\u1eb9 nh\u00e0ng \u0111\u1eb7c tr\u01b0ng c\u1ee7a r\u01b0\u1ee3u vang \u0111\u1ecf.<\/span><\/li>\n<li><span style=\"font-family: helvetica, arial, sans-serif;\"><strong>D\u01b0 v\u1ecb (Finish):<\/strong> K\u00e9o d\u00e0i, s\u00e2u l\u1eafng v\u00e0 \u0111\u1ea7y tinh t\u1ebf, \u0111\u1ec3 l\u1ea1i c\u1ea3m gi\u00e1c d\u1ec5 ch\u1ecbu sau m\u1ed7i ng\u1ee5m.<\/span><\/li>\n<\/ul>\n<h4><span style=\"font-family: helvetica, arial, sans-serif;\"><strong>Th\u00f4ng Tin S\u1ea3n Ph\u1ea9m<\/strong><\/span><\/h4>\n<ul>\n<li><span style=\"font-family: helvetica, arial, sans-serif;\">Lo\u1ea1i r\u01b0\u1ee3u: Vang \u0111\u1ecf<\/span><\/li>\n<li><span style=\"font-family: helvetica, arial, sans-serif;\">Dung t\u00edch: 750ml<\/span><\/li>\n<li><span style=\"font-family: helvetica, arial, sans-serif;\">N\u1ed3ng \u0111\u1ed9 c\u1ed3n: 13% ABV<\/span><\/li>\n<li><span style=\"font-family: helvetica, arial, sans-serif;\">Xu\u1ea5t x\u1ee9: Tuscany, \u00dd<\/span><\/li>\n<\/ul>\n<h4><span style=\"font-family: helvetica, arial, sans-serif;\"><strong>Ho\u00e0n H\u1ea3o Cho M\u1ecdi D\u1ecbp<\/strong><\/span><\/h4>\n<p><span style=\"font-family: helvetica, arial, sans-serif;\">Sir Passo Rosso Toscano l\u00e0 l\u1ef1a ch\u1ecdn l\u00fd t\u01b0\u1edfng \u0111\u1ec3 th\u01b0\u1edfng th\u1ee9c c\u00f9ng c\u00e1c m\u00f3n th\u1ecbt \u0111\u1ecf n\u01b0\u1edbng, pasta s\u1ed1t \u0111\u1eadm v\u1ecb, ho\u1eb7c ph\u00f4 mai. \u0110\u1eb7c bi\u1ec7t, chai r\u01b0\u1ee3u n\u00e0y c\u0169ng l\u00e0 m\u00f3n qu\u00e0 sang tr\u1ecdng d\u00e0nh t\u1eb7ng ng\u01b0\u1eddi th\u00e2n, b\u1ea1n b\u00e8 trong c\u00e1c d\u1ecbp \u0111\u1eb7c bi\u1ec7t.<\/span><\/p>\n<hr \/>\n<p><span style=\"font-family: helvetica, arial, sans-serif;\"><strong>R\u01b0\u1ee3u Ngo\u1ea1i Twine \u2013 N\u01a1i Uy T\u00edn Cho Nh\u1eefng L\u1ef1a Ch\u1ecdn \u0110\u1eb3ng C\u1ea5p<\/strong><\/span><br \/>\n<span style=\"font-family: helvetica, arial, sans-serif;\">\u0110\u1ecba ch\u1ec9: 144, \u0110\u01b0\u1eddng D1, KDC Ph\u00fa H\u00f2a 1, TP. Th\u1ee7 D\u1ea7u M\u1ed9t, B\u00ecnh D\u01b0\u01a1ng<\/span><br \/>\n<span style=\"font-family: helvetica, arial, sans-serif;\">Hotline: 0989.819.859 \u2013 0898.683.465<\/span><br \/>\n<span style=\"font-family: helvetica, arial, sans-serif;\">Fanpage: fb.com\/ruoungoaitwine | fb.com\/ruouvangtwine<\/span><\/p>\n<p><span style=\"font-family: helvetica, arial, sans-serif;\"><em>Twine \u2013 \u0110\u1ed3ng h\u00e0nh c\u00f9ng b\u1ea1n n\u00e2ng t\u1ea7m phong c\u00e1ch s\u1ed1ng v\u1edbi nh\u1eefng d\u00f2ng r\u01b0\u1ee3u ngo\u1ea1i th\u01b0\u1ee3ng h\u1ea1ng!<\/em><\/span><\/p>\n","protected":false},"excerpt":{"rendered":"<p><span style=\"font-family: helvetica, arial, sans-serif;\">Sir Passo Rosso Toscano l\u00e0 m\u1ed9t trong nh\u1eefng d\u00f2ng r\u01b0\u1ee3u vang \u0111\u1ecf \u0111\u1eb7c tr\u01b0ng c\u1ee7a v\u00f9ng Tuscany, \u00dd \u2013 n\u01a1i n\u1ed5i ti\u1ebfng v\u1edbi ngh\u1ec7 thu\u1eadt l\u00e0m vang truy\u1ec1n th\u1ed1ng l\u00e2u \u0111\u1eddi. \u0110\u01b0\u1ee3c s\u1ea3n xu\u1ea5t b\u1edfi nh\u00e0 l\u00e0m vang Duca di Saragnano, Sir Passo mang \u0111\u1eadm tinh th\u1ea7n v\u00e0 s\u1ef1 thanh l\u1ecbch c\u1ee7a v\u0103n h\u00f3a \u00dd. V\u1edbi ch\u1ea5t l\u01b0\u1ee3ng cao v\u00e0 s\u1ef1 ch\u0103m ch\u00fat t\u1ec9 m\u1ec9, d\u00f2ng r\u01b0\u1ee3u n\u00e0y \u0111\u00e3 tr\u1edf th\u00e0nh l\u1ef1a ch\u1ecdn y\u00eau th\u00edch c\u1ee7a nh\u1eefng t\u00edn \u0111\u1ed3 r\u01b0\u1ee3u vang tr\u00ean to\u00e0n th\u1ebf gi\u1edbi.<\/span><\/p>\n","protected":false},"featured_media":24959,"comment_status":"open","ping_status":"closed","template":"","meta":[],"product_cat":[15,150,103],"product_tag":[],"class_list":{"0":"post-24955","1":"product","2":"type-product","3":"status-publish","4":"has-post-thumbnail","6":"product_cat-ruou-vang","7":"product_cat-ruou-vang-y","8":"product_cat-red-wines","11":"first","12":"instock","13":"shipping-taxable","14":"product-type-simple"},"_links":{"self":[{"href":"https:\/\/twine.vn\/index.php\/wp-json\/wp\/v2\/product\/24955","targetHints":{"allow":["GET"]}}],"collection":[{"href":"https:\/\/twine.vn\/index.php\/wp-json\/wp\/v2\/product"}],"about":[{"href":"https:\/\/twine.vn\/index.php\/wp-json\/wp\/v2\/types\/product"}],"replies":[{"embeddable":true,"href":"https:\/\/twine.vn\/index.php\/wp-json\/wp\/v2\/comments?post=24955"}],"wp:featuredmedia":[{"embeddable":true,"href":"https:\/\/twine.vn\/index.php\/wp-json\/wp\/v2\/media\/24959"}],"wp:attachment":[{"href":"https:\/\/twine.vn\/index.php\/wp-json\/wp\/v2\/media?parent=24955"}],"wp:term":[{"taxonomy":"product_cat","embeddable":true,"href":"https:\/\/twine.vn\/index.php\/wp-json\/wp\/v2\/product_cat?post=24955"},{"taxonomy":"product_tag","embeddable":true,"href":"https:\/\/twine.vn\/index.php\/wp-json\/wp\/v2\/product_tag?post=24955"}],"curies":[{"name":"wp","href":"https:\/\/api.w.org\/{rel}","templated":true}]}}