{"id":24964,"date":"2024-12-26T05:34:12","date_gmt":"2024-12-26T05:34:12","guid":{"rendered":"https:\/\/twine.vn\/?post_type=product&#038;p=24964"},"modified":"2024-12-26T05:34:12","modified_gmt":"2024-12-26T05:34:12","slug":"magnus","status":"publish","type":"product","link":"https:\/\/twine.vn\/index.php\/product\/magnus\/","title":{"rendered":"Magnus"},"content":{"rendered":"<p><span style=\"font-family: helvetica, arial, sans-serif;\"><strong>L\u1ecbch S\u1eed &amp; Ngu\u1ed3n G\u1ed1c<\/strong><\/span><br \/>\n<span style=\"font-family: helvetica, arial, sans-serif;\">Magnus l\u00e0 d\u00f2ng r\u01b0\u1ee3u vang \u0111\u1ecf cao c\u1ea5p \u0111\u1ebfn t\u1eeb \u00dd, qu\u1ed1c gia n\u1ed5i ti\u1ebfng v\u1edbi di s\u1ea3n l\u00e2u \u0111\u1eddi trong ngh\u1ec7 thu\u1eadt l\u00e0m r\u01b0\u1ee3u vang. \u0110\u01b0\u1ee3c s\u1ea3n xu\u1ea5t t\u1eeb c\u00e1c v\u01b0\u1eddn nho h\u00e0ng \u0111\u1ea7u t\u1ea1i v\u00f9ng \u0111\u1ea5t tr\u1ee9 danh, Magnus k\u1ebft h\u1ee3p gi\u1eefa k\u1ef9 thu\u1eadt hi\u1ec7n \u0111\u1ea1i v\u00e0 ph\u01b0\u01a1ng ph\u00e1p truy\u1ec1n th\u1ed1ng, mang \u0111\u1ebfn ch\u1ea5t l\u01b0\u1ee3ng v\u01b0\u1ee3t tr\u1ed9i v\u00e0 h\u01b0\u01a1ng v\u1ecb \u0111\u1ed9c \u0111\u00e1o.<\/span><\/p>\n<hr \/>\n<p><span style=\"font-family: helvetica, arial, sans-serif;\"><strong>\u0110\u1eb7c \u0110i\u1ec3m H\u01b0\u01a1ng V\u1ecb<\/strong><\/span><br \/>\n<span style=\"font-family: helvetica, arial, sans-serif;\"><strong>M\u0169i (Nose):<\/strong> H\u01b0\u01a1ng th\u01a1m \u0111\u1eb7c tr\u01b0ng c\u1ee7a tr\u00e1i c\u00e2y ch\u00edn \u0111\u1ecf nh\u01b0 anh \u0111\u00e0o v\u00e0 m\u1eadn, k\u1ebft h\u1ee3p v\u1edbi ch\u00fat g\u1ee3i \u00fd c\u1ee7a gia v\u1ecb v\u00e0 h\u01b0\u01a1ng g\u1ed7 s\u1ed3i nh\u1eb9 nh\u00e0ng.<\/span><br \/>\n<span style=\"font-family: helvetica, arial, sans-serif;\"><strong>V\u1ecb (Palate):<\/strong> H\u01b0\u01a1ng v\u1ecb \u0111\u1eadm \u0111\u00e0, c\u1ea5u tr\u00fac c\u00e2n \u0111\u1ed1i v\u1edbi tannin m\u01b0\u1ee3t m\u00e0, mang \u0111\u1ebfn c\u1ea3m gi\u00e1c tr\u00f2n \u0111\u1ea7y trong t\u1eebng ng\u1ee5m r\u01b0\u1ee3u.<\/span><br \/>\n<span style=\"font-family: helvetica, arial, sans-serif;\"><strong>D\u01b0 v\u1ecb (Finish):<\/strong> D\u01b0 v\u1ecb k\u00e9o d\u00e0i, \u1ea5m \u00e1p v\u00e0 tinh t\u1ebf, t\u1ea1o d\u1ea5u \u1ea5n kh\u00f3 qu\u00ean sau m\u1ed7i l\u1ea7n th\u01b0\u1edfng th\u1ee9c.<\/span><\/p>\n<hr \/>\n<p><span style=\"font-family: helvetica, arial, sans-serif;\"><strong>Th\u00f4ng Tin S\u1ea3n Ph\u1ea9m<\/strong><\/span><\/p>\n<ul>\n<li><span style=\"font-family: helvetica, arial, sans-serif;\"><strong>Lo\u1ea1i r\u01b0\u1ee3u:<\/strong> Vang \u0111\u1ecf<\/span><\/li>\n<li><span style=\"font-family: helvetica, arial, sans-serif;\"><strong>Dung t\u00edch:<\/strong> 750ml<\/span><\/li>\n<li><span style=\"font-family: helvetica, arial, sans-serif;\"><strong>N\u1ed3ng \u0111\u1ed9 c\u1ed3n:<\/strong> 17% ABV<\/span><\/li>\n<li><span style=\"font-family: helvetica, arial, sans-serif;\"><strong>Xu\u1ea5t x\u1ee9:<\/strong> \u00dd<\/span><\/li>\n<li><span style=\"font-family: helvetica, arial, sans-serif;\"><strong>Ni\u00ean v\u1ee5:<\/strong> 2021<\/span><\/li>\n<\/ul>\n<hr \/>\n<p><span style=\"font-family: helvetica, arial, sans-serif;\"><strong>Ho\u00e0n H\u1ea3o Cho M\u1ecdi D\u1ecbp<\/strong><\/span><br \/>\n<span style=\"font-family: helvetica, arial, sans-serif;\">Magnus l\u00e0 l\u1ef1a ch\u1ecdn l\u00fd t\u01b0\u1edfng khi k\u1ebft h\u1ee3p c\u00f9ng:<\/span><\/p>\n<ul>\n<li><span style=\"font-family: helvetica, arial, sans-serif;\">C\u00e1c m\u00f3n th\u1ecbt \u0111\u1ecf nh\u01b0 b\u00f2 b\u00edt t\u1ebft, c\u1eebu n\u01b0\u1edbng ho\u1eb7c s\u01b0\u1eddn n\u01b0\u1edbng.<\/span><\/li>\n<li><span style=\"font-family: helvetica, arial, sans-serif;\">Ph\u00f4 mai tr\u01b0\u1edfng th\u00e0nh ho\u1eb7c c\u00e1c m\u00f3n \u0103n ch\u1ebf bi\u1ebfn v\u1edbi s\u1ed1t \u0111\u1eadm v\u1ecb.<\/span><\/li>\n<\/ul>\n<p><span style=\"font-family: helvetica, arial, sans-serif;\">Ngo\u00e0i ra, \u0111\u00e2y c\u0169ng l\u00e0 m\u00f3n qu\u00e0 sang tr\u1ecdng d\u00e0nh t\u1eb7ng ng\u01b0\u1eddi th\u00e2n, b\u1ea1n b\u00e8 ho\u1eb7c \u0111\u1ed1i t\u00e1c trong nh\u1eefng d\u1ecbp \u0111\u1eb7c bi\u1ec7t.<\/span><\/p>\n<hr \/>\n<p><span style=\"font-family: helvetica, arial, sans-serif;\"><strong>R\u01b0\u1ee3u Ngo\u1ea1i Twine \u2013 Uy T\u00edn Trong T\u1eebng S\u1ea3n Ph\u1ea9m<\/strong><\/span><br \/>\n<span style=\"font-family: helvetica, arial, sans-serif;\"><strong>\u0110\u1ecba ch\u1ec9:<\/strong> 144, \u0110\u01b0\u1eddng D1, KDC Ph\u00fa H\u00f2a 1, TP. Th\u1ee7 D\u1ea7u M\u1ed9t, B\u00ecnh D\u01b0\u01a1ng<\/span><br \/>\n<span style=\"font-family: helvetica, arial, sans-serif;\"><strong>Hotline:<\/strong> 0989.819.859 \u2013 0898.683.465<\/span><br \/>\n<span style=\"font-family: helvetica, arial, sans-serif;\"><strong>Fanpage:<\/strong> fb.com\/ruoungoaitwine | fb.com\/ruouvangtwine<\/span><\/p>\n<p><span style=\"font-family: helvetica, arial, sans-serif;\">Twine \u2013 \u0110\u1ed3ng h\u00e0nh c\u00f9ng b\u1ea1n n\u00e2ng t\u1ea7m tr\u1ea3i nghi\u1ec7m v\u1edbi nh\u1eefng d\u00f2ng r\u01b0\u1ee3u vang th\u01b0\u1ee3ng h\u1ea1ng!<\/span><\/p>\n","protected":false},"excerpt":{"rendered":"<p><span style=\"font-family: helvetica, arial, sans-serif;\">Magnus l\u00e0 d\u00f2ng r\u01b0\u1ee3u vang \u0111\u1ecf cao c\u1ea5p \u0111\u1ebfn t\u1eeb \u00dd, qu\u1ed1c gia n\u1ed5i ti\u1ebfng v\u1edbi di s\u1ea3n l\u00e2u \u0111\u1eddi trong ngh\u1ec7 thu\u1eadt l\u00e0m r\u01b0\u1ee3u vang. \u0110\u01b0\u1ee3c s\u1ea3n xu\u1ea5t t\u1eeb c\u00e1c v\u01b0\u1eddn nho h\u00e0ng \u0111\u1ea7u t\u1ea1i v\u00f9ng \u0111\u1ea5t tr\u1ee9 danh, Magnus k\u1ebft h\u1ee3p gi\u1eefa k\u1ef9 thu\u1eadt hi\u1ec7n \u0111\u1ea1i v\u00e0 ph\u01b0\u01a1ng ph\u00e1p truy\u1ec1n th\u1ed1ng, mang \u0111\u1ebfn ch\u1ea5t l\u01b0\u1ee3ng v\u01b0\u1ee3t tr\u1ed9i v\u00e0 h\u01b0\u01a1ng v\u1ecb \u0111\u1ed9c \u0111\u00e1o.<\/span><\/p>\n","protected":false},"featured_media":24967,"comment_status":"open","ping_status":"closed","template":"","meta":[],"product_cat":[150,103],"product_tag":[],"class_list":{"0":"post-24964","1":"product","2":"type-product","3":"status-publish","4":"has-post-thumbnail","6":"product_cat-ruou-vang-y","7":"product_cat-red-wines","10":"first","11":"instock","12":"shipping-taxable","13":"product-type-simple"},"_links":{"self":[{"href":"https:\/\/twine.vn\/index.php\/wp-json\/wp\/v2\/product\/24964","targetHints":{"allow":["GET"]}}],"collection":[{"href":"https:\/\/twine.vn\/index.php\/wp-json\/wp\/v2\/product"}],"about":[{"href":"https:\/\/twine.vn\/index.php\/wp-json\/wp\/v2\/types\/product"}],"replies":[{"embeddable":true,"href":"https:\/\/twine.vn\/index.php\/wp-json\/wp\/v2\/comments?post=24964"}],"wp:featuredmedia":[{"embeddable":true,"href":"https:\/\/twine.vn\/index.php\/wp-json\/wp\/v2\/media\/24967"}],"wp:attachment":[{"href":"https:\/\/twine.vn\/index.php\/wp-json\/wp\/v2\/media?parent=24964"}],"wp:term":[{"taxonomy":"product_cat","embeddable":true,"href":"https:\/\/twine.vn\/index.php\/wp-json\/wp\/v2\/product_cat?post=24964"},{"taxonomy":"product_tag","embeddable":true,"href":"https:\/\/twine.vn\/index.php\/wp-json\/wp\/v2\/product_tag?post=24964"}],"curies":[{"name":"wp","href":"https:\/\/api.w.org\/{rel}","templated":true}]}}