{"id":24971,"date":"2024-12-28T19:14:09","date_gmt":"2024-12-28T19:14:09","guid":{"rendered":"https:\/\/twine.vn\/?post_type=product&#038;p=24971"},"modified":"2024-12-28T19:17:41","modified_gmt":"2024-12-28T19:17:41","slug":"johnnie-walker-black-label","status":"publish","type":"product","link":"https:\/\/twine.vn\/index.php\/product\/johnnie-walker-black-label\/","title":{"rendered":"Johnnie Walker Black Label"},"content":{"rendered":"<p><span style=\"font-family: helvetica, arial, sans-serif;\"><strong>L\u1ecbch S\u1eed &amp; Ngu\u1ed3n G\u1ed1c<\/strong><\/span><br \/>\n<span style=\"font-family: helvetica, arial, sans-serif;\">Johnnie Walker Black Label l\u00e0 d\u00f2ng r\u01b0\u1ee3u whisky pha tr\u1ed9n \u0111\u1eb3ng c\u1ea5p th\u1ebf gi\u1edbi, ra \u0111\u1eddi t\u1eeb n\u0103m 1909. V\u1edbi h\u01a1n 100 n\u0103m l\u1ecbch s\u1eed, th\u01b0\u01a1ng hi\u1ec7u n\u00e0y \u0111\u1ea1i di\u1ec7n cho s\u1ef1 tinh t\u1ebf v\u00e0 chu\u1ea9n m\u1ef1c trong ngh\u1ec7 thu\u1eadt ch\u1ebf t\u00e1c whisky. Black Label \u0111\u01b0\u1ee3c t\u1ea1o n\u00ean t\u1eeb s\u1ef1 pha tr\u1ed9n c\u1ee7a h\u01a1n 40 lo\u1ea1i whisky m\u1ea1ch nha v\u00e0 ng\u0169 c\u1ed1c, mang \u0111\u1ebfn s\u1ef1 c\u00e2n b\u1eb1ng ho\u00e0n h\u1ea3o gi\u1eefa h\u01b0\u01a1ng v\u1ecb v\u00e0 ch\u1ea5t l\u01b0\u1ee3ng. \u0110\u00e2y l\u00e0 bi\u1ec3u t\u01b0\u1ee3ng c\u1ee7a s\u1ef1 \u0111\u1ed5i m\u1edbi v\u00e0 h\u00e0nh tr\u00ecnh kh\u00f4ng ng\u1eebng ti\u1ebfn v\u1ec1 ph\u00eda tr\u01b0\u1edbc v\u1edbi slogan &#8220;Keep Walking&#8221;.<\/span><\/p>\n<p><span style=\"font-family: helvetica, arial, sans-serif;\"><strong>H\u01b0\u01a1ng V\u1ecb \u0110\u1ed9c \u0110\u00e1o<\/strong><\/span><\/p>\n<ul>\n<li><span style=\"font-family: helvetica, arial, sans-serif;\"><strong>M\u0169i (Nose):<\/strong> H\u01b0\u01a1ng th\u01a1m \u0111\u1eadm \u0111\u00e0 c\u1ee7a g\u1ed7 s\u1ed3i, m\u1eadt ong, v\u00e0 tr\u00e1i c\u00e2y kh\u00f4, k\u1ebft h\u1ee3p c\u00f9ng ch\u00fat kh\u00f3i nh\u1eb9 nh\u00e0ng \u0111\u1eb7c tr\u01b0ng.<\/span><\/li>\n<li><span style=\"font-family: helvetica, arial, sans-serif;\"><strong>V\u1ecb (Palate):<\/strong> V\u1ecb ng\u1ecdt c\u1ee7a vani, caramen h\u00f2a quy\u1ec7n v\u1edbi ch\u00fat cay n\u1ed3ng c\u1ee7a g\u1eebng v\u00e0 gia v\u1ecb.<\/span><\/li>\n<li><span style=\"font-family: helvetica, arial, sans-serif;\"><strong>D\u01b0 v\u1ecb (Finish):<\/strong> K\u00e9o d\u00e0i, \u1ea5m \u00e1p v\u1edbi h\u1eadu v\u1ecb kh\u00f3i nh\u1eb9 v\u00e0 c\u1ea3m gi\u00e1c \u00eam d\u1ecbu \u0111\u1eb7c tr\u01b0ng c\u1ee7a d\u00f2ng whisky h\u1ea3o h\u1ea1ng.<\/span><\/li>\n<\/ul>\n<p><span style=\"font-family: helvetica, arial, sans-serif;\"><strong>\u0110\u1eb7c \u0110i\u1ec3m S\u1ea3n Ph\u1ea9m<\/strong><\/span><\/p>\n<ul>\n<li><span style=\"font-family: helvetica, arial, sans-serif;\"><strong>Dung t\u00edch:<\/strong> 750ml<\/span><\/li>\n<li><span style=\"font-family: helvetica, arial, sans-serif;\"><strong>N\u1ed3ng \u0111\u1ed9 c\u1ed3n:<\/strong> 40% ABV<\/span><\/li>\n<li><span style=\"font-family: helvetica, arial, sans-serif;\"><strong>Xu\u1ea5t x\u1ee9:<\/strong> Scotland<\/span><br \/>\n<span style=\"font-family: helvetica, arial, sans-serif;\">Johnnie Walker Black Label l\u00e0 l\u1ef1a ch\u1ecdn ho\u00e0n h\u1ea3o cho c\u00e1c bu\u1ed5i ti\u1ec7c sang tr\u1ecdng, l\u00e0m qu\u00e0 t\u1eb7ng tinh t\u1ebf, ho\u1eb7c th\u01b0\u1edfng th\u1ee9c trong nh\u1eefng kho\u1ea3nh kh\u1eafc \u0111\u1eb7c bi\u1ec7t. R\u01b0\u1ee3u c\u00f3 th\u1ec3 d\u00f9ng nguy\u00ean ch\u1ea5t (neat), v\u1edbi \u0111\u00e1 (on the rocks), ho\u1eb7c pha ch\u1ebf c\u00f9ng soda \u0111\u1ec3 t\u1ea1o n\u00ean th\u1ee9c u\u1ed1ng \u0111\u1eadm phong c\u00e1ch.<\/span><\/li>\n<\/ul>\n<p><span style=\"font-family: helvetica, arial, sans-serif;\"><strong>R\u01b0\u1ee3u Ngo\u1ea1i Twine \u2013 Th\u01b0\u01a1ng Hi\u1ec7u T\u1eeb N\u0103m 2021<\/strong><\/span><\/p>\n<ul>\n<li><span style=\"font-family: helvetica, arial, sans-serif;\"><strong>\u0110\u1ecba ch\u1ec9:<\/strong> 144, \u0110\u01b0\u1eddng D1, KDC Ph\u00fa H\u00f2a 1, TP. Th\u1ee7 D\u1ea7u M\u1ed9t, B\u00ecnh D\u01b0\u01a1ng<\/span><\/li>\n<li><span style=\"font-family: helvetica, arial, sans-serif;\"><strong>Hotline:<\/strong> 0989.819.859 \u2013 0898.683.465<\/span><\/li>\n<li><span style=\"font-family: helvetica, arial, sans-serif;\"><strong>Fanpage:<\/strong> <a href=\"https:\/\/fb.com\/ruoungoaitwine\" target=\"_new\" rel=\"noopener\">fb.com\/ruoungoaitwine<\/a> | <a href=\"https:\/\/fb.com\/ruouvangtwine\" target=\"_new\" rel=\"noopener\">fb.com\/ruouvangtwine<\/a><\/span><\/li>\n<\/ul>\n<p><span style=\"font-family: helvetica, arial, sans-serif;\"><strong>Twine \u2013 \u0110\u1ed3ng h\u00e0nh c\u00f9ng b\u1ea1n n\u00e2ng t\u1ea7m phong c\u00e1ch s\u1ed1ng v\u1edbi nh\u1eefng d\u00f2ng r\u01b0\u1ee3u ngo\u1ea1i th\u01b0\u1ee3ng h\u1ea1ng!<\/strong><\/span><\/p>\n","protected":false},"excerpt":{"rendered":"<p><span style=\"font-family: helvetica, arial, sans-serif;\">Johnnie Walker Black Label l\u00e0 d\u00f2ng r\u01b0\u1ee3u whisky pha tr\u1ed9n \u0111\u1eb3ng c\u1ea5p th\u1ebf gi\u1edbi, ra \u0111\u1eddi t\u1eeb n\u0103m 1909. V\u1edbi h\u01a1n 100 n\u0103m l\u1ecbch s\u1eed, th\u01b0\u01a1ng hi\u1ec7u n\u00e0y \u0111\u1ea1i di\u1ec7n cho s\u1ef1 tinh t\u1ebf v\u00e0 chu\u1ea9n m\u1ef1c trong ngh\u1ec7 thu\u1eadt ch\u1ebf t\u00e1c whisky. Black Label \u0111\u01b0\u1ee3c t\u1ea1o n\u00ean t\u1eeb s\u1ef1 pha tr\u1ed9n c\u1ee7a h\u01a1n 40 lo\u1ea1i whisky m\u1ea1ch nha v\u00e0 ng\u0169 c\u1ed1c, mang \u0111\u1ebfn s\u1ef1 c\u00e2n b\u1eb1ng ho\u00e0n h\u1ea3o gi\u1eefa h\u01b0\u01a1ng v\u1ecb v\u00e0 ch\u1ea5t l\u01b0\u1ee3ng. \u0110\u00e2y l\u00e0 bi\u1ec3u t\u01b0\u1ee3ng c\u1ee7a s\u1ef1 \u0111\u1ed5i m\u1edbi v\u00e0 h\u00e0nh tr\u00ecnh kh\u00f4ng ng\u1eebng ti\u1ebfn v\u1ec1 ph\u00eda tr\u01b0\u1edbc v\u1edbi slogan &#8220;Keep Walking&#8221;.<\/span><\/p>\n","protected":false},"featured_media":24974,"comment_status":"open","ping_status":"closed","template":"","meta":[],"product_cat":[154,145],"product_tag":[],"class_list":{"0":"post-24971","1":"product","2":"type-product","3":"status-publish","4":"has-post-thumbnail","6":"product_cat-blended-scotch-whisky","7":"product_cat-ruou-whisky","10":"first","11":"instock","12":"shipping-taxable","13":"product-type-simple"},"_links":{"self":[{"href":"https:\/\/twine.vn\/index.php\/wp-json\/wp\/v2\/product\/24971","targetHints":{"allow":["GET"]}}],"collection":[{"href":"https:\/\/twine.vn\/index.php\/wp-json\/wp\/v2\/product"}],"about":[{"href":"https:\/\/twine.vn\/index.php\/wp-json\/wp\/v2\/types\/product"}],"replies":[{"embeddable":true,"href":"https:\/\/twine.vn\/index.php\/wp-json\/wp\/v2\/comments?post=24971"}],"wp:featuredmedia":[{"embeddable":true,"href":"https:\/\/twine.vn\/index.php\/wp-json\/wp\/v2\/media\/24974"}],"wp:attachment":[{"href":"https:\/\/twine.vn\/index.php\/wp-json\/wp\/v2\/media?parent=24971"}],"wp:term":[{"taxonomy":"product_cat","embeddable":true,"href":"https:\/\/twine.vn\/index.php\/wp-json\/wp\/v2\/product_cat?post=24971"},{"taxonomy":"product_tag","embeddable":true,"href":"https:\/\/twine.vn\/index.php\/wp-json\/wp\/v2\/product_tag?post=24971"}],"curies":[{"name":"wp","href":"https:\/\/api.w.org\/{rel}","templated":true}]}}