{"id":24975,"date":"2024-12-28T19:23:29","date_gmt":"2024-12-28T19:23:29","guid":{"rendered":"https:\/\/twine.vn\/?post_type=product&#038;p=24975"},"modified":"2024-12-28T19:23:29","modified_gmt":"2024-12-28T19:23:29","slug":"cointreau-liqueur","status":"publish","type":"product","link":"https:\/\/twine.vn\/index.php\/product\/cointreau-liqueur\/","title":{"rendered":"Cointreau Liqueur"},"content":{"rendered":"<p><span style=\"font-family: helvetica, arial, sans-serif;\"><strong>L\u1ecbch s\u1eed &amp; ngu\u1ed3n g\u1ed1c:<\/strong><\/span><br \/>\n<span style=\"font-family: helvetica, arial, sans-serif;\">Cointreau l\u00e0 m\u1ed9t d\u00f2ng r\u01b0\u1ee3u m\u00f9i n\u1ed5i ti\u1ebfng \u0111\u01b0\u1ee3c ra \u0111\u1eddi t\u1ea1i Angers, Ph\u00e1p, v\u00e0o n\u0103m 1849. V\u1edbi h\u01a1n 170 n\u0103m l\u1ecbch s\u1eed, Cointreau \u0111\u00e3 tr\u1edf th\u00e0nh m\u1ed9t bi\u1ec3u t\u01b0\u1ee3ng c\u1ee7a s\u1ef1 s\u00e1ng t\u1ea1o trong ngh\u1ec7 thu\u1eadt pha ch\u1ebf cocktail. \u0110\u01b0\u1ee3c s\u1ea3n xu\u1ea5t t\u1eeb v\u1ecf cam ng\u1ecdt v\u00e0 cam \u0111\u1eafng, d\u00f2ng r\u01b0\u1ee3u n\u00e0y mang l\u1ea1i h\u01b0\u01a1ng v\u1ecb c\u00e2n b\u1eb1ng \u0111\u1ed9c \u0111\u00e1o v\u00e0 \u0111\u01b0\u1ee3c s\u1eed d\u1ee5ng ph\u1ed5 bi\u1ebfn tr\u00ean to\u00e0n th\u1ebf gi\u1edbi.<\/span><\/p>\n<p><span style=\"font-family: helvetica, arial, sans-serif;\"><strong>H\u01b0\u01a1ng v\u1ecb \u0111\u1ed9c \u0111\u00e1o:<\/strong><\/span><\/p>\n<ul>\n<li><span style=\"font-family: helvetica, arial, sans-serif;\"><strong>M\u0169i (Nose):<\/strong> H\u01b0\u01a1ng th\u01a1m tinh t\u1ebf t\u1eeb v\u1ecf cam ch\u00edn, k\u1ebft h\u1ee3p v\u1edbi ch\u00fat ng\u1ecdt nh\u1eb9 c\u1ee7a caramel v\u00e0 vani.<\/span><\/li>\n<li><span style=\"font-family: helvetica, arial, sans-serif;\"><strong>V\u1ecb (Palate):<\/strong> S\u1ef1 h\u00f2a quy\u1ec7n gi\u1eefa v\u1ecb cam t\u01b0\u01a1i m\u00e1t, ng\u1ecdt ng\u00e0o nh\u01b0ng kh\u00f4ng g\u1eaft, v\u1edbi \u0111\u1ed9 \u0111\u1eadm \u0111\u00e0 t\u1eeb r\u01b0\u1ee3u m\u00f9i \u0111\u1eb7c tr\u01b0ng.<\/span><\/li>\n<li><span style=\"font-family: helvetica, arial, sans-serif;\"><strong>D\u01b0 v\u1ecb (Finish):<\/strong> K\u00e9o d\u00e0i, \u0111\u1ec3 l\u1ea1i c\u1ea3m gi\u00e1c thanh m\u00e1t v\u00e0 d\u1ec5 ch\u1ecbu.<\/span><\/li>\n<\/ul>\n<p><span style=\"font-family: helvetica, arial, sans-serif;\"><strong>\u0110\u1eb7c \u0111i\u1ec3m s\u1ea3n ph\u1ea9m:<\/strong><\/span><\/p>\n<ul>\n<li><span style=\"font-family: helvetica, arial, sans-serif;\"><strong>Dung t\u00edch:<\/strong> 700ml<\/span><\/li>\n<li><span style=\"font-family: helvetica, arial, sans-serif;\"><strong>N\u1ed3ng \u0111\u1ed9 c\u1ed3n:<\/strong> 40% ABV<\/span><\/li>\n<li><span style=\"font-family: helvetica, arial, sans-serif;\"><strong>Xu\u1ea5t x\u1ee9:<\/strong> Ph\u00e1p<\/span><\/li>\n<li><span style=\"font-family: helvetica, arial, sans-serif;\"><strong>Lo\u1ea1i:<\/strong> R\u01b0\u1ee3u m\u00f9i (Liqueur)<\/span><\/li>\n<\/ul>\n<p><span style=\"font-family: helvetica, arial, sans-serif;\"><strong>C\u00e1ch th\u01b0\u1edfng th\u1ee9c:<\/strong><\/span><br \/>\n<span style=\"font-family: helvetica, arial, sans-serif;\">Cointreau l\u00e0 l\u1ef1a ch\u1ecdn ho\u00e0n h\u1ea3o \u0111\u1ec3 pha ch\u1ebf c\u00e1c lo\u1ea1i cocktail c\u1ed5 \u0111i\u1ec3n nh\u01b0 Margarita, Cosmopolitan, hay u\u1ed1ng nguy\u00ean ch\u1ea5t (neat) ho\u1eb7c tr\u00ean \u0111\u00e1 (on the rocks).<\/span><\/p>\n<p><span style=\"font-family: helvetica, arial, sans-serif;\"><strong>R\u01b0\u1ee3u Ngo\u1ea1i Twine \u2013 Th\u01b0\u01a1ng Hi\u1ec7u T\u1eeb N\u0103m 2021<\/strong><\/span><\/p>\n<ul>\n<li><span style=\"font-family: helvetica, arial, sans-serif;\"><strong>\u0110\u1ecba ch\u1ec9:<\/strong> 144, \u0110\u01b0\u1eddng D1, KDC Ph\u00fa H\u00f2a 1, TP. Th\u1ee7 D\u1ea7u M\u1ed9t, B\u00ecnh D\u01b0\u01a1ng<\/span><\/li>\n<li><span style=\"font-family: helvetica, arial, sans-serif;\"><strong>Hotline:<\/strong> 0989.819.859 \u2013 0898.683.465<\/span><\/li>\n<li><span style=\"font-family: helvetica, arial, sans-serif;\"><strong>Fanpage:<\/strong> <a href=\"https:\/\/fb.com\/ruoungoaitwine\" target=\"_new\" rel=\"noopener\">fb.com\/ruoungoaitwine<\/a> | <a href=\"https:\/\/fb.com\/ruouvangtwine\" target=\"_new\" rel=\"noopener\">fb.com\/ruouvangtwine<\/a><\/span><\/li>\n<\/ul>\n<p><span style=\"font-family: helvetica, arial, sans-serif;\"><strong>Twine \u2013 \u0110\u1ed3ng h\u00e0nh c\u00f9ng b\u1ea1n n\u00e2ng t\u1ea7m phong c\u00e1ch s\u1ed1ng v\u1edbi nh\u1eefng d\u00f2ng r\u01b0\u1ee3u ngo\u1ea1i th\u01b0\u1ee3ng h\u1ea1ng!<\/strong><\/span><\/p>\n","protected":false},"excerpt":{"rendered":"<p><span style=\"font-family: helvetica, arial, sans-serif;\">Cointreau l\u00e0 m\u1ed9t d\u00f2ng r\u01b0\u1ee3u m\u00f9i n\u1ed5i ti\u1ebfng \u0111\u01b0\u1ee3c ra \u0111\u1eddi t\u1ea1i Angers, Ph\u00e1p, v\u00e0o n\u0103m 1849. V\u1edbi h\u01a1n 170 n\u0103m l\u1ecbch s\u1eed, Cointreau \u0111\u00e3 tr\u1edf th\u00e0nh m\u1ed9t bi\u1ec3u t\u01b0\u1ee3ng c\u1ee7a s\u1ef1 s\u00e1ng t\u1ea1o trong ngh\u1ec7 thu\u1eadt pha ch\u1ebf cocktail. \u0110\u01b0\u1ee3c s\u1ea3n xu\u1ea5t t\u1eeb v\u1ecf cam ng\u1ecdt v\u00e0 cam \u0111\u1eafng, d\u00f2ng r\u01b0\u1ee3u n\u00e0y mang l\u1ea1i h\u01b0\u01a1ng v\u1ecb c\u00e2n b\u1eb1ng \u0111\u1ed9c \u0111\u00e1o v\u00e0 \u0111\u01b0\u1ee3c s\u1eed d\u1ee5ng ph\u1ed5 bi\u1ebfn tr\u00ean to\u00e0n th\u1ebf gi\u1edbi.<\/span><\/p>\n","protected":false},"featured_media":24979,"comment_status":"open","ping_status":"closed","template":"","meta":[],"product_cat":[158],"product_tag":[],"class_list":{"0":"post-24975","1":"product","2":"type-product","3":"status-publish","4":"has-post-thumbnail","6":"product_cat-ruou-mui-liqueur","9":"first","10":"instock","11":"shipping-taxable","12":"product-type-simple"},"_links":{"self":[{"href":"https:\/\/twine.vn\/index.php\/wp-json\/wp\/v2\/product\/24975","targetHints":{"allow":["GET"]}}],"collection":[{"href":"https:\/\/twine.vn\/index.php\/wp-json\/wp\/v2\/product"}],"about":[{"href":"https:\/\/twine.vn\/index.php\/wp-json\/wp\/v2\/types\/product"}],"replies":[{"embeddable":true,"href":"https:\/\/twine.vn\/index.php\/wp-json\/wp\/v2\/comments?post=24975"}],"wp:featuredmedia":[{"embeddable":true,"href":"https:\/\/twine.vn\/index.php\/wp-json\/wp\/v2\/media\/24979"}],"wp:attachment":[{"href":"https:\/\/twine.vn\/index.php\/wp-json\/wp\/v2\/media?parent=24975"}],"wp:term":[{"taxonomy":"product_cat","embeddable":true,"href":"https:\/\/twine.vn\/index.php\/wp-json\/wp\/v2\/product_cat?post=24975"},{"taxonomy":"product_tag","embeddable":true,"href":"https:\/\/twine.vn\/index.php\/wp-json\/wp\/v2\/product_tag?post=24975"}],"curies":[{"name":"wp","href":"https:\/\/api.w.org\/{rel}","templated":true}]}}