{"id":25006,"date":"2024-12-28T19:46:11","date_gmt":"2024-12-28T19:46:11","guid":{"rendered":"https:\/\/twine.vn\/?post_type=product&#038;p=25006"},"modified":"2024-12-28T19:46:11","modified_gmt":"2024-12-28T19:46:11","slug":"ciroc-pineapple-flavoured-vodka","status":"publish","type":"product","link":"https:\/\/twine.vn\/index.php\/product\/ciroc-pineapple-flavoured-vodka\/","title":{"rendered":"C\u00eeroc Pineapple Flavoured Vodka"},"content":{"rendered":"<p><span style=\"font-family: helvetica, arial, sans-serif;\"><strong>L\u1ecbch S\u1eed &amp; Ngu\u1ed3n G\u1ed1c<\/strong><\/span><br \/>\n<span style=\"font-family: helvetica, arial, sans-serif;\">C\u00eeroc Pineapple Flavoured Vodka l\u00e0 s\u1ea3n ph\u1ea9m \u0111\u1eb7c tr\u01b0ng thu\u1ed9c d\u00f2ng vodka cao c\u1ea5p c\u1ee7a th\u01b0\u01a1ng hi\u1ec7u C\u00eeroc, \u0111\u01b0\u1ee3c s\u1ea3n xu\u1ea5t t\u1eeb nho Ph\u00e1p h\u1ea3o h\u1ea1ng thay v\u00ec ng\u0169 c\u1ed1c truy\u1ec1n th\u1ed1ng. Ra \u0111\u1eddi t\u1ea1i Ph\u00e1p, C\u00eeroc nhanh ch\u00f3ng t\u1ea1o d\u1ef1ng danh ti\u1ebfng to\u00e0n c\u1ea7u nh\u1edd quy tr\u00ecnh ch\u01b0ng c\u1ea5t n\u0103m l\u1ea7n t\u1ec9 m\u1ec9, mang \u0111\u1ebfn ch\u1ea5t l\u01b0\u1ee3ng v\u01b0\u1ee3t tr\u1ed9i v\u00e0 tr\u1ea3i nghi\u1ec7m th\u01b0\u1edfng th\u1ee9c tinh t\u1ebf.<\/span><\/p>\n<hr \/>\n<p><span style=\"font-family: helvetica, arial, sans-serif;\"><strong>H\u01b0\u01a1ng V\u1ecb \u0110\u1ed9c \u0110\u00e1o<\/strong><\/span><\/p>\n<ul>\n<li><span style=\"font-family: helvetica, arial, sans-serif;\"><strong>M\u0169i (Nose):<\/strong> H\u01b0\u01a1ng th\u01a1m quy\u1ebfn r\u0169 c\u1ee7a d\u1ee9a ch\u00edn v\u00e0ng k\u1ebft h\u1ee3p v\u1edbi c\u00e1c n\u1ed1t h\u01b0\u01a1ng nh\u1eb9 nh\u00e0ng t\u1eeb tr\u00e1i c\u00e2y nhi\u1ec7t \u0111\u1edbi.<\/span><\/li>\n<li><span style=\"font-family: helvetica, arial, sans-serif;\"><strong>V\u1ecb (Palate):<\/strong> C\u1ea3m gi\u00e1c m\u01b0\u1ee3t m\u00e0, \u0111\u1eadm \u0111\u00e0 v\u1edbi v\u1ecb ng\u1ecdt t\u1ef1 nhi\u00ean c\u1ee7a d\u1ee9a h\u00f2a quy\u1ec7n c\u00f9ng \u0111\u1ed9 tinh khi\u1ebft c\u1ee7a vodka.<\/span><\/li>\n<li><span style=\"font-family: helvetica, arial, sans-serif;\"><strong>D\u01b0 v\u1ecb (Finish):<\/strong> D\u01b0 v\u1ecb k\u00e9o d\u00e0i, thanh khi\u1ebft v\u00e0 ng\u1ecdt ng\u00e0o, \u0111\u1ec3 l\u1ea1i \u1ea5n t\u01b0\u1ee3ng s\u00e2u s\u1eafc.<\/span><\/li>\n<\/ul>\n<hr \/>\n<p><span style=\"font-family: helvetica, arial, sans-serif;\"><strong>\u0110\u1eb7c \u0110i\u1ec3m S\u1ea3n Ph\u1ea9m<\/strong><\/span><\/p>\n<ul>\n<li><span style=\"font-family: helvetica, arial, sans-serif;\"><strong>Dung t\u00edch:<\/strong> 750ml<\/span><\/li>\n<li><span style=\"font-family: helvetica, arial, sans-serif;\"><strong>N\u1ed3ng \u0111\u1ed9 c\u1ed3n:<\/strong> 37.5% ABV<\/span><\/li>\n<li><span style=\"font-family: helvetica, arial, sans-serif;\"><strong>Xu\u1ea5t x\u1ee9:<\/strong> Ph\u00e1p<\/span><\/li>\n<li><span style=\"font-family: helvetica, arial, sans-serif;\"><strong>Lo\u1ea1i:<\/strong> Vodka h\u01b0\u01a1ng v\u1ecb<\/span><\/li>\n<\/ul>\n<hr \/>\n<p><span style=\"font-family: helvetica, arial, sans-serif;\"><strong>H\u01b0\u1edbng D\u1eabn Th\u01b0\u1edfng Th\u1ee9c<\/strong><\/span><br \/>\n<span style=\"font-family: helvetica, arial, sans-serif;\">C\u00eeroc Pineapple Flavoured Vodka l\u00e0 l\u1ef1a ch\u1ecdn l\u00fd t\u01b0\u1edfng cho m\u1ecdi d\u1ecbp. B\u1ea1n c\u00f3 th\u1ec3:<\/span><\/p>\n<ul>\n<li><span style=\"font-family: helvetica, arial, sans-serif;\">Th\u01b0\u1edfng th\u1ee9c nguy\u00ean ch\u1ea5t ho\u1eb7c th\u00eam \u0111\u00e1 \u0111\u1ec3 c\u1ea3m nh\u1eadn tr\u1ecdn v\u1eb9n h\u01b0\u01a1ng v\u1ecb.<\/span><\/li>\n<li><span style=\"font-family: helvetica, arial, sans-serif;\">D\u00f9ng \u0111\u1ec3 pha ch\u1ebf c\u00e1c lo\u1ea1i cocktail n\u1ed5i b\u1eadt nh\u01b0 Pineapple Martini, Tropical Punch, ho\u1eb7c Pineapple Mojito.<\/span><\/li>\n<\/ul>\n<hr \/>\n<p><span style=\"font-family: helvetica, arial, sans-serif;\"><strong>R\u01b0\u1ee3u Ngo\u1ea1i Twine \u2013 Th\u01b0\u01a1ng Hi\u1ec7u T\u1eeb N\u0103m 2021<\/strong><\/span><\/p>\n<ul>\n<li><span style=\"font-family: helvetica, arial, sans-serif;\"><strong>\u0110\u1ecba ch\u1ec9:<\/strong> 144, \u0110\u01b0\u1eddng D1, KDC Ph\u00fa H\u00f2a 1, TP. Th\u1ee7 D\u1ea7u M\u1ed9t, B\u00ecnh D\u01b0\u01a1ng<\/span><\/li>\n<li><span style=\"font-family: helvetica, arial, sans-serif;\"><strong>Hotline:<\/strong> 0989.819.859 \u2013 0898.683.465<\/span><\/li>\n<li><span style=\"font-family: helvetica, arial, sans-serif;\"><strong>Fanpage:<\/strong> <a href=\"https:\/\/fb.com\/ruoungoaitwine\" target=\"_new\" rel=\"noopener\">fb.com\/ruoungoaitwine<\/a> | <a href=\"https:\/\/fb.com\/ruouvangtwine\" target=\"_new\" rel=\"noopener\">fb.com\/ruouvangtwine<\/a><\/span><\/li>\n<\/ul>\n<p><span style=\"font-family: helvetica, arial, sans-serif;\">Twine \u2013 \u0110\u1ed3ng h\u00e0nh c\u00f9ng b\u1ea1n n\u00e2ng t\u1ea7m phong c\u00e1ch s\u1ed1ng v\u1edbi nh\u1eefng d\u00f2ng r\u01b0\u1ee3u ngo\u1ea1i th\u01b0\u1ee3ng h\u1ea1ng!<\/span><\/p>\n","protected":false},"excerpt":{"rendered":"<p><span style=\"font-family: helvetica, arial, sans-serif;\">C\u00eeroc Pineapple Flavoured Vodka l\u00e0 s\u1ea3n ph\u1ea9m \u0111\u1eb7c tr\u01b0ng thu\u1ed9c d\u00f2ng vodka cao c\u1ea5p c\u1ee7a th\u01b0\u01a1ng hi\u1ec7u C\u00eeroc, \u0111\u01b0\u1ee3c s\u1ea3n xu\u1ea5t t\u1eeb nho Ph\u00e1p h\u1ea3o h\u1ea1ng thay v\u00ec ng\u0169 c\u1ed1c truy\u1ec1n th\u1ed1ng. Ra \u0111\u1eddi t\u1ea1i Ph\u00e1p, C\u00eeroc nhanh ch\u00f3ng t\u1ea1o d\u1ef1ng danh ti\u1ebfng to\u00e0n c\u1ea7u nh\u1edd quy tr\u00ecnh ch\u01b0ng c\u1ea5t n\u0103m l\u1ea7n t\u1ec9 m\u1ec9, mang \u0111\u1ebfn ch\u1ea5t l\u01b0\u1ee3ng v\u01b0\u1ee3t tr\u1ed9i v\u00e0 tr\u1ea3i nghi\u1ec7m th\u01b0\u1edfng th\u1ee9c tinh t\u1ebf.<\/span><\/p>\n","protected":false},"featured_media":25009,"comment_status":"open","ping_status":"closed","template":"","meta":[],"product_cat":[159],"product_tag":[],"class_list":{"0":"post-25006","1":"product","2":"type-product","3":"status-publish","4":"has-post-thumbnail","6":"product_cat-vodka","9":"first","10":"instock","11":"shipping-taxable","12":"product-type-simple"},"_links":{"self":[{"href":"https:\/\/twine.vn\/index.php\/wp-json\/wp\/v2\/product\/25006","targetHints":{"allow":["GET"]}}],"collection":[{"href":"https:\/\/twine.vn\/index.php\/wp-json\/wp\/v2\/product"}],"about":[{"href":"https:\/\/twine.vn\/index.php\/wp-json\/wp\/v2\/types\/product"}],"replies":[{"embeddable":true,"href":"https:\/\/twine.vn\/index.php\/wp-json\/wp\/v2\/comments?post=25006"}],"wp:featuredmedia":[{"embeddable":true,"href":"https:\/\/twine.vn\/index.php\/wp-json\/wp\/v2\/media\/25009"}],"wp:attachment":[{"href":"https:\/\/twine.vn\/index.php\/wp-json\/wp\/v2\/media?parent=25006"}],"wp:term":[{"taxonomy":"product_cat","embeddable":true,"href":"https:\/\/twine.vn\/index.php\/wp-json\/wp\/v2\/product_cat?post=25006"},{"taxonomy":"product_tag","embeddable":true,"href":"https:\/\/twine.vn\/index.php\/wp-json\/wp\/v2\/product_tag?post=25006"}],"curies":[{"name":"wp","href":"https:\/\/api.w.org\/{rel}","templated":true}]}}