{"id":25014,"date":"2025-01-01T16:05:24","date_gmt":"2025-01-01T16:05:24","guid":{"rendered":"https:\/\/twine.vn\/?post_type=product&#038;p=25014"},"modified":"2025-01-01T16:05:25","modified_gmt":"2025-01-01T16:05:25","slug":"seven-7-primitivo-di-manduria","status":"publish","type":"product","link":"https:\/\/twine.vn\/index.php\/product\/seven-7-primitivo-di-manduria\/","title":{"rendered":"Seven 7 Primitivo di Manduria"},"content":{"rendered":"<p><span style=\"font-family: helvetica, arial, sans-serif;\"><strong>L\u1ecbch S\u1eed &amp; Ngu\u1ed3n G\u1ed1c<\/strong><\/span><br \/>\n<span style=\"font-family: helvetica, arial, sans-serif;\"><strong>Seven 7 Primitivo di Manduria<\/strong> l\u00e0 m\u1ed9t trong nh\u1eefng d\u00f2ng r\u01b0\u1ee3u vang \u0111\u1eb7c s\u1eafc t\u1eeb v\u00f9ng Manduria, mi\u1ec1n Nam n\u01b0\u1edbc \u00dd. \u0110\u01b0\u1ee3c l\u00e0m t\u1eeb gi\u1ed1ng nho Primitivo n\u1ed5i ti\u1ebfng, d\u00f2ng r\u01b0\u1ee3u n\u00e0y t\u01b0\u1ee3ng tr\u01b0ng cho s\u1ef1 ho\u00e0n h\u1ea3o v\u00e0 tinh t\u1ebf, g\u1eafn li\u1ec1n v\u1edbi truy\u1ec1n th\u1ed1ng l\u00e2u \u0111\u1eddi trong ngh\u1ec7 thu\u1eadt l\u00e0m r\u01b0\u1ee3u vang \u00dd. V\u1edbi thi\u1ebft k\u1ebf nh\u00e3n \u201cSeven 7\u201d, r\u01b0\u1ee3u mang \u0111\u1ebfn m\u1ed9t th\u00f4ng \u0111i\u1ec7p v\u1ec1 s\u1ef1 ho\u00e0n m\u1ef9 trong t\u1eebng chi ti\u1ebft v\u00e0 h\u01b0\u01a1ng v\u1ecb, l\u00e0 l\u1ef1a ch\u1ecdn l\u00fd t\u01b0\u1edfng cho c\u00e1c d\u1ecbp \u0111\u1eb7c bi\u1ec7t.<\/span><\/p>\n<p><span style=\"font-family: helvetica, arial, sans-serif;\"><strong>H\u01b0\u01a1ng V\u1ecb \u0110\u1ed9c \u0110\u00e1o<\/strong><\/span><\/p>\n<ul>\n<li><span style=\"font-family: helvetica, arial, sans-serif;\"><strong>M\u0169i (Nose):<\/strong> H\u01b0\u01a1ng th\u01a1m \u0111\u1eadm \u0111\u00e0 c\u1ee7a tr\u00e1i c\u00e2y ch\u00edn m\u1ecdng nh\u01b0 anh \u0111\u00e0o \u0111en, m\u1eadn, h\u00f2a quy\u1ec7n v\u1edbi m\u00f9i cay nh\u1eb9 c\u1ee7a ti\u00eau \u0111en v\u00e0 h\u01b0\u01a1ng g\u1ed7 s\u1ed3i.<\/span><\/li>\n<li><span style=\"font-family: helvetica, arial, sans-serif;\"><strong>V\u1ecb (Palate):<\/strong> V\u1ecb r\u01b0\u1ee3u c\u00e2n b\u1eb1ng, k\u1ebft h\u1ee3p gi\u1eefa \u0111\u1ed9 ng\u1ecdt t\u1ef1 nhi\u00ean c\u1ee7a tr\u00e1i c\u00e2y, v\u1ecb ch\u00e1t m\u1ec1m m\u1ea1i v\u00e0 ch\u00fat s\u00f4 c\u00f4 la \u0111en, vani, c\u00f9ng g\u1ee3i \u00fd nh\u1eb9 nh\u00e0ng c\u1ee7a cam th\u1ea3o.<\/span><\/li>\n<li><span style=\"font-family: helvetica, arial, sans-serif;\"><strong>D\u01b0 v\u1ecb (Finish):<\/strong> D\u00e0i l\u00e2u, \u1ea5m \u00e1p v\u00e0 tr\u00f2n tr\u1ecba, \u0111\u1ec3 l\u1ea1i c\u1ea3m gi\u00e1c m\u01b0\u1ee3t m\u00e0 kh\u00f3 qu\u00ean.<\/span><\/li>\n<\/ul>\n<p><span style=\"font-family: helvetica, arial, sans-serif;\"><strong>\u0110\u1eb7c \u0110i\u1ec3m S\u1ea3n Ph\u1ea9m<\/strong><\/span><\/p>\n<ul>\n<li><span style=\"font-family: helvetica, arial, sans-serif;\"><strong>Dung t\u00edch:<\/strong> 750ml<\/span><\/li>\n<li><span style=\"font-family: helvetica, arial, sans-serif;\"><strong>N\u1ed3ng \u0111\u1ed9 c\u1ed3n:<\/strong> 14.5% ABV<\/span><\/li>\n<li><span style=\"font-family: helvetica, arial, sans-serif;\"><strong>Xu\u1ea5t x\u1ee9:<\/strong> Manduria, \u00dd<\/span><\/li>\n<\/ul>\n<p><span style=\"font-family: helvetica, arial, sans-serif;\"><strong>Seven 7 Primitivo di Manduria<\/strong> l\u00e0 s\u1ef1 l\u1ef1a ch\u1ecdn ho\u00e0n h\u1ea3o \u0111\u1ec3 th\u01b0\u1edfng th\u1ee9c c\u00f9ng c\u00e1c m\u00f3n \u0103n nh\u01b0 th\u1ecbt \u0111\u1ecf n\u01b0\u1edbng, ph\u00f4 mai tr\u01b0\u1edfng th\u00e0nh, hay pasta truy\u1ec1n th\u1ed1ng. B\u1ea1n c\u00f3 th\u1ec3 th\u01b0\u1edfng th\u1ee9c r\u01b0\u1ee3u nguy\u00ean ch\u1ea5t ho\u1eb7c c\u00f9ng \u0111\u00e1 \u0111\u1ec3 c\u1ea3m nh\u1eadn tr\u1ecdn v\u1eb9n h\u01b0\u01a1ng v\u1ecb tinh t\u1ebf.<\/span><\/p>\n<p><span style=\"font-family: helvetica, arial, sans-serif;\"><strong>R\u01b0\u1ee3u Ngo\u1ea1i Twine \u2013 Th\u01b0\u01a1ng Hi\u1ec7u T\u1eeb N\u0103m 2021<\/strong><\/span><\/p>\n<ul>\n<li><span style=\"font-family: helvetica, arial, sans-serif;\"><strong>\u0110\u1ecba ch\u1ec9:<\/strong> 144, \u0110\u01b0\u1eddng D1, KDC Ph\u00fa H\u00f2a 1, TP. Th\u1ee7 D\u1ea7u M\u1ed9t, B\u00ecnh D\u01b0\u01a1ng<\/span><\/li>\n<li><span style=\"font-family: helvetica, arial, sans-serif;\"><strong>Hotline:<\/strong> 0989.819.859 \u2013 0898.683.465<\/span><\/li>\n<li><span style=\"font-family: helvetica, arial, sans-serif;\"><strong>Fanpage:<\/strong> <a href=\"https:\/\/fb.com\/ruoungoaitwine\" target=\"_new\" rel=\"noopener\">fb.com\/ruoungoaitwine<\/a> | <a href=\"https:\/\/fb.com\/ruouvangtwine\" target=\"_new\" rel=\"noopener\">fb.com\/ruouvangtwine<\/a><\/span><\/li>\n<\/ul>\n<p><span style=\"font-family: helvetica, arial, sans-serif;\"><strong>Twine<\/strong> \u2013 \u0110\u1ed3ng h\u00e0nh c\u00f9ng b\u1ea1n n\u00e2ng t\u1ea7m phong c\u00e1ch s\u1ed1ng v\u1edbi nh\u1eefng d\u00f2ng r\u01b0\u1ee3u ngo\u1ea1i th\u01b0\u1ee3ng h\u1ea1ng!<\/span><\/p>\n","protected":false},"excerpt":{"rendered":"<p><span style=\"font-family: helvetica, arial, sans-serif;\"><strong>Seven 7 Primitivo di Manduria<\/strong> l\u00e0 m\u1ed9t trong nh\u1eefng d\u00f2ng r\u01b0\u1ee3u vang \u0111\u1eb7c s\u1eafc t\u1eeb v\u00f9ng Manduria, mi\u1ec1n Nam n\u01b0\u1edbc \u00dd. \u0110\u01b0\u1ee3c l\u00e0m t\u1eeb gi\u1ed1ng nho Primitivo n\u1ed5i ti\u1ebfng, d\u00f2ng r\u01b0\u1ee3u n\u00e0y t\u01b0\u1ee3ng tr\u01b0ng cho s\u1ef1 ho\u00e0n h\u1ea3o v\u00e0 tinh t\u1ebf, g\u1eafn li\u1ec1n v\u1edbi truy\u1ec1n th\u1ed1ng l\u00e2u \u0111\u1eddi trong ngh\u1ec7 thu\u1eadt l\u00e0m r\u01b0\u1ee3u vang \u00dd. V\u1edbi thi\u1ebft k\u1ebf nh\u00e3n \u201cSeven 7\u201d, r\u01b0\u1ee3u mang \u0111\u1ebfn m\u1ed9t th\u00f4ng \u0111i\u1ec7p v\u1ec1 s\u1ef1 ho\u00e0n m\u1ef9 trong t\u1eebng chi ti\u1ebft v\u00e0 h\u01b0\u01a1ng v\u1ecb, l\u00e0 l\u1ef1a ch\u1ecdn l\u00fd t\u01b0\u1edfng cho c\u00e1c d\u1ecbp \u0111\u1eb7c bi\u1ec7t.<\/span><\/p>\n","protected":false},"featured_media":25017,"comment_status":"open","ping_status":"closed","template":"","meta":[],"product_cat":[15,150,103],"product_tag":[],"class_list":{"0":"post-25014","1":"product","2":"type-product","3":"status-publish","4":"has-post-thumbnail","6":"product_cat-ruou-vang","7":"product_cat-ruou-vang-y","8":"product_cat-red-wines","11":"first","12":"instock","13":"shipping-taxable","14":"product-type-simple"},"_links":{"self":[{"href":"https:\/\/twine.vn\/index.php\/wp-json\/wp\/v2\/product\/25014","targetHints":{"allow":["GET"]}}],"collection":[{"href":"https:\/\/twine.vn\/index.php\/wp-json\/wp\/v2\/product"}],"about":[{"href":"https:\/\/twine.vn\/index.php\/wp-json\/wp\/v2\/types\/product"}],"replies":[{"embeddable":true,"href":"https:\/\/twine.vn\/index.php\/wp-json\/wp\/v2\/comments?post=25014"}],"wp:featuredmedia":[{"embeddable":true,"href":"https:\/\/twine.vn\/index.php\/wp-json\/wp\/v2\/media\/25017"}],"wp:attachment":[{"href":"https:\/\/twine.vn\/index.php\/wp-json\/wp\/v2\/media?parent=25014"}],"wp:term":[{"taxonomy":"product_cat","embeddable":true,"href":"https:\/\/twine.vn\/index.php\/wp-json\/wp\/v2\/product_cat?post=25014"},{"taxonomy":"product_tag","embeddable":true,"href":"https:\/\/twine.vn\/index.php\/wp-json\/wp\/v2\/product_tag?post=25014"}],"curies":[{"name":"wp","href":"https:\/\/api.w.org\/{rel}","templated":true}]}}