{"id":25033,"date":"2025-01-03T07:05:07","date_gmt":"2025-01-03T07:05:07","guid":{"rendered":"https:\/\/twine.vn\/?post_type=product&#038;p=25033"},"modified":"2025-01-03T07:05:07","modified_gmt":"2025-01-03T07:05:07","slug":"meridionale-tre-tenute-cuvee-primitivo","status":"publish","type":"product","link":"https:\/\/twine.vn\/index.php\/product\/meridionale-tre-tenute-cuvee-primitivo\/","title":{"rendered":"Meridionale Tre Tenute Cuvee Primitivo"},"content":{"rendered":"<p><span style=\"font-family: helvetica, arial, sans-serif;\">Meridionale Tre Tenute Cuvee Primitivo l\u00e0 m\u1ed9t trong nh\u1eefng d\u00f2ng r\u01b0\u1ee3u vang h\u1eefu c\u01a1 n\u1ed5i b\u1eadt \u0111\u1ebfn t\u1eeb v\u00f9ng Puglia, mi\u1ec1n Nam n\u01b0\u1edbc \u00dd. \u0110\u01b0\u1ee3c s\u1ea3n xu\u1ea5t b\u1edfi nh\u00e0 l\u00e0m vang danh ti\u1ebfng Pajara, chai vang n\u00e0y l\u00e0 s\u1ef1 k\u1ebft h\u1ee3p gi\u1eefa ph\u01b0\u01a1ng ph\u00e1p l\u00e0m r\u01b0\u1ee3u truy\u1ec1n th\u1ed1ng v\u00e0 xu h\u01b0\u1edbng s\u1ea3n xu\u1ea5t b\u1ec1n v\u1eefng. V\u1edbi ngu\u1ed3n nho Primitivo \u0111\u1eb7c tr\u01b0ng c\u1ee7a v\u00f9ng \u0110\u1ecba Trung H\u1ea3i, s\u1ea3n ph\u1ea9m n\u00e0y kh\u00f4ng ch\u1ec9 ph\u1ea3n \u00e1nh h\u01b0\u01a1ng v\u1ecb t\u1ef1 nhi\u00ean m\u00e0 c\u00f2n th\u1ec3 hi\u1ec7n cam k\u1ebft b\u1ea3o v\u1ec7 m\u00f4i tr\u01b0\u1eddng.<\/span><\/p>\n<p><span style=\"font-family: helvetica, arial, sans-serif;\"><strong>H\u01b0\u01a1ng V\u1ecb \u0110\u1ed9c \u0110\u00e1o<\/strong><\/span><\/p>\n<ul>\n<li><span style=\"font-family: helvetica, arial, sans-serif;\"><strong>M\u0169i (Nose):<\/strong> H\u01b0\u01a1ng th\u01a1m s\u1ed1ng \u0111\u1ed9ng c\u1ee7a tr\u00e1i c\u00e2y \u0111\u1ecf ch\u00edn m\u1ecdng nh\u01b0 m\u00e2m x\u00f4i, anh \u0111\u00e0o, k\u00e8m theo ch\u00fat thoang tho\u1ea3ng c\u1ee7a ti\u00eau \u0111en v\u00e0 vani.<\/span><\/li>\n<li><span style=\"font-family: helvetica, arial, sans-serif;\"><strong>V\u1ecb (Palate):<\/strong> V\u1ecb r\u01b0\u1ee3u \u0111\u1eadm \u0111\u00e0, h\u00f2a quy\u1ec7n gi\u1eefa tannin m\u01b0\u1ee3t m\u00e0 v\u00e0 v\u1ecb ng\u1ecdt nh\u1eb9 nh\u00e0ng t\u1eeb nho Primitivo, mang \u0111\u1ebfn c\u1ea3m gi\u00e1c m\u1ec1m m\u1ea1i v\u00e0 c\u00e2n b\u1eb1ng.<\/span><\/li>\n<li><span style=\"font-family: helvetica, arial, sans-serif;\"><strong>D\u01b0 v\u1ecb (Finish):<\/strong> K\u00e9o d\u00e0i v\u00e0 s\u00e2u l\u1eafng, v\u1edbi h\u1eadu v\u1ecb g\u1ed7 s\u1ed3i v\u00e0 chocolate \u0111en tinh t\u1ebf.<\/span><\/li>\n<\/ul>\n<p><span style=\"font-family: helvetica, arial, sans-serif;\"><strong>\u0110\u1eb7c \u0110i\u1ec3m S\u1ea3n Ph\u1ea9m<\/strong><\/span><\/p>\n<ul>\n<li><span style=\"font-family: helvetica, arial, sans-serif;\"><strong>Dung t\u00edch:<\/strong> 750ml<\/span><\/li>\n<li><span style=\"font-family: helvetica, arial, sans-serif;\"><strong>N\u1ed3ng \u0111\u1ed9 c\u1ed3n:<\/strong> 15% ABV<\/span><\/li>\n<li><span style=\"font-family: helvetica, arial, sans-serif;\"><strong>Xu\u1ea5t x\u1ee9:<\/strong> Puglia, \u00dd<\/span><\/li>\n<li><span style=\"font-family: helvetica, arial, sans-serif;\"><strong>Ch\u1ee9ng nh\u1eadn:<\/strong> R\u01b0\u1ee3u vang h\u1eefu c\u01a1 (Organic Wine)<\/span><\/li>\n<\/ul>\n<p><span style=\"font-family: helvetica, arial, sans-serif;\"><strong>Th\u01b0\u1edfng Th\u1ee9c Ho\u00e0n H\u1ea3o<\/strong><\/span><br \/>\n<span style=\"font-family: helvetica, arial, sans-serif;\">Meridionale Tre Tenute Cuvee Primitivo l\u00e0 s\u1ef1 l\u1ef1a ch\u1ecdn tuy\u1ec7t v\u1eddi khi k\u1ebft h\u1ee3p v\u1edbi c\u00e1c m\u00f3n th\u1ecbt \u0111\u1ecf, ph\u00f4 mai tr\u01b0\u1edfng th\u00e0nh ho\u1eb7c c\u00e1c m\u00f3n s\u1ed1t \u0111\u1eadm \u0111\u00e0. R\u01b0\u1ee3u ngon nh\u1ea5t khi \u0111\u01b0\u1ee3c ph\u1ee5c v\u1ee5 \u1edf nhi\u1ec7t \u0111\u1ed9 16-18\u00b0C, gi\u00fap b\u1ea1n c\u1ea3m nh\u1eadn tr\u1ecdn v\u1eb9n h\u01b0\u01a1ng v\u1ecb tuy\u1ec7t v\u1eddi.<\/span><\/p>\n<p><span style=\"font-family: helvetica, arial, sans-serif;\"><strong>R\u01b0\u1ee3u Ngo\u1ea1i Twine \u2013 Th\u01b0\u01a1ng Hi\u1ec7u T\u1eeb N\u0103m 2021<\/strong><\/span><\/p>\n<ul>\n<li><span style=\"font-family: helvetica, arial, sans-serif;\"><strong>\u0110\u1ecba ch\u1ec9:<\/strong> 144, \u0110\u01b0\u1eddng D1, KDC Ph\u00fa H\u00f2a 1, TP. Th\u1ee7 D\u1ea7u M\u1ed9t, B\u00ecnh D\u01b0\u01a1ng<\/span><\/li>\n<li><span style=\"font-family: helvetica, arial, sans-serif;\"><strong>Hotline:<\/strong> 0989.819.859 \u2013 0898.683.465<\/span><\/li>\n<li><span style=\"font-family: helvetica, arial, sans-serif;\"><strong>Fanpage:<\/strong> fb.com\/ruoungoaitwine | fb.com\/ruouvangtwine<\/span><\/li>\n<\/ul>\n<p><span style=\"font-family: helvetica, arial, sans-serif;\"><strong>Twine \u2013 \u0110\u1ed3ng h\u00e0nh c\u00f9ng b\u1ea1n n\u00e2ng t\u1ea7m phong c\u00e1ch s\u1ed1ng v\u1edbi nh\u1eefng d\u00f2ng r\u01b0\u1ee3u ngo\u1ea1i th\u01b0\u1ee3ng h\u1ea1ng!<\/strong><\/span><\/p>\n","protected":false},"excerpt":{"rendered":"<p><span style=\"font-family: helvetica, arial, sans-serif;\">Meridionale Tre Tenute Cuvee Primitivo l\u00e0 m\u1ed9t trong nh\u1eefng d\u00f2ng r\u01b0\u1ee3u vang h\u1eefu c\u01a1 n\u1ed5i b\u1eadt \u0111\u1ebfn t\u1eeb v\u00f9ng Puglia, mi\u1ec1n Nam n\u01b0\u1edbc \u00dd. \u0110\u01b0\u1ee3c s\u1ea3n xu\u1ea5t b\u1edfi nh\u00e0 l\u00e0m vang danh ti\u1ebfng Pajara, chai vang n\u00e0y l\u00e0 s\u1ef1 k\u1ebft h\u1ee3p gi\u1eefa ph\u01b0\u01a1ng ph\u00e1p l\u00e0m r\u01b0\u1ee3u truy\u1ec1n th\u1ed1ng v\u00e0 xu h\u01b0\u1edbng s\u1ea3n xu\u1ea5t b\u1ec1n v\u1eefng. V\u1edbi ngu\u1ed3n nho Primitivo \u0111\u1eb7c tr\u01b0ng c\u1ee7a v\u00f9ng \u0110\u1ecba Trung H\u1ea3i, s\u1ea3n ph\u1ea9m n\u00e0y kh\u00f4ng ch\u1ec9 ph\u1ea3n \u00e1nh h\u01b0\u01a1ng v\u1ecb t\u1ef1 nhi\u00ean m\u00e0 c\u00f2n th\u1ec3 hi\u1ec7n cam k\u1ebft b\u1ea3o v\u1ec7 m\u00f4i tr\u01b0\u1eddng.<\/span><\/p>\n","protected":false},"featured_media":25036,"comment_status":"open","ping_status":"closed","template":"","meta":[],"product_cat":[15,103],"product_tag":[],"class_list":{"0":"post-25033","1":"product","2":"type-product","3":"status-publish","4":"has-post-thumbnail","6":"product_cat-ruou-vang","7":"product_cat-red-wines","10":"first","11":"instock","12":"shipping-taxable","13":"product-type-simple"},"_links":{"self":[{"href":"https:\/\/twine.vn\/index.php\/wp-json\/wp\/v2\/product\/25033","targetHints":{"allow":["GET"]}}],"collection":[{"href":"https:\/\/twine.vn\/index.php\/wp-json\/wp\/v2\/product"}],"about":[{"href":"https:\/\/twine.vn\/index.php\/wp-json\/wp\/v2\/types\/product"}],"replies":[{"embeddable":true,"href":"https:\/\/twine.vn\/index.php\/wp-json\/wp\/v2\/comments?post=25033"}],"wp:featuredmedia":[{"embeddable":true,"href":"https:\/\/twine.vn\/index.php\/wp-json\/wp\/v2\/media\/25036"}],"wp:attachment":[{"href":"https:\/\/twine.vn\/index.php\/wp-json\/wp\/v2\/media?parent=25033"}],"wp:term":[{"taxonomy":"product_cat","embeddable":true,"href":"https:\/\/twine.vn\/index.php\/wp-json\/wp\/v2\/product_cat?post=25033"},{"taxonomy":"product_tag","embeddable":true,"href":"https:\/\/twine.vn\/index.php\/wp-json\/wp\/v2\/product_tag?post=25033"}],"curies":[{"name":"wp","href":"https:\/\/api.w.org\/{rel}","templated":true}]}}