{"id":25038,"date":"2025-01-03T07:17:40","date_gmt":"2025-01-03T07:17:40","guid":{"rendered":"https:\/\/twine.vn\/?post_type=product&#038;p=25038"},"modified":"2025-01-03T07:17:41","modified_gmt":"2025-01-03T07:17:41","slug":"pharaoh-limited-edition","status":"publish","type":"product","link":"https:\/\/twine.vn\/index.php\/product\/pharaoh-limited-edition\/","title":{"rendered":"Pharaoh Limited Edition"},"content":{"rendered":"<p><span style=\"font-family: helvetica, arial, sans-serif;\">Pharaoh Limited Edition l\u00e0 d\u00f2ng r\u01b0\u1ee3u vang \u0111\u1ecf cao c\u1ea5p \u0111\u1ebfn t\u1eeb \u00dd, \u0111\u01b0\u1ee3c l\u1ea5y c\u1ea3m h\u1ee9ng t\u1eeb n\u1ec1n v\u0103n minh Ai C\u1eadp c\u1ed5 \u0111\u1ea1i. V\u1edbi thi\u1ebft k\u1ebf \u0111\u1ed9c \u0111\u00e1o v\u00e0 ngh\u1ec7 thu\u1eadt, chai r\u01b0\u1ee3u n\u00e0y th\u1ec3 hi\u1ec7n s\u1ef1 giao thoa gi\u1eefa v\u0103n h\u00f3a l\u1ecbch s\u1eed v\u00e0 ngh\u1ec7 thu\u1eadt l\u00e0m vang \u0111\u1ec9nh cao. S\u1ea3n ph\u1ea9m \u0111\u01b0\u1ee3c l\u00e0m t\u1eeb nh\u1eefng gi\u1ed1ng nho h\u1ea3o h\u1ea1ng t\u1ea1i v\u00f9ng s\u1ea3n xu\u1ea5t vang n\u1ed5i ti\u1ebfng, mang \u0111\u1ebfn m\u1ed9t tr\u1ea3i nghi\u1ec7m th\u01b0\u1edfng th\u1ee9c kh\u00f3 qu\u00ean.<\/span><\/p>\n<p><span style=\"font-family: helvetica, arial, sans-serif;\"><strong>H\u01b0\u01a1ng V\u1ecb \u0110\u1ed9c \u0110\u00e1o<\/strong><\/span><\/p>\n<ul>\n<li><span style=\"font-family: helvetica, arial, sans-serif;\"><strong>M\u0169i (Nose):<\/strong> H\u01b0\u01a1ng th\u01a1m n\u1ed5i b\u1eadt c\u1ee7a tr\u00e1i c\u00e2y ch\u00edn \u0111\u1ecf, hoa qu\u1ea3 kh\u00f4, k\u1ebft h\u1ee3p v\u1edbi n\u1ed1t h\u01b0\u01a1ng tinh t\u1ebf c\u1ee7a gia v\u1ecb v\u00e0 g\u1ed7 s\u1ed3i.<\/span><\/li>\n<li><span style=\"font-family: helvetica, arial, sans-serif;\"><strong>V\u1ecb (Palate):<\/strong> V\u1ecb r\u01b0\u1ee3u phong ph\u00fa, h\u00e0i h\u00f2a v\u1edbi c\u1ea5u tr\u00fac tannin m\u1ea1nh m\u1ebd nh\u01b0ng m\u01b0\u1ee3t m\u00e0, t\u1ea1o c\u1ea3m gi\u00e1c \u0111\u1ea7y \u0111\u1eb7n v\u00e0 c\u00e2n b\u1eb1ng tr\u00ean v\u00f2m mi\u1ec7ng.<\/span><\/li>\n<li><span style=\"font-family: helvetica, arial, sans-serif;\"><strong>D\u01b0 v\u1ecb (Finish):<\/strong> K\u00e9o d\u00e0i v\u00e0 \u1ea5n t\u01b0\u1ee3ng, \u0111\u1ec3 l\u1ea1i h\u1eadu v\u1ecb ng\u1ecdt ng\u00e0o v\u1edbi ch\u00fat g\u1ee3i nh\u1edb c\u1ee7a vani v\u00e0 chocolate \u0111en.<\/span><\/li>\n<\/ul>\n<p><span style=\"font-family: helvetica, arial, sans-serif;\"><strong>\u0110\u1eb7c \u0110i\u1ec3m S\u1ea3n Ph\u1ea9m<\/strong><\/span><\/p>\n<ul>\n<li><span style=\"font-family: helvetica, arial, sans-serif;\"><strong>Dung t\u00edch:<\/strong> 750ml<\/span><\/li>\n<li><span style=\"font-family: helvetica, arial, sans-serif;\"><strong>N\u1ed3ng \u0111\u1ed9 c\u1ed3n:<\/strong> 14.5% ABV<\/span><\/li>\n<li><span style=\"font-family: helvetica, arial, sans-serif;\"><strong>Xu\u1ea5t x\u1ee9:<\/strong> \u00dd<\/span><\/li>\n<\/ul>\n<p><span style=\"font-family: helvetica, arial, sans-serif;\"><strong>Th\u01b0\u1edfng Th\u1ee9c Ho\u00e0n H\u1ea3o<\/strong><\/span><br \/>\n<span style=\"font-family: helvetica, arial, sans-serif;\">Pharaoh Limited Edition ho\u00e0n h\u1ea3o khi k\u1ebft h\u1ee3p c\u00f9ng c\u00e1c m\u00f3n \u0103n nh\u01b0 th\u1ecbt b\u00f2 n\u01b0\u1edbng, s\u01b0\u1eddn c\u1eebu, ho\u1eb7c ph\u00f4 mai gi\u00e0. H\u00e3y th\u01b0\u1edfng th\u1ee9c \u1edf nhi\u1ec7t \u0111\u1ed9 16-18\u00b0C \u0111\u1ec3 c\u1ea3m nh\u1eadn tr\u1ecdn v\u1eb9n h\u01b0\u01a1ng v\u1ecb tuy\u1ec7t h\u1ea3o m\u00e0 chai r\u01b0\u1ee3u n\u00e0y mang l\u1ea1i.<\/span><\/p>\n<p><span style=\"font-family: helvetica, arial, sans-serif;\"><strong>R\u01b0\u1ee3u Ngo\u1ea1i Twine \u2013 Th\u01b0\u01a1ng Hi\u1ec7u T\u1eeb N\u0103m 2021<\/strong><\/span><\/p>\n<ul>\n<li><span style=\"font-family: helvetica, arial, sans-serif;\"><strong>\u0110\u1ecba ch\u1ec9:<\/strong> 144, \u0110\u01b0\u1eddng D1, KDC Ph\u00fa H\u00f2a 1, TP. Th\u1ee7 D\u1ea7u M\u1ed9t, B\u00ecnh D\u01b0\u01a1ng<\/span><\/li>\n<li><span style=\"font-family: helvetica, arial, sans-serif;\"><strong>Hotline:<\/strong> 0989.819.859 \u2013 0898.683.465<\/span><\/li>\n<li><span style=\"font-family: helvetica, arial, sans-serif;\"><strong>Fanpage:<\/strong> fb.com\/ruoungoaitwine | fb.com\/ruouvangtwine<\/span><\/li>\n<\/ul>\n<p><span style=\"font-family: helvetica, arial, sans-serif;\"><strong>Twine \u2013 \u0110\u1ed3ng h\u00e0nh c\u00f9ng b\u1ea1n n\u00e2ng t\u1ea7m phong c\u00e1ch s\u1ed1ng v\u1edbi nh\u1eefng d\u00f2ng r\u01b0\u1ee3u ngo\u1ea1i th\u01b0\u1ee3ng h\u1ea1ng!<\/strong><\/span><\/p>\n","protected":false},"excerpt":{"rendered":"<p><span style=\"font-family: helvetica, arial, sans-serif;\">Pharaoh Limited Edition l\u00e0 d\u00f2ng r\u01b0\u1ee3u vang \u0111\u1ecf cao c\u1ea5p \u0111\u1ebfn t\u1eeb \u00dd, \u0111\u01b0\u1ee3c l\u1ea5y c\u1ea3m h\u1ee9ng t\u1eeb n\u1ec1n v\u0103n minh Ai C\u1eadp c\u1ed5 \u0111\u1ea1i. V\u1edbi thi\u1ebft k\u1ebf \u0111\u1ed9c \u0111\u00e1o v\u00e0 ngh\u1ec7 thu\u1eadt, chai r\u01b0\u1ee3u n\u00e0y th\u1ec3 hi\u1ec7n s\u1ef1 giao thoa gi\u1eefa v\u0103n h\u00f3a l\u1ecbch s\u1eed v\u00e0 ngh\u1ec7 thu\u1eadt l\u00e0m vang \u0111\u1ec9nh cao. S\u1ea3n ph\u1ea9m \u0111\u01b0\u1ee3c l\u00e0m t\u1eeb nh\u1eefng gi\u1ed1ng nho h\u1ea3o h\u1ea1ng t\u1ea1i v\u00f9ng s\u1ea3n xu\u1ea5t vang n\u1ed5i ti\u1ebfng, mang \u0111\u1ebfn m\u1ed9t tr\u1ea3i nghi\u1ec7m th\u01b0\u1edfng th\u1ee9c kh\u00f3 qu\u00ean.<\/span><\/p>\n","protected":false},"featured_media":25041,"comment_status":"open","ping_status":"closed","template":"","meta":[],"product_cat":[15,103],"product_tag":[],"class_list":{"0":"post-25038","1":"product","2":"type-product","3":"status-publish","4":"has-post-thumbnail","6":"product_cat-ruou-vang","7":"product_cat-red-wines","10":"first","11":"instock","12":"shipping-taxable","13":"product-type-simple"},"_links":{"self":[{"href":"https:\/\/twine.vn\/index.php\/wp-json\/wp\/v2\/product\/25038","targetHints":{"allow":["GET"]}}],"collection":[{"href":"https:\/\/twine.vn\/index.php\/wp-json\/wp\/v2\/product"}],"about":[{"href":"https:\/\/twine.vn\/index.php\/wp-json\/wp\/v2\/types\/product"}],"replies":[{"embeddable":true,"href":"https:\/\/twine.vn\/index.php\/wp-json\/wp\/v2\/comments?post=25038"}],"wp:featuredmedia":[{"embeddable":true,"href":"https:\/\/twine.vn\/index.php\/wp-json\/wp\/v2\/media\/25041"}],"wp:attachment":[{"href":"https:\/\/twine.vn\/index.php\/wp-json\/wp\/v2\/media?parent=25038"}],"wp:term":[{"taxonomy":"product_cat","embeddable":true,"href":"https:\/\/twine.vn\/index.php\/wp-json\/wp\/v2\/product_cat?post=25038"},{"taxonomy":"product_tag","embeddable":true,"href":"https:\/\/twine.vn\/index.php\/wp-json\/wp\/v2\/product_tag?post=25038"}],"curies":[{"name":"wp","href":"https:\/\/api.w.org\/{rel}","templated":true}]}}