{"id":25048,"date":"2025-01-04T17:13:50","date_gmt":"2025-01-04T17:13:50","guid":{"rendered":"https:\/\/twine.vn\/?post_type=product&#038;p=25048"},"modified":"2025-01-04T17:13:51","modified_gmt":"2025-01-04T17:13:51","slug":"megale-negroamaro-2019","status":"publish","type":"product","link":"https:\/\/twine.vn\/index.php\/product\/megale-negroamaro-2019\/","title":{"rendered":"Megale Negroamaro 2019"},"content":{"rendered":"<p><span style=\"font-family: helvetica, arial, sans-serif;\"><strong>L\u1ecbch S\u1eed &amp; Ngu\u1ed3n G\u1ed1c<\/strong><\/span><br \/>\n<span style=\"font-family: helvetica, arial, sans-serif;\">Megale Negroamaro 2019 l\u00e0 d\u00f2ng r\u01b0\u1ee3u vang \u0111\u1ebfn t\u1eeb v\u00f9ng Puglia, mi\u1ec1n nam n\u01b0\u1edbc \u00dd \u2013 khu v\u1ef1c n\u1ed5i ti\u1ebfng v\u1edbi c\u00e1c d\u00f2ng r\u01b0\u1ee3u vang phong ph\u00fa v\u00e0 \u0111\u1eadm \u0111\u00e0. V\u1edbi t\u00ean g\u1ecdi &#8220;Megale,&#8221; chai r\u01b0\u1ee3u n\u00e0y g\u1ee3i nh\u1edb v\u1ec1 truy\u1ec1n th\u1ed1ng l\u00e2u \u0111\u1eddi c\u1ee7a ng\u00e0nh s\u1ea3n xu\u1ea5t r\u01b0\u1ee3u vang \u00dd, k\u1ebft h\u1ee3p gi\u1eefa ngh\u1ec7 thu\u1eadt ch\u1ebf t\u00e1c th\u1ee7 c\u00f4ng v\u00e0 kh\u00ed h\u1eadu \u0111\u1eb7c bi\u1ec7t c\u1ee7a v\u00f9ng \u0110\u1ecba Trung H\u1ea3i.<\/span><\/p>\n<p><span style=\"font-family: helvetica, arial, sans-serif;\"><strong>H\u01b0\u01a1ng V\u1ecb \u0110\u1ed9c \u0110\u00e1o<\/strong><\/span><\/p>\n<ul>\n<li><span style=\"font-family: helvetica, arial, sans-serif;\"><strong>M\u0169i (Nose):<\/strong> H\u01b0\u01a1ng th\u01a1m n\u1ed3ng n\u00e0n c\u1ee7a qu\u1ea3 m\u1eadn ch\u00edn, anh \u0111\u00e0o \u0111en, k\u1ebft h\u1ee3p c\u00f9ng ch\u00fat gia v\u1ecb cay nh\u1eb9 v\u00e0 tho\u1ea3ng h\u01b0\u01a1ng vani.<\/span><\/li>\n<li><span style=\"font-family: helvetica, arial, sans-serif;\"><strong>V\u1ecb (Palate):<\/strong> H\u01b0\u01a1ng v\u1ecb m\u1ea1nh m\u1ebd, h\u00e0i h\u00f2a gi\u1eefa tr\u00e1i c\u00e2y \u0111\u1ecf ch\u00edn m\u1ecdng v\u00e0 v\u1ecb ch\u00e1t m\u01b0\u1ee3t m\u00e0, v\u1edbi d\u1ea5u \u1ea5n tinh t\u1ebf c\u1ee7a g\u1ed7 s\u1ed3i.<\/span><\/li>\n<li><span style=\"font-family: helvetica, arial, sans-serif;\"><strong>D\u01b0 v\u1ecb (Finish):<\/strong> K\u00e9o d\u00e0i v\u00e0 s\u00e2u l\u1eafng, v\u1edbi h\u1eadu v\u1ecb \u1ea5m \u00e1p v\u00e0 c\u00e2n b\u1eb1ng gi\u1eefa v\u1ecb ng\u1ecdt nh\u1eb9 v\u00e0 ch\u00fat gia v\u1ecb cay n\u1ed3ng.<\/span><\/li>\n<\/ul>\n<p><span style=\"font-family: helvetica, arial, sans-serif;\"><strong>\u0110\u1eb7c \u0110i\u1ec3m S\u1ea3n Ph\u1ea9m<\/strong><\/span><\/p>\n<ul>\n<li><span style=\"font-family: helvetica, arial, sans-serif;\"><strong>Dung t\u00edch:<\/strong> 750ml<\/span><\/li>\n<li><span style=\"font-family: helvetica, arial, sans-serif;\"><strong>N\u1ed3ng \u0111\u1ed9 c\u1ed3n:<\/strong> 13% ABV<\/span><\/li>\n<li><span style=\"font-family: helvetica, arial, sans-serif;\"><strong>Xu\u1ea5t x\u1ee9:<\/strong> \u00dd<\/span><\/li>\n<\/ul>\n<p><span style=\"font-family: helvetica, arial, sans-serif;\">Megale Negroamaro 2019 l\u00e0 l\u1ef1a ch\u1ecdn l\u00fd t\u01b0\u1edfng cho nh\u1eefng b\u1eefa ti\u1ec7c sang tr\u1ecdng ho\u1eb7c nh\u1eefng bu\u1ed5i t\u1ed1i \u1ea5m c\u00fang b\u00ean gia \u0111\u00ecnh v\u00e0 b\u1ea1n b\u00e8. R\u01b0\u1ee3u \u0111\u1eb7c bi\u1ec7t th\u00edch h\u1ee3p khi k\u1ebft h\u1ee3p v\u1edbi c\u00e1c m\u00f3n \u0103n \u00dd nh\u01b0 pizza, pasta ho\u1eb7c c\u00e1c lo\u1ea1i th\u1ecbt n\u01b0\u1edbng. \u0110\u00e2y c\u0169ng l\u00e0 m\u1ed9t m\u00f3n qu\u00e0 tinh t\u1ebf d\u00e0nh cho nh\u1eefng ai y\u00eau th\u00edch h\u01b0\u01a1ng v\u1ecb \u0111\u1eadm ch\u1ea5t \u00dd.<\/span><\/p>\n<p><span style=\"font-family: helvetica, arial, sans-serif;\"><strong>R\u01b0\u1ee3u Ngo\u1ea1i Twine \u2013 Th\u01b0\u01a1ng Hi\u1ec7u T\u1eeb N\u0103m 2021<\/strong><\/span><\/p>\n<ul>\n<li><span style=\"font-family: helvetica, arial, sans-serif;\"><strong>\u0110\u1ecba ch\u1ec9:<\/strong> 144, \u0110\u01b0\u1eddng D1, KDC Ph\u00fa H\u00f2a 1, TP. Th\u1ee7 D\u1ea7u M\u1ed9t, B\u00ecnh D\u01b0\u01a1ng<\/span><\/li>\n<li><span style=\"font-family: helvetica, arial, sans-serif;\"><strong>Hotline:<\/strong> 0989.819.859 \u2013 0898.683.465<\/span><\/li>\n<li><span style=\"font-family: helvetica, arial, sans-serif;\"><strong>Fanpage:<\/strong> fb.com\/ruoungoaitwine | fb.com\/ruouvangtwine<\/span><\/li>\n<\/ul>\n<p><span style=\"font-family: helvetica, arial, sans-serif;\"><strong>Twine \u2013 \u0110\u1ed3ng h\u00e0nh c\u00f9ng b\u1ea1n n\u00e2ng t\u1ea7m phong c\u00e1ch s\u1ed1ng v\u1edbi nh\u1eefng d\u00f2ng r\u01b0\u1ee3u ngo\u1ea1i th\u01b0\u1ee3ng h\u1ea1ng!<\/strong><\/span><\/p>\n","protected":false},"excerpt":{"rendered":"<p><span style=\"font-family: helvetica, arial, sans-serif;\">Megale Negroamaro 2019 l\u00e0 d\u00f2ng r\u01b0\u1ee3u vang \u0111\u1ebfn t\u1eeb v\u00f9ng Puglia, mi\u1ec1n nam n\u01b0\u1edbc \u00dd \u2013 khu v\u1ef1c n\u1ed5i ti\u1ebfng v\u1edbi c\u00e1c d\u00f2ng r\u01b0\u1ee3u vang phong ph\u00fa v\u00e0 \u0111\u1eadm \u0111\u00e0. V\u1edbi t\u00ean g\u1ecdi &#8220;Megale,&#8221; chai r\u01b0\u1ee3u n\u00e0y g\u1ee3i nh\u1edb v\u1ec1 truy\u1ec1n th\u1ed1ng l\u00e2u \u0111\u1eddi c\u1ee7a ng\u00e0nh s\u1ea3n xu\u1ea5t r\u01b0\u1ee3u vang \u00dd, k\u1ebft h\u1ee3p gi\u1eefa ngh\u1ec7 thu\u1eadt ch\u1ebf t\u00e1c th\u1ee7 c\u00f4ng v\u00e0 kh\u00ed h\u1eadu \u0111\u1eb7c bi\u1ec7t c\u1ee7a v\u00f9ng \u0110\u1ecba Trung H\u1ea3i.<\/span><\/p>\n","protected":false},"featured_media":25052,"comment_status":"open","ping_status":"closed","template":"","meta":[],"product_cat":[15,103],"product_tag":[],"class_list":{"0":"post-25048","1":"product","2":"type-product","3":"status-publish","4":"has-post-thumbnail","6":"product_cat-ruou-vang","7":"product_cat-red-wines","10":"first","11":"instock","12":"shipping-taxable","13":"product-type-simple"},"_links":{"self":[{"href":"https:\/\/twine.vn\/index.php\/wp-json\/wp\/v2\/product\/25048","targetHints":{"allow":["GET"]}}],"collection":[{"href":"https:\/\/twine.vn\/index.php\/wp-json\/wp\/v2\/product"}],"about":[{"href":"https:\/\/twine.vn\/index.php\/wp-json\/wp\/v2\/types\/product"}],"replies":[{"embeddable":true,"href":"https:\/\/twine.vn\/index.php\/wp-json\/wp\/v2\/comments?post=25048"}],"wp:featuredmedia":[{"embeddable":true,"href":"https:\/\/twine.vn\/index.php\/wp-json\/wp\/v2\/media\/25052"}],"wp:attachment":[{"href":"https:\/\/twine.vn\/index.php\/wp-json\/wp\/v2\/media?parent=25048"}],"wp:term":[{"taxonomy":"product_cat","embeddable":true,"href":"https:\/\/twine.vn\/index.php\/wp-json\/wp\/v2\/product_cat?post=25048"},{"taxonomy":"product_tag","embeddable":true,"href":"https:\/\/twine.vn\/index.php\/wp-json\/wp\/v2\/product_tag?post=25048"}],"curies":[{"name":"wp","href":"https:\/\/api.w.org\/{rel}","templated":true}]}}