{"id":25053,"date":"2025-01-04T17:20:58","date_gmt":"2025-01-04T17:20:58","guid":{"rendered":"https:\/\/twine.vn\/?post_type=product&#038;p=25053"},"modified":"2025-01-04T17:20:59","modified_gmt":"2025-01-04T17:20:59","slug":"gloria-negroamaro","status":"publish","type":"product","link":"https:\/\/twine.vn\/index.php\/product\/gloria-negroamaro\/","title":{"rendered":"Gloria Negroamaro"},"content":{"rendered":"<div class=\"flex max-w-full flex-col flex-grow\">\n<div class=\"min-h-8 text-message flex w-full flex-col items-end gap-2 whitespace-normal break-words text-start [.text-message+&amp;]:mt-5\" dir=\"auto\" data-message-author-role=\"assistant\" data-message-id=\"06ba208d-8bcc-4b0a-9d24-c9723a233230\" data-message-model-slug=\"gpt-4o\">\n<div class=\"flex w-full flex-col gap-1 empty:hidden first:pt-[3px]\">\n<div class=\"markdown prose w-full break-words dark:prose-invert dark\">\n<p><span style=\"font-family: helvetica, arial, sans-serif;\"><strong>L\u1ecbch S\u1eed &amp; Ngu\u1ed3n G\u1ed1c<\/strong><\/span><br \/>\n<span style=\"font-family: helvetica, arial, sans-serif;\">Gloria Negroamaro l\u00e0 d\u00f2ng r\u01b0\u1ee3u vang \u0111\u1ecf n\u1ed5i ti\u1ebfng \u0111\u1ebfn t\u1eeb v\u00f9ng Puglia, mi\u1ec1n Nam n\u01b0\u1edbc \u00dd \u2013 n\u01a1i \u0111\u01b0\u1ee3c bi\u1ebft \u0111\u1ebfn v\u1edbi truy\u1ec1n th\u1ed1ng l\u00e0m r\u01b0\u1ee3u vang l\u00e2u \u0111\u1eddi v\u00e0 \u0111\u1ed9c \u0111\u00e1o. V\u1edbi thi\u1ebft k\u1ebf nh\u00e3n chai mang h\u00ecnh \u1ea3nh c\u00e2y s\u1ef1 s\u1ed1ng, Gloria Negroamaro kh\u00f4ng ch\u1ec9 l\u00e0 m\u1ed9t chai r\u01b0\u1ee3u vang m\u00e0 c\u00f2n l\u00e0 m\u1ed9t t\u00e1c ph\u1ea9m ngh\u1ec7 thu\u1eadt, t\u00f4n vinh thi\u00ean nhi\u00ean v\u00e0 s\u1ef1 g\u1eafn b\u00f3 c\u1ee7a con ng\u01b0\u1eddi v\u1edbi \u0111\u1ea5t tr\u1eddi. T\u1eeb gi\u1ed1ng nho Negroamaro \u0111\u1eb7c tr\u01b0ng, chai vang n\u00e0y \u0111\u1ea1i di\u1ec7n cho tinh hoa c\u1ee7a v\u00f9ng \u0111\u1ea5t Puglia.<\/span><\/p>\n<p><span style=\"font-family: helvetica, arial, sans-serif;\"><strong>H\u01b0\u01a1ng V\u1ecb \u0110\u1ed9c \u0110\u00e1o<\/strong><\/span><\/p>\n<ul>\n<li><span style=\"font-family: helvetica, arial, sans-serif;\"><strong>M\u0169i (Nose):<\/strong> H\u01b0\u01a1ng th\u01a1m ph\u1ee9c h\u1ee3p c\u1ee7a tr\u00e1i c\u00e2y ch\u00edn \u0111\u1ecf nh\u01b0 m\u1eadn, anh \u0111\u00e0o, h\u00f2a quy\u1ec7n v\u1edbi ch\u00fat gia v\u1ecb nh\u1eb9 v\u00e0 h\u01b0\u01a1ng vani quy\u1ebfn r\u0169.<\/span><\/li>\n<li><span style=\"font-family: helvetica, arial, sans-serif;\"><strong>V\u1ecb (Palate):<\/strong> C\u1ea5u tr\u00fac c\u00e2n b\u1eb1ng v\u1edbi v\u1ecb ch\u00e1t m\u1ec1m m\u1ea1i, h\u00f2a quy\u1ec7n gi\u1eefa v\u1ecb ng\u1ecdt c\u1ee7a tr\u00e1i c\u00e2y v\u00e0 n\u1ed1t h\u01b0\u01a1ng g\u1ed7 s\u1ed3i. Th\u00eam ch\u00fat h\u1eadu v\u1ecb chocolate \u0111en t\u1ea1o chi\u1ec1u s\u00e2u v\u00e0 s\u1ef1 phong ph\u00fa.<\/span><\/li>\n<li><span style=\"font-family: helvetica, arial, sans-serif;\"><strong>D\u01b0 v\u1ecb (Finish):<\/strong> D\u00e0i l\u00e2u, \u1ea5m \u00e1p v\u1edbi n\u1ed1t h\u01b0\u01a1ng th\u1ea3o m\u1ed9c v\u00e0 vani tho\u1ea3ng nh\u1eb9, \u0111\u1ec3 l\u1ea1i c\u1ea3m gi\u00e1c d\u1ec5 ch\u1ecbu v\u00e0 tinh t\u1ebf.<\/span><\/li>\n<\/ul>\n<p><span style=\"font-family: helvetica, arial, sans-serif;\"><strong>\u0110\u1eb7c \u0110i\u1ec3m S\u1ea3n Ph\u1ea9m<\/strong><\/span><\/p>\n<ul>\n<li><span style=\"font-family: helvetica, arial, sans-serif;\"><strong>Dung t\u00edch:<\/strong> 750ml<\/span><\/li>\n<li><span style=\"font-family: helvetica, arial, sans-serif;\"><strong>N\u1ed3ng \u0111\u1ed9 c\u1ed3n:<\/strong> 14% ABV<\/span><\/li>\n<li><span style=\"font-family: helvetica, arial, sans-serif;\"><strong>Xu\u1ea5t x\u1ee9:<\/strong> \u00dd<\/span><\/li>\n<\/ul>\n<p><span style=\"font-family: helvetica, arial, sans-serif;\">Gloria Negroamaro l\u00e0 l\u1ef1a ch\u1ecdn tuy\u1ec7t v\u1eddi d\u00e0nh cho nh\u1eefng ng\u01b0\u1eddi y\u00eau th\u00edch vang \u0111\u1ecf \u0111\u1eadm \u0111\u00e0, mu\u1ed1n kh\u00e1m ph\u00e1 s\u1ef1 tinh t\u1ebf v\u00e0 \u0111\u1ed9c \u0111\u00e1o c\u1ee7a v\u00f9ng \u0111\u1ea5t Puglia.<\/span><\/p>\n<p><span style=\"font-family: helvetica, arial, sans-serif;\"><strong>R\u01b0\u1ee3u Ngo\u1ea1i Twine \u2013 Th\u01b0\u01a1ng Hi\u1ec7u T\u1eeb N\u0103m 2021<\/strong><\/span><br \/>\n<span style=\"font-family: helvetica, arial, sans-serif;\">\u0110\u1ecba ch\u1ec9: 144, \u0110\u01b0\u1eddng D1, KDC Ph\u00fa H\u00f2a 1, TP. Th\u1ee7 D\u1ea7u M\u1ed9t, B\u00ecnh D\u01b0\u01a1ng<\/span><br \/>\n<span style=\"font-family: helvetica, arial, sans-serif;\">Hotline: 0989.819.859 \u2013 0898.683.465<\/span><br \/>\n<span style=\"font-family: helvetica, arial, sans-serif;\">Fanpage: fb.com\/ruoungoaitwine | fb.com\/ruouvangtwine<\/span><\/p>\n<p><span style=\"font-family: helvetica, arial, sans-serif;\">Twine \u2013 \u0110\u1ed3ng h\u00e0nh c\u00f9ng b\u1ea1n n\u00e2ng t\u1ea7m phong c\u00e1ch s\u1ed1ng v\u1edbi nh\u1eefng d\u00f2ng r\u01b0\u1ee3u ngo\u1ea1i th\u01b0\u1ee3ng h\u1ea1ng!<\/span><\/p>\n<\/div>\n<\/div>\n<\/div>\n<\/div>\n","protected":false},"excerpt":{"rendered":"<p><span style=\"font-family: helvetica, arial, sans-serif;\">Gloria Negroamaro l\u00e0 d\u00f2ng r\u01b0\u1ee3u vang \u0111\u1ecf n\u1ed5i ti\u1ebfng \u0111\u1ebfn t\u1eeb v\u00f9ng Puglia, mi\u1ec1n Nam n\u01b0\u1edbc \u00dd \u2013 n\u01a1i \u0111\u01b0\u1ee3c bi\u1ebft \u0111\u1ebfn v\u1edbi truy\u1ec1n th\u1ed1ng l\u00e0m r\u01b0\u1ee3u vang l\u00e2u \u0111\u1eddi v\u00e0 \u0111\u1ed9c \u0111\u00e1o. V\u1edbi thi\u1ebft k\u1ebf nh\u00e3n chai mang h\u00ecnh \u1ea3nh c\u00e2y s\u1ef1 s\u1ed1ng, Gloria Negroamaro kh\u00f4ng ch\u1ec9 l\u00e0 m\u1ed9t chai r\u01b0\u1ee3u vang m\u00e0 c\u00f2n l\u00e0 m\u1ed9t t\u00e1c ph\u1ea9m ngh\u1ec7 thu\u1eadt, t\u00f4n vinh thi\u00ean nhi\u00ean v\u00e0 s\u1ef1 g\u1eafn b\u00f3 c\u1ee7a con ng\u01b0\u1eddi v\u1edbi \u0111\u1ea5t tr\u1eddi. T\u1eeb gi\u1ed1ng nho Negroamaro \u0111\u1eb7c tr\u01b0ng, chai vang n\u00e0y \u0111\u1ea1i di\u1ec7n cho tinh hoa c\u1ee7a v\u00f9ng \u0111\u1ea5t Puglia.<\/span><\/p>\n","protected":false},"featured_media":25055,"comment_status":"open","ping_status":"closed","template":"","meta":[],"product_cat":[15,150,103],"product_tag":[],"class_list":{"0":"post-25053","1":"product","2":"type-product","3":"status-publish","4":"has-post-thumbnail","6":"product_cat-ruou-vang","7":"product_cat-ruou-vang-y","8":"product_cat-red-wines","11":"first","12":"instock","13":"shipping-taxable","14":"product-type-simple"},"_links":{"self":[{"href":"https:\/\/twine.vn\/index.php\/wp-json\/wp\/v2\/product\/25053","targetHints":{"allow":["GET"]}}],"collection":[{"href":"https:\/\/twine.vn\/index.php\/wp-json\/wp\/v2\/product"}],"about":[{"href":"https:\/\/twine.vn\/index.php\/wp-json\/wp\/v2\/types\/product"}],"replies":[{"embeddable":true,"href":"https:\/\/twine.vn\/index.php\/wp-json\/wp\/v2\/comments?post=25053"}],"wp:featuredmedia":[{"embeddable":true,"href":"https:\/\/twine.vn\/index.php\/wp-json\/wp\/v2\/media\/25055"}],"wp:attachment":[{"href":"https:\/\/twine.vn\/index.php\/wp-json\/wp\/v2\/media?parent=25053"}],"wp:term":[{"taxonomy":"product_cat","embeddable":true,"href":"https:\/\/twine.vn\/index.php\/wp-json\/wp\/v2\/product_cat?post=25053"},{"taxonomy":"product_tag","embeddable":true,"href":"https:\/\/twine.vn\/index.php\/wp-json\/wp\/v2\/product_tag?post=25053"}],"curies":[{"name":"wp","href":"https:\/\/api.w.org\/{rel}","templated":true}]}}