{"id":25058,"date":"2025-01-04T17:24:27","date_gmt":"2025-01-04T17:24:27","guid":{"rendered":"https:\/\/twine.vn\/?post_type=product&#038;p=25058"},"modified":"2025-01-04T17:24:28","modified_gmt":"2025-01-04T17:24:28","slug":"jacobs-creek-double-barrel-cabernet-sauvignon","status":"publish","type":"product","link":"https:\/\/twine.vn\/index.php\/product\/jacobs-creek-double-barrel-cabernet-sauvignon\/","title":{"rendered":"Jacob\u2019s Creek Double Barrel Cabernet Sauvignon"},"content":{"rendered":"<p><span style=\"font-family: helvetica, arial, sans-serif;\"><strong>L\u1ecbch S\u1eed &amp; Ngu\u1ed3n G\u1ed1c<\/strong><\/span><br \/>\n<span style=\"font-family: helvetica, arial, sans-serif;\">Jacob\u2019s Creek Double Barrel Cabernet Sauvignon l\u00e0 d\u00f2ng r\u01b0\u1ee3u vang \u0111\u1ed9c \u0111\u00e1o \u0111\u1ebfn t\u1eeb v\u00f9ng Barossa Valley, \u00dac \u2013 m\u1ed9t trong nh\u1eefng v\u00f9ng l\u00e0m vang n\u1ed5i ti\u1ebfng th\u1ebf gi\u1edbi. V\u1edbi l\u1ecbch s\u1eed t\u1eeb n\u0103m 1847, Jacob\u2019s Creek kh\u00f4ng ng\u1eebng \u0111\u1ed5i m\u1edbi v\u00e0 ho\u00e0n thi\u1ec7n k\u1ef9 thu\u1eadt s\u1ea3n xu\u1ea5t \u0111\u1ec3 t\u1ea1o n\u00ean nh\u1eefng d\u00f2ng r\u01b0\u1ee3u vang ch\u1ea5t l\u01b0\u1ee3ng cao. Double Barrel Cabernet Sauvignon \u0111\u01b0\u1ee3c ho\u00e0n thi\u1ec7n trong th\u00f9ng g\u1ed7 s\u1ed3i t\u1eebng ch\u1ee9a r\u01b0\u1ee3u whiskey Ireland, mang \u0111\u1ebfn chi\u1ec1u s\u00e2u v\u00e0 h\u01b0\u01a1ng v\u1ecb \u0111\u1ed9c \u0111\u00e1o, \u0111\u00e1nh d\u1ea5u b\u01b0\u1edbc ti\u1ebfn m\u1edbi trong ngh\u1ec7 thu\u1eadt l\u00e0m r\u01b0\u1ee3u vang.<\/span><\/p>\n<p><span style=\"font-family: helvetica, arial, sans-serif;\"><strong>H\u01b0\u01a1ng V\u1ecb \u0110\u1ed9c \u0110\u00e1o<\/strong><\/span><\/p>\n<ul>\n<li><span style=\"font-family: helvetica, arial, sans-serif;\"><strong>M\u0169i (Nose):<\/strong> H\u01b0\u01a1ng th\u01a1m quy\u1ebfn r\u0169 c\u1ee7a qu\u1ea3 m\u1ecdng ch\u00edn, m\u00e2m x\u00f4i, k\u1ebft h\u1ee3p c\u00f9ng n\u1ed1t h\u01b0\u01a1ng vani, s\u00f4 c\u00f4 la \u0111en v\u00e0 ch\u00fat cay nh\u1eb9 t\u1eeb g\u1ed7 s\u1ed3i.<\/span><\/li>\n<li><span style=\"font-family: helvetica, arial, sans-serif;\"><strong>V\u1ecb (Palate):<\/strong> C\u1ea5u tr\u00fac \u0111\u1ea7y \u0111\u1eb7n, c\u00e2n b\u1eb1ng gi\u1eefa v\u1ecb ch\u00e1t m\u1ec1m m\u1ea1i, v\u1ecb tr\u00e1i c\u00e2y \u0111\u1ecf n\u1ed5i b\u1eadt v\u00e0 s\u1ef1 ph\u1ee9c h\u1ee3p t\u1eeb th\u00f9ng g\u1ed7 whiskey. H\u1eadu v\u1ecb \u0111\u1eadm \u0111\u00e0 v\u1edbi n\u1ed1t caramel v\u00e0 gia v\u1ecb cay n\u1ed3ng.<\/span><\/li>\n<li><span style=\"font-family: helvetica, arial, sans-serif;\"><strong>D\u01b0 v\u1ecb (Finish):<\/strong> D\u00e0i l\u00e2u, m\u01b0\u1ee3t m\u00e0, \u0111\u1ec3 l\u1ea1i c\u1ea3m gi\u00e1c \u1ea5m \u00e1p v\u00e0 tinh t\u1ebf v\u1edbi n\u1ed1t g\u1ed7 s\u1ed3i v\u00e0 th\u1ea3o m\u1ed9c nh\u1eb9 nh\u00e0ng.<\/span><\/li>\n<\/ul>\n<p><span style=\"font-family: helvetica, arial, sans-serif;\"><strong>\u0110\u1eb7c \u0110i\u1ec3m S\u1ea3n Ph\u1ea9m<\/strong><\/span><\/p>\n<ul>\n<li><span style=\"font-family: helvetica, arial, sans-serif;\"><strong>Dung t\u00edch:<\/strong> 750ml<\/span><\/li>\n<li><span style=\"font-family: helvetica, arial, sans-serif;\"><strong>N\u1ed3ng \u0111\u1ed9 c\u1ed3n:<\/strong> 14% ABV<\/span><\/li>\n<li><span style=\"font-family: helvetica, arial, sans-serif;\"><strong>Xu\u1ea5t x\u1ee9:<\/strong> \u00dac<\/span><\/li>\n<\/ul>\n<p><span style=\"font-family: helvetica, arial, sans-serif;\">Jacob\u2019s Creek Double Barrel Cabernet Sauvignon l\u00e0 l\u1ef1a ch\u1ecdn l\u00fd t\u01b0\u1edfng d\u00e0nh cho nh\u1eefng ng\u01b0\u1eddi y\u00eau th\u00edch s\u1ef1 m\u1edbi m\u1ebb trong h\u01b0\u01a1ng v\u1ecb r\u01b0\u1ee3u vang, th\u00edch h\u1ee3p \u0111\u1ec3 th\u01b0\u1edfng th\u1ee9c trong c\u00e1c d\u1ecbp \u0111\u1eb7c bi\u1ec7t ho\u1eb7c l\u00e0m m\u00f3n qu\u00e0 \u00fd ngh\u0129a cho b\u1ea1n b\u00e8, \u0111\u1ed1i t\u00e1c.<\/span><\/p>\n<p><span style=\"font-family: helvetica, arial, sans-serif;\"><strong>R\u01b0\u1ee3u Ngo\u1ea1i Twine \u2013 Th\u01b0\u01a1ng Hi\u1ec7u T\u1eeb N\u0103m 2021<\/strong><\/span><br \/>\n<span style=\"font-family: helvetica, arial, sans-serif;\">\u0110\u1ecba ch\u1ec9: 144, \u0110\u01b0\u1eddng D1, KDC Ph\u00fa H\u00f2a 1, TP. Th\u1ee7 D\u1ea7u M\u1ed9t, B\u00ecnh D\u01b0\u01a1ng<\/span><br \/>\n<span style=\"font-family: helvetica, arial, sans-serif;\">Hotline: 0989.819.859 \u2013 0898.683.465<\/span><br \/>\n<span style=\"font-family: helvetica, arial, sans-serif;\">Fanpage: fb.com\/ruoungoaitwine | fb.com\/ruouvangtwine<\/span><\/p>\n<p><span style=\"font-family: helvetica, arial, sans-serif;\">Twine \u2013 \u0110\u1ed3ng h\u00e0nh c\u00f9ng b\u1ea1n n\u00e2ng t\u1ea7m phong c\u00e1ch s\u1ed1ng v\u1edbi nh\u1eefng d\u00f2ng r\u01b0\u1ee3u ngo\u1ea1i th\u01b0\u1ee3ng h\u1ea1ng!<\/span><\/p>\n","protected":false},"excerpt":{"rendered":"<p><span style=\"font-family: helvetica, arial, sans-serif;\">Jacob\u2019s Creek Double Barrel Cabernet Sauvignon l\u00e0 d\u00f2ng r\u01b0\u1ee3u vang \u0111\u1ed9c \u0111\u00e1o \u0111\u1ebfn t\u1eeb v\u00f9ng Barossa Valley, \u00dac \u2013 m\u1ed9t trong nh\u1eefng v\u00f9ng l\u00e0m vang n\u1ed5i ti\u1ebfng th\u1ebf gi\u1edbi. V\u1edbi l\u1ecbch s\u1eed t\u1eeb n\u0103m 1847, Jacob\u2019s Creek kh\u00f4ng ng\u1eebng \u0111\u1ed5i m\u1edbi v\u00e0 ho\u00e0n thi\u1ec7n k\u1ef9 thu\u1eadt s\u1ea3n xu\u1ea5t \u0111\u1ec3 t\u1ea1o n\u00ean nh\u1eefng d\u00f2ng r\u01b0\u1ee3u vang ch\u1ea5t l\u01b0\u1ee3ng cao. Double Barrel Cabernet Sauvignon \u0111\u01b0\u1ee3c ho\u00e0n thi\u1ec7n trong th\u00f9ng g\u1ed7 s\u1ed3i t\u1eebng ch\u1ee9a r\u01b0\u1ee3u whiskey Ireland, mang \u0111\u1ebfn chi\u1ec1u s\u00e2u v\u00e0 h\u01b0\u01a1ng v\u1ecb \u0111\u1ed9c \u0111\u00e1o, \u0111\u00e1nh d\u1ea5u b\u01b0\u1edbc ti\u1ebfn m\u1edbi trong ngh\u1ec7 thu\u1eadt l\u00e0m r\u01b0\u1ee3u vang.<\/span><\/p>\n","protected":false},"featured_media":25062,"comment_status":"open","ping_status":"closed","template":"","meta":[],"product_cat":[15,153],"product_tag":[],"class_list":{"0":"post-25058","1":"product","2":"type-product","3":"status-publish","4":"has-post-thumbnail","6":"product_cat-ruou-vang","7":"product_cat-ruou-vang-uc","10":"first","11":"instock","12":"shipping-taxable","13":"product-type-simple"},"_links":{"self":[{"href":"https:\/\/twine.vn\/index.php\/wp-json\/wp\/v2\/product\/25058","targetHints":{"allow":["GET"]}}],"collection":[{"href":"https:\/\/twine.vn\/index.php\/wp-json\/wp\/v2\/product"}],"about":[{"href":"https:\/\/twine.vn\/index.php\/wp-json\/wp\/v2\/types\/product"}],"replies":[{"embeddable":true,"href":"https:\/\/twine.vn\/index.php\/wp-json\/wp\/v2\/comments?post=25058"}],"wp:featuredmedia":[{"embeddable":true,"href":"https:\/\/twine.vn\/index.php\/wp-json\/wp\/v2\/media\/25062"}],"wp:attachment":[{"href":"https:\/\/twine.vn\/index.php\/wp-json\/wp\/v2\/media?parent=25058"}],"wp:term":[{"taxonomy":"product_cat","embeddable":true,"href":"https:\/\/twine.vn\/index.php\/wp-json\/wp\/v2\/product_cat?post=25058"},{"taxonomy":"product_tag","embeddable":true,"href":"https:\/\/twine.vn\/index.php\/wp-json\/wp\/v2\/product_tag?post=25058"}],"curies":[{"name":"wp","href":"https:\/\/api.w.org\/{rel}","templated":true}]}}