{"id":25068,"date":"2025-01-06T13:38:23","date_gmt":"2025-01-06T13:38:23","guid":{"rendered":"https:\/\/twine.vn\/?post_type=product&#038;p=25068"},"modified":"2025-01-06T13:38:23","modified_gmt":"2025-01-06T13:38:23","slug":"cinque-stelle-romance","status":"publish","type":"product","link":"https:\/\/twine.vn\/index.php\/product\/cinque-stelle-romance\/","title":{"rendered":"Cinque Stelle Romance"},"content":{"rendered":"<p><span style=\"font-family: helvetica, arial, sans-serif;\"><strong>L\u1ecbch s\u1eed &amp; ngu\u1ed3n g\u1ed1c<\/strong><\/span><br \/>\n<span style=\"font-family: helvetica, arial, sans-serif;\">Cinque Stelle Romance l\u00e0 m\u1ed9t trong nh\u1eefng d\u00f2ng r\u01b0\u1ee3u vang \u0111\u1eb7c tr\u01b0ng \u0111\u1ebfn t\u1eeb n\u01b0\u1edbc \u00dd, \u0111\u01b0\u1ee3c t\u1ea1o ra v\u1edbi ni\u1ec1m \u0111am m\u00ea v\u00e0 s\u1ef1 kh\u00e9o l\u00e9o c\u1ee7a c\u00e1c b\u1eadc th\u1ea7y l\u00e0m vang. Mang bi\u1ec3u t\u01b0\u1ee3ng n\u0103m ng\u00f4i sao (Cinque Stelle), chai vang n\u00e0y th\u1ec3 hi\u1ec7n ch\u1ea5t l\u01b0\u1ee3ng v\u01b0\u1ee3t tr\u1ed9i c\u00f9ng h\u01b0\u01a1ng v\u1ecb tinh t\u1ebf, \u0111\u1ea1i di\u1ec7n cho t\u00ecnh y\u00eau v\u00e0 ngh\u1ec7 thu\u1eadt l\u00e0m r\u01b0\u1ee3u truy\u1ec1n th\u1ed1ng c\u1ee7a n\u01b0\u1edbc \u00dd. \u0110\u00e2y l\u00e0 s\u1ea3n ph\u1ea9m l\u00fd t\u01b0\u1edfng \u0111\u1ec3 th\u01b0\u1edfng th\u1ee9c trong c\u00e1c d\u1ecbp k\u1ef7 ni\u1ec7m ho\u1eb7c b\u1eefa t\u1ed1i l\u00e3ng m\u1ea1n.<\/span><\/p>\n<p><span style=\"font-family: helvetica, arial, sans-serif;\"><strong>H\u01b0\u01a1ng v\u1ecb \u0111\u1ed9c \u0111\u00e1o<\/strong><\/span><\/p>\n<ul>\n<li><span style=\"font-family: helvetica, arial, sans-serif;\"><strong>M\u0169i (Nose):<\/strong> H\u01b0\u01a1ng th\u01a1m ng\u1ecdt ng\u00e0o t\u1eeb c\u00e1c lo\u1ea1i tr\u00e1i c\u00e2y ch\u00edn \u0111\u1ecf nh\u01b0 d\u00e2u t\u00e2y, anh \u0111\u00e0o, c\u00f9ng ch\u00fat n\u1ed1t h\u01b0\u01a1ng vani v\u00e0 gia v\u1ecb nh\u1eb9.<\/span><\/li>\n<li><span style=\"font-family: helvetica, arial, sans-serif;\"><strong>V\u1ecb (Palate):<\/strong> V\u1ecb r\u01b0\u1ee3u tr\u00f2n \u0111\u1ea7y, c\u00e2n b\u1eb1ng v\u1edbi tannin m\u1ec1m m\u1ea1i, mang \u0111\u1ebfn c\u1ea3m gi\u00e1c \u1ea5m \u00e1p v\u00e0 h\u00e0i h\u00f2a gi\u1eefa v\u1ecb ng\u1ecdt v\u00e0 ch\u00e1t nh\u1eb9.<\/span><\/li>\n<li><span style=\"font-family: helvetica, arial, sans-serif;\"><strong>D\u01b0 v\u1ecb (Finish):<\/strong> M\u01b0\u1ee3t m\u00e0 v\u00e0 k\u00e9o d\u00e0i v\u1edbi d\u1ea5u \u1ea5n tinh t\u1ebf c\u1ee7a socola v\u00e0 g\u1ed7 s\u1ed3i.<\/span><\/li>\n<\/ul>\n<p><span style=\"font-family: helvetica, arial, sans-serif;\"><strong>\u0110\u1eb7c \u0111i\u1ec3m s\u1ea3n ph\u1ea9m<\/strong><\/span><\/p>\n<ul>\n<li><span style=\"font-family: helvetica, arial, sans-serif;\">Dung t\u00edch: 750ml<\/span><\/li>\n<li><span style=\"font-family: helvetica, arial, sans-serif;\">N\u1ed3ng \u0111\u1ed9 c\u1ed3n: 14,5% ABV<\/span><\/li>\n<li><span style=\"font-family: helvetica, arial, sans-serif;\">Xu\u1ea5t x\u1ee9: \u00dd<\/span><\/li>\n<li><span style=\"font-family: helvetica, arial, sans-serif;\">Lo\u1ea1i: R\u01b0\u1ee3u vang \u0111\u1ecf<\/span><\/li>\n<\/ul>\n<p><span style=\"font-family: helvetica, arial, sans-serif;\"><strong>C\u00e1ch th\u01b0\u1edfng th\u1ee9c<\/strong><\/span><br \/>\n<span style=\"font-family: helvetica, arial, sans-serif;\">Cinque Stelle Romance tr\u1edf n\u00ean ho\u00e0n h\u1ea3o khi k\u1ebft h\u1ee3p v\u1edbi c\u00e1c m\u00f3n th\u1ecbt \u0111\u1ecf n\u01b0\u1edbng, th\u1ecbt h\u1ea7m, ho\u1eb7c ph\u00f4 mai h\u1ea3o h\u1ea1ng. Nhi\u1ec7t \u0111\u1ed9 l\u00fd t\u01b0\u1edfng \u0111\u1ec3 th\u01b0\u1edfng th\u1ee9c t\u1eeb 16-18\u00b0C, gi\u00fap h\u01b0\u01a1ng v\u1ecb lan t\u1ecfa tr\u1ecdn v\u1eb9n.<\/span><\/p>\n<p><span style=\"font-family: helvetica, arial, sans-serif;\"><strong>R\u01b0\u1ee3u Ngo\u1ea1i Twine \u2013 Th\u01b0\u01a1ng Hi\u1ec7u T\u1eeb N\u0103m 2021<\/strong><\/span><\/p>\n<ul>\n<li><span style=\"font-family: helvetica, arial, sans-serif;\">\u0110\u1ecba ch\u1ec9: 144, \u0110\u01b0\u1eddng D1, KDC Ph\u00fa H\u00f2a 1, TP. Th\u1ee7 D\u1ea7u M\u1ed9t, B\u00ecnh D\u01b0\u01a1ng<\/span><\/li>\n<li><span style=\"font-family: helvetica, arial, sans-serif;\">Hotline: 0989.819.859 \u2013 0898.683.465<\/span><\/li>\n<li><span style=\"font-family: helvetica, arial, sans-serif;\">Fanpage: fb.com\/ruoungoaitwine | fb.com\/ruouvangtwine<\/span><\/li>\n<\/ul>\n<p><span style=\"font-family: helvetica, arial, sans-serif;\"><strong>Twine \u2013 \u0110\u1ed3ng h\u00e0nh c\u00f9ng b\u1ea1n n\u00e2ng t\u1ea7m phong c\u00e1ch s\u1ed1ng v\u1edbi nh\u1eefng d\u00f2ng r\u01b0\u1ee3u ngo\u1ea1i th\u01b0\u1ee3ng h\u1ea1ng!<\/strong><\/span><\/p>\n","protected":false},"excerpt":{"rendered":"<p><span style=\"font-family: helvetica, arial, sans-serif;\">Cinque Stelle Romance l\u00e0 m\u1ed9t trong nh\u1eefng d\u00f2ng r\u01b0\u1ee3u vang \u0111\u1eb7c tr\u01b0ng \u0111\u1ebfn t\u1eeb n\u01b0\u1edbc \u00dd, \u0111\u01b0\u1ee3c t\u1ea1o ra v\u1edbi ni\u1ec1m \u0111am m\u00ea v\u00e0 s\u1ef1 kh\u00e9o l\u00e9o c\u1ee7a c\u00e1c b\u1eadc th\u1ea7y l\u00e0m vang. Mang bi\u1ec3u t\u01b0\u1ee3ng n\u0103m ng\u00f4i sao (Cinque Stelle), chai vang n\u00e0y th\u1ec3 hi\u1ec7n ch\u1ea5t l\u01b0\u1ee3ng v\u01b0\u1ee3t tr\u1ed9i c\u00f9ng h\u01b0\u01a1ng v\u1ecb tinh t\u1ebf, \u0111\u1ea1i di\u1ec7n cho t\u00ecnh y\u00eau v\u00e0 ngh\u1ec7 thu\u1eadt l\u00e0m r\u01b0\u1ee3u truy\u1ec1n th\u1ed1ng c\u1ee7a n\u01b0\u1edbc \u00dd. \u0110\u00e2y l\u00e0 s\u1ea3n ph\u1ea9m l\u00fd t\u01b0\u1edfng \u0111\u1ec3 th\u01b0\u1edfng th\u1ee9c trong c\u00e1c d\u1ecbp k\u1ef7 ni\u1ec7m ho\u1eb7c b\u1eefa t\u1ed1i l\u00e3ng m\u1ea1n.<\/span><\/p>\n","protected":false},"featured_media":25071,"comment_status":"open","ping_status":"closed","template":"","meta":[],"product_cat":[15,150],"product_tag":[],"class_list":{"0":"post-25068","1":"product","2":"type-product","3":"status-publish","4":"has-post-thumbnail","6":"product_cat-ruou-vang","7":"product_cat-ruou-vang-y","10":"first","11":"instock","12":"shipping-taxable","13":"product-type-simple"},"_links":{"self":[{"href":"https:\/\/twine.vn\/index.php\/wp-json\/wp\/v2\/product\/25068","targetHints":{"allow":["GET"]}}],"collection":[{"href":"https:\/\/twine.vn\/index.php\/wp-json\/wp\/v2\/product"}],"about":[{"href":"https:\/\/twine.vn\/index.php\/wp-json\/wp\/v2\/types\/product"}],"replies":[{"embeddable":true,"href":"https:\/\/twine.vn\/index.php\/wp-json\/wp\/v2\/comments?post=25068"}],"wp:featuredmedia":[{"embeddable":true,"href":"https:\/\/twine.vn\/index.php\/wp-json\/wp\/v2\/media\/25071"}],"wp:attachment":[{"href":"https:\/\/twine.vn\/index.php\/wp-json\/wp\/v2\/media?parent=25068"}],"wp:term":[{"taxonomy":"product_cat","embeddable":true,"href":"https:\/\/twine.vn\/index.php\/wp-json\/wp\/v2\/product_cat?post=25068"},{"taxonomy":"product_tag","embeddable":true,"href":"https:\/\/twine.vn\/index.php\/wp-json\/wp\/v2\/product_tag?post=25068"}],"curies":[{"name":"wp","href":"https:\/\/api.w.org\/{rel}","templated":true}]}}