{"id":25073,"date":"2025-01-06T13:43:34","date_gmt":"2025-01-06T13:43:34","guid":{"rendered":"https:\/\/twine.vn\/?post_type=product&#038;p=25073"},"modified":"2025-01-06T13:43:34","modified_gmt":"2025-01-06T13:43:34","slug":"poggio-domino-vino-rosso","status":"publish","type":"product","link":"https:\/\/twine.vn\/index.php\/product\/poggio-domino-vino-rosso\/","title":{"rendered":"Poggio Domino Vino Rosso"},"content":{"rendered":"<p><span style=\"font-family: helvetica, arial, sans-serif;\"><strong>L\u1ecbch s\u1eed &amp; ngu\u1ed3n g\u1ed1c<\/strong><\/span><br \/>\n<span style=\"font-family: helvetica, arial, sans-serif;\">Poggio Domino Vino Rosso l\u00e0 m\u1ed9t bi\u1ec3u t\u01b0\u1ee3ng \u0111\u1ed9c \u0111\u00e1o c\u1ee7a ngh\u1ec7 thu\u1eadt l\u00e0m r\u01b0\u1ee3u \u00dd. V\u1edbi thi\u1ebft k\u1ebf nh\u00e3n chai m\u1ea1nh m\u1ebd, h\u00ecnh \u1ea3nh th\u1ec3 hi\u1ec7n s\u1ee9c m\u1ea1nh v\u00e0 b\u1ea3n l\u0129nh, d\u00f2ng vang n\u00e0y \u0111\u01b0\u1ee3c s\u1ea3n xu\u1ea5t t\u1eeb nh\u1eefng gi\u1ed1ng nho ch\u1ea5t l\u01b0\u1ee3ng cao c\u1ee7a v\u00f9ng \u0111\u1ea5t n\u1ed5i ti\u1ebfng t\u1ea1i \u00dd. Poggio Domino mang \u0111\u1eadm phong c\u00e1ch c\u1ed5 \u0111i\u1ec3n nh\u01b0ng l\u1ea1i pha tr\u1ed9n n\u00e9t hi\u1ec7n \u0111\u1ea1i, t\u1ea1o n\u00ean tr\u1ea3i nghi\u1ec7m th\u00fa v\u1ecb cho nh\u1eefng ai y\u00eau th\u00edch r\u01b0\u1ee3u vang \u0111\u1eadm \u0111\u00e0 v\u00e0 c\u00e1 t\u00ednh.<\/span><\/p>\n<p><span style=\"font-family: helvetica, arial, sans-serif;\"><strong>H\u01b0\u01a1ng v\u1ecb \u0111\u1ed9c \u0111\u00e1o<\/strong><\/span><\/p>\n<ul>\n<li><span style=\"font-family: helvetica, arial, sans-serif;\"><strong>M\u0169i (Nose):<\/strong> H\u01b0\u01a1ng th\u01a1m n\u1ed3ng n\u00e0n c\u1ee7a tr\u00e1i c\u00e2y \u0111\u1ecf ch\u00edn m\u1ecdng nh\u01b0 m\u1eadn v\u00e0 anh \u0111\u00e0o, k\u1ebft h\u1ee3p c\u00f9ng ch\u00fat h\u01b0\u01a1ng ti\u00eau \u0111en v\u00e0 gia v\u1ecb.<\/span><\/li>\n<li><span style=\"font-family: helvetica, arial, sans-serif;\"><strong>V\u1ecb (Palate):<\/strong> V\u1ecb r\u01b0\u1ee3u \u0111\u1eadm, tannin ch\u1eafc nh\u01b0ng h\u00e0i h\u00f2a, c\u00f9ng s\u1ef1 c\u00e2n b\u1eb1ng gi\u1eefa v\u1ecb ch\u00e1t v\u00e0 \u0111\u1ed9 chua d\u1ecbu.<\/span><\/li>\n<li><span style=\"font-family: helvetica, arial, sans-serif;\"><strong>D\u01b0 v\u1ecb (Finish):<\/strong> K\u00e9o d\u00e0i v\u1edbi h\u1eadu v\u1ecb c\u1ee7a chocolate \u0111en v\u00e0 g\u1ed7 s\u1ed3i.<\/span><\/li>\n<\/ul>\n<p><span style=\"font-family: helvetica, arial, sans-serif;\"><strong>\u0110\u1eb7c \u0111i\u1ec3m s\u1ea3n ph\u1ea9m<\/strong><\/span><\/p>\n<ul>\n<li><span style=\"font-family: helvetica, arial, sans-serif;\">Dung t\u00edch: 750ml<\/span><\/li>\n<li><span style=\"font-family: helvetica, arial, sans-serif;\">N\u1ed3ng \u0111\u1ed9 c\u1ed3n: 14% ABV<\/span><\/li>\n<li><span style=\"font-family: helvetica, arial, sans-serif;\">Xu\u1ea5t x\u1ee9: \u00dd<\/span><\/li>\n<li><span style=\"font-family: helvetica, arial, sans-serif;\">Lo\u1ea1i: R\u01b0\u1ee3u vang \u0111\u1ecf<\/span><\/li>\n<\/ul>\n<p><span style=\"font-family: helvetica, arial, sans-serif;\"><strong>C\u00e1ch th\u01b0\u1edfng th\u1ee9c<\/strong><\/span><br \/>\n<span style=\"font-family: helvetica, arial, sans-serif;\">Poggio Domino l\u00fd t\u01b0\u1edfng khi k\u1ebft h\u1ee3p v\u1edbi c\u00e1c m\u00f3n th\u1ecbt n\u01b0\u1edbng, th\u1ecbt b\u00f2 h\u1ea7m, ho\u1eb7c pasta s\u1ed1t th\u1ecbt \u0111\u1eadm \u0111\u00e0. \u0110\u1ec3 c\u1ea3m nh\u1eadn \u0111\u01b0\u1ee3c h\u01b0\u01a1ng v\u1ecb ho\u00e0n h\u1ea3o, h\u00e3y ph\u1ee5c v\u1ee5 r\u01b0\u1ee3u \u1edf nhi\u1ec7t \u0111\u1ed9 t\u1eeb 16-18\u00b0C.<\/span><\/p>\n<p><span style=\"font-family: helvetica, arial, sans-serif;\"><strong>R\u01b0\u1ee3u Ngo\u1ea1i Twine \u2013 Th\u01b0\u01a1ng Hi\u1ec7u T\u1eeb N\u0103m 2021<\/strong><\/span><\/p>\n<ul>\n<li><span style=\"font-family: helvetica, arial, sans-serif;\">\u0110\u1ecba ch\u1ec9: 144, \u0110\u01b0\u1eddng D1, KDC Ph\u00fa H\u00f2a 1, TP. Th\u1ee7 D\u1ea7u M\u1ed9t, B\u00ecnh D\u01b0\u01a1ng<\/span><\/li>\n<li><span style=\"font-family: helvetica, arial, sans-serif;\">Hotline: 0989.819.859 \u2013 0898.683.465<\/span><\/li>\n<li><span style=\"font-family: helvetica, arial, sans-serif;\">Fanpage: fb.com\/ruoungoaitwine | fb.com\/ruouvangtwine<\/span><\/li>\n<\/ul>\n<p><span style=\"font-family: helvetica, arial, sans-serif;\"><strong>Twine \u2013 \u0110\u1ed3ng h\u00e0nh c\u00f9ng b\u1ea1n n\u00e2ng t\u1ea7m phong c\u00e1ch s\u1ed1ng v\u1edbi nh\u1eefng d\u00f2ng r\u01b0\u1ee3u ngo\u1ea1i th\u01b0\u1ee3ng h\u1ea1ng!<\/strong><\/span><\/p>\n","protected":false},"excerpt":{"rendered":"<p><span style=\"font-family: helvetica, arial, sans-serif;\">Poggio Domino Vino Rosso l\u00e0 m\u1ed9t bi\u1ec3u t\u01b0\u1ee3ng \u0111\u1ed9c \u0111\u00e1o c\u1ee7a ngh\u1ec7 thu\u1eadt l\u00e0m r\u01b0\u1ee3u \u00dd. V\u1edbi thi\u1ebft k\u1ebf nh\u00e3n chai m\u1ea1nh m\u1ebd, h\u00ecnh \u1ea3nh th\u1ec3 hi\u1ec7n s\u1ee9c m\u1ea1nh v\u00e0 b\u1ea3n l\u0129nh, d\u00f2ng vang n\u00e0y \u0111\u01b0\u1ee3c s\u1ea3n xu\u1ea5t t\u1eeb nh\u1eefng gi\u1ed1ng nho ch\u1ea5t l\u01b0\u1ee3ng cao c\u1ee7a v\u00f9ng \u0111\u1ea5t n\u1ed5i ti\u1ebfng t\u1ea1i \u00dd. Poggio Domino mang \u0111\u1eadm phong c\u00e1ch c\u1ed5 \u0111i\u1ec3n nh\u01b0ng l\u1ea1i pha tr\u1ed9n n\u00e9t hi\u1ec7n \u0111\u1ea1i, t\u1ea1o n\u00ean tr\u1ea3i nghi\u1ec7m th\u00fa v\u1ecb cho nh\u1eefng ai y\u00eau th\u00edch r\u01b0\u1ee3u vang \u0111\u1eadm \u0111\u00e0 v\u00e0 c\u00e1 t\u00ednh.<\/span><\/p>\n","protected":false},"featured_media":25075,"comment_status":"open","ping_status":"closed","template":"","meta":[],"product_cat":[15,150],"product_tag":[],"class_list":{"0":"post-25073","1":"product","2":"type-product","3":"status-publish","4":"has-post-thumbnail","6":"product_cat-ruou-vang","7":"product_cat-ruou-vang-y","10":"first","11":"instock","12":"shipping-taxable","13":"product-type-simple"},"_links":{"self":[{"href":"https:\/\/twine.vn\/index.php\/wp-json\/wp\/v2\/product\/25073","targetHints":{"allow":["GET"]}}],"collection":[{"href":"https:\/\/twine.vn\/index.php\/wp-json\/wp\/v2\/product"}],"about":[{"href":"https:\/\/twine.vn\/index.php\/wp-json\/wp\/v2\/types\/product"}],"replies":[{"embeddable":true,"href":"https:\/\/twine.vn\/index.php\/wp-json\/wp\/v2\/comments?post=25073"}],"wp:featuredmedia":[{"embeddable":true,"href":"https:\/\/twine.vn\/index.php\/wp-json\/wp\/v2\/media\/25075"}],"wp:attachment":[{"href":"https:\/\/twine.vn\/index.php\/wp-json\/wp\/v2\/media?parent=25073"}],"wp:term":[{"taxonomy":"product_cat","embeddable":true,"href":"https:\/\/twine.vn\/index.php\/wp-json\/wp\/v2\/product_cat?post=25073"},{"taxonomy":"product_tag","embeddable":true,"href":"https:\/\/twine.vn\/index.php\/wp-json\/wp\/v2\/product_tag?post=25073"}],"curies":[{"name":"wp","href":"https:\/\/api.w.org\/{rel}","templated":true}]}}