{"id":25086,"date":"2025-01-08T08:41:55","date_gmt":"2025-01-08T08:41:55","guid":{"rendered":"https:\/\/twine.vn\/?post_type=product&#038;p=25086"},"modified":"2025-01-08T08:41:55","modified_gmt":"2025-01-08T08:41:55","slug":"iris-chardonnay-reserva","status":"publish","type":"product","link":"https:\/\/twine.vn\/index.php\/product\/iris-chardonnay-reserva\/","title":{"rendered":"Iris Chardonnay Reserva"},"content":{"rendered":"<div class=\"flex max-w-full flex-col flex-grow\">\n<div class=\"min-h-8 text-message flex w-full flex-col items-end gap-2 whitespace-normal break-words text-start [.text-message+&amp;]:mt-5\" dir=\"auto\" data-message-author-role=\"assistant\" data-message-id=\"340ac68f-f539-404f-9c69-3e63f3e6afaa\" data-message-model-slug=\"gpt-4o\">\n<div class=\"flex w-full flex-col gap-1 empty:hidden first:pt-[3px]\">\n<div class=\"markdown prose w-full break-words dark:prose-invert dark\">\n<p><span style=\"font-family: helvetica, arial, sans-serif;\"><strong>L\u1ecbch s\u1eed &amp; ngu\u1ed3n g\u1ed1c<\/strong><\/span><br \/>\n<span style=\"font-family: helvetica, arial, sans-serif;\">Iris Chardonnay Reserva l\u00e0 chai r\u01b0\u1ee3u vang tr\u1eafng \u0111\u1ebfn t\u1eeb D.O. Curic\u00f3 Valley, Chile \u2013 v\u00f9ng \u0111\u1ea5t tr\u1ee9 danh v\u1edbi kh\u00ed h\u1eadu \u00f4n h\u00f2a, l\u00fd t\u01b0\u1edfng cho vi\u1ec7c tr\u1ed3ng nho l\u00e0m vang h\u1ea3o h\u1ea1ng. V\u1edbi s\u1ef1 k\u1ebft h\u1ee3p gi\u1eefa truy\u1ec1n th\u1ed1ng v\u00e0 phong c\u00e1ch hi\u1ec7n \u0111\u1ea1i, nh\u00e0 s\u1ea3n xu\u1ea5t \u0111\u00e3 ch\u1ecdn l\u1ecdc k\u1ef9 c\u00e0ng nh\u1eefng tr\u00e1i nho Chardonnay t\u01b0\u01a1i ngon nh\u1ea5t \u0111\u1ec3 t\u1ea1o ra d\u00f2ng s\u1ea3n ph\u1ea9m mang h\u01b0\u01a1ng v\u1ecb \u0111\u1eb7c tr\u01b0ng c\u1ee7a thung l\u0169ng Curic\u00f3.<\/span><\/p>\n<p><span style=\"font-family: helvetica, arial, sans-serif;\"><strong>H\u01b0\u01a1ng v\u1ecb \u0111\u1ed9c \u0111\u00e1o<\/strong><\/span><\/p>\n<ul>\n<li><span style=\"font-family: helvetica, arial, sans-serif;\"><strong>M\u0169i (Nose):<\/strong> H\u01b0\u01a1ng th\u01a1m t\u01b0\u01a1i m\u00e1t t\u1eeb tr\u00e1i c\u00e2y nh\u01b0 t\u00e1o xanh, l\u00ea, v\u00e0 m\u1ed9t ch\u00fat cam qu\u00fdt nh\u1eb9 nh\u00e0ng, h\u00f2a quy\u1ec7n v\u1edbi n\u1ed1t h\u01b0\u01a1ng hoa tr\u1eafng.<\/span><\/li>\n<li><span style=\"font-family: helvetica, arial, sans-serif;\"><strong>V\u1ecb (Palate):<\/strong> V\u1ecb vang tr\u00f2n tr\u1ecba, c\u00e2n b\u1eb1ng v\u1edbi \u0111\u1ed9 chua v\u1eeba ph\u1ea3i, n\u1ed5i b\u1eadt v\u1edbi s\u1ef1 h\u00f2a quy\u1ec7n gi\u1eefa tr\u00e1i c\u00e2y nhi\u1ec7t \u0111\u1edbi v\u00e0 ch\u00fat tho\u00e1ng v\u1ecb b\u01a1 b\u00e9o.<\/span><\/li>\n<li><span style=\"font-family: helvetica, arial, sans-serif;\"><strong>D\u01b0 v\u1ecb (Finish):<\/strong> M\u01b0\u1ee3t m\u00e0, k\u00e9o d\u00e0i v\u1edbi d\u1ea5u \u1ea5n c\u1ee7a vani v\u00e0 h\u1ea1t d\u1ebb rang.<\/span><\/li>\n<\/ul>\n<p><span style=\"font-family: helvetica, arial, sans-serif;\"><strong>\u0110\u1eb7c \u0111i\u1ec3m s\u1ea3n ph\u1ea9m<\/strong><\/span><\/p>\n<ul>\n<li><span style=\"font-family: helvetica, arial, sans-serif;\"><strong>Dung t\u00edch:<\/strong> 750ml<\/span><\/li>\n<li><span style=\"font-family: helvetica, arial, sans-serif;\"><strong>N\u1ed3ng \u0111\u1ed9 c\u1ed3n:<\/strong> 13% ABV<\/span><\/li>\n<li><span style=\"font-family: helvetica, arial, sans-serif;\"><strong>Xu\u1ea5t x\u1ee9:<\/strong> Curic\u00f3 Valley, Chile<\/span><\/li>\n<li><span style=\"font-family: helvetica, arial, sans-serif;\"><strong>Lo\u1ea1i:<\/strong> R\u01b0\u1ee3u vang tr\u1eafng<\/span><\/li>\n<\/ul>\n<p><span style=\"font-family: helvetica, arial, sans-serif;\"><strong>C\u00e1ch th\u01b0\u1edfng th\u1ee9c<\/strong><\/span><br \/>\n<span style=\"font-family: helvetica, arial, sans-serif;\">Iris Chardonnay Reserva ho\u00e0n h\u1ea3o khi d\u00f9ng k\u00e8m c\u00e1c m\u00f3n h\u1ea3i s\u1ea3n, th\u1ecbt g\u00e0 n\u01b0\u1edbng, ho\u1eb7c ph\u00f4 mai m\u1ec1m. Nhi\u1ec7t \u0111\u1ed9 l\u00fd t\u01b0\u1edfng \u0111\u1ec3 th\u01b0\u1edfng th\u1ee9c r\u01b0\u1ee3u l\u00e0 10-12\u00b0C, gi\u00fap t\u00f4n l\u00ean tr\u1ecdn v\u1eb9n h\u01b0\u01a1ng v\u1ecb tinh t\u1ebf c\u1ee7a chai vang.<\/span><\/p>\n<hr \/>\n<p><span style=\"font-family: helvetica, arial, sans-serif;\"><strong>R\u01b0\u1ee3u Ngo\u1ea1i Twine \u2013 Th\u01b0\u01a1ng Hi\u1ec7u T\u1eeb N\u0103m 2021<\/strong><\/span><\/p>\n<ul>\n<li><span style=\"font-family: helvetica, arial, sans-serif;\">\u0110\u1ecba ch\u1ec9: 144, \u0110\u01b0\u1eddng D1, KDC Ph\u00fa H\u00f2a 1, TP. Th\u1ee7 D\u1ea7u M\u1ed9t, B\u00ecnh D\u01b0\u01a1ng<\/span><\/li>\n<li><span style=\"font-family: helvetica, arial, sans-serif;\">Hotline: 0989.819.859 \u2013 0898.683.465<\/span><\/li>\n<li><span style=\"font-family: helvetica, arial, sans-serif;\">Fanpage: fb.com\/ruoungoaitwine | fb.com\/ruouvangtwine<\/span><br \/>\n<span style=\"font-family: helvetica, arial, sans-serif;\"><strong>Twine \u2013 \u0110\u1ed3ng h\u00e0nh c\u00f9ng b\u1ea1n n\u00e2ng t\u1ea7m phong c\u00e1ch s\u1ed1ng v\u1edbi nh\u1eefng d\u00f2ng r\u01b0\u1ee3u ngo\u1ea1i th\u01b0\u1ee3ng h\u1ea1ng.<\/strong><\/span><\/li>\n<\/ul>\n<\/div>\n<\/div>\n<\/div>\n<\/div>\n<div class=\"mb-2 flex gap-3 empty:hidden -ml-2\">\n<div class=\"items-center justify-start rounded-xl p-1 flex\"><\/div>\n<\/div>\n","protected":false},"excerpt":{"rendered":"<p><span style=\"font-family: helvetica, arial, sans-serif;\">Iris Chardonnay Reserva l\u00e0 chai r\u01b0\u1ee3u vang tr\u1eafng \u0111\u1ebfn t\u1eeb D.O. Curic\u00f3 Valley, Chile \u2013 v\u00f9ng \u0111\u1ea5t tr\u1ee9 danh v\u1edbi kh\u00ed h\u1eadu \u00f4n h\u00f2a, l\u00fd t\u01b0\u1edfng cho vi\u1ec7c tr\u1ed3ng nho l\u00e0m vang h\u1ea3o h\u1ea1ng. V\u1edbi s\u1ef1 k\u1ebft h\u1ee3p gi\u1eefa truy\u1ec1n th\u1ed1ng v\u00e0 phong c\u00e1ch hi\u1ec7n \u0111\u1ea1i, nh\u00e0 s\u1ea3n xu\u1ea5t \u0111\u00e3 ch\u1ecdn l\u1ecdc k\u1ef9 c\u00e0ng nh\u1eefng tr\u00e1i nho Chardonnay t\u01b0\u01a1i ngon nh\u1ea5t \u0111\u1ec3 t\u1ea1o ra d\u00f2ng s\u1ea3n ph\u1ea9m mang h\u01b0\u01a1ng v\u1ecb \u0111\u1eb7c tr\u01b0ng c\u1ee7a thung l\u0169ng Curic\u00f3.<\/span><\/p>\n","protected":false},"featured_media":25089,"comment_status":"open","ping_status":"closed","template":"","meta":[],"product_cat":[15,151,125],"product_tag":[],"class_list":{"0":"post-25086","1":"product","2":"type-product","3":"status-publish","4":"has-post-thumbnail","6":"product_cat-ruou-vang","7":"product_cat-ruou-vang-chile","8":"product_cat-white-wines","11":"first","12":"instock","13":"shipping-taxable","14":"product-type-simple"},"_links":{"self":[{"href":"https:\/\/twine.vn\/index.php\/wp-json\/wp\/v2\/product\/25086","targetHints":{"allow":["GET"]}}],"collection":[{"href":"https:\/\/twine.vn\/index.php\/wp-json\/wp\/v2\/product"}],"about":[{"href":"https:\/\/twine.vn\/index.php\/wp-json\/wp\/v2\/types\/product"}],"replies":[{"embeddable":true,"href":"https:\/\/twine.vn\/index.php\/wp-json\/wp\/v2\/comments?post=25086"}],"wp:featuredmedia":[{"embeddable":true,"href":"https:\/\/twine.vn\/index.php\/wp-json\/wp\/v2\/media\/25089"}],"wp:attachment":[{"href":"https:\/\/twine.vn\/index.php\/wp-json\/wp\/v2\/media?parent=25086"}],"wp:term":[{"taxonomy":"product_cat","embeddable":true,"href":"https:\/\/twine.vn\/index.php\/wp-json\/wp\/v2\/product_cat?post=25086"},{"taxonomy":"product_tag","embeddable":true,"href":"https:\/\/twine.vn\/index.php\/wp-json\/wp\/v2\/product_tag?post=25086"}],"curies":[{"name":"wp","href":"https:\/\/api.w.org\/{rel}","templated":true}]}}