{"id":25090,"date":"2025-01-08T08:48:33","date_gmt":"2025-01-08T08:48:33","guid":{"rendered":"https:\/\/twine.vn\/?post_type=product&#038;p=25090"},"modified":"2025-01-08T08:48:33","modified_gmt":"2025-01-08T08:48:33","slug":"iris-syrah-reserva","status":"publish","type":"product","link":"https:\/\/twine.vn\/index.php\/product\/iris-syrah-reserva\/","title":{"rendered":"Iris Syrah Reserva"},"content":{"rendered":"<p><span style=\"font-family: helvetica, arial, sans-serif;\"><strong>L\u1ecbch s\u1eed &amp; ngu\u1ed3n g\u1ed1c<\/strong><\/span><br \/>\n<span style=\"font-family: helvetica, arial, sans-serif;\">Iris Syrah Reserva l\u00e0 chai r\u01b0\u1ee3u vang \u0111\u1ecf \u0111\u1ebfn t\u1eeb D.O. Colchagua Valley, Chile \u2013 m\u1ed9t trong nh\u1eefng v\u00f9ng tr\u1ed3ng nho n\u1ed5i ti\u1ebfng nh\u1ea5t c\u1ee7a qu\u1ed1c gia n\u00e0y, n\u01a1i c\u00f3 \u0111i\u1ec1u ki\u1ec7n ho\u00e0n h\u1ea3o \u0111\u1ec3 s\u1ea3n xu\u1ea5t c\u00e1c d\u00f2ng vang Syrah \u0111\u1ea7y c\u00e1 t\u00ednh. V\u1edbi s\u1ef1 k\u1ebft h\u1ee3p gi\u1eefa k\u1ef9 thu\u1eadt l\u00e0m vang hi\u1ec7n \u0111\u1ea1i v\u00e0 t\u00ecnh y\u00eau d\u00e0nh cho ngh\u1ec7 thu\u1eadt l\u00e0m r\u01b0\u1ee3u truy\u1ec1n th\u1ed1ng, Iris Syrah Reserva \u0111\u00e3 chinh ph\u1ee5c ng\u01b0\u1eddi y\u00eau vang b\u1eb1ng h\u01b0\u01a1ng v\u1ecb m\u1ea1nh m\u1ebd v\u00e0 phong ph\u00fa.<\/span><\/p>\n<p><span style=\"font-family: helvetica, arial, sans-serif;\"><strong>H\u01b0\u01a1ng v\u1ecb \u0111\u1ed9c \u0111\u00e1o<\/strong><\/span><\/p>\n<ul>\n<li><span style=\"font-family: helvetica, arial, sans-serif;\"><strong>M\u0169i (Nose):<\/strong> H\u01b0\u01a1ng th\u01a1m quy\u1ebfn r\u0169 t\u1eeb qu\u1ea3 m\u1ecdng \u0111en nh\u01b0 m\u00e2m x\u00f4i, l\u00fd chua \u0111en, \u0111i\u1ec3m th\u00eam n\u1ed1t cay c\u1ee7a ti\u00eau \u0111en v\u00e0 ch\u00fat tho\u1ea3ng h\u01b0\u01a1ng g\u1ed7 s\u1ed3i.<\/span><\/li>\n<li><span style=\"font-family: helvetica, arial, sans-serif;\"><strong>V\u1ecb (Palate):<\/strong> V\u1ecb r\u01b0\u1ee3u m\u1ea1nh m\u1ebd, \u0111\u1eadm \u0111\u00e0 v\u1edbi tannin tr\u00f2n tr\u1ecba, k\u1ebft h\u1ee3p ho\u00e0n h\u1ea3o gi\u1eefa tr\u00e1i c\u00e2y ch\u00edn v\u00e0 gia v\u1ecb cay n\u1ed3ng.<\/span><\/li>\n<li><span style=\"font-family: helvetica, arial, sans-serif;\"><strong>D\u01b0 v\u1ecb (Finish):<\/strong> K\u00e9o d\u00e0i v\u1edbi h\u1eadu v\u1ecb c\u1ee7a chocolate \u0111en v\u00e0 tho\u1ea3ng ch\u00fat kh\u00f3i.<\/span><\/li>\n<\/ul>\n<p><span style=\"font-family: helvetica, arial, sans-serif;\"><strong>\u0110\u1eb7c \u0111i\u1ec3m s\u1ea3n ph\u1ea9m<\/strong><\/span><\/p>\n<ul>\n<li><span style=\"font-family: helvetica, arial, sans-serif;\"><strong>Dung t\u00edch:<\/strong> 750ml<\/span><\/li>\n<li><span style=\"font-family: helvetica, arial, sans-serif;\"><strong>N\u1ed3ng \u0111\u1ed9 c\u1ed3n:<\/strong> 14% ABV<\/span><\/li>\n<li><span style=\"font-family: helvetica, arial, sans-serif;\"><strong>Xu\u1ea5t x\u1ee9:<\/strong> Colchagua Valley, Chile<\/span><\/li>\n<li><span style=\"font-family: helvetica, arial, sans-serif;\"><strong>Lo\u1ea1i:<\/strong> R\u01b0\u1ee3u vang \u0111\u1ecf<\/span><\/li>\n<\/ul>\n<p><span style=\"font-family: helvetica, arial, sans-serif;\"><strong>C\u00e1ch th\u01b0\u1edfng th\u1ee9c<\/strong><\/span><br \/>\n<span style=\"font-family: helvetica, arial, sans-serif;\">Iris Syrah Reserva l\u00e0 l\u1ef1a ch\u1ecdn tuy\u1ec7t v\u1eddi khi k\u1ebft h\u1ee3p c\u00f9ng c\u00e1c m\u00f3n th\u1ecbt \u0111\u1ecf nh\u01b0 b\u00f2 b\u00edt t\u1ebft, th\u1ecbt c\u1eebu n\u01b0\u1edbng, ho\u1eb7c c\u00e1c m\u00f3n \u0103n \u0111\u1eadm gia v\u1ecb. Nhi\u1ec7t \u0111\u1ed9 l\u00fd t\u01b0\u1edfng \u0111\u1ec3 th\u01b0\u1edfng th\u1ee9c r\u01b0\u1ee3u l\u00e0 16-18\u00b0C, gi\u00fap b\u1ed9c l\u1ed9 tr\u1ecdn v\u1eb9n t\u1ea7ng h\u01b0\u01a1ng v\u00e0 \u0111\u1ed9 ph\u1ee9c h\u1ee3p c\u1ee7a r\u01b0\u1ee3u.<\/span><\/p>\n<hr \/>\n<p><span style=\"font-family: helvetica, arial, sans-serif;\"><strong>R\u01b0\u1ee3u Ngo\u1ea1i Twine \u2013 Th\u01b0\u01a1ng Hi\u1ec7u T\u1eeb N\u0103m 2021<\/strong><\/span><\/p>\n<ul>\n<li><span style=\"font-family: helvetica, arial, sans-serif;\">\u0110\u1ecba ch\u1ec9: 144, \u0110\u01b0\u1eddng D1, KDC Ph\u00fa H\u00f2a 1, TP. Th\u1ee7 D\u1ea7u M\u1ed9t, B\u00ecnh D\u01b0\u01a1ng<\/span><\/li>\n<li><span style=\"font-family: helvetica, arial, sans-serif;\">Hotline: 0989.819.859 \u2013 0898.683.465<\/span><\/li>\n<li><span style=\"font-family: helvetica, arial, sans-serif;\">Fanpage: fb.com\/ruoungoaitwine | fb.com\/ruouvangtwine<\/span><br \/>\n<span style=\"font-family: helvetica, arial, sans-serif;\"><strong>Twine \u2013 \u0110\u1ed3ng h\u00e0nh c\u00f9ng b\u1ea1n n\u00e2ng t\u1ea7m phong c\u00e1ch s\u1ed1ng v\u1edbi nh\u1eefng d\u00f2ng r\u01b0\u1ee3u ngo\u1ea1i th\u01b0\u1ee3ng h\u1ea1ng!<\/strong><\/span><\/li>\n<\/ul>\n","protected":false},"excerpt":{"rendered":"<p><span style=\"font-family: helvetica, arial, sans-serif;\">Iris Syrah Reserva l\u00e0 chai r\u01b0\u1ee3u vang \u0111\u1ecf \u0111\u1ebfn t\u1eeb D.O. Colchagua Valley, Chile \u2013 m\u1ed9t trong nh\u1eefng v\u00f9ng tr\u1ed3ng nho n\u1ed5i ti\u1ebfng nh\u1ea5t c\u1ee7a qu\u1ed1c gia n\u00e0y, n\u01a1i c\u00f3 \u0111i\u1ec1u ki\u1ec7n ho\u00e0n h\u1ea3o \u0111\u1ec3 s\u1ea3n xu\u1ea5t c\u00e1c d\u00f2ng vang Syrah \u0111\u1ea7y c\u00e1 t\u00ednh. V\u1edbi s\u1ef1 k\u1ebft h\u1ee3p gi\u1eefa k\u1ef9 thu\u1eadt l\u00e0m vang hi\u1ec7n \u0111\u1ea1i v\u00e0 t\u00ecnh y\u00eau d\u00e0nh cho ngh\u1ec7 thu\u1eadt l\u00e0m r\u01b0\u1ee3u truy\u1ec1n th\u1ed1ng, Iris Syrah Reserva \u0111\u00e3 chinh ph\u1ee5c ng\u01b0\u1eddi y\u00eau vang b\u1eb1ng h\u01b0\u01a1ng v\u1ecb m\u1ea1nh m\u1ebd v\u00e0 phong ph\u00fa.<\/span><\/p>\n","protected":false},"featured_media":25094,"comment_status":"open","ping_status":"closed","template":"","meta":[],"product_cat":[15,151,103],"product_tag":[],"class_list":{"0":"post-25090","1":"product","2":"type-product","3":"status-publish","4":"has-post-thumbnail","6":"product_cat-ruou-vang","7":"product_cat-ruou-vang-chile","8":"product_cat-red-wines","11":"first","12":"instock","13":"shipping-taxable","14":"product-type-simple"},"_links":{"self":[{"href":"https:\/\/twine.vn\/index.php\/wp-json\/wp\/v2\/product\/25090","targetHints":{"allow":["GET"]}}],"collection":[{"href":"https:\/\/twine.vn\/index.php\/wp-json\/wp\/v2\/product"}],"about":[{"href":"https:\/\/twine.vn\/index.php\/wp-json\/wp\/v2\/types\/product"}],"replies":[{"embeddable":true,"href":"https:\/\/twine.vn\/index.php\/wp-json\/wp\/v2\/comments?post=25090"}],"wp:featuredmedia":[{"embeddable":true,"href":"https:\/\/twine.vn\/index.php\/wp-json\/wp\/v2\/media\/25094"}],"wp:attachment":[{"href":"https:\/\/twine.vn\/index.php\/wp-json\/wp\/v2\/media?parent=25090"}],"wp:term":[{"taxonomy":"product_cat","embeddable":true,"href":"https:\/\/twine.vn\/index.php\/wp-json\/wp\/v2\/product_cat?post=25090"},{"taxonomy":"product_tag","embeddable":true,"href":"https:\/\/twine.vn\/index.php\/wp-json\/wp\/v2\/product_tag?post=25090"}],"curies":[{"name":"wp","href":"https:\/\/api.w.org\/{rel}","templated":true}]}}