{"id":25096,"date":"2025-01-08T09:01:07","date_gmt":"2025-01-08T09:01:07","guid":{"rendered":"https:\/\/twine.vn\/?post_type=product&#038;p=25096"},"modified":"2025-01-08T09:01:07","modified_gmt":"2025-01-08T09:01:07","slug":"arrogant-frog-terroir-pezenas-grande-reserve-2020","status":"publish","type":"product","link":"https:\/\/twine.vn\/index.php\/product\/arrogant-frog-terroir-pezenas-grande-reserve-2020\/","title":{"rendered":"Arrogant Frog Terroir P\u00e9zenas Grande R\u00e9serve 2020"},"content":{"rendered":"<p><span style=\"font-family: helvetica, arial, sans-serif;\"><strong>L\u1ecbch s\u1eed &amp; ngu\u1ed3n g\u1ed1c<\/strong><\/span><br \/>\n<span style=\"font-family: helvetica, arial, sans-serif;\">Arrogant Frog Terroir P\u00e9zenas Grande R\u00e9serve 2020 l\u00e0 m\u1ed9t chai r\u01b0\u1ee3u vang \u0111\u1ecf th\u01b0\u1ee3ng h\u1ea1ng \u0111\u1ebfn t\u1eeb v\u00f9ng Languedoc, mi\u1ec1n Nam n\u01b0\u1edbc Ph\u00e1p \u2013 n\u01a1i n\u1ed5i ti\u1ebfng v\u1edbi truy\u1ec1n th\u1ed1ng l\u00e0m r\u01b0\u1ee3u l\u00e2u \u0111\u1eddi v\u00e0 phong c\u1ea3nh n\u00f4ng th\u00f4n th\u01a1 m\u1ed9ng. \u0110\u01b0\u1ee3c s\u1ea3n xu\u1ea5t b\u1edfi th\u01b0\u01a1ng hi\u1ec7u Arrogant Frog d\u01b0\u1edbi b\u00e0n tay t\u00e0i hoa c\u1ee7a nh\u00e0 l\u00e0m r\u01b0\u1ee3u Jean-Claude Mas, d\u00f2ng vang n\u00e0y th\u1ec3 hi\u1ec7n s\u1ef1 k\u1ebft h\u1ee3p ho\u00e0n h\u1ea3o gi\u1eefa ngh\u1ec7 thu\u1eadt l\u00e0m vang hi\u1ec7n \u0111\u1ea1i v\u00e0 ni\u1ec1m t\u1ef1 h\u00e0o v\u1ec1 di s\u1ea3n r\u01b0\u1ee3u vang Ph\u00e1p.<\/span><\/p>\n<p><span style=\"font-family: helvetica, arial, sans-serif;\"><strong>H\u01b0\u01a1ng v\u1ecb \u0111\u1ed9c \u0111\u00e1o<\/strong><\/span><\/p>\n<ul>\n<li><span style=\"font-family: helvetica, arial, sans-serif;\"><strong>M\u0169i (Nose):<\/strong> M\u00f9i th\u01a1m phong ph\u00fa c\u1ee7a tr\u00e1i c\u00e2y \u0111\u1ecf ch\u00edn nh\u01b0 anh \u0111\u00e0o, d\u00e2u t\u1eb1m, h\u00f2a quy\u1ec7n c\u00f9ng n\u1ed1t cay nh\u1eb9 c\u1ee7a h\u1ea1t ti\u00eau v\u00e0 h\u01b0\u01a1ng vani tinh t\u1ebf t\u1eeb g\u1ed7 s\u1ed3i.<\/span><\/li>\n<li><span style=\"font-family: helvetica, arial, sans-serif;\"><strong>V\u1ecb (Palate):<\/strong> V\u1ecb r\u01b0\u1ee3u \u0111\u1ea7y \u0111\u1eb7n, m\u1ec1m m\u1ea1i v\u1edbi tannin c\u00e2n b\u1eb1ng, n\u1ed5i b\u1eadt s\u1ef1 k\u1ebft h\u1ee3p h\u00e0i h\u00f2a gi\u1eefa h\u01b0\u01a1ng v\u1ecb tr\u00e1i c\u00e2y v\u00e0 gia v\u1ecb.<\/span><\/li>\n<li><span style=\"font-family: helvetica, arial, sans-serif;\"><strong>D\u01b0 v\u1ecb (Finish):<\/strong> L\u00e2u d\u00e0i v\u00e0 thanh l\u1ecbch v\u1edbi d\u01b0 v\u1ecb c\u1ee7a chocolate \u0111en v\u00e0 cam th\u1ea3o.<\/span><\/li>\n<\/ul>\n<p><span style=\"font-family: helvetica, arial, sans-serif;\"><strong>\u0110\u1eb7c \u0111i\u1ec3m s\u1ea3n ph\u1ea9m<\/strong><\/span><\/p>\n<ul>\n<li><span style=\"font-family: helvetica, arial, sans-serif;\"><strong>Dung t\u00edch:<\/strong> 750ml<\/span><\/li>\n<li><span style=\"font-family: helvetica, arial, sans-serif;\"><strong>N\u1ed3ng \u0111\u1ed9 c\u1ed3n:<\/strong> 14% ABV<\/span><\/li>\n<li><span style=\"font-family: helvetica, arial, sans-serif;\"><strong>Xu\u1ea5t x\u1ee9:<\/strong> Languedoc, Ph\u00e1p<\/span><\/li>\n<li><span style=\"font-family: helvetica, arial, sans-serif;\"><strong>Lo\u1ea1i:<\/strong> R\u01b0\u1ee3u vang \u0111\u1ecf<\/span><\/li>\n<\/ul>\n<p><span style=\"font-family: helvetica, arial, sans-serif;\"><strong>C\u00e1ch th\u01b0\u1edfng th\u1ee9c<\/strong><\/span><br \/>\n<span style=\"font-family: helvetica, arial, sans-serif;\">Arrogant Frog Terroir P\u00e9zenas Grande R\u00e9serve l\u00fd t\u01b0\u1edfng khi k\u1ebft h\u1ee3p c\u00f9ng c\u00e1c m\u00f3n th\u1ecbt n\u01b0\u1edbng, th\u1ecbt c\u1eebu s\u1ed1t ti\u00eau, ho\u1eb7c c\u00e1c lo\u1ea1i ph\u00f4 mai tr\u01b0\u1edfng th\u00e0nh. \u0110\u1ec3 c\u1ea3m nh\u1eadn tr\u1ecdn v\u1eb9n h\u01b0\u01a1ng v\u1ecb, n\u00ean ph\u1ee5c v\u1ee5 r\u01b0\u1ee3u \u1edf nhi\u1ec7t \u0111\u1ed9 16-18\u00b0C.<\/span><\/p>\n<hr \/>\n<p><span style=\"font-family: helvetica, arial, sans-serif;\"><strong>R\u01b0\u1ee3u Ngo\u1ea1i Twine \u2013 Th\u01b0\u01a1ng Hi\u1ec7u T\u1eeb N\u0103m 2021<\/strong><\/span><\/p>\n<ul>\n<li><span style=\"font-family: helvetica, arial, sans-serif;\">\u0110\u1ecba ch\u1ec9: 144, \u0110\u01b0\u1eddng D1, KDC Ph\u00fa H\u00f2a 1, TP. Th\u1ee7 D\u1ea7u M\u1ed9t, B\u00ecnh D\u01b0\u01a1ng<\/span><\/li>\n<li><span style=\"font-family: helvetica, arial, sans-serif;\">Hotline: 0989.819.859 \u2013 0898.683.465<\/span><\/li>\n<li><span style=\"font-family: helvetica, arial, sans-serif;\">Fanpage: fb.com\/ruoungoaitwine | fb.com\/ruouvangtwine<\/span><br \/>\n<span style=\"font-family: helvetica, arial, sans-serif;\"><strong>Twine \u2013 \u0110\u1ed3ng h\u00e0nh c\u00f9ng b\u1ea1n n\u00e2ng t\u1ea7m phong c\u00e1ch s\u1ed1ng v\u1edbi nh\u1eefng d\u00f2ng r\u01b0\u1ee3u ngo\u1ea1i th\u01b0\u1ee3ng h\u1ea1ng!<\/strong><\/span><\/li>\n<\/ul>\n","protected":false},"excerpt":{"rendered":"<p><span style=\"font-family: helvetica, arial, sans-serif;\">Arrogant Frog Terroir P\u00e9zenas Grande R\u00e9serve 2020 l\u00e0 m\u1ed9t chai r\u01b0\u1ee3u vang \u0111\u1ecf th\u01b0\u1ee3ng h\u1ea1ng \u0111\u1ebfn t\u1eeb v\u00f9ng Languedoc, mi\u1ec1n Nam n\u01b0\u1edbc Ph\u00e1p \u2013 n\u01a1i n\u1ed5i ti\u1ebfng v\u1edbi truy\u1ec1n th\u1ed1ng l\u00e0m r\u01b0\u1ee3u l\u00e2u \u0111\u1eddi v\u00e0 phong c\u1ea3nh n\u00f4ng th\u00f4n th\u01a1 m\u1ed9ng. \u0110\u01b0\u1ee3c s\u1ea3n xu\u1ea5t b\u1edfi th\u01b0\u01a1ng hi\u1ec7u Arrogant Frog d\u01b0\u1edbi b\u00e0n tay t\u00e0i hoa c\u1ee7a nh\u00e0 l\u00e0m r\u01b0\u1ee3u Jean-Claude Mas, d\u00f2ng vang n\u00e0y th\u1ec3 hi\u1ec7n s\u1ef1 k\u1ebft h\u1ee3p ho\u00e0n h\u1ea3o gi\u1eefa ngh\u1ec7 thu\u1eadt l\u00e0m vang hi\u1ec7n \u0111\u1ea1i v\u00e0 ni\u1ec1m t\u1ef1 h\u00e0o v\u1ec1 di s\u1ea3n r\u01b0\u1ee3u vang Ph\u00e1p.<\/span><\/p>\n","protected":false},"featured_media":25100,"comment_status":"open","ping_status":"closed","template":"","meta":[],"product_cat":[15,152,103],"product_tag":[],"class_list":{"0":"post-25096","1":"product","2":"type-product","3":"status-publish","4":"has-post-thumbnail","6":"product_cat-ruou-vang","7":"product_cat-ruou-vang-phap","8":"product_cat-red-wines","11":"first","12":"instock","13":"shipping-taxable","14":"product-type-simple"},"_links":{"self":[{"href":"https:\/\/twine.vn\/index.php\/wp-json\/wp\/v2\/product\/25096","targetHints":{"allow":["GET"]}}],"collection":[{"href":"https:\/\/twine.vn\/index.php\/wp-json\/wp\/v2\/product"}],"about":[{"href":"https:\/\/twine.vn\/index.php\/wp-json\/wp\/v2\/types\/product"}],"replies":[{"embeddable":true,"href":"https:\/\/twine.vn\/index.php\/wp-json\/wp\/v2\/comments?post=25096"}],"wp:featuredmedia":[{"embeddable":true,"href":"https:\/\/twine.vn\/index.php\/wp-json\/wp\/v2\/media\/25100"}],"wp:attachment":[{"href":"https:\/\/twine.vn\/index.php\/wp-json\/wp\/v2\/media?parent=25096"}],"wp:term":[{"taxonomy":"product_cat","embeddable":true,"href":"https:\/\/twine.vn\/index.php\/wp-json\/wp\/v2\/product_cat?post=25096"},{"taxonomy":"product_tag","embeddable":true,"href":"https:\/\/twine.vn\/index.php\/wp-json\/wp\/v2\/product_tag?post=25096"}],"curies":[{"name":"wp","href":"https:\/\/api.w.org\/{rel}","templated":true}]}}