{"id":25101,"date":"2025-01-08T09:05:41","date_gmt":"2025-01-08T09:05:41","guid":{"rendered":"https:\/\/twine.vn\/?post_type=product&#038;p=25101"},"modified":"2025-01-08T09:05:41","modified_gmt":"2025-01-08T09:05:41","slug":"calvet-minervois-mosaique-2019","status":"publish","type":"product","link":"https:\/\/twine.vn\/index.php\/product\/calvet-minervois-mosaique-2019\/","title":{"rendered":"Calvet Minervois Mosaique 2019"},"content":{"rendered":"<div class=\"flex max-w-full flex-col flex-grow\">\n<div class=\"min-h-8 text-message flex w-full flex-col items-end gap-2 whitespace-normal break-words text-start [.text-message+&amp;]:mt-5\" dir=\"auto\" data-message-author-role=\"assistant\" data-message-id=\"35f0f869-5557-4ea0-84f2-3d9263ab522c\" data-message-model-slug=\"gpt-4o\">\n<div class=\"flex w-full flex-col gap-1 empty:hidden first:pt-[3px]\">\n<div class=\"markdown prose w-full break-words dark:prose-invert dark\">\n<h3><span style=\"font-family: helvetica, arial, sans-serif;\">L\u1ecbch s\u1eed &amp; ngu\u1ed3n g\u1ed1c<\/span><\/h3>\n<p><span style=\"font-family: helvetica, arial, sans-serif;\">Calvet Minervois Mosaique 2019 l\u00e0 chai r\u01b0\u1ee3u vang \u0111\u1ecf xu\u1ea5t x\u1ee9 t\u1eeb v\u00f9ng Minervois, Ph\u00e1p \u2013 m\u1ed9t trong nh\u1eefng v\u00f9ng s\u1ea3n xu\u1ea5t r\u01b0\u1ee3u vang l\u00e2u \u0111\u1eddi v\u00e0 n\u1ed5i ti\u1ebfng t\u1ea1i mi\u1ec1n Nam n\u01b0\u1edbc Ph\u00e1p. V\u1edbi truy\u1ec1n th\u1ed1ng s\u1ea3n xu\u1ea5t r\u01b0\u1ee3u vang t\u1eeb th\u1eddi La M\u00e3, Minervois n\u1ed5i b\u1eadt v\u1edbi kh\u00ed h\u1eadu \u0110\u1ecba Trung H\u1ea3i v\u00e0 th\u1ed5 nh\u01b0\u1ee1ng \u0111\u1eb7c bi\u1ec7t, t\u1ea1o \u0111i\u1ec1u ki\u1ec7n l\u00fd t\u01b0\u1edfng \u0111\u1ec3 tr\u1ed3ng nho. Th\u01b0\u01a1ng hi\u1ec7u Calvet, v\u1edbi l\u1ecbch s\u1eed t\u1eeb n\u0103m 1818, \u0111\u00e3 kh\u00e9o l\u00e9o k\u1ebft h\u1ee3p truy\u1ec1n th\u1ed1ng v\u00e0 ngh\u1ec7 thu\u1eadt hi\u1ec7n \u0111\u1ea1i \u0111\u1ec3 mang \u0111\u1ebfn nh\u1eefng chai r\u01b0\u1ee3u vang \u0111\u1ed9c \u0111\u00e1o, \u0111\u1eadm ch\u1ea5t Ph\u00e1p.<\/span><\/p>\n<h3><span style=\"font-family: helvetica, arial, sans-serif;\">H\u01b0\u01a1ng v\u1ecb \u0111\u1ed9c \u0111\u00e1o<\/span><\/h3>\n<ul>\n<li><span style=\"font-family: helvetica, arial, sans-serif;\"><strong>M\u0169i (Nose):<\/strong> H\u01b0\u01a1ng th\u01a1m quy\u1ebfn r\u0169 t\u1eeb tr\u00e1i c\u00e2y ch\u00edn m\u1ecdng nh\u01b0 m\u00e2m x\u00f4i, anh \u0111\u00e0o, h\u00f2a quy\u1ec7n v\u1edbi n\u1ed1t h\u01b0\u01a1ng cay nh\u1eb9 c\u1ee7a ti\u00eau \u0111en v\u00e0 th\u1ea3o m\u1ed9c \u0110\u1ecba Trung H\u1ea3i.<\/span><\/li>\n<li><span style=\"font-family: helvetica, arial, sans-serif;\"><strong>V\u1ecb (Palate):<\/strong> Vang mang v\u1ecb \u0111\u1eadm \u0111\u00e0, c\u00e2n b\u1eb1ng ho\u00e0n h\u1ea3o gi\u1eefa tannin m\u1ec1m m\u1ecbn v\u00e0 \u0111\u1ed9 chua v\u1eeba ph\u1ea3i, n\u1ed5i b\u1eadt v\u1edbi s\u1ef1 k\u1ebft h\u1ee3p c\u1ee7a tr\u00e1i c\u00e2y \u0111\u1ecf v\u00e0 ch\u00fat v\u1ecb g\u1ed7 s\u1ed3i tinh t\u1ebf.<\/span><\/li>\n<li><span style=\"font-family: helvetica, arial, sans-serif;\"><strong>D\u01b0 v\u1ecb (Finish):<\/strong> D\u01b0 v\u1ecb k\u00e9o d\u00e0i, \u1ea5m \u00e1p v\u1edbi d\u1ea5u \u1ea5n c\u1ee7a chocolate \u0111en v\u00e0 gia v\u1ecb ng\u1ecdt nh\u1eb9.<\/span><\/li>\n<\/ul>\n<h3><span style=\"font-family: helvetica, arial, sans-serif;\">\u0110\u1eb7c \u0111i\u1ec3m s\u1ea3n ph\u1ea9m<\/span><\/h3>\n<ul>\n<li><span style=\"font-family: helvetica, arial, sans-serif;\"><strong>Dung t\u00edch:<\/strong> 750ml<\/span><\/li>\n<li><span style=\"font-family: helvetica, arial, sans-serif;\"><strong>N\u1ed3ng \u0111\u1ed9 c\u1ed3n:<\/strong> 13.5% ABV<\/span><\/li>\n<li><span style=\"font-family: helvetica, arial, sans-serif;\"><strong>Xu\u1ea5t x\u1ee9:<\/strong> Minervois, Ph\u00e1p<\/span><\/li>\n<li><span style=\"font-family: helvetica, arial, sans-serif;\"><strong>Lo\u1ea1i:<\/strong> R\u01b0\u1ee3u vang \u0111\u1ecf<\/span><\/li>\n<\/ul>\n<h3><span style=\"font-family: helvetica, arial, sans-serif;\">C\u00e1ch th\u01b0\u1edfng th\u1ee9c<\/span><\/h3>\n<p><span style=\"font-family: helvetica, arial, sans-serif;\">Calvet Minervois Mosaique 2019 l\u00fd t\u01b0\u1edfng khi k\u1ebft h\u1ee3p c\u00f9ng c\u00e1c m\u00f3n \u0103n nh\u01b0 th\u1ecbt b\u00f2 n\u01b0\u1edbng, th\u1ecbt c\u1eebu quay, ho\u1eb7c ph\u00f4 mai \u1ee7 l\u00e2u. Nhi\u1ec7t \u0111\u1ed9 ph\u1ee5c v\u1ee5 ho\u00e0n h\u1ea3o l\u00e0 t\u1eeb 16-18\u00b0C, gi\u00fap ph\u00e1t huy tr\u1ecdn v\u1eb9n h\u01b0\u01a1ng v\u1ecb \u0111\u1eb7c tr\u01b0ng c\u1ee7a chai vang.<\/span><\/p>\n<h3><span style=\"font-family: helvetica, arial, sans-serif;\">R\u01b0\u1ee3u Ngo\u1ea1i Twine \u2013 Th\u01b0\u01a1ng Hi\u1ec7u T\u1eeb N\u0103m 2021<\/span><\/h3>\n<ul>\n<li><span style=\"font-family: helvetica, arial, sans-serif;\"><strong>\u0110\u1ecba ch\u1ec9:<\/strong> 144, \u0110\u01b0\u1eddng D1, KDC Ph\u00fa H\u00f2a 1, TP. Th\u1ee7 D\u1ea7u M\u1ed9t, B\u00ecnh D\u01b0\u01a1ng<\/span><\/li>\n<li><span style=\"font-family: helvetica, arial, sans-serif;\"><strong>Hotline:<\/strong> 0989.819.859 \u2013 0898.683.465<\/span><\/li>\n<li><span style=\"font-family: helvetica, arial, sans-serif;\"><strong>Fanpage:<\/strong> <a href=\"https:\/\/fb.com\/ruoungoaitwine\" target=\"_new\" rel=\"noopener\">fb.com\/ruoungoaitwine<\/a> | <a href=\"https:\/\/fb.com\/ruouvangtwine\" target=\"_new\" rel=\"noopener\">fb.com\/ruouvangtwine<\/a><\/span><\/li>\n<\/ul>\n<p><span style=\"font-family: helvetica, arial, sans-serif;\">Twine \u2013 \u0110\u1ed3ng h\u00e0nh c\u00f9ng b\u1ea1n n\u00e2ng t\u1ea7m phong c\u00e1ch s\u1ed1ng v\u1edbi nh\u1eefng d\u00f2ng r\u01b0\u1ee3u ngo\u1ea1i th\u01b0\u1ee3ng h\u1ea1ng.<\/span><\/p>\n<\/div>\n<\/div>\n<\/div>\n<\/div>\n","protected":false},"excerpt":{"rendered":"<p><span style=\"font-family: helvetica, arial, sans-serif;\">Calvet Minervois Mosaique 2019 l\u00e0 chai r\u01b0\u1ee3u vang \u0111\u1ecf xu\u1ea5t x\u1ee9 t\u1eeb v\u00f9ng Minervois, Ph\u00e1p \u2013 m\u1ed9t trong nh\u1eefng v\u00f9ng s\u1ea3n xu\u1ea5t r\u01b0\u1ee3u vang l\u00e2u \u0111\u1eddi v\u00e0 n\u1ed5i ti\u1ebfng t\u1ea1i mi\u1ec1n Nam n\u01b0\u1edbc Ph\u00e1p. V\u1edbi truy\u1ec1n th\u1ed1ng s\u1ea3n xu\u1ea5t r\u01b0\u1ee3u vang t\u1eeb th\u1eddi La M\u00e3, Minervois n\u1ed5i b\u1eadt v\u1edbi kh\u00ed h\u1eadu \u0110\u1ecba Trung H\u1ea3i v\u00e0 th\u1ed5 nh\u01b0\u1ee1ng \u0111\u1eb7c bi\u1ec7t, t\u1ea1o \u0111i\u1ec1u ki\u1ec7n l\u00fd t\u01b0\u1edfng \u0111\u1ec3 tr\u1ed3ng nho. Th\u01b0\u01a1ng hi\u1ec7u Calvet, v\u1edbi l\u1ecbch s\u1eed t\u1eeb n\u0103m 1818, \u0111\u00e3 kh\u00e9o l\u00e9o k\u1ebft h\u1ee3p truy\u1ec1n th\u1ed1ng v\u00e0 ngh\u1ec7 thu\u1eadt hi\u1ec7n \u0111\u1ea1i \u0111\u1ec3 mang \u0111\u1ebfn nh\u1eefng chai r\u01b0\u1ee3u vang \u0111\u1ed9c \u0111\u00e1o, \u0111\u1eadm ch\u1ea5t Ph\u00e1p.<\/span><\/p>\n","protected":false},"featured_media":25105,"comment_status":"open","ping_status":"closed","template":"","meta":[],"product_cat":[15,152,103],"product_tag":[],"class_list":{"0":"post-25101","1":"product","2":"type-product","3":"status-publish","4":"has-post-thumbnail","6":"product_cat-ruou-vang","7":"product_cat-ruou-vang-phap","8":"product_cat-red-wines","11":"first","12":"instock","13":"shipping-taxable","14":"product-type-simple"},"_links":{"self":[{"href":"https:\/\/twine.vn\/index.php\/wp-json\/wp\/v2\/product\/25101","targetHints":{"allow":["GET"]}}],"collection":[{"href":"https:\/\/twine.vn\/index.php\/wp-json\/wp\/v2\/product"}],"about":[{"href":"https:\/\/twine.vn\/index.php\/wp-json\/wp\/v2\/types\/product"}],"replies":[{"embeddable":true,"href":"https:\/\/twine.vn\/index.php\/wp-json\/wp\/v2\/comments?post=25101"}],"wp:featuredmedia":[{"embeddable":true,"href":"https:\/\/twine.vn\/index.php\/wp-json\/wp\/v2\/media\/25105"}],"wp:attachment":[{"href":"https:\/\/twine.vn\/index.php\/wp-json\/wp\/v2\/media?parent=25101"}],"wp:term":[{"taxonomy":"product_cat","embeddable":true,"href":"https:\/\/twine.vn\/index.php\/wp-json\/wp\/v2\/product_cat?post=25101"},{"taxonomy":"product_tag","embeddable":true,"href":"https:\/\/twine.vn\/index.php\/wp-json\/wp\/v2\/product_tag?post=25101"}],"curies":[{"name":"wp","href":"https:\/\/api.w.org\/{rel}","templated":true}]}}