{"id":25112,"date":"2025-01-11T11:01:27","date_gmt":"2025-01-11T11:01:27","guid":{"rendered":"https:\/\/twine.vn\/?post_type=product&#038;p=25112"},"modified":"2025-01-11T11:01:28","modified_gmt":"2025-01-11T11:01:28","slug":"chateau-guillemin-la-gaffeliere-saint-emilion-grand-cru-2014","status":"publish","type":"product","link":"https:\/\/twine.vn\/index.php\/product\/chateau-guillemin-la-gaffeliere-saint-emilion-grand-cru-2014\/","title":{"rendered":"Ch\u00e2teau Guillemin La Gaffeli\u00e8re Saint-\u00c9milion Grand Cru 2014"},"content":{"rendered":"<p><span style=\"font-family: helvetica, arial, sans-serif;\"><strong>L\u1ecbch s\u1eed &amp; ngu\u1ed3n g\u1ed1c<\/strong><\/span><\/p>\n<p><span style=\"font-family: helvetica, arial, sans-serif;\">Ch\u00e2teau Guillemin La Gaffeli\u00e8re Saint-\u00c9milion Grand Cru 2014 l\u00e0 d\u00f2ng r\u01b0\u1ee3u vang cao c\u1ea5p \u0111\u1ebfn t\u1eeb v\u00f9ng Saint-\u00c9milion, Bordeaux \u2013 n\u01a1i n\u1ed5i danh v\u1edbi nh\u1eefng v\u01b0\u1eddn nho l\u00e2u \u0111\u1eddi v\u00e0 \u0111\u1eb3ng c\u1ea5p Grand Cru danh gi\u00e1. Ch\u00e2teau Guillemin La Gaffeli\u00e8re l\u00e0 m\u1ed9t nh\u00e0 l\u00e0m r\u01b0\u1ee3u truy\u1ec1n th\u1ed1ng, n\u1ed5i b\u1eadt v\u1edbi nh\u1eefng chai vang th\u1ec3 hi\u1ec7n s\u1ef1 tinh t\u1ebf, ph\u1ee9c h\u1ee3p v\u00e0 \u0111\u1eadm \u0111\u00e0, mang \u0111\u1eb7c tr\u01b0ng c\u1ee7a v\u00f9ng Saint-\u00c9milion gi\u00e0u l\u1ecbch s\u1eed. V\u1ee5 nho n\u0103m 2014 l\u00e0 m\u1ed9t n\u0103m \u0111\u00e1ng ch\u00fa \u00fd, mang l\u1ea1i nh\u1eefng chai vang c\u00f3 ti\u1ec1m n\u0103ng ph\u00e1t tri\u1ec3n l\u00e2u d\u00e0i trong h\u1ea7m r\u01b0\u1ee3u.<\/span><\/p>\n<p><span style=\"font-family: helvetica, arial, sans-serif;\"><strong>H\u01b0\u01a1ng v\u1ecb \u0111\u1ed9c \u0111\u00e1o<\/strong><\/span><\/p>\n<ul>\n<li><span style=\"font-family: helvetica, arial, sans-serif;\"><strong>M\u0169i (Nose):<\/strong> H\u01b0\u01a1ng th\u01a1m \u0111\u1eadm \u0111\u00e0 c\u1ee7a qu\u1ea3 m\u00e2m x\u00f4i, m\u1eadn ch\u00edn, k\u1ebft h\u1ee3p c\u00f9ng n\u1ed1t h\u01b0\u01a1ng vani v\u00e0 g\u1ed7 tuy\u1ebft t\u00f9ng t\u1eeb qu\u00e1 tr\u00ecnh \u1ee7 trong th\u00f9ng g\u1ed7 s\u1ed3i.<\/span><\/li>\n<li><span style=\"font-family: helvetica, arial, sans-serif;\"><strong>V\u1ecb (Palate):<\/strong> V\u1ecb r\u01b0\u1ee3u tr\u00f2n \u0111\u1ea7y, c\u1ea5u tr\u00fac tannin m\u1ea1nh m\u1ebd nh\u01b0ng m\u01b0\u1ee3t m\u00e0, t\u1ea1o n\u00ean s\u1ef1 c\u00e2n b\u1eb1ng ho\u00e0n h\u1ea3o gi\u1eefa h\u01b0\u01a1ng v\u1ecb tr\u00e1i c\u00e2y ch\u00edn m\u1ecdng v\u00e0 c\u00e1c n\u1ed1t gia v\u1ecb.<\/span><\/li>\n<li><span style=\"font-family: helvetica, arial, sans-serif;\"><strong>D\u01b0 v\u1ecb (Finish):<\/strong> L\u00e2u d\u00e0i v\u00e0 ph\u1ee9c h\u1ee3p, v\u1edbi h\u1eadu v\u1ecb tho\u1ea3ng nh\u1eb9 h\u01b0\u01a1ng cacao v\u00e0 cam th\u1ea3o.<\/span><\/li>\n<\/ul>\n<p><span style=\"font-family: helvetica, arial, sans-serif;\"><strong>\u0110\u1eb7c \u0111i\u1ec3m s\u1ea3n ph\u1ea9m<\/strong><\/span><\/p>\n<ul>\n<li><span style=\"font-family: helvetica, arial, sans-serif;\">Dung t\u00edch: 750ml<\/span><\/li>\n<li><span style=\"font-family: helvetica, arial, sans-serif;\">N\u1ed3ng \u0111\u1ed9 c\u1ed3n: 13,5% ABV<\/span><\/li>\n<li><span style=\"font-family: helvetica, arial, sans-serif;\">Xu\u1ea5t x\u1ee9: Saint-\u00c9milion, Bordeaux, Ph\u00e1p<\/span><\/li>\n<li><span style=\"font-family: helvetica, arial, sans-serif;\">Lo\u1ea1i: R\u01b0\u1ee3u vang \u0111\u1ecf (Blend Merlot &amp; Cabernet Franc)<\/span><\/li>\n<\/ul>\n<p><span style=\"font-family: helvetica, arial, sans-serif;\"><strong>C\u00e1ch th\u01b0\u1edfng th\u1ee9c<\/strong><\/span><\/p>\n<p><span style=\"font-family: helvetica, arial, sans-serif;\">Ch\u00e2teau Guillemin La Gaffeli\u00e8re Saint-\u00c9milion Grand Cru 2014 ho\u00e0n h\u1ea3o khi th\u01b0\u1edfng th\u1ee9c c\u00f9ng c\u00e1c m\u00f3n th\u1ecbt \u0111\u1ecf, th\u1ecbt b\u00f2 n\u01b0\u1edbng, ho\u1eb7c v\u1ecbt quay. \u0110\u1ec3 c\u1ea3m nh\u1eadn h\u01b0\u01a1ng v\u1ecb tuy\u1ec7t v\u1eddi nh\u1ea5t, n\u00ean ph\u1ee5c v\u1ee5 \u1edf nhi\u1ec7t \u0111\u1ed9 16-18\u00b0C v\u00e0 \u0111\u1ec3 r\u01b0\u1ee3u th\u1edf kho\u1ea3ng 30 ph\u00fat tr\u01b0\u1edbc khi u\u1ed1ng.<\/span><\/p>\n<p><span style=\"font-family: helvetica, arial, sans-serif;\"><strong>R\u01b0\u1ee3u Ngo\u1ea1i Twine \u2013 Th\u01b0\u01a1ng Hi\u1ec7u T\u1eeb N\u0103m 2021<\/strong><\/span><\/p>\n<ul>\n<li><span style=\"font-family: helvetica, arial, sans-serif;\"><strong>\u0110\u1ecba ch\u1ec9:<\/strong> 144, \u0110\u01b0\u1eddng D1, KDC Ph\u00fa H\u00f2a 1, TP. Th\u1ee7 D\u1ea7u M\u1ed9t, B\u00ecnh D\u01b0\u01a1ng<\/span><\/li>\n<li><span style=\"font-family: helvetica, arial, sans-serif;\"><strong>Hotline:<\/strong> 0989.819.859 \u2013 0898.683.465<\/span><\/li>\n<li><span style=\"font-family: helvetica, arial, sans-serif;\"><strong>Fanpage:<\/strong> <a href=\"https:\/\/fb.com\/ruoungoaitwine\" target=\"_new\" rel=\"noopener\">fb.com\/ruoungoaitwine<\/a> | <a href=\"https:\/\/fb.com\/ruouvangtwine\" target=\"_new\" rel=\"noopener\">fb.com\/ruouvangtwine<\/a><\/span><\/li>\n<\/ul>\n<p><span style=\"font-family: helvetica, arial, sans-serif;\"><strong>Twine \u2013 \u0110\u1ed3ng h\u00e0nh c\u00f9ng b\u1ea1n n\u00e2ng t\u1ea7m phong c\u00e1ch s\u1ed1ng v\u1edbi nh\u1eefng d\u00f2ng r\u01b0\u1ee3u ngo\u1ea1i th\u01b0\u1ee3ng h\u1ea1ng!<\/strong><\/span><\/p>\n","protected":false},"excerpt":{"rendered":"<p><span style=\"font-family: helvetica, arial, sans-serif;\">Ch\u00e2teau Guillemin La Gaffeli\u00e8re Saint-\u00c9milion Grand Cru 2014 l\u00e0 d\u00f2ng r\u01b0\u1ee3u vang cao c\u1ea5p \u0111\u1ebfn t\u1eeb v\u00f9ng Saint-\u00c9milion, Bordeaux \u2013 n\u01a1i n\u1ed5i danh v\u1edbi nh\u1eefng v\u01b0\u1eddn nho l\u00e2u \u0111\u1eddi v\u00e0 \u0111\u1eb3ng c\u1ea5p Grand Cru danh gi\u00e1. Ch\u00e2teau Guillemin La Gaffeli\u00e8re l\u00e0 m\u1ed9t nh\u00e0 l\u00e0m r\u01b0\u1ee3u truy\u1ec1n th\u1ed1ng, n\u1ed5i b\u1eadt v\u1edbi nh\u1eefng chai vang th\u1ec3 hi\u1ec7n s\u1ef1 tinh t\u1ebf, ph\u1ee9c h\u1ee3p v\u00e0 \u0111\u1eadm \u0111\u00e0, mang \u0111\u1eb7c tr\u01b0ng c\u1ee7a v\u00f9ng Saint-\u00c9milion gi\u00e0u l\u1ecbch s\u1eed. V\u1ee5 nho n\u0103m 2014 l\u00e0 m\u1ed9t n\u0103m \u0111\u00e1ng ch\u00fa \u00fd, mang l\u1ea1i nh\u1eefng chai vang c\u00f3 ti\u1ec1m n\u0103ng ph\u00e1t tri\u1ec3n l\u00e2u d\u00e0i trong h\u1ea7m r\u01b0\u1ee3u.<\/span><\/p>\n","protected":false},"featured_media":25116,"comment_status":"open","ping_status":"closed","template":"","meta":[],"product_cat":[15],"product_tag":[],"class_list":{"0":"post-25112","1":"product","2":"type-product","3":"status-publish","4":"has-post-thumbnail","6":"product_cat-ruou-vang","9":"first","10":"instock","11":"shipping-taxable","12":"product-type-simple"},"_links":{"self":[{"href":"https:\/\/twine.vn\/index.php\/wp-json\/wp\/v2\/product\/25112","targetHints":{"allow":["GET"]}}],"collection":[{"href":"https:\/\/twine.vn\/index.php\/wp-json\/wp\/v2\/product"}],"about":[{"href":"https:\/\/twine.vn\/index.php\/wp-json\/wp\/v2\/types\/product"}],"replies":[{"embeddable":true,"href":"https:\/\/twine.vn\/index.php\/wp-json\/wp\/v2\/comments?post=25112"}],"wp:featuredmedia":[{"embeddable":true,"href":"https:\/\/twine.vn\/index.php\/wp-json\/wp\/v2\/media\/25116"}],"wp:attachment":[{"href":"https:\/\/twine.vn\/index.php\/wp-json\/wp\/v2\/media?parent=25112"}],"wp:term":[{"taxonomy":"product_cat","embeddable":true,"href":"https:\/\/twine.vn\/index.php\/wp-json\/wp\/v2\/product_cat?post=25112"},{"taxonomy":"product_tag","embeddable":true,"href":"https:\/\/twine.vn\/index.php\/wp-json\/wp\/v2\/product_tag?post=25112"}],"curies":[{"name":"wp","href":"https:\/\/api.w.org\/{rel}","templated":true}]}}