{"id":25122,"date":"2025-01-11T11:12:38","date_gmt":"2025-01-11T11:12:38","guid":{"rendered":"https:\/\/twine.vn\/?post_type=product&#038;p=25122"},"modified":"2025-01-11T11:12:38","modified_gmt":"2025-01-11T11:12:38","slug":"chateau-la-boutignane-revelation-corbieres-2019","status":"publish","type":"product","link":"https:\/\/twine.vn\/index.php\/product\/chateau-la-boutignane-revelation-corbieres-2019\/","title":{"rendered":"Ch\u00e2teau La Boutignane R\u00e9v\u00e9lation Corbi\u00e8res 2019"},"content":{"rendered":"<p><span style=\"font-family: helvetica, arial, sans-serif;\"><strong>L\u1ecbch s\u1eed &amp; ngu\u1ed3n g\u1ed1c<\/strong><\/span><\/p>\n<p><span style=\"font-family: helvetica, arial, sans-serif;\"><strong>Ch\u00e2teau La Boutignane R\u00e9v\u00e9lation Corbi\u00e8res 2019<\/strong> l\u00e0 m\u1ed9t chai r\u01b0\u1ee3u vang \u0111\u1ecf cao c\u1ea5p \u0111\u1ebfn t\u1eeb v\u00f9ng Corbi\u00e8res, mi\u1ec1n Nam n\u01b0\u1edbc Ph\u00e1p \u2013 m\u1ed9t khu v\u1ef1c n\u1ed5i ti\u1ebfng v\u1edbi nh\u1eefng d\u00f2ng vang \u0111\u1eadm \u0111\u00e0, mang h\u01b0\u01a1ng v\u1ecb \u0111\u1eb7c tr\u01b0ng t\u1eeb v\u00f9ng \u0110\u1ecba Trung H\u1ea3i. Ch\u00e2teau La Boutignane l\u00e0 m\u1ed9t th\u01b0\u01a1ng hi\u1ec7u l\u00e2u \u0111\u1eddi, n\u1ed5i ti\u1ebfng nh\u1edd vi\u1ec7c k\u1ebft h\u1ee3p gi\u1eefa ph\u01b0\u01a1ng ph\u00e1p s\u1ea3n xu\u1ea5t truy\u1ec1n th\u1ed1ng v\u00e0 c\u00f4ng ngh\u1ec7 hi\u1ec7n \u0111\u1ea1i, mang \u0111\u1ebfn ch\u1ea5t l\u01b0\u1ee3ng r\u01b0\u1ee3u vang xu\u1ea5t s\u1eafc. Corbi\u00e8res l\u00e0 m\u1ed9t trong nh\u1eefng khu v\u1ef1c s\u1ea3n xu\u1ea5t vang l\u1edbn nh\u1ea5t thu\u1ed9c v\u00f9ng Languedoc, v\u1edbi \u0111i\u1ec1u ki\u1ec7n kh\u00ed h\u1eadu v\u00e0 th\u1ed5 nh\u01b0\u1ee1ng l\u00fd t\u01b0\u1edfng cho c\u00e1c gi\u1ed1ng nho \u0111\u1ecf.<\/span><\/p>\n<hr \/>\n<p><span style=\"font-family: helvetica, arial, sans-serif;\"><strong>H\u01b0\u01a1ng v\u1ecb \u0111\u1ed9c \u0111\u00e1o<\/strong><\/span><\/p>\n<ul>\n<li><span style=\"font-family: helvetica, arial, sans-serif;\"><strong>M\u0169i (Nose):<\/strong> N\u1ed5i b\u1eadt v\u1edbi h\u01b0\u01a1ng th\u01a1m phong ph\u00fa c\u1ee7a tr\u00e1i c\u00e2y ch\u00edn nh\u01b0 m\u1eadn, anh \u0111\u00e0o, k\u1ebft h\u1ee3p v\u1edbi n\u1ed1t h\u01b0\u01a1ng cay n\u1ed3ng c\u1ee7a ti\u00eau \u0111en, vani v\u00e0 ch\u00fat h\u01b0\u01a1ng g\u1ed7 s\u1ed3i tinh t\u1ebf.<\/span><\/li>\n<li><span style=\"font-family: helvetica, arial, sans-serif;\"><strong>V\u1ecb (Palate):<\/strong> \u0110\u1eadm \u0111\u00e0, m\u1ea1nh m\u1ebd v\u1edbi tannin m\u01b0\u1ee3t m\u00e0, v\u1ecb ch\u00e1t c\u00e2n b\u1eb1ng ho\u00e0n h\u1ea3o, mang \u0111\u1ebfn c\u1ea3m gi\u00e1c \u0111\u1ea7y tr\u00f2n v\u00e0 h\u00e0i h\u00f2a.<\/span><\/li>\n<li><span style=\"font-family: helvetica, arial, sans-serif;\"><strong>D\u01b0 v\u1ecb (Finish):<\/strong> K\u00e9o d\u00e0i v\u1edbi h\u1eadu v\u1ecb \u1ea5m \u00e1p, h\u00f2a quy\u1ec7n gi\u1eefa tr\u00e1i c\u00e2y ch\u00edn v\u00e0 ch\u00fat kho\u00e1ng ch\u1ea5t \u0111\u1eb7c tr\u01b0ng.<\/span><\/li>\n<\/ul>\n<hr \/>\n<p><span style=\"font-family: helvetica, arial, sans-serif;\"><strong>\u0110\u1eb7c \u0111i\u1ec3m s\u1ea3n ph\u1ea9m<\/strong><\/span><\/p>\n<ul>\n<li><span style=\"font-family: helvetica, arial, sans-serif;\"><strong>Dung t\u00edch:<\/strong> 750ml<\/span><\/li>\n<li><span style=\"font-family: helvetica, arial, sans-serif;\"><strong>N\u1ed3ng \u0111\u1ed9 c\u1ed3n:<\/strong> 14% ABV<\/span><\/li>\n<li><span style=\"font-family: helvetica, arial, sans-serif;\"><strong>Xu\u1ea5t x\u1ee9:<\/strong> Corbi\u00e8res, Languedoc, Ph\u00e1p<\/span><\/li>\n<li><span style=\"font-family: helvetica, arial, sans-serif;\"><strong>Lo\u1ea1i:<\/strong> R\u01b0\u1ee3u vang \u0111\u1ecf (Blend c\u00e1c gi\u1ed1ng nho Syrah, Grenache, Carignan)<\/span><\/li>\n<\/ul>\n<hr \/>\n<p><span style=\"font-family: helvetica, arial, sans-serif;\"><strong>C\u00e1ch th\u01b0\u1edfng th\u1ee9c<\/strong><\/span><\/p>\n<p><span style=\"font-family: helvetica, arial, sans-serif;\"><strong>Ch\u00e2teau La Boutignane R\u00e9v\u00e9lation Corbi\u00e8res 2019<\/strong> l\u00e0 l\u1ef1a ch\u1ecdn ho\u00e0n h\u1ea3o \u0111\u1ec3 k\u1ebft h\u1ee3p c\u00f9ng c\u00e1c m\u00f3n th\u1ecbt \u0111\u1ecf n\u01b0\u1edbng, ph\u00f4 mai c\u1ee9ng ho\u1eb7c c\u00e1c m\u00f3n h\u1ea7m \u0111\u1eadm \u0111\u00e0. \u0110\u1ec3 c\u1ea3m nh\u1eadn \u0111\u01b0\u1ee3c tr\u1ecdn v\u1eb9n h\u01b0\u01a1ng v\u1ecb, n\u00ean ph\u1ee5c v\u1ee5 r\u01b0\u1ee3u \u1edf nhi\u1ec7t \u0111\u1ed9 t\u1eeb 16-18\u00b0C. \u0110\u00e2y c\u0169ng l\u00e0 chai vang l\u00fd t\u01b0\u1edfng \u0111\u1ec3 n\u00e2ng t\u1ea7m tr\u1ea3i nghi\u1ec7m \u1ea9m th\u1ef1c trong nh\u1eefng d\u1ecbp \u0111\u1eb7c bi\u1ec7t.<\/span><\/p>\n<hr \/>\n<p><span style=\"font-family: helvetica, arial, sans-serif;\"><strong>R\u01b0\u1ee3u Ngo\u1ea1i Twine \u2013 Th\u01b0\u01a1ng Hi\u1ec7u T\u1eeb N\u0103m 2021<\/strong><\/span><\/p>\n<ul>\n<li><span style=\"font-family: helvetica, arial, sans-serif;\"><strong>\u0110\u1ecba ch\u1ec9:<\/strong> 144, \u0110\u01b0\u1eddng D1, KDC Ph\u00fa H\u00f2a 1, TP. Th\u1ee7 D\u1ea7u M\u1ed9t, B\u00ecnh D\u01b0\u01a1ng<\/span><\/li>\n<li><span style=\"font-family: helvetica, arial, sans-serif;\"><strong>Hotline:<\/strong> 0989.819.859 \u2013 0898.683.465<\/span><\/li>\n<li><span style=\"font-family: helvetica, arial, sans-serif;\"><strong>Fanpage:<\/strong> <a href=\"https:\/\/fb.com\/ruoungoaitwine\" target=\"_new\" rel=\"noopener\">fb.com\/ruoungoaitwine<\/a> | <a href=\"https:\/\/fb.com\/ruouvangtwine\" target=\"_new\" rel=\"noopener\">fb.com\/ruouvangtwine<\/a><\/span><\/li>\n<\/ul>\n<p><span style=\"font-family: helvetica, arial, sans-serif;\"><strong>Twine \u2013 \u0110\u1ed3ng h\u00e0nh c\u00f9ng b\u1ea1n n\u00e2ng t\u1ea7m phong c\u00e1ch s\u1ed1ng v\u1edbi nh\u1eefng d\u00f2ng r\u01b0\u1ee3u ngo\u1ea1i th\u01b0\u1ee3ng h\u1ea1ng!<\/strong><\/span><\/p>\n","protected":false},"excerpt":{"rendered":"<p><span style=\"font-family: helvetica, arial, sans-serif;\"><strong>Ch\u00e2teau La Boutignane R\u00e9v\u00e9lation Corbi\u00e8res 2019<\/strong> l\u00e0 m\u1ed9t chai r\u01b0\u1ee3u vang \u0111\u1ecf cao c\u1ea5p \u0111\u1ebfn t\u1eeb v\u00f9ng Corbi\u00e8res, mi\u1ec1n Nam n\u01b0\u1edbc Ph\u00e1p \u2013 m\u1ed9t khu v\u1ef1c n\u1ed5i ti\u1ebfng v\u1edbi nh\u1eefng d\u00f2ng vang \u0111\u1eadm \u0111\u00e0, mang h\u01b0\u01a1ng v\u1ecb \u0111\u1eb7c tr\u01b0ng t\u1eeb v\u00f9ng \u0110\u1ecba Trung H\u1ea3i. Ch\u00e2teau La Boutignane l\u00e0 m\u1ed9t th\u01b0\u01a1ng hi\u1ec7u l\u00e2u \u0111\u1eddi, n\u1ed5i ti\u1ebfng nh\u1edd vi\u1ec7c k\u1ebft h\u1ee3p gi\u1eefa ph\u01b0\u01a1ng ph\u00e1p s\u1ea3n xu\u1ea5t truy\u1ec1n th\u1ed1ng v\u00e0 c\u00f4ng ngh\u1ec7 hi\u1ec7n \u0111\u1ea1i, mang \u0111\u1ebfn ch\u1ea5t l\u01b0\u1ee3ng r\u01b0\u1ee3u vang xu\u1ea5t s\u1eafc. Corbi\u00e8res l\u00e0 m\u1ed9t trong nh\u1eefng khu v\u1ef1c s\u1ea3n xu\u1ea5t vang l\u1edbn nh\u1ea5t thu\u1ed9c v\u00f9ng Languedoc, v\u1edbi \u0111i\u1ec1u ki\u1ec7n kh\u00ed h\u1eadu v\u00e0 th\u1ed5 nh\u01b0\u1ee1ng l\u00fd t\u01b0\u1edfng cho c\u00e1c gi\u1ed1ng nho \u0111\u1ecf.<\/span><\/p>\n","protected":false},"featured_media":25126,"comment_status":"open","ping_status":"closed","template":"","meta":[],"product_cat":[15,152,103],"product_tag":[],"class_list":{"0":"post-25122","1":"product","2":"type-product","3":"status-publish","4":"has-post-thumbnail","6":"product_cat-ruou-vang","7":"product_cat-ruou-vang-phap","8":"product_cat-red-wines","11":"first","12":"instock","13":"shipping-taxable","14":"product-type-simple"},"_links":{"self":[{"href":"https:\/\/twine.vn\/index.php\/wp-json\/wp\/v2\/product\/25122","targetHints":{"allow":["GET"]}}],"collection":[{"href":"https:\/\/twine.vn\/index.php\/wp-json\/wp\/v2\/product"}],"about":[{"href":"https:\/\/twine.vn\/index.php\/wp-json\/wp\/v2\/types\/product"}],"replies":[{"embeddable":true,"href":"https:\/\/twine.vn\/index.php\/wp-json\/wp\/v2\/comments?post=25122"}],"wp:featuredmedia":[{"embeddable":true,"href":"https:\/\/twine.vn\/index.php\/wp-json\/wp\/v2\/media\/25126"}],"wp:attachment":[{"href":"https:\/\/twine.vn\/index.php\/wp-json\/wp\/v2\/media?parent=25122"}],"wp:term":[{"taxonomy":"product_cat","embeddable":true,"href":"https:\/\/twine.vn\/index.php\/wp-json\/wp\/v2\/product_cat?post=25122"},{"taxonomy":"product_tag","embeddable":true,"href":"https:\/\/twine.vn\/index.php\/wp-json\/wp\/v2\/product_tag?post=25122"}],"curies":[{"name":"wp","href":"https:\/\/api.w.org\/{rel}","templated":true}]}}