{"id":25127,"date":"2025-01-11T11:16:29","date_gmt":"2025-01-11T11:16:29","guid":{"rendered":"https:\/\/twine.vn\/?post_type=product&#038;p=25127"},"modified":"2025-01-11T11:16:29","modified_gmt":"2025-01-11T11:16:29","slug":"chateau-saint-paul-cru-bourgeois-haut-medoc-2017","status":"publish","type":"product","link":"https:\/\/twine.vn\/index.php\/product\/chateau-saint-paul-cru-bourgeois-haut-medoc-2017\/","title":{"rendered":"Ch\u00e2teau Saint-Paul Cru Bourgeois Haut-M\u00e9doc 2017"},"content":{"rendered":"<p><span style=\"font-family: helvetica, arial, sans-serif;\"><strong>L\u1ecbch s\u1eed &amp; ngu\u1ed3n g\u1ed1c<\/strong><\/span><\/p>\n<p><span style=\"font-family: helvetica, arial, sans-serif;\"><strong>Ch\u00e2teau Saint-Paul Cru Bourgeois Haut-M\u00e9doc 2017<\/strong> l\u00e0 m\u1ed9t chai r\u01b0\u1ee3u vang \u0111\u1ecf th\u01b0\u1ee3ng h\u1ea1ng \u0111\u1ebfn t\u1eeb v\u00f9ng Haut-M\u00e9doc, Bordeaux, Ph\u00e1p \u2013 m\u1ed9t khu v\u1ef1c n\u1ed5i ti\u1ebfng v\u1edbi truy\u1ec1n th\u1ed1ng s\u1ea3n xu\u1ea5t r\u01b0\u1ee3u vang l\u00e2u \u0111\u1eddi v\u00e0 \u0111\u1eb3ng c\u1ea5p. Ch\u00e2teau Saint-Paul \u0111\u01b0\u1ee3c x\u1ebfp h\u1ea1ng &#8220;Cru Bourgeois&#8221;, kh\u1eb3ng \u0111\u1ecbnh ch\u1ea5t l\u01b0\u1ee3ng v\u01b0\u1ee3t tr\u1ed9i trong t\u1eebng chai vang. N\u0103m 2017, d\u00f2ng r\u01b0\u1ee3u n\u00e0y \u0111\u00e3 nh\u1eadn \u0111\u01b0\u1ee3c huy ch\u01b0\u01a1ng v\u00e0ng t\u1ea1i Concours G\u00e9n\u00e9ral Agricole Paris 2019, ghi d\u1ea5u \u1ea5n b\u1edfi s\u1ef1 k\u1ebft h\u1ee3p ho\u00e0n h\u1ea3o gi\u1eefa th\u1ed5 nh\u01b0\u1ee1ng v\u00e0 ngh\u1ec7 thu\u1eadt l\u00e0m vang.<\/span><\/p>\n<hr \/>\n<p><span style=\"font-family: helvetica, arial, sans-serif;\"><strong>H\u01b0\u01a1ng v\u1ecb \u0111\u1ed9c \u0111\u00e1o<\/strong><\/span><\/p>\n<ul>\n<li><span style=\"font-family: helvetica, arial, sans-serif;\"><strong>M\u0169i (Nose):<\/strong> N\u1ed5i b\u1eadt v\u1edbi h\u01b0\u01a1ng th\u01a1m ph\u1ee9c h\u1ee3p c\u1ee7a tr\u00e1i c\u00e2y \u0111\u1ecf ch\u00edn m\u1ecdng nh\u01b0 m\u00e2m x\u00f4i, nho \u0111en, h\u00f2a quy\u1ec7n c\u00f9ng n\u1ed1t h\u01b0\u01a1ng vani v\u00e0 g\u1ed7 s\u1ed3i t\u1eeb qu\u00e1 tr\u00ecnh \u1ee7.<\/span><\/li>\n<li><span style=\"font-family: helvetica, arial, sans-serif;\"><strong>V\u1ecb (Palate):<\/strong> \u0110\u1eadm \u0111\u00e0 v\u1edbi tannin m\u1ec1m m\u1ea1i, c\u1ea5u tr\u00fac ch\u1eafc ch\u1eafn. H\u01b0\u01a1ng v\u1ecb g\u1ee3i nh\u1edb \u0111\u1ebfn ti\u00eau \u0111en, socola \u0111en v\u00e0 m\u1ed9t ch\u00fat kho\u00e1ng ch\u1ea5t.<\/span><\/li>\n<li><span style=\"font-family: helvetica, arial, sans-serif;\"><strong>D\u01b0 v\u1ecb (Finish):<\/strong> K\u00e9o d\u00e0i, s\u00e2u l\u1eafng v\u1edbi h\u1eadu v\u1ecb m\u01b0\u1ee3t m\u00e0, \u0111\u1ecdng l\u1ea1i s\u1ef1 thanh l\u1ecbch v\u00e0 tinh t\u1ebf.<\/span><\/li>\n<\/ul>\n<hr \/>\n<p><span style=\"font-family: helvetica, arial, sans-serif;\"><strong>\u0110\u1eb7c \u0111i\u1ec3m s\u1ea3n ph\u1ea9m<\/strong><\/span><\/p>\n<ul>\n<li><span style=\"font-family: helvetica, arial, sans-serif;\"><strong>Dung t\u00edch:<\/strong> 750ml<\/span><\/li>\n<li><span style=\"font-family: helvetica, arial, sans-serif;\"><strong>N\u1ed3ng \u0111\u1ed9 c\u1ed3n:<\/strong> 13.5% ABV<\/span><\/li>\n<li><span style=\"font-family: helvetica, arial, sans-serif;\"><strong>Xu\u1ea5t x\u1ee9:<\/strong> Haut-M\u00e9doc, Bordeaux, Ph\u00e1p<\/span><\/li>\n<li><span style=\"font-family: helvetica, arial, sans-serif;\"><strong>Lo\u1ea1i:<\/strong> R\u01b0\u1ee3u vang \u0111\u1ecf (Blend t\u1eeb Cabernet Sauvignon, Merlot, Petit Verdot)<\/span><\/li>\n<\/ul>\n<hr \/>\n<p><span style=\"font-family: helvetica, arial, sans-serif;\"><strong>C\u00e1ch th\u01b0\u1edfng th\u1ee9c<\/strong><\/span><\/p>\n<p><span style=\"font-family: helvetica, arial, sans-serif;\"><strong>Ch\u00e2teau Saint-Paul Cru Bourgeois Haut-M\u00e9doc 2017<\/strong> th\u00edch h\u1ee3p khi k\u1ebft h\u1ee3p v\u1edbi th\u1ecbt \u0111\u1ecf n\u01b0\u1edbng, th\u1ecbt c\u1eebu, ho\u1eb7c c\u00e1c lo\u1ea1i ph\u00f4 mai gi\u00e0 nh\u01b0 Comt\u00e9, Gouda. \u0110\u1ec3 t\u1eadn h\u01b0\u1edfng tr\u1ecdn v\u1eb9n h\u01b0\u01a1ng v\u1ecb, n\u00ean decant r\u01b0\u1ee3u kho\u1ea3ng 30 ph\u00fat tr\u01b0\u1edbc khi d\u00f9ng v\u00e0 ph\u1ee5c v\u1ee5 \u1edf nhi\u1ec7t \u0111\u1ed9 16-18\u00b0C. \u0110\u00e2y l\u00e0 l\u1ef1a ch\u1ecdn ho\u00e0n h\u1ea3o cho c\u00e1c b\u1eefa ti\u1ec7c sang tr\u1ecdng ho\u1eb7c nh\u1eefng bu\u1ed5i h\u1ecdp m\u1eb7t gia \u0111\u00ecnh, b\u1ea1n b\u00e8.<\/span><\/p>\n<hr \/>\n<p><span style=\"font-family: helvetica, arial, sans-serif;\"><strong>R\u01b0\u1ee3u Ngo\u1ea1i Twine \u2013 Th\u01b0\u01a1ng Hi\u1ec7u T\u1eeb N\u0103m 2021<\/strong><\/span><\/p>\n<ul>\n<li><span style=\"font-family: helvetica, arial, sans-serif;\"><strong>\u0110\u1ecba ch\u1ec9:<\/strong> 144, \u0110\u01b0\u1eddng D1, KDC Ph\u00fa H\u00f2a 1, TP. Th\u1ee7 D\u1ea7u M\u1ed9t, B\u00ecnh D\u01b0\u01a1ng<\/span><\/li>\n<li><span style=\"font-family: helvetica, arial, sans-serif;\"><strong>Hotline:<\/strong> 0989.819.859 \u2013 0898.683.465<\/span><\/li>\n<li><span style=\"font-family: helvetica, arial, sans-serif;\"><strong>Fanpage:<\/strong> <a href=\"https:\/\/fb.com\/ruoungoaitwine\" target=\"_new\" rel=\"noopener\">fb.com\/ruoungoaitwine<\/a> | <a href=\"https:\/\/fb.com\/ruouvangtwine\" target=\"_new\" rel=\"noopener\">fb.com\/ruouvangtwine<\/a><\/span><\/li>\n<\/ul>\n<p><span style=\"font-family: helvetica, arial, sans-serif;\"><strong>Twine \u2013 \u0110\u1ed3ng h\u00e0nh c\u00f9ng b\u1ea1n n\u00e2ng t\u1ea7m phong c\u00e1ch s\u1ed1ng v\u1edbi nh\u1eefng d\u00f2ng r\u01b0\u1ee3u ngo\u1ea1i th\u01b0\u1ee3ng h\u1ea1ng!<\/strong><\/span><\/p>\n","protected":false},"excerpt":{"rendered":"<p><span style=\"font-family: helvetica, arial, sans-serif;\"><strong>Ch\u00e2teau Saint-Paul Cru Bourgeois Haut-M\u00e9doc 2017<\/strong> l\u00e0 m\u1ed9t chai r\u01b0\u1ee3u vang \u0111\u1ecf th\u01b0\u1ee3ng h\u1ea1ng \u0111\u1ebfn t\u1eeb v\u00f9ng Haut-M\u00e9doc, Bordeaux, Ph\u00e1p \u2013 m\u1ed9t khu v\u1ef1c n\u1ed5i ti\u1ebfng v\u1edbi truy\u1ec1n th\u1ed1ng s\u1ea3n xu\u1ea5t r\u01b0\u1ee3u vang l\u00e2u \u0111\u1eddi v\u00e0 \u0111\u1eb3ng c\u1ea5p. Ch\u00e2teau Saint-Paul \u0111\u01b0\u1ee3c x\u1ebfp h\u1ea1ng &#8220;Cru Bourgeois&#8221;, kh\u1eb3ng \u0111\u1ecbnh ch\u1ea5t l\u01b0\u1ee3ng v\u01b0\u1ee3t tr\u1ed9i trong t\u1eebng chai vang. N\u0103m 2017, d\u00f2ng r\u01b0\u1ee3u n\u00e0y \u0111\u00e3 nh\u1eadn \u0111\u01b0\u1ee3c huy ch\u01b0\u01a1ng v\u00e0ng t\u1ea1i Concours G\u00e9n\u00e9ral Agricole Paris 2019, ghi d\u1ea5u \u1ea5n b\u1edfi s\u1ef1 k\u1ebft h\u1ee3p ho\u00e0n h\u1ea3o gi\u1eefa th\u1ed5 nh\u01b0\u1ee1ng v\u00e0 ngh\u1ec7 thu\u1eadt l\u00e0m vang.<\/span><\/p>\n","protected":false},"featured_media":25131,"comment_status":"open","ping_status":"closed","template":"","meta":[],"product_cat":[15,152,103],"product_tag":[],"class_list":{"0":"post-25127","1":"product","2":"type-product","3":"status-publish","4":"has-post-thumbnail","6":"product_cat-ruou-vang","7":"product_cat-ruou-vang-phap","8":"product_cat-red-wines","11":"first","12":"instock","13":"shipping-taxable","14":"product-type-simple"},"_links":{"self":[{"href":"https:\/\/twine.vn\/index.php\/wp-json\/wp\/v2\/product\/25127","targetHints":{"allow":["GET"]}}],"collection":[{"href":"https:\/\/twine.vn\/index.php\/wp-json\/wp\/v2\/product"}],"about":[{"href":"https:\/\/twine.vn\/index.php\/wp-json\/wp\/v2\/types\/product"}],"replies":[{"embeddable":true,"href":"https:\/\/twine.vn\/index.php\/wp-json\/wp\/v2\/comments?post=25127"}],"wp:featuredmedia":[{"embeddable":true,"href":"https:\/\/twine.vn\/index.php\/wp-json\/wp\/v2\/media\/25131"}],"wp:attachment":[{"href":"https:\/\/twine.vn\/index.php\/wp-json\/wp\/v2\/media?parent=25127"}],"wp:term":[{"taxonomy":"product_cat","embeddable":true,"href":"https:\/\/twine.vn\/index.php\/wp-json\/wp\/v2\/product_cat?post=25127"},{"taxonomy":"product_tag","embeddable":true,"href":"https:\/\/twine.vn\/index.php\/wp-json\/wp\/v2\/product_tag?post=25127"}],"curies":[{"name":"wp","href":"https:\/\/api.w.org\/{rel}","templated":true}]}}