{"id":25133,"date":"2025-01-13T11:39:17","date_gmt":"2025-01-13T11:39:17","guid":{"rendered":"https:\/\/twine.vn\/?post_type=product&#038;p=25133"},"modified":"2025-01-13T11:39:17","modified_gmt":"2025-01-13T11:39:17","slug":"chateau-belles-eaux-vieilles-vignes-2019","status":"publish","type":"product","link":"https:\/\/twine.vn\/index.php\/product\/chateau-belles-eaux-vieilles-vignes-2019\/","title":{"rendered":"Ch\u00e2teau Belles Eaux Vieilles Vignes 2019"},"content":{"rendered":"<h3><span style=\"font-family: helvetica, arial, sans-serif;\"><strong>L\u1ecbch s\u1eed &amp; ngu\u1ed3n g\u1ed1c<\/strong><\/span><\/h3>\n<p><span style=\"font-family: helvetica, arial, sans-serif;\">Ch\u00e2teau Belles Eaux Vieilles Vignes 2019 l\u00e0 chai r\u01b0\u1ee3u vang \u0111\u1ecf \u0111\u1ebfn t\u1eeb v\u00f9ng Languedoc-P\u00e9zenas, mi\u1ec1n Nam n\u01b0\u1edbc Ph\u00e1p. V\u1edbi v\u1ecb tr\u00ed \u0111\u1eb7c bi\u1ec7t trong khu v\u1ef1c Languedoc, n\u01a1i c\u00f3 l\u1ecbch s\u1eed s\u1ea3n xu\u1ea5t r\u01b0\u1ee3u vang h\u00e0ng tr\u0103m n\u0103m, kh\u00ed h\u1eadu \u0110\u1ecba Trung H\u1ea3i v\u00e0 th\u1ed5 nh\u01b0\u1ee1ng \u0111\u1ed9c \u0111\u00e1o \u0111\u00e3 t\u1ea1o n\u00ean nh\u1eefng gi\u1ed1ng nho ch\u1ea5t l\u01b0\u1ee3ng cao. Ch\u00e2teau Belles Eaux l\u00e0 m\u1ed9t th\u01b0\u01a1ng hi\u1ec7u n\u1ed5i ti\u1ebfng v\u1edbi s\u1ef1 ch\u0103m ch\u00fat k\u1ef9 l\u01b0\u1ee1ng trong t\u1eebng quy tr\u00ecnh s\u1ea3n xu\u1ea5t, t\u1eeb vi\u1ec7c l\u1ef1a ch\u1ecdn gi\u1ed1ng nho \u0111\u1ebfn ph\u01b0\u01a1ng ph\u00e1p \u1ee7 r\u01b0\u1ee3u truy\u1ec1n th\u1ed1ng. D\u00f2ng &#8220;Vieilles Vignes&#8221; \u0111\u01b0\u1ee3c s\u1ea3n xu\u1ea5t t\u1eeb nh\u1eefng g\u1ed1c nho l\u00e2u n\u0103m, mang l\u1ea1i s\u1ef1 \u0111\u1eadm \u0111\u00e0 v\u00e0 ph\u1ee9c h\u1ee3p \u0111\u1ed9c \u0111\u00e1o cho r\u01b0\u1ee3u.<\/span><\/p>\n<hr \/>\n<h3><span style=\"font-family: helvetica, arial, sans-serif;\"><strong>H\u01b0\u01a1ng v\u1ecb \u0111\u1ed9c \u0111\u00e1o<\/strong><\/span><\/h3>\n<ul>\n<li><span style=\"font-family: helvetica, arial, sans-serif;\"><strong>M\u0169i (Nose):<\/strong> H\u01b0\u01a1ng th\u01a1m n\u1ed3ng n\u00e0n c\u1ee7a tr\u00e1i c\u00e2y ch\u00edn \u0111\u1ecf nh\u01b0 m\u1eadn, anh \u0111\u00e0o, k\u1ebft h\u1ee3p v\u1edbi n\u1ed1t h\u01b0\u01a1ng gia v\u1ecb nh\u1eb9 nh\u00e0ng t\u1eeb ti\u00eau \u0111en, th\u1ea3o m\u1ed9c \u0110\u1ecba Trung H\u1ea3i v\u00e0 ch\u00fat tho\u1ea3ng c\u1ee7a g\u1ed7 s\u1ed3i.<\/span><\/li>\n<li><span style=\"font-family: helvetica, arial, sans-serif;\"><strong>V\u1ecb (Palate):<\/strong> R\u01b0\u1ee3u mang v\u1ecb \u0111\u1eadm \u0111\u00e0, c\u1ea5u tr\u00fac c\u00e2n b\u1eb1ng v\u1edbi tannin m\u01b0\u1ee3t m\u00e0, h\u00f2a quy\u1ec7n gi\u1eefa v\u1ecb tr\u00e1i c\u00e2y \u0111\u1ecf ch\u00edn m\u1ecdng v\u00e0 v\u1ecb g\u1ed7 s\u1ed3i tinh t\u1ebf. \u0110\u1eb7c bi\u1ec7t, chai vang c\u00f2n ph\u1ea3ng ph\u1ea5t h\u01b0\u01a1ng v\u1ecb c\u1ee7a \u0111\u1ea5t \u1ea9m v\u00e0 kho\u00e1ng ch\u1ea5t \u0111\u1eb7c tr\u01b0ng t\u1eeb th\u1ed5 nh\u01b0\u1ee1ng v\u00f9ng Languedoc.<\/span><\/li>\n<li><span style=\"font-family: helvetica, arial, sans-serif;\"><strong>D\u01b0 v\u1ecb (Finish):<\/strong> D\u01b0 v\u1ecb k\u00e9o d\u00e0i, \u00eam d\u1ecbu v\u1edbi d\u1ea5u \u1ea5n c\u1ee7a chocolate \u0111en, gia v\u1ecb cay nh\u1eb9 v\u00e0 ch\u00fat ng\u1ecdt c\u1ee7a vani.<\/span><\/li>\n<\/ul>\n<hr \/>\n<h3><span style=\"font-family: helvetica, arial, sans-serif;\"><strong>\u0110\u1eb7c \u0111i\u1ec3m s\u1ea3n ph\u1ea9m<\/strong><\/span><\/h3>\n<ul>\n<li><span style=\"font-family: helvetica, arial, sans-serif;\"><strong>Dung t\u00edch:<\/strong> 750ml<\/span><\/li>\n<li><span style=\"font-family: helvetica, arial, sans-serif;\"><strong>N\u1ed3ng \u0111\u1ed9 c\u1ed3n:<\/strong> 14.5% ABV<\/span><\/li>\n<li><span style=\"font-family: helvetica, arial, sans-serif;\"><strong>Xu\u1ea5t x\u1ee9:<\/strong> Languedoc-P\u00e9zenas, Ph\u00e1p<\/span><\/li>\n<li><span style=\"font-family: helvetica, arial, sans-serif;\"><strong>Lo\u1ea1i:<\/strong> R\u01b0\u1ee3u vang \u0111\u1ecf (Vieilles Vignes &#8211; G\u1ed1c nho l\u00e2u n\u0103m)<\/span><\/li>\n<\/ul>\n<hr \/>\n<h3><span style=\"font-family: helvetica, arial, sans-serif;\"><strong>C\u00e1ch th\u01b0\u1edfng th\u1ee9c<\/strong><\/span><\/h3>\n<p><span style=\"font-family: helvetica, arial, sans-serif;\">Ch\u00e2teau Belles Eaux Vieilles Vignes 2019 ph\u00f9 h\u1ee3p nh\u1ea5t khi k\u1ebft h\u1ee3p v\u1edbi c\u00e1c m\u00f3n \u0103n nh\u01b0:<\/span><\/p>\n<ul>\n<li><span style=\"font-family: helvetica, arial, sans-serif;\">Th\u1ecbt b\u00f2 n\u01b0\u1edbng, th\u1ecbt c\u1eebu quay ho\u1eb7c th\u1ecbt gia c\u1ea7m h\u1ea7m.<\/span><\/li>\n<li><span style=\"font-family: helvetica, arial, sans-serif;\">C\u00e1c m\u00f3n \u0103n ch\u1ebf bi\u1ebfn v\u1edbi th\u1ea3o m\u1ed9c \u0110\u1ecba Trung H\u1ea3i.<\/span><\/li>\n<li><span style=\"font-family: helvetica, arial, sans-serif;\">Ph\u00f4 mai \u1ee7 l\u00e2u, \u0111\u1eb7c bi\u1ec7t l\u00e0 ph\u00f4 mai xanh ho\u1eb7c ph\u00f4 mai c\u1ee9ng nh\u01b0 Comt\u00e9.<\/span><\/li>\n<\/ul>\n<p><span style=\"font-family: helvetica, arial, sans-serif;\">Nhi\u1ec7t \u0111\u1ed9 ph\u1ee5c v\u1ee5 l\u00fd t\u01b0\u1edfng: 16-18\u00b0C. Tr\u01b0\u1edbc khi th\u01b0\u1edfng th\u1ee9c, n\u00ean \u0111\u1ec3 vang &#8220;th\u1edf&#8221; trong decanter kho\u1ea3ng 30 ph\u00fat \u0111\u1ec3 ph\u00e1t huy t\u1ed1i \u0111a h\u01b0\u01a1ng v\u1ecb.<\/span><\/p>\n<hr \/>\n<h3><span style=\"font-family: helvetica, arial, sans-serif;\"><strong>R\u01b0\u1ee3u Ngo\u1ea1i Twine \u2013 Th\u01b0\u01a1ng Hi\u1ec7u T\u1eeb N\u0103m 2021<\/strong><\/span><\/h3>\n<ul>\n<li><span style=\"font-family: helvetica, arial, sans-serif;\"><strong>\u0110\u1ecba ch\u1ec9:<\/strong> 144, \u0110\u01b0\u1eddng D1, KDC Ph\u00fa H\u00f2a 1, TP. Th\u1ee7 D\u1ea7u M\u1ed9t, B\u00ecnh D\u01b0\u01a1ng<\/span><\/li>\n<li><span style=\"font-family: helvetica, arial, sans-serif;\"><strong>Hotline:<\/strong> 0989.819.859 \u2013 0898.683.465<\/span><\/li>\n<li><span style=\"font-family: helvetica, arial, sans-serif;\"><strong>Fanpage:<\/strong> <a href=\"https:\/\/fb.com\/ruoungoaitwine\" target=\"_new\" rel=\"noopener\">fb.com\/ruoungoaitwine<\/a> | <a href=\"https:\/\/fb.com\/ruouvangtwine\" target=\"_new\" rel=\"noopener\">fb.com\/ruouvangtwine<\/a><\/span><\/li>\n<\/ul>\n<p><span style=\"font-family: helvetica, arial, sans-serif;\"><strong>Twine<\/strong> \u2013 \u0110\u1ed3ng h\u00e0nh c\u00f9ng b\u1ea1n n\u00e2ng t\u1ea7m phong c\u00e1ch s\u1ed1ng v\u1edbi nh\u1eefng d\u00f2ng r\u01b0\u1ee3u ngo\u1ea1i th\u01b0\u1ee3ng h\u1ea1ng.<\/span><\/p>\n","protected":false},"excerpt":{"rendered":"<p><span style=\"font-family: helvetica, arial, sans-serif;\">Ch\u00e2teau Belles Eaux Vieilles Vignes 2019 l\u00e0 chai r\u01b0\u1ee3u vang \u0111\u1ecf \u0111\u1ebfn t\u1eeb v\u00f9ng Languedoc-P\u00e9zenas, mi\u1ec1n Nam n\u01b0\u1edbc Ph\u00e1p. V\u1edbi v\u1ecb tr\u00ed \u0111\u1eb7c bi\u1ec7t trong khu v\u1ef1c Languedoc, n\u01a1i c\u00f3 l\u1ecbch s\u1eed s\u1ea3n xu\u1ea5t r\u01b0\u1ee3u vang h\u00e0ng tr\u0103m n\u0103m, kh\u00ed h\u1eadu \u0110\u1ecba Trung H\u1ea3i v\u00e0 th\u1ed5 nh\u01b0\u1ee1ng \u0111\u1ed9c \u0111\u00e1o \u0111\u00e3 t\u1ea1o n\u00ean nh\u1eefng gi\u1ed1ng nho ch\u1ea5t l\u01b0\u1ee3ng cao. Ch\u00e2teau Belles Eaux l\u00e0 m\u1ed9t th\u01b0\u01a1ng hi\u1ec7u n\u1ed5i ti\u1ebfng v\u1edbi s\u1ef1 ch\u0103m ch\u00fat k\u1ef9 l\u01b0\u1ee1ng trong t\u1eebng quy tr\u00ecnh s\u1ea3n xu\u1ea5t, t\u1eeb vi\u1ec7c l\u1ef1a ch\u1ecdn gi\u1ed1ng nho \u0111\u1ebfn ph\u01b0\u01a1ng ph\u00e1p \u1ee7 r\u01b0\u1ee3u truy\u1ec1n th\u1ed1ng. D\u00f2ng &#8220;Vieilles Vignes&#8221; \u0111\u01b0\u1ee3c s\u1ea3n xu\u1ea5t t\u1eeb nh\u1eefng g\u1ed1c nho l\u00e2u n\u0103m, mang l\u1ea1i s\u1ef1 \u0111\u1eadm \u0111\u00e0 v\u00e0 ph\u1ee9c h\u1ee3p \u0111\u1ed9c \u0111\u00e1o cho r\u01b0\u1ee3u.<\/span><\/p>\n","protected":false},"featured_media":25137,"comment_status":"open","ping_status":"closed","template":"","meta":[],"product_cat":[15,152,103],"product_tag":[],"class_list":{"0":"post-25133","1":"product","2":"type-product","3":"status-publish","4":"has-post-thumbnail","6":"product_cat-ruou-vang","7":"product_cat-ruou-vang-phap","8":"product_cat-red-wines","11":"first","12":"instock","13":"shipping-taxable","14":"product-type-simple"},"_links":{"self":[{"href":"https:\/\/twine.vn\/index.php\/wp-json\/wp\/v2\/product\/25133","targetHints":{"allow":["GET"]}}],"collection":[{"href":"https:\/\/twine.vn\/index.php\/wp-json\/wp\/v2\/product"}],"about":[{"href":"https:\/\/twine.vn\/index.php\/wp-json\/wp\/v2\/types\/product"}],"replies":[{"embeddable":true,"href":"https:\/\/twine.vn\/index.php\/wp-json\/wp\/v2\/comments?post=25133"}],"wp:featuredmedia":[{"embeddable":true,"href":"https:\/\/twine.vn\/index.php\/wp-json\/wp\/v2\/media\/25137"}],"wp:attachment":[{"href":"https:\/\/twine.vn\/index.php\/wp-json\/wp\/v2\/media?parent=25133"}],"wp:term":[{"taxonomy":"product_cat","embeddable":true,"href":"https:\/\/twine.vn\/index.php\/wp-json\/wp\/v2\/product_cat?post=25133"},{"taxonomy":"product_tag","embeddable":true,"href":"https:\/\/twine.vn\/index.php\/wp-json\/wp\/v2\/product_tag?post=25133"}],"curies":[{"name":"wp","href":"https:\/\/api.w.org\/{rel}","templated":true}]}}