{"id":25143,"date":"2025-01-13T12:58:01","date_gmt":"2025-01-13T12:58:01","guid":{"rendered":"https:\/\/twine.vn\/?post_type=product&#038;p=25143"},"modified":"2025-01-13T12:58:02","modified_gmt":"2025-01-13T12:58:02","slug":"croda-ronca-2017","status":"publish","type":"product","link":"https:\/\/twine.vn\/index.php\/product\/croda-ronca-2017\/","title":{"rendered":"Croda Ronca 2017"},"content":{"rendered":"<h3><span style=\"font-family: helvetica, arial, sans-serif;\">L\u1ecbch S\u1eed &amp; Ngu\u1ed3n G\u1ed1c<\/span><\/h3>\n<p><span style=\"font-family: helvetica, arial, sans-serif;\"><strong>Croda Ronca 2017<\/strong> l\u00e0 chai r\u01b0\u1ee3u vang \u0111\u1ecf ch\u1ea5t l\u01b0\u1ee3ng \u0111\u1ebfn t\u1eeb \u00dd, mang d\u1ea5u \u1ea5n \u0111\u1ed9c \u0111\u00e1o v\u00e0 \u0111\u1eadm ch\u1ea5t th\u1ee7 c\u00f4ng. N\u01a1i s\u1ea3n xu\u1ea5t n\u1eb1m trong m\u1ed9t v\u00f9ng c\u00f3 truy\u1ec1n th\u1ed1ng l\u00e2u \u0111\u1eddi v\u1ec1 r\u01b0\u1ee3u vang v\u1edbi kh\u00ed h\u1eadu l\u00fd t\u01b0\u1edfng v\u00e0 th\u1ed5 nh\u01b0\u1ee1ng phong ph\u00fa gi\u00fap cho c\u00e1c gi\u1ed1ng nho ph\u00e1t tri\u1ec3n ho\u00e0n h\u1ea3o. S\u1ef1 t\u1ec9 m\u1ec9 t\u1eeb kh\u00e2u thu ho\u1ea1ch \u0111\u1ebfn qu\u00e1 tr\u00ecnh l\u00ean men \u0111\u00e3 t\u1ea1o n\u00ean m\u1ed9t chai r\u01b0\u1ee3u mang phong c\u00e1ch m\u1ea1nh m\u1ebd, tinh t\u1ebf v\u00e0 \u0111\u1ea7y c\u00e1 t\u00ednh.<\/span><\/p>\n<h3><span style=\"font-family: helvetica, arial, sans-serif;\">H\u01b0\u01a1ng V\u1ecb \u0110\u1ed9c \u0110\u00e1o<\/span><\/h3>\n<ul>\n<li><span style=\"font-family: helvetica, arial, sans-serif;\"><strong>M\u0169i (Nose):<\/strong> H\u01b0\u01a1ng th\u01a1m phong ph\u00fa c\u1ee7a tr\u00e1i c\u00e2y \u0111\u1ecf ch\u00edn m\u1ecdng nh\u01b0 anh \u0111\u00e0o v\u00e0 m\u00e2m x\u00f4i, h\u00f2a quy\u1ec7n v\u1edbi ch\u00fat gia v\u1ecb n\u1ed3ng v\u00e0 d\u1ea5u \u1ea5n g\u1ed7 s\u1ed3i tinh t\u1ebf.<\/span><\/li>\n<li><span style=\"font-family: helvetica, arial, sans-serif;\"><strong>V\u1ecb (Palate):<\/strong> Tr\u00ean v\u00f2m mi\u1ec7ng, r\u01b0\u1ee3u c\u00f3 c\u1ea5u tr\u00fac m\u1ea1nh m\u1ebd, tannin m\u1ec1m m\u1ecbn v\u00e0 v\u1ecb ng\u1ecdt nh\u1eb9 t\u1eeb tr\u00e1i c\u00e2y k\u1ebft h\u1ee3p c\u00f9ng h\u01b0\u01a1ng socola \u0111en.<\/span><\/li>\n<li><span style=\"font-family: helvetica, arial, sans-serif;\"><strong>D\u01b0 v\u1ecb (Finish):<\/strong> D\u01b0 v\u1ecb d\u00e0i l\u00e2u v\u1edbi n\u1ed1t h\u01b0\u01a1ng kho\u00e1ng ch\u1ea5t v\u00e0 cam th\u1ea3o, \u0111\u1ec3 l\u1ea1i c\u1ea3m gi\u00e1c \u0111\u1eadm \u0111\u00e0 v\u00e0 s\u00e2u s\u1eafc.<\/span><\/li>\n<\/ul>\n<h3><span style=\"font-family: helvetica, arial, sans-serif;\">\u0110\u1eb7c \u0110i\u1ec3m S\u1ea3n Ph\u1ea9m<\/span><\/h3>\n<ul>\n<li><span style=\"font-family: helvetica, arial, sans-serif;\"><strong>Dung t\u00edch:<\/strong> 750ml<\/span><\/li>\n<li><span style=\"font-family: helvetica, arial, sans-serif;\"><strong>N\u1ed3ng \u0111\u1ed9 c\u1ed3n:<\/strong> 14% ABV<\/span><\/li>\n<li><span style=\"font-family: helvetica, arial, sans-serif;\"><strong>Xu\u1ea5t x\u1ee9:<\/strong> \u00dd<\/span><\/li>\n<li><span style=\"font-family: helvetica, arial, sans-serif;\"><strong>Lo\u1ea1i:<\/strong> R\u01b0\u1ee3u vang \u0111\u1ecf<\/span><\/li>\n<li><span style=\"font-family: helvetica, arial, sans-serif;\"><strong>Ni\u00ean v\u1ee5:<\/strong> 2017<\/span><\/li>\n<\/ul>\n<h3><span style=\"font-family: helvetica, arial, sans-serif;\">C\u00e1ch Th\u01b0\u1edfng Th\u1ee9c<\/span><\/h3>\n<p><span style=\"font-family: helvetica, arial, sans-serif;\"><strong>Croda Ronca 2017<\/strong> l\u00e0 l\u1ef1a ch\u1ecdn ho\u00e0n h\u1ea3o \u0111\u1ec3 th\u01b0\u1edfng th\u1ee9c c\u00f9ng:<\/span><\/p>\n<ul>\n<li><span style=\"font-family: helvetica, arial, sans-serif;\">C\u00e1c m\u00f3n th\u1ecbt n\u01b0\u1edbng nh\u01b0 th\u1ecbt b\u00f2, th\u1ecbt c\u1eebu ho\u1eb7c v\u1ecbt quay.<\/span><\/li>\n<li><span style=\"font-family: helvetica, arial, sans-serif;\">M\u00f3n \u0103n t\u1eeb ph\u00f4 mai gi\u00e0u h\u01b0\u01a1ng v\u1ecb ho\u1eb7c c\u00e1c lo\u1ea1i th\u1ecbt ngu\u1ed9i.<\/span><\/li>\n<li><span style=\"font-family: helvetica, arial, sans-serif;\">N\u00ean ph\u1ee5c v\u1ee5 \u1edf nhi\u1ec7t \u0111\u1ed9 16-18\u00b0C v\u00e0 decant kho\u1ea3ng 30 ph\u00fat tr\u01b0\u1edbc khi d\u00f9ng \u0111\u1ec3 ph\u00e1t huy t\u1ed1i \u0111a h\u01b0\u01a1ng v\u1ecb.<\/span><\/li>\n<\/ul>\n<hr \/>\n<p><span style=\"font-family: helvetica, arial, sans-serif;\"><strong>R\u01b0\u1ee3u Ngo\u1ea1i Twine \u2013 Th\u01b0\u01a1ng Hi\u1ec7u T\u1eeb N\u0103m 2021<\/strong><\/span><\/p>\n<ul>\n<li><span style=\"font-family: helvetica, arial, sans-serif;\">\u0110\u1ecba ch\u1ec9: 144, \u0110\u01b0\u1eddng D1, KDC Ph\u00fa H\u00f2a 1, TP. Th\u1ee7 D\u1ea7u M\u1ed9t, B\u00ecnh D\u01b0\u01a1ng<\/span><\/li>\n<li><span style=\"font-family: helvetica, arial, sans-serif;\">Hotline: 0989.819.859 \u2013 0898.683.465<\/span><\/li>\n<li><span style=\"font-family: helvetica, arial, sans-serif;\">Fanpage: fb.com\/ruoungoaitwine | fb.com\/ruouvangtwine<\/span><\/li>\n<\/ul>\n<p><span style=\"font-family: helvetica, arial, sans-serif;\"><strong>Twine \u2013 \u0110\u1ed3ng h\u00e0nh c\u00f9ng b\u1ea1n n\u00e2ng t\u1ea7m phong c\u00e1ch s\u1ed1ng v\u1edbi nh\u1eefng d\u00f2ng r\u01b0\u1ee3u ngo\u1ea1i th\u01b0\u1ee3ng h\u1ea1ng.<\/strong><\/span><\/p>\n","protected":false},"excerpt":{"rendered":"<p><span style=\"font-family: helvetica, arial, sans-serif;\"><strong>Croda Ronca 2017<\/strong> l\u00e0 chai r\u01b0\u1ee3u vang \u0111\u1ecf ch\u1ea5t l\u01b0\u1ee3ng \u0111\u1ebfn t\u1eeb \u00dd, mang d\u1ea5u \u1ea5n \u0111\u1ed9c \u0111\u00e1o v\u00e0 \u0111\u1eadm ch\u1ea5t th\u1ee7 c\u00f4ng. N\u01a1i s\u1ea3n xu\u1ea5t n\u1eb1m trong m\u1ed9t v\u00f9ng c\u00f3 truy\u1ec1n th\u1ed1ng l\u00e2u \u0111\u1eddi v\u1ec1 r\u01b0\u1ee3u vang v\u1edbi kh\u00ed h\u1eadu l\u00fd t\u01b0\u1edfng v\u00e0 th\u1ed5 nh\u01b0\u1ee1ng phong ph\u00fa gi\u00fap cho c\u00e1c gi\u1ed1ng nho ph\u00e1t tri\u1ec3n ho\u00e0n h\u1ea3o. S\u1ef1 t\u1ec9 m\u1ec9 t\u1eeb kh\u00e2u thu ho\u1ea1ch \u0111\u1ebfn qu\u00e1 tr\u00ecnh l\u00ean men \u0111\u00e3 t\u1ea1o n\u00ean m\u1ed9t chai r\u01b0\u1ee3u mang phong c\u00e1ch m\u1ea1nh m\u1ebd, tinh t\u1ebf v\u00e0 \u0111\u1ea7y c\u00e1 t\u00ednh.<\/span><\/p>\n","protected":false},"featured_media":25147,"comment_status":"open","ping_status":"closed","template":"","meta":[],"product_cat":[150,103],"product_tag":[],"class_list":{"0":"post-25143","1":"product","2":"type-product","3":"status-publish","4":"has-post-thumbnail","6":"product_cat-ruou-vang-y","7":"product_cat-red-wines","10":"first","11":"instock","12":"shipping-taxable","13":"product-type-simple"},"_links":{"self":[{"href":"https:\/\/twine.vn\/index.php\/wp-json\/wp\/v2\/product\/25143","targetHints":{"allow":["GET"]}}],"collection":[{"href":"https:\/\/twine.vn\/index.php\/wp-json\/wp\/v2\/product"}],"about":[{"href":"https:\/\/twine.vn\/index.php\/wp-json\/wp\/v2\/types\/product"}],"replies":[{"embeddable":true,"href":"https:\/\/twine.vn\/index.php\/wp-json\/wp\/v2\/comments?post=25143"}],"wp:featuredmedia":[{"embeddable":true,"href":"https:\/\/twine.vn\/index.php\/wp-json\/wp\/v2\/media\/25147"}],"wp:attachment":[{"href":"https:\/\/twine.vn\/index.php\/wp-json\/wp\/v2\/media?parent=25143"}],"wp:term":[{"taxonomy":"product_cat","embeddable":true,"href":"https:\/\/twine.vn\/index.php\/wp-json\/wp\/v2\/product_cat?post=25143"},{"taxonomy":"product_tag","embeddable":true,"href":"https:\/\/twine.vn\/index.php\/wp-json\/wp\/v2\/product_tag?post=25143"}],"curies":[{"name":"wp","href":"https:\/\/api.w.org\/{rel}","templated":true}]}}