{"id":25148,"date":"2025-01-14T12:07:06","date_gmt":"2025-01-14T12:07:06","guid":{"rendered":"https:\/\/twine.vn\/?post_type=product&#038;p=25148"},"modified":"2025-01-14T12:07:07","modified_gmt":"2025-01-14T12:07:07","slug":"feudo-mariano-primitivo-puglia","status":"publish","type":"product","link":"https:\/\/twine.vn\/index.php\/product\/feudo-mariano-primitivo-puglia\/","title":{"rendered":"Feudo Mariano Primitivo Puglia"},"content":{"rendered":"<p><span style=\"font-family: helvetica, arial, sans-serif;\"><strong>L\u1ecbch S\u1eed &amp; Ngu\u1ed3n G\u1ed1c<\/strong><\/span><br \/>\n<span style=\"font-family: helvetica, arial, sans-serif;\">Feudo Mariano Primitivo Puglia IGP l\u00e0 chai r\u01b0\u1ee3u vang \u0111\u1ecf h\u1ea3o h\u1ea1ng \u0111\u1ebfn t\u1eeb v\u00f9ng Puglia, mi\u1ec1n Nam n\u01b0\u1edbc \u00dd \u2013 n\u01a1i n\u1ed5i ti\u1ebfng v\u1edbi \u0111i\u1ec1u ki\u1ec7n kh\u00ed h\u1eadu \u1ea5m \u00e1p v\u00e0 th\u1ed5 nh\u01b0\u1ee1ng ho\u00e0n h\u1ea3o cho gi\u1ed1ng nho Primitivo. V\u1edbi s\u1ef1 k\u1ebft h\u1ee3p gi\u1eefa di s\u1ea3n l\u00e0m r\u01b0\u1ee3u l\u00e2u \u0111\u1eddi v\u00e0 k\u1ef9 thu\u1eadt s\u1ea3n xu\u1ea5t hi\u1ec7n \u0111\u1ea1i, chai r\u01b0\u1ee3u n\u00e0y mang \u0111\u1ebfn m\u1ed9t tr\u1ea3i nghi\u1ec7m th\u01b0\u1edfng th\u1ee9c \u0111\u1eadm ch\u1ea5t truy\u1ec1n th\u1ed1ng \u00dd nh\u01b0ng \u0111\u1ea7y tinh t\u1ebf v\u00e0 phong ph\u00fa.<\/span><\/p>\n<p><span style=\"font-family: helvetica, arial, sans-serif;\"><strong>H\u01b0\u01a1ng V\u1ecb \u0110\u1ed9c \u0110\u00e1o<\/strong><\/span><\/p>\n<ul>\n<li><span style=\"font-family: helvetica, arial, sans-serif;\"><em>M\u0169i (Nose)<\/em>: H\u01b0\u01a1ng th\u01a1m quy\u1ebfn r\u0169 c\u1ee7a tr\u00e1i c\u00e2y \u0111en ch\u00edn nh\u01b0 m\u1eadn, nho kh\u00f4, h\u00f2a quy\u1ec7n c\u00f9ng ch\u00fat h\u01b0\u01a1ng vani, gia v\u1ecb n\u1ed3ng v\u00e0 g\u1ed7 s\u1ed3i.<\/span><\/li>\n<li><span style=\"font-family: helvetica, arial, sans-serif;\"><em>V\u1ecb (Palate)<\/em>: Tr\u00ean v\u00f2m mi\u1ec7ng, r\u01b0\u1ee3u c\u00f3 c\u1ea5u tr\u00fac \u0111\u1ea7y \u0111\u1eb7n v\u1edbi tannin m\u1ec1m m\u01b0\u1ee3t, v\u1ecb ng\u1ecdt nh\u1eb9 c\u1ee7a tr\u00e1i c\u00e2y ch\u00edn k\u1ebft h\u1ee3p v\u1edbi n\u1ed1t h\u01b0\u01a1ng socola \u0111en v\u00e0 cam th\u1ea3o.<\/span><\/li>\n<li><span style=\"font-family: helvetica, arial, sans-serif;\"><em>D\u01b0 v\u1ecb (Finish)<\/em>: D\u01b0 v\u1ecb k\u00e9o d\u00e0i v\u00e0 s\u00e2u l\u1eafng, \u0111\u1ec3 l\u1ea1i c\u1ea3m gi\u00e1c tr\u00f2n tr\u1ecba v\u00e0 \u0111\u1eadm \u0111\u00e0 v\u1edbi d\u1ea5u \u1ea5n kho\u00e1ng ch\u1ea5t nh\u1eb9 nh\u00e0ng.<\/span><\/li>\n<\/ul>\n<p><span style=\"font-family: helvetica, arial, sans-serif;\"><strong>\u0110\u1eb7c \u0110i\u1ec3m S\u1ea3n Ph\u1ea9m<\/strong><\/span><\/p>\n<ul>\n<li><span style=\"font-family: helvetica, arial, sans-serif;\">Dung t\u00edch: 750ml<\/span><\/li>\n<li><span style=\"font-family: helvetica, arial, sans-serif;\">N\u1ed3ng \u0111\u1ed9 c\u1ed3n: 14.5% ABV<\/span><\/li>\n<li><span style=\"font-family: helvetica, arial, sans-serif;\">Xu\u1ea5t x\u1ee9: Puglia, \u00dd<\/span><\/li>\n<li><span style=\"font-family: helvetica, arial, sans-serif;\">Lo\u1ea1i: R\u01b0\u1ee3u vang \u0111\u1ecf<\/span><\/li>\n<li><span style=\"font-family: helvetica, arial, sans-serif;\">Gi\u1ed1ng nho: Primitivo<\/span><\/li>\n<li><span style=\"font-family: helvetica, arial, sans-serif;\">Ni\u00ean v\u1ee5: 2020<\/span><\/li>\n<\/ul>\n<p><span style=\"font-family: helvetica, arial, sans-serif;\"><strong>C\u00e1ch Th\u01b0\u1edfng Th\u1ee9c<\/strong><\/span><\/p>\n<ul>\n<li><span style=\"font-family: helvetica, arial, sans-serif;\">Th\u00edch h\u1ee3p khi d\u00f9ng k\u00e8m c\u00e1c m\u00f3n th\u1ecbt \u0111\u1ecf nh\u01b0 th\u1ecbt b\u00f2 n\u01b0\u1edbng, s\u01b0\u1eddn c\u1eebu ho\u1eb7c v\u1ecbt quay.<\/span><\/li>\n<li><span style=\"font-family: helvetica, arial, sans-serif;\">Ho\u00e0n h\u1ea3o v\u1edbi ph\u00f4 mai l\u00e2u n\u0103m ho\u1eb7c c\u00e1c lo\u1ea1i th\u1ecbt ngu\u1ed9i.<\/span><\/li>\n<li><span style=\"font-family: helvetica, arial, sans-serif;\">N\u00ean ph\u1ee5c v\u1ee5 \u1edf nhi\u1ec7t \u0111\u1ed9 16-18\u00b0C v\u00e0 decant kho\u1ea3ng 30 ph\u00fat tr\u01b0\u1edbc khi u\u1ed1ng \u0111\u1ec3 l\u00e0m n\u1ed5i b\u1eadt h\u01b0\u01a1ng v\u1ecb t\u1ed1t nh\u1ea5t c\u1ee7a r\u01b0\u1ee3u.<\/span><\/li>\n<\/ul>\n<p><span style=\"font-family: helvetica, arial, sans-serif;\"><strong>R\u01b0\u1ee3u Ngo\u1ea1i Twine \u2013 Th\u01b0\u01a1ng Hi\u1ec7u T\u1eeb N\u0103m 2021<\/strong><\/span><\/p>\n<ul>\n<li><span style=\"font-family: helvetica, arial, sans-serif;\">\u0110\u1ecba ch\u1ec9: 144, \u0110\u01b0\u1eddng D1, KDC Ph\u00fa H\u00f2a 1, TP. Th\u1ee7 D\u1ea7u M\u1ed9t, B\u00ecnh D\u01b0\u01a1ng<\/span><\/li>\n<li><span style=\"font-family: helvetica, arial, sans-serif;\">Hotline: 0989.819.859 \u2013 0898.683.465<\/span><\/li>\n<li><span style=\"font-family: helvetica, arial, sans-serif;\">Fanpage: fb.com\/ruoungoaitwine | fb.com\/ruouvangtwine<\/span><\/li>\n<li><span style=\"font-family: helvetica, arial, sans-serif;\"><em>Twine \u2013 \u0110\u1ed3ng h\u00e0nh c\u00f9ng b\u1ea1n n\u00e2ng t\u1ea7m phong c\u00e1ch s\u1ed1ng v\u1edbi nh\u1eefng d\u00f2ng r\u01b0\u1ee3u ngo\u1ea1i th\u01b0\u1ee3ng h\u1ea1ng.<\/em><\/span><\/li>\n<\/ul>\n","protected":false},"excerpt":{"rendered":"<p><span style=\"font-family: helvetica, arial, sans-serif;\">Feudo Mariano Primitivo Puglia IGP l\u00e0 chai r\u01b0\u1ee3u vang \u0111\u1ecf h\u1ea3o h\u1ea1ng \u0111\u1ebfn t\u1eeb v\u00f9ng Puglia, mi\u1ec1n Nam n\u01b0\u1edbc \u00dd \u2013 n\u01a1i n\u1ed5i ti\u1ebfng v\u1edbi \u0111i\u1ec1u ki\u1ec7n kh\u00ed h\u1eadu \u1ea5m \u00e1p v\u00e0 th\u1ed5 nh\u01b0\u1ee1ng ho\u00e0n h\u1ea3o cho gi\u1ed1ng nho Primitivo. V\u1edbi s\u1ef1 k\u1ebft h\u1ee3p gi\u1eefa di s\u1ea3n l\u00e0m r\u01b0\u1ee3u l\u00e2u \u0111\u1eddi v\u00e0 k\u1ef9 thu\u1eadt s\u1ea3n xu\u1ea5t hi\u1ec7n \u0111\u1ea1i, chai r\u01b0\u1ee3u n\u00e0y mang \u0111\u1ebfn m\u1ed9t tr\u1ea3i nghi\u1ec7m th\u01b0\u1edfng th\u1ee9c \u0111\u1eadm ch\u1ea5t truy\u1ec1n th\u1ed1ng \u00dd nh\u01b0ng \u0111\u1ea7y tinh t\u1ebf v\u00e0 phong ph\u00fa.<\/span><\/p>\n","protected":false},"featured_media":25152,"comment_status":"open","ping_status":"closed","template":"","meta":[],"product_cat":[15,150,103],"product_tag":[],"class_list":{"0":"post-25148","1":"product","2":"type-product","3":"status-publish","4":"has-post-thumbnail","6":"product_cat-ruou-vang","7":"product_cat-ruou-vang-y","8":"product_cat-red-wines","11":"first","12":"instock","13":"shipping-taxable","14":"product-type-simple"},"_links":{"self":[{"href":"https:\/\/twine.vn\/index.php\/wp-json\/wp\/v2\/product\/25148","targetHints":{"allow":["GET"]}}],"collection":[{"href":"https:\/\/twine.vn\/index.php\/wp-json\/wp\/v2\/product"}],"about":[{"href":"https:\/\/twine.vn\/index.php\/wp-json\/wp\/v2\/types\/product"}],"replies":[{"embeddable":true,"href":"https:\/\/twine.vn\/index.php\/wp-json\/wp\/v2\/comments?post=25148"}],"wp:featuredmedia":[{"embeddable":true,"href":"https:\/\/twine.vn\/index.php\/wp-json\/wp\/v2\/media\/25152"}],"wp:attachment":[{"href":"https:\/\/twine.vn\/index.php\/wp-json\/wp\/v2\/media?parent=25148"}],"wp:term":[{"taxonomy":"product_cat","embeddable":true,"href":"https:\/\/twine.vn\/index.php\/wp-json\/wp\/v2\/product_cat?post=25148"},{"taxonomy":"product_tag","embeddable":true,"href":"https:\/\/twine.vn\/index.php\/wp-json\/wp\/v2\/product_tag?post=25148"}],"curies":[{"name":"wp","href":"https:\/\/api.w.org\/{rel}","templated":true}]}}