{"id":25153,"date":"2025-01-14T12:24:51","date_gmt":"2025-01-14T12:24:51","guid":{"rendered":"https:\/\/twine.vn\/?post_type=product&#038;p=25153"},"modified":"2025-01-14T12:24:52","modified_gmt":"2025-01-14T12:24:52","slug":"volare-merlot-terre-siciliane","status":"publish","type":"product","link":"https:\/\/twine.vn\/index.php\/product\/volare-merlot-terre-siciliane\/","title":{"rendered":"Volare Merlot Terre Siciliane"},"content":{"rendered":"<h3><span style=\"font-family: helvetica, arial, sans-serif;\">L\u1ecbch S\u1eed &amp; Ngu\u1ed3n G\u1ed1c<\/span><\/h3>\n<p><span style=\"font-family: helvetica, arial, sans-serif;\">Volare Merlot Terre Siciliane l\u00e0 chai r\u01b0\u1ee3u vang \u0111\u1ecf \u0111\u01b0\u1ee3c s\u1ea3n xu\u1ea5t t\u1ea1i v\u00f9ng Sicilia, n\u01b0\u1edbc \u00dd \u2013 n\u01a1i c\u00f3 kh\u00ed h\u1eadu \u00f4n h\u00f2a v\u00e0 \u0111i\u1ec1u ki\u1ec7n th\u1ed5 nh\u01b0\u1ee1ng l\u00fd t\u01b0\u1edfng \u0111\u1ec3 tr\u1ed3ng gi\u1ed1ng nho Merlot. V\u1edbi s\u1ef1 k\u1ebft h\u1ee3p gi\u1eefa truy\u1ec1n th\u1ed1ng l\u00e0m r\u01b0\u1ee3u l\u00e2u \u0111\u1eddi v\u00e0 c\u00f4ng ngh\u1ec7 hi\u1ec7n \u0111\u1ea1i, chai r\u01b0\u1ee3u n\u00e0y mang \u0111\u1ebfn tr\u1ea3i nghi\u1ec7m th\u01b0\u1edfng th\u1ee9c \u0111\u1ea7y quy\u1ebfn r\u0169 v\u00e0 tinh t\u1ebf, \u0111\u1eadm ch\u1ea5t v\u0103n h\u00f3a \u00dd.<\/span><\/p>\n<hr \/>\n<h3><span style=\"font-family: helvetica, arial, sans-serif;\">H\u01b0\u01a1ng V\u1ecb \u0110\u1ed9c \u0110\u00e1o<\/span><\/h3>\n<p><span style=\"font-family: helvetica, arial, sans-serif;\"><strong>M\u0169i (Nose):<\/strong> H\u01b0\u01a1ng th\u01a1m phong ph\u00fa c\u1ee7a qu\u1ea3 m\u1ecdng \u0111\u1ecf ch\u00edn nh\u01b0 anh \u0111\u00e0o, m\u00e2m x\u00f4i, c\u00f9ng v\u1edbi ch\u00fat tho\u1ea3ng nh\u1eb9 c\u1ee7a h\u01b0\u01a1ng th\u1ea3o m\u1ed9c v\u00e0 vani.<\/span><br \/>\n<span style=\"font-family: helvetica, arial, sans-serif;\"><strong>V\u1ecb (Palate):<\/strong> C\u1ea3m gi\u00e1c m\u1ec1m m\u1ea1i v\u00e0 c\u00e2n b\u1eb1ng tr\u00ean v\u00f2m mi\u1ec7ng, v\u1edbi tannin m\u01b0\u1ee3t m\u00e0, v\u1ecb ng\u1ecdt nh\u1eb9 h\u00f2a quy\u1ec7n c\u00f9ng n\u1ed1t h\u01b0\u01a1ng cacao v\u00e0 gia v\u1ecb.<\/span><br \/>\n<span style=\"font-family: helvetica, arial, sans-serif;\"><strong>D\u01b0 v\u1ecb (Finish):<\/strong> D\u01b0 v\u1ecb k\u00e9o d\u00e0i, d\u1ec5 ch\u1ecbu v\u00e0 tr\u1ecdn v\u1eb9n, \u0111\u1ec3 l\u1ea1i c\u1ea3m gi\u00e1c thanh l\u1ecbch v\u1edbi ch\u00fat d\u01b0 \u00e2m c\u1ee7a tr\u00e1i c\u00e2y v\u00e0 kho\u00e1ng ch\u1ea5t.<\/span><\/p>\n<hr \/>\n<h3><span style=\"font-family: helvetica, arial, sans-serif;\">\u0110\u1eb7c \u0110i\u1ec3m S\u1ea3n Ph\u1ea9m<\/span><\/h3>\n<ul>\n<li><span style=\"font-family: helvetica, arial, sans-serif;\"><strong>Dung t\u00edch:<\/strong> 750ml<\/span><\/li>\n<li><span style=\"font-family: helvetica, arial, sans-serif;\"><strong>N\u1ed3ng \u0111\u1ed9 c\u1ed3n:<\/strong> 13% ABV<\/span><\/li>\n<li><span style=\"font-family: helvetica, arial, sans-serif;\"><strong>Xu\u1ea5t x\u1ee9:<\/strong> Sicilia, \u00dd<\/span><\/li>\n<li><span style=\"font-family: helvetica, arial, sans-serif;\"><strong>Lo\u1ea1i:<\/strong> R\u01b0\u1ee3u vang \u0111\u1ecf<\/span><\/li>\n<li><span style=\"font-family: helvetica, arial, sans-serif;\"><strong>Gi\u1ed1ng nho:<\/strong> Merlot<\/span><\/li>\n<li><span style=\"font-family: helvetica, arial, sans-serif;\"><strong>Ni\u00ean v\u1ee5:<\/strong> 2020<\/span><\/li>\n<\/ul>\n<hr \/>\n<h3><span style=\"font-family: helvetica, arial, sans-serif;\">C\u00e1ch Th\u01b0\u1edfng Th\u1ee9c<\/span><\/h3>\n<ul>\n<li><span style=\"font-family: helvetica, arial, sans-serif;\">Ph\u00f9 h\u1ee3p khi d\u00f9ng c\u00f9ng c\u00e1c m\u00f3n th\u1ecbt \u0111\u1ecf nh\u01b0 b\u00f2 b\u00edt t\u1ebft, s\u01b0\u1eddn n\u01b0\u1edbng ho\u1eb7c c\u00e1c m\u00f3n h\u1ea7m.<\/span><\/li>\n<li><span style=\"font-family: helvetica, arial, sans-serif;\">Ho\u00e0n h\u1ea3o khi k\u1ebft h\u1ee3p v\u1edbi c\u00e1c lo\u1ea1i ph\u00f4 mai b\u00e9o ng\u1eady ho\u1eb7c th\u1ecbt ngu\u1ed9i.<\/span><\/li>\n<li><span style=\"font-family: helvetica, arial, sans-serif;\">N\u00ean th\u01b0\u1edfng th\u1ee9c \u1edf nhi\u1ec7t \u0111\u1ed9 16-18\u00b0C v\u00e0 decant kho\u1ea3ng 20 ph\u00fat tr\u01b0\u1edbc khi d\u00f9ng \u0111\u1ec3 l\u00e0m n\u1ed5i b\u1eadt h\u01b0\u01a1ng v\u1ecb r\u01b0\u1ee3u.<\/span><\/li>\n<\/ul>\n<hr \/>\n<h3><span style=\"font-family: helvetica, arial, sans-serif;\">R\u01b0\u1ee3u Ngo\u1ea1i Twine \u2013 Th\u01b0\u01a1ng Hi\u1ec7u T\u1eeb N\u0103m 2021<\/span><\/h3>\n<p><span style=\"font-family: helvetica, arial, sans-serif;\"><strong>\u0110\u1ecba ch\u1ec9:<\/strong> 144, \u0110\u01b0\u1eddng D1, KDC Ph\u00fa H\u00f2a 1, TP. Th\u1ee7 D\u1ea7u M\u1ed9t, B\u00ecnh D\u01b0\u01a1ng<\/span><br \/>\n<span style=\"font-family: helvetica, arial, sans-serif;\"><strong>Hotline:<\/strong> 0989.819.859 \u2013 0898.683.465<\/span><br \/>\n<span style=\"font-family: helvetica, arial, sans-serif;\"><strong>Fanpage:<\/strong> <a href=\"https:\/\/fb.com\/ruoungoaitwine\">fb.com\/ruoungoaitwine<\/a> | <a href=\"https:\/\/fb.com\/ruouvangtwine\">fb.com\/ruouvangtwine<\/a><\/span><br \/>\n<span style=\"font-family: helvetica, arial, sans-serif;\"><strong>Twine<\/strong> \u2013 \u0110\u1ed3ng h\u00e0nh c\u00f9ng b\u1ea1n n\u00e2ng t\u1ea7m phong c\u00e1ch s\u1ed1ng v\u1edbi nh\u1eefng d\u00f2ng r\u01b0\u1ee3u ngo\u1ea1i th\u01b0\u1ee3ng h\u1ea1ng.<\/span><\/p>\n","protected":false},"excerpt":{"rendered":"<p><span style=\"font-family: helvetica, arial, sans-serif;\">Volare Merlot Terre Siciliane l\u00e0 chai r\u01b0\u1ee3u vang \u0111\u1ecf \u0111\u01b0\u1ee3c s\u1ea3n xu\u1ea5t t\u1ea1i v\u00f9ng Sicilia, n\u01b0\u1edbc \u00dd \u2013 n\u01a1i c\u00f3 kh\u00ed h\u1eadu \u00f4n h\u00f2a v\u00e0 \u0111i\u1ec1u ki\u1ec7n th\u1ed5 nh\u01b0\u1ee1ng l\u00fd t\u01b0\u1edfng \u0111\u1ec3 tr\u1ed3ng gi\u1ed1ng nho Merlot. V\u1edbi s\u1ef1 k\u1ebft h\u1ee3p gi\u1eefa truy\u1ec1n th\u1ed1ng l\u00e0m r\u01b0\u1ee3u l\u00e2u \u0111\u1eddi v\u00e0 c\u00f4ng ngh\u1ec7 hi\u1ec7n \u0111\u1ea1i, chai r\u01b0\u1ee3u n\u00e0y mang \u0111\u1ebfn tr\u1ea3i nghi\u1ec7m th\u01b0\u1edfng th\u1ee9c \u0111\u1ea7y quy\u1ebfn r\u0169 v\u00e0 tinh t\u1ebf, \u0111\u1eadm ch\u1ea5t v\u0103n h\u00f3a \u00dd.<\/span><\/p>\n","protected":false},"featured_media":25154,"comment_status":"open","ping_status":"closed","template":"","meta":[],"product_cat":[15,150,103],"product_tag":[],"class_list":{"0":"post-25153","1":"product","2":"type-product","3":"status-publish","4":"has-post-thumbnail","6":"product_cat-ruou-vang","7":"product_cat-ruou-vang-y","8":"product_cat-red-wines","11":"first","12":"instock","13":"shipping-taxable","14":"product-type-simple"},"_links":{"self":[{"href":"https:\/\/twine.vn\/index.php\/wp-json\/wp\/v2\/product\/25153","targetHints":{"allow":["GET"]}}],"collection":[{"href":"https:\/\/twine.vn\/index.php\/wp-json\/wp\/v2\/product"}],"about":[{"href":"https:\/\/twine.vn\/index.php\/wp-json\/wp\/v2\/types\/product"}],"replies":[{"embeddable":true,"href":"https:\/\/twine.vn\/index.php\/wp-json\/wp\/v2\/comments?post=25153"}],"wp:featuredmedia":[{"embeddable":true,"href":"https:\/\/twine.vn\/index.php\/wp-json\/wp\/v2\/media\/25154"}],"wp:attachment":[{"href":"https:\/\/twine.vn\/index.php\/wp-json\/wp\/v2\/media?parent=25153"}],"wp:term":[{"taxonomy":"product_cat","embeddable":true,"href":"https:\/\/twine.vn\/index.php\/wp-json\/wp\/v2\/product_cat?post=25153"},{"taxonomy":"product_tag","embeddable":true,"href":"https:\/\/twine.vn\/index.php\/wp-json\/wp\/v2\/product_tag?post=25153"}],"curies":[{"name":"wp","href":"https:\/\/api.w.org\/{rel}","templated":true}]}}