{"id":25159,"date":"2025-01-14T12:47:31","date_gmt":"2025-01-14T12:47:31","guid":{"rendered":"https:\/\/twine.vn\/?post_type=product&#038;p=25159"},"modified":"2025-01-14T12:47:32","modified_gmt":"2025-01-14T12:47:32","slug":"masseria-capoforte-arcorato-aglianico-2016","status":"publish","type":"product","link":"https:\/\/twine.vn\/index.php\/product\/masseria-capoforte-arcorato-aglianico-2016\/","title":{"rendered":"Masseria Capoforte Arcorato Aglianico 2016"},"content":{"rendered":"<h3><span style=\"font-family: helvetica, arial, sans-serif;\">L\u1ecbch S\u1eed &amp; Ngu\u1ed3n G\u1ed1c<\/span><\/h3>\n<p><span style=\"font-family: helvetica, arial, sans-serif;\"><strong>Masseria Capoforte Arcorato Aglianico 2016<\/strong> l\u00e0 m\u1ed9t chai r\u01b0\u1ee3u vang \u0111\u1ecf cao c\u1ea5p \u0111\u01b0\u1ee3c l\u00e0m t\u1eeb gi\u1ed1ng nho Aglianico, xu\u1ea5t x\u1ee9 t\u1eeb v\u00f9ng Campania, mi\u1ec1n Nam n\u01b0\u1edbc \u00dd. \u0110\u01b0\u1ee3c s\u1ea3n xu\u1ea5t t\u1ea1i c\u00e1c v\u01b0\u1eddn nho \u0111\u01a1n l\u1ebb (single vineyard), chai vang n\u00e0y ph\u1ea3n \u00e1nh s\u1ef1 k\u1ebft h\u1ee3p ho\u00e0n h\u1ea3o gi\u1eefa truy\u1ec1n th\u1ed1ng l\u00e0m r\u01b0\u1ee3u l\u00e2u \u0111\u1eddi v\u00e0 c\u00f4ng ngh\u1ec7 hi\u1ec7n \u0111\u1ea1i.<\/span><br \/>\n<span style=\"font-family: helvetica, arial, sans-serif;\">V\u1edbi kh\u00ed h\u1eadu \u1ea5m \u00e1p v\u00e0 th\u1ed5 nh\u01b0\u1ee1ng gi\u00e0u kho\u00e1ng ch\u1ea5t, gi\u1ed1ng nho Aglianico mang \u0111\u1ebfn h\u01b0\u01a1ng v\u1ecb \u0111\u1eadm \u0111\u00e0 v\u00e0 ph\u1ee9c h\u1ee3p, l\u00e0m n\u1ed5i b\u1eadt n\u00e9t \u0111\u1eb7c tr\u01b0ng c\u1ee7a v\u00f9ng \u0111\u1ea5t Campania.<\/span><\/p>\n<hr \/>\n<h3><span style=\"font-family: helvetica, arial, sans-serif;\">H\u01b0\u01a1ng V\u1ecb \u0110\u1ed9c \u0110\u00e1o<\/span><\/h3>\n<p><span style=\"font-family: helvetica, arial, sans-serif;\"><strong>M\u0169i (Nose):<\/strong> H\u01b0\u01a1ng th\u01a1m n\u1ed5i b\u1eadt c\u1ee7a tr\u00e1i c\u00e2y \u0111en ch\u00edn nh\u01b0 m\u1eadn, anh \u0111\u00e0o \u0111en, h\u00f2a quy\u1ec7n c\u00f9ng l\u1edbp h\u01b0\u01a1ng gia v\u1ecb cay nh\u1eb9, ti\u00eau \u0111en, g\u1ed7 s\u1ed3i, v\u00e0 tho\u1ea3ng ch\u00fat th\u1ea3o m\u1ed9c.<\/span><br \/>\n<span style=\"font-family: helvetica, arial, sans-serif;\"><strong>V\u1ecb (Palate):<\/strong> R\u01b0\u1ee3u c\u00f3 c\u1ea5u tr\u00fac \u0111\u1ea7y \u0111\u1eb7n, tannin m\u1ea1nh m\u1ebd nh\u01b0ng m\u01b0\u1ee3t m\u00e0, v\u1edbi v\u1ecb ng\u1ecdt nh\u1eb9 c\u1ee7a tr\u00e1i c\u00e2y ch\u00edn k\u1ebft h\u1ee3p c\u00f9ng n\u1ed1t h\u01b0\u01a1ng cacao, cam th\u1ea3o v\u00e0 vani.<\/span><br \/>\n<span style=\"font-family: helvetica, arial, sans-serif;\"><strong>D\u01b0 v\u1ecb (Finish):<\/strong> D\u01b0 v\u1ecb k\u00e9o d\u00e0i v\u00e0 tr\u00f2n tr\u1ecba, \u0111\u1ec3 l\u1ea1i c\u1ea3m gi\u00e1c thanh l\u1ecbch v\u1edbi d\u1ea5u \u1ea5n kho\u00e1ng ch\u1ea5t v\u00e0 h\u01b0\u01a1ng v\u1ecb c\u1ee7a g\u1ed7 s\u1ed3i gi\u00e0.<\/span><\/p>\n<hr \/>\n<h3><span style=\"font-family: helvetica, arial, sans-serif;\">\u0110\u1eb7c \u0110i\u1ec3m S\u1ea3n Ph\u1ea9m<\/span><\/h3>\n<ul>\n<li><span style=\"font-family: helvetica, arial, sans-serif;\"><strong>Dung t\u00edch:<\/strong> 750ml<\/span><\/li>\n<li><span style=\"font-family: helvetica, arial, sans-serif;\"><strong>N\u1ed3ng \u0111\u1ed9 c\u1ed3n:<\/strong> 14% ABV<\/span><\/li>\n<li><span style=\"font-family: helvetica, arial, sans-serif;\"><strong>Xu\u1ea5t x\u1ee9:<\/strong> Campania, \u00dd<\/span><\/li>\n<li><span style=\"font-family: helvetica, arial, sans-serif;\"><strong>Lo\u1ea1i:<\/strong> R\u01b0\u1ee3u vang \u0111\u1ecf<\/span><\/li>\n<li><span style=\"font-family: helvetica, arial, sans-serif;\"><strong>Gi\u1ed1ng nho:<\/strong> Aglianico<\/span><\/li>\n<li><span style=\"font-family: helvetica, arial, sans-serif;\"><strong>Ni\u00ean v\u1ee5:<\/strong> 2016<\/span><\/li>\n<\/ul>\n<hr \/>\n<h3><span style=\"font-family: helvetica, arial, sans-serif;\">C\u00e1ch Th\u01b0\u1edfng Th\u1ee9c<\/span><\/h3>\n<ul>\n<li><span style=\"font-family: helvetica, arial, sans-serif;\">Ho\u00e0n h\u1ea3o khi d\u00f9ng k\u00e8m c\u00e1c m\u00f3n th\u1ecbt \u0111\u1ecf n\u01b0\u1edbng, s\u01b0\u1eddn c\u1eebu quay, ho\u1eb7c c\u00e1c m\u00f3n \u0103n \u0111\u1eadm gia v\u1ecb.<\/span><\/li>\n<li><span style=\"font-family: helvetica, arial, sans-serif;\">Th\u00edch h\u1ee3p v\u1edbi c\u00e1c m\u00f3n ph\u00f4 mai l\u00e2u n\u0103m ho\u1eb7c pasta s\u1ed1t th\u1ecbt.<\/span><\/li>\n<li><span style=\"font-family: helvetica, arial, sans-serif;\">Nhi\u1ec7t \u0111\u1ed9 ph\u1ee5c v\u1ee5 l\u00fd t\u01b0\u1edfng: 16-18\u00b0C. N\u00ean decant r\u01b0\u1ee3u t\u1eeb 30-60 ph\u00fat tr\u01b0\u1edbc khi th\u01b0\u1edfng th\u1ee9c \u0111\u1ec3 l\u00e0m n\u1ed5i b\u1eadt h\u01b0\u01a1ng v\u1ecb ph\u1ee9c h\u1ee3p c\u1ee7a r\u01b0\u1ee3u.<\/span><\/li>\n<\/ul>\n<hr \/>\n<h3><span style=\"font-family: helvetica, arial, sans-serif;\">R\u01b0\u1ee3u Ngo\u1ea1i Twine \u2013 Th\u01b0\u01a1ng Hi\u1ec7u T\u1eeb N\u0103m 2021<\/span><\/h3>\n<p><span style=\"font-family: helvetica, arial, sans-serif;\"><strong>\u0110\u1ecba ch\u1ec9:<\/strong> 144, \u0110\u01b0\u1eddng D1, KDC Ph\u00fa H\u00f2a 1, TP. Th\u1ee7 D\u1ea7u M\u1ed9t, B\u00ecnh D\u01b0\u01a1ng<\/span><br \/>\n<span style=\"font-family: helvetica, arial, sans-serif;\"><strong>Hotline:<\/strong> 0989.819.859 \u2013 0898.683.465<\/span><br \/>\n<span style=\"font-family: helvetica, arial, sans-serif;\"><strong>Fanpage:<\/strong> fb.com\/ruoungoaitwine | fb.com\/ruouvangtwine<\/span><\/p>\n<p><span style=\"font-family: helvetica, arial, sans-serif;\">Twine \u2013 \u0110\u1ed3ng h\u00e0nh c\u00f9ng b\u1ea1n n\u00e2ng t\u1ea7m phong c\u00e1ch s\u1ed1ng v\u1edbi nh\u1eefng d\u00f2ng r\u01b0\u1ee3u vang cao c\u1ea5p t\u1eeb kh\u1eafp n\u01a1i tr\u00ean th\u1ebf gi\u1edbi.<\/span><\/p>\n","protected":false},"excerpt":{"rendered":"<p><span style=\"font-family: helvetica, arial, sans-serif;\"><strong>Masseria Capoforte Arcorato Aglianico 2016<\/strong> l\u00e0 m\u1ed9t chai r\u01b0\u1ee3u vang \u0111\u1ecf cao c\u1ea5p \u0111\u01b0\u1ee3c l\u00e0m t\u1eeb gi\u1ed1ng nho Aglianico, xu\u1ea5t x\u1ee9 t\u1eeb v\u00f9ng Campania, mi\u1ec1n Nam n\u01b0\u1edbc \u00dd. \u0110\u01b0\u1ee3c s\u1ea3n xu\u1ea5t t\u1ea1i c\u00e1c v\u01b0\u1eddn nho \u0111\u01a1n l\u1ebb (single vineyard), chai vang n\u00e0y ph\u1ea3n \u00e1nh s\u1ef1 k\u1ebft h\u1ee3p ho\u00e0n h\u1ea3o gi\u1eefa truy\u1ec1n th\u1ed1ng l\u00e0m r\u01b0\u1ee3u l\u00e2u \u0111\u1eddi v\u00e0 c\u00f4ng ngh\u1ec7 hi\u1ec7n \u0111\u1ea1i.<\/span><br \/>\n<span style=\"font-family: helvetica, arial, sans-serif;\">V\u1edbi kh\u00ed h\u1eadu \u1ea5m \u00e1p v\u00e0 th\u1ed5 nh\u01b0\u1ee1ng gi\u00e0u kho\u00e1ng ch\u1ea5t, gi\u1ed1ng nho Aglianico mang \u0111\u1ebfn h\u01b0\u01a1ng v\u1ecb \u0111\u1eadm \u0111\u00e0 v\u00e0 ph\u1ee9c h\u1ee3p, l\u00e0m n\u1ed5i b\u1eadt n\u00e9t \u0111\u1eb7c tr\u01b0ng c\u1ee7a v\u00f9ng \u0111\u1ea5t Campania.<\/span><\/p>\n","protected":false},"featured_media":25163,"comment_status":"open","ping_status":"closed","template":"","meta":[],"product_cat":[15,150,103],"product_tag":[],"class_list":{"0":"post-25159","1":"product","2":"type-product","3":"status-publish","4":"has-post-thumbnail","6":"product_cat-ruou-vang","7":"product_cat-ruou-vang-y","8":"product_cat-red-wines","11":"first","12":"instock","13":"shipping-taxable","14":"product-type-simple"},"_links":{"self":[{"href":"https:\/\/twine.vn\/index.php\/wp-json\/wp\/v2\/product\/25159","targetHints":{"allow":["GET"]}}],"collection":[{"href":"https:\/\/twine.vn\/index.php\/wp-json\/wp\/v2\/product"}],"about":[{"href":"https:\/\/twine.vn\/index.php\/wp-json\/wp\/v2\/types\/product"}],"replies":[{"embeddable":true,"href":"https:\/\/twine.vn\/index.php\/wp-json\/wp\/v2\/comments?post=25159"}],"wp:featuredmedia":[{"embeddable":true,"href":"https:\/\/twine.vn\/index.php\/wp-json\/wp\/v2\/media\/25163"}],"wp:attachment":[{"href":"https:\/\/twine.vn\/index.php\/wp-json\/wp\/v2\/media?parent=25159"}],"wp:term":[{"taxonomy":"product_cat","embeddable":true,"href":"https:\/\/twine.vn\/index.php\/wp-json\/wp\/v2\/product_cat?post=25159"},{"taxonomy":"product_tag","embeddable":true,"href":"https:\/\/twine.vn\/index.php\/wp-json\/wp\/v2\/product_tag?post=25159"}],"curies":[{"name":"wp","href":"https:\/\/api.w.org\/{rel}","templated":true}]}}