{"id":25165,"date":"2025-01-17T07:15:04","date_gmt":"2025-01-17T07:15:04","guid":{"rendered":"https:\/\/twine.vn\/?post_type=product&#038;p=25165"},"modified":"2025-01-17T07:15:04","modified_gmt":"2025-01-17T07:15:04","slug":"old-world-cuvee-99","status":"publish","type":"product","link":"https:\/\/twine.vn\/index.php\/product\/old-world-cuvee-99\/","title":{"rendered":"Old World Cuvee 99"},"content":{"rendered":"<h3><span style=\"font-family: helvetica, arial, sans-serif;\">L\u1ecbch s\u1eed &amp; ngu\u1ed3n g\u1ed1c<\/span><\/h3>\n<p><span style=\"font-family: helvetica, arial, sans-serif;\"><strong>Old World Cuvee 99<\/strong> l\u00e0 chai r\u01b0\u1ee3u vang \u0111\u1ecf \u0111\u1ebfn t\u1eeb v\u00f9ng Puglia, \u00dd. V\u1edbi l\u1ecbch s\u1eed s\u1ea3n xu\u1ea5t r\u01b0\u1ee3u vang h\u00e0ng tr\u0103m n\u0103m, v\u00f9ng Puglia n\u1ed5i ti\u1ebfng v\u1edbi th\u1ed5 nh\u01b0\u1ee1ng gi\u00e0u kho\u00e1ng ch\u1ea5t v\u00e0 kh\u00ed h\u1eadu \u0110\u1ecba Trung H\u1ea3i l\u00fd t\u01b0\u1edfng \u0111\u1ec3 tr\u1ed3ng nho. <strong>Old World Cuvee 99<\/strong> l\u00e0 k\u1ebft tinh c\u1ee7a s\u1ef1 k\u1ebft h\u1ee3p gi\u1eefa ph\u01b0\u01a1ng ph\u00e1p s\u1ea3n xu\u1ea5t truy\u1ec1n th\u1ed1ng v\u00e0 k\u1ef9 thu\u1eadt hi\u1ec7n \u0111\u1ea1i, mang \u0111\u1ebfn m\u1ed9t chai r\u01b0\u1ee3u \u0111\u1ea7y c\u00e1 t\u00ednh v\u00e0 h\u01b0\u01a1ng v\u1ecb \u0111\u1ed9c \u0111\u00e1o.<\/span><\/p>\n<hr \/>\n<h3><span style=\"font-family: helvetica, arial, sans-serif;\">H\u01b0\u01a1ng v\u1ecb \u0111\u1ed9c \u0111\u00e1o<\/span><\/h3>\n<ul>\n<li><span style=\"font-family: helvetica, arial, sans-serif;\"><strong>M\u0169i (Nose):<\/strong> H\u01b0\u01a1ng th\u01a1m \u0111\u1eadm \u0111\u00e0 c\u1ee7a tr\u00e1i c\u00e2y \u0111\u1ecf ch\u00edn nh\u01b0 anh \u0111\u00e0o, m\u00e2m x\u00f4i, h\u00f2a quy\u1ec7n c\u00f9ng n\u1ed1t h\u01b0\u01a1ng th\u1ea3o m\u1ed9c v\u00e0 gia v\u1ecb cay nh\u1eb9.<\/span><\/li>\n<li><span style=\"font-family: helvetica, arial, sans-serif;\"><strong>V\u1ecb (Palate):<\/strong> V\u1ecb r\u01b0\u1ee3u \u0111\u1eadm \u0111\u00e0, tannin m\u01b0\u1ee3t m\u00e0, c\u00e2n b\u1eb1ng gi\u1eefa tr\u00e1i c\u00e2y ch\u00edn m\u1ecdng v\u00e0 ch\u00fat vani ng\u1ecdt ng\u00e0o t\u1eeb qu\u00e1 tr\u00ecnh \u1ee7 trong th\u00f9ng g\u1ed7 s\u1ed3i.<\/span><\/li>\n<li><span style=\"font-family: helvetica, arial, sans-serif;\"><strong>D\u01b0 v\u1ecb (Finish):<\/strong> D\u01b0 v\u1ecb k\u00e9o d\u00e0i, ph\u1ea3ng ph\u1ea5t h\u01b0\u01a1ng chocolate \u0111en, gia v\u1ecb cay nh\u1eb9, v\u00e0 kho\u00e1ng ch\u1ea5t \u0111\u1eb7c tr\u01b0ng.<\/span><\/li>\n<\/ul>\n<hr \/>\n<h3><span style=\"font-family: helvetica, arial, sans-serif;\">\u0110\u1eb7c \u0111i\u1ec3m s\u1ea3n ph\u1ea9m<\/span><\/h3>\n<ul>\n<li><span style=\"font-family: helvetica, arial, sans-serif;\"><strong>Dung t\u00edch:<\/strong> 750ml<\/span><\/li>\n<li><span style=\"font-family: helvetica, arial, sans-serif;\"><strong>N\u1ed3ng \u0111\u1ed9 c\u1ed3n:<\/strong> 13.5% ABV<\/span><\/li>\n<li><span style=\"font-family: helvetica, arial, sans-serif;\"><strong>Xu\u1ea5t x\u1ee9:<\/strong> Puglia, \u00dd<\/span><\/li>\n<li><span style=\"font-family: helvetica, arial, sans-serif;\"><strong>Lo\u1ea1i:<\/strong> R\u01b0\u1ee3u vang \u0111\u1ecf cao c\u1ea5p<\/span><\/li>\n<\/ul>\n<hr \/>\n<h3><span style=\"font-family: helvetica, arial, sans-serif;\">C\u00e1ch th\u01b0\u1edfng th\u1ee9c<\/span><\/h3>\n<p><span style=\"font-family: helvetica, arial, sans-serif;\"><strong>Old World Cuvee 99<\/strong> ph\u00f9 h\u1ee3p nh\u1ea5t khi k\u1ebft h\u1ee3p v\u1edbi c\u00e1c m\u00f3n \u0103n nh\u01b0:<\/span><\/p>\n<ul>\n<li><span style=\"font-family: helvetica, arial, sans-serif;\">Th\u1ecbt b\u00f2 n\u01b0\u1edbng, th\u1ecbt c\u1eebu quay ho\u1eb7c th\u1ecbt gia c\u1ea7m h\u1ea7m.<\/span><\/li>\n<li><span style=\"font-family: helvetica, arial, sans-serif;\">C\u00e1c m\u00f3n \u0103n ch\u1ebf bi\u1ebfn v\u1edbi th\u1ea3o m\u1ed9c \u0110\u1ecba Trung H\u1ea3i.<\/span><\/li>\n<li><span style=\"font-family: helvetica, arial, sans-serif;\">Ph\u00f4 mai \u1ee7 l\u00e2u n\u0103m nh\u01b0 ph\u00f4 mai xanh ho\u1eb7c ph\u00f4 mai c\u1ee9ng.<\/span><\/li>\n<\/ul>\n<p><span style=\"font-family: helvetica, arial, sans-serif;\"><strong>Nhi\u1ec7t \u0111\u1ed9 ph\u1ee5c v\u1ee5 l\u00fd t\u01b0\u1edfng:<\/strong> 16-18\u00b0C. Tr\u01b0\u1edbc khi th\u01b0\u1edfng th\u1ee9c, n\u00ean \u0111\u1ec3 vang \u201cth\u1edf\u201d trong decanter kho\u1ea3ng 30 ph\u00fat \u0111\u1ec3 ph\u00e1t huy t\u1ed1i \u0111a h\u01b0\u01a1ng v\u1ecb.<\/span><\/p>\n<hr \/>\n<h3><span style=\"font-family: helvetica, arial, sans-serif;\">R\u01b0\u1ee3u Ngo\u1ea1i Twine \u2013 Th\u01b0\u01a1ng Hi\u1ec7u T\u1eeb N\u0103m 2021<\/span><\/h3>\n<ul>\n<li><span style=\"font-family: helvetica, arial, sans-serif;\"><strong>\u0110\u1ecba ch\u1ec9:<\/strong> 144, \u0110\u01b0\u1eddng D1, KDC Ph\u00fa H\u00f2a 1, TP. Th\u1ee7 D\u1ea7u M\u1ed9t, B\u00ecnh D\u01b0\u01a1ng<\/span><\/li>\n<li><span style=\"font-family: helvetica, arial, sans-serif;\"><strong>Hotline:<\/strong> 0989.819.859 \u2013 0898.683.465<\/span><\/li>\n<li><span style=\"font-family: helvetica, arial, sans-serif;\"><strong>Fanpage:<\/strong> <a href=\"https:\/\/fb.com\/ruoungoaitwine\" target=\"_new\" rel=\"noopener\">fb.com\/ruoungoaitwine<\/a> | <a href=\"https:\/\/fb.com\/ruouvangtwine\" target=\"_new\" rel=\"noopener\">fb.com\/ruouvangtwine<\/a><\/span><\/li>\n<\/ul>\n<p><span style=\"font-family: helvetica, arial, sans-serif;\">Twine \u2013 \u0110\u1ed3ng h\u00e0nh c\u00f9ng b\u1ea1n n\u00e2ng t\u1ea7m phong c\u00e1ch s\u1ed1ng v\u1edbi nh\u1eefng d\u00f2ng r\u01b0\u1ee3u ngo\u1ea1i th\u01b0\u1ee3ng h\u1ea1ng.<\/span><\/p>\n","protected":false},"excerpt":{"rendered":"<p><span style=\"font-family: helvetica, arial, sans-serif;\"><strong>Old World Cuvee 99<\/strong> l\u00e0 chai r\u01b0\u1ee3u vang \u0111\u1ecf \u0111\u1ebfn t\u1eeb v\u00f9ng Puglia, \u00dd. V\u1edbi l\u1ecbch s\u1eed s\u1ea3n xu\u1ea5t r\u01b0\u1ee3u vang h\u00e0ng tr\u0103m n\u0103m, v\u00f9ng Puglia n\u1ed5i ti\u1ebfng v\u1edbi th\u1ed5 nh\u01b0\u1ee1ng gi\u00e0u kho\u00e1ng ch\u1ea5t v\u00e0 kh\u00ed h\u1eadu \u0110\u1ecba Trung H\u1ea3i l\u00fd t\u01b0\u1edfng \u0111\u1ec3 tr\u1ed3ng nho. <strong>Old World Cuvee 99<\/strong> l\u00e0 k\u1ebft tinh c\u1ee7a s\u1ef1 k\u1ebft h\u1ee3p gi\u1eefa ph\u01b0\u01a1ng ph\u00e1p s\u1ea3n xu\u1ea5t truy\u1ec1n th\u1ed1ng v\u00e0 k\u1ef9 thu\u1eadt hi\u1ec7n \u0111\u1ea1i, mang \u0111\u1ebfn m\u1ed9t chai r\u01b0\u1ee3u \u0111\u1ea7y c\u00e1 t\u00ednh v\u00e0 h\u01b0\u01a1ng v\u1ecb \u0111\u1ed9c \u0111\u00e1o.<\/span><\/p>\n","protected":false},"featured_media":25169,"comment_status":"open","ping_status":"closed","template":"","meta":[],"product_cat":[15,150,103],"product_tag":[],"class_list":{"0":"post-25165","1":"product","2":"type-product","3":"status-publish","4":"has-post-thumbnail","6":"product_cat-ruou-vang","7":"product_cat-ruou-vang-y","8":"product_cat-red-wines","11":"first","12":"instock","13":"shipping-taxable","14":"product-type-simple"},"_links":{"self":[{"href":"https:\/\/twine.vn\/index.php\/wp-json\/wp\/v2\/product\/25165","targetHints":{"allow":["GET"]}}],"collection":[{"href":"https:\/\/twine.vn\/index.php\/wp-json\/wp\/v2\/product"}],"about":[{"href":"https:\/\/twine.vn\/index.php\/wp-json\/wp\/v2\/types\/product"}],"replies":[{"embeddable":true,"href":"https:\/\/twine.vn\/index.php\/wp-json\/wp\/v2\/comments?post=25165"}],"wp:featuredmedia":[{"embeddable":true,"href":"https:\/\/twine.vn\/index.php\/wp-json\/wp\/v2\/media\/25169"}],"wp:attachment":[{"href":"https:\/\/twine.vn\/index.php\/wp-json\/wp\/v2\/media?parent=25165"}],"wp:term":[{"taxonomy":"product_cat","embeddable":true,"href":"https:\/\/twine.vn\/index.php\/wp-json\/wp\/v2\/product_cat?post=25165"},{"taxonomy":"product_tag","embeddable":true,"href":"https:\/\/twine.vn\/index.php\/wp-json\/wp\/v2\/product_tag?post=25165"}],"curies":[{"name":"wp","href":"https:\/\/api.w.org\/{rel}","templated":true}]}}