{"id":25170,"date":"2025-01-17T07:19:55","date_gmt":"2025-01-17T07:19:55","guid":{"rendered":"https:\/\/twine.vn\/?post_type=product&#038;p=25170"},"modified":"2025-01-17T07:19:55","modified_gmt":"2025-01-17T07:19:55","slug":"auru-nero-di-troia","status":"publish","type":"product","link":"https:\/\/twine.vn\/index.php\/product\/auru-nero-di-troia\/","title":{"rendered":"Auru Nero di Troia"},"content":{"rendered":"<h3><span style=\"font-family: helvetica, arial, sans-serif;\">L\u1ecbch s\u1eed &amp; ngu\u1ed3n g\u1ed1c<\/span><\/h3>\n<p><span style=\"font-family: helvetica, arial, sans-serif;\"><strong>Auru Nero di Troia<\/strong> l\u00e0 chai r\u01b0\u1ee3u vang \u0111\u1ecf h\u1eefu c\u01a1 \u0111\u1ebfn t\u1eeb <strong>Tenuta del Pajaru<\/strong>, v\u00f9ng Puglia, \u00dd. V\u1edbi l\u1ecbch s\u1eed tr\u1ed3ng v\u00e0 s\u1ea3n xu\u1ea5t r\u01b0\u1ee3u vang l\u00e2u \u0111\u1eddi, v\u00f9ng \u0111\u1ea5t n\u00e0y \u0111\u01b0\u1ee3c bi\u1ebft \u0111\u1ebfn v\u1edbi kh\u00ed h\u1eadu \u0110\u1ecba Trung H\u1ea3i \u0111\u1eb7c tr\u01b0ng v\u00e0 th\u1ed5 nh\u01b0\u1ee1ng l\u00fd t\u01b0\u1edfng cho gi\u1ed1ng nho <strong>Nero di Troia<\/strong>. S\u1ef1 k\u1ebft h\u1ee3p gi\u1eefa c\u00e1c ph\u01b0\u01a1ng ph\u00e1p s\u1ea3n xu\u1ea5t truy\u1ec1n th\u1ed1ng v\u00e0 quy tr\u00ecnh h\u1eefu c\u01a1 hi\u1ec7n \u0111\u1ea1i mang \u0111\u1ebfn chai r\u01b0\u1ee3u ch\u1ea5t l\u01b0\u1ee3ng cao, ph\u1ea3n \u00e1nh \u0111\u00fang tinh th\u1ea7n c\u1ee7a v\u00f9ng \u0111\u1ea5t.<\/span><\/p>\n<hr \/>\n<h3><span style=\"font-family: helvetica, arial, sans-serif;\">H\u01b0\u01a1ng v\u1ecb \u0111\u1ed9c \u0111\u00e1o<\/span><\/h3>\n<ul>\n<li><span style=\"font-family: helvetica, arial, sans-serif;\"><strong>M\u0169i (Nose):<\/strong> H\u01b0\u01a1ng th\u01a1m tinh t\u1ebf c\u1ee7a tr\u00e1i c\u00e2y ch\u00edn nh\u01b0 m\u1eadn, anh \u0111\u00e0o \u0111en, h\u00f2a quy\u1ec7n c\u00f9ng g\u1ee3i \u00fd c\u1ee7a th\u1ea3o m\u1ed9c, hoa t\u00edm v\u00e0 gia v\u1ecb nh\u1eb9.<\/span><\/li>\n<li><span style=\"font-family: helvetica, arial, sans-serif;\"><strong>V\u1ecb (Palate):<\/strong> K\u1ebft c\u1ea5u c\u00e2n b\u1eb1ng v\u1edbi tannin m\u1ec1m m\u1ea1i, mang l\u1ea1i h\u01b0\u01a1ng v\u1ecb \u0111\u1eadm \u0111\u00e0 c\u1ee7a tr\u00e1i c\u00e2y \u0111\u1ecf ch\u00edn m\u1ecdng, xen l\u1eabn ch\u00fat v\u1ecb cay n\u1ed3ng c\u1ee7a ti\u00eau \u0111en v\u00e0 th\u1ea3o m\u1ed9c.<\/span><\/li>\n<li><span style=\"font-family: helvetica, arial, sans-serif;\"><strong>D\u01b0 v\u1ecb (Finish):<\/strong> H\u1eadu v\u1ecb k\u00e9o d\u00e0i, thanh tho\u00e1t v\u1edbi d\u1ea5u \u1ea5n c\u1ee7a chocolate \u0111en v\u00e0 ch\u00fat kho\u00e1ng ch\u1ea5t \u0111\u1eb7c tr\u01b0ng t\u1eeb v\u00f9ng \u0111\u1ea5t tr\u1ed3ng h\u1eefu c\u01a1.<\/span><\/li>\n<\/ul>\n<hr \/>\n<h3><span style=\"font-family: helvetica, arial, sans-serif;\">\u0110\u1eb7c \u0111i\u1ec3m s\u1ea3n ph\u1ea9m<\/span><\/h3>\n<ul>\n<li><span style=\"font-family: helvetica, arial, sans-serif;\"><strong>Dung t\u00edch:<\/strong> 750ml<\/span><\/li>\n<li><span style=\"font-family: helvetica, arial, sans-serif;\"><strong>N\u1ed3ng \u0111\u1ed9 c\u1ed3n:<\/strong> 13.5% ABV<\/span><\/li>\n<li><span style=\"font-family: helvetica, arial, sans-serif;\"><strong>Xu\u1ea5t x\u1ee9:<\/strong> Puglia, \u00dd<\/span><\/li>\n<li><span style=\"font-family: helvetica, arial, sans-serif;\"><strong>Lo\u1ea1i:<\/strong> R\u01b0\u1ee3u vang \u0111\u1ecf h\u1eefu c\u01a1 (Organic Wine)<\/span><\/li>\n<\/ul>\n<hr \/>\n<h3><span style=\"font-family: helvetica, arial, sans-serif;\">C\u00e1ch th\u01b0\u1edfng th\u1ee9c<\/span><\/h3>\n<p><span style=\"font-family: helvetica, arial, sans-serif;\"><strong>Auru Nero di Troia<\/strong> ho\u00e0n h\u1ea3o khi k\u1ebft h\u1ee3p v\u1edbi:<\/span><\/p>\n<ul>\n<li><span style=\"font-family: helvetica, arial, sans-serif;\">Th\u1ecbt n\u01b0\u1edbng nh\u01b0 th\u1ecbt b\u00f2, th\u1ecbt c\u1eebu ho\u1eb7c g\u00e0 quay.<\/span><\/li>\n<li><span style=\"font-family: helvetica, arial, sans-serif;\">M\u00f3n m\u00ec \u1ed1ng s\u1ed1t c\u00e0 chua, s\u1ed1t th\u1ecbt ho\u1eb7c th\u1ea3o m\u1ed9c.<\/span><\/li>\n<li><span style=\"font-family: helvetica, arial, sans-serif;\">Ph\u00f4 mai c\u1ee9ng nh\u01b0 Pecorino, Parmesan.<\/span><\/li>\n<\/ul>\n<p><span style=\"font-family: helvetica, arial, sans-serif;\"><strong>Nhi\u1ec7t \u0111\u1ed9 l\u00fd t\u01b0\u1edfng:<\/strong> 16-18\u00b0C. N\u00ean \u0111\u1ec3 vang \u201cth\u1edf\u201d trong decanter kho\u1ea3ng 20-30 ph\u00fat tr\u01b0\u1edbc khi th\u01b0\u1edfng th\u1ee9c.<\/span><\/p>\n<hr \/>\n<h3><span style=\"font-family: helvetica, arial, sans-serif;\">R\u01b0\u1ee3u Ngo\u1ea1i Twine \u2013 Th\u01b0\u01a1ng Hi\u1ec7u T\u1eeb N\u0103m 2021<\/span><\/h3>\n<ul>\n<li><span style=\"font-family: helvetica, arial, sans-serif;\"><strong>\u0110\u1ecba ch\u1ec9:<\/strong> 144, \u0110\u01b0\u1eddng D1, KDC Ph\u00fa H\u00f2a 1, TP. Th\u1ee7 D\u1ea7u M\u1ed9t, B\u00ecnh D\u01b0\u01a1ng<\/span><\/li>\n<li><span style=\"font-family: helvetica, arial, sans-serif;\"><strong>Hotline:<\/strong> 0989.819.859 \u2013 0898.683.465<\/span><\/li>\n<li><span style=\"font-family: helvetica, arial, sans-serif;\"><strong>Fanpage:<\/strong> <a href=\"https:\/\/fb.com\/ruoungoaitwine\" target=\"_new\" rel=\"noopener\">fb.com\/ruoungoaitwine<\/a> | <a href=\"https:\/\/fb.com\/ruouvangtwine\" target=\"_new\" rel=\"noopener\">fb.com\/ruouvangtwine<\/a><\/span><\/li>\n<\/ul>\n<p><span style=\"font-family: helvetica, arial, sans-serif;\">Twine \u2013 \u0110\u1ed3ng h\u00e0nh c\u00f9ng b\u1ea1n n\u00e2ng t\u1ea7m phong c\u00e1ch s\u1ed1ng v\u1edbi nh\u1eefng d\u00f2ng r\u01b0\u1ee3u ngo\u1ea1i th\u01b0\u1ee3ng h\u1ea1ng.<\/span><\/p>\n","protected":false},"excerpt":{"rendered":"<p><span style=\"font-family: helvetica, arial, sans-serif;\"><strong>Auru Nero di Troia<\/strong> l\u00e0 chai r\u01b0\u1ee3u vang \u0111\u1ecf h\u1eefu c\u01a1 \u0111\u1ebfn t\u1eeb <strong>Tenuta del Pajaru<\/strong>, v\u00f9ng Puglia, \u00dd. V\u1edbi l\u1ecbch s\u1eed tr\u1ed3ng v\u00e0 s\u1ea3n xu\u1ea5t r\u01b0\u1ee3u vang l\u00e2u \u0111\u1eddi, v\u00f9ng \u0111\u1ea5t n\u00e0y \u0111\u01b0\u1ee3c bi\u1ebft \u0111\u1ebfn v\u1edbi kh\u00ed h\u1eadu \u0110\u1ecba Trung H\u1ea3i \u0111\u1eb7c tr\u01b0ng v\u00e0 th\u1ed5 nh\u01b0\u1ee1ng l\u00fd t\u01b0\u1edfng cho gi\u1ed1ng nho <strong>Nero di Troia<\/strong>. S\u1ef1 k\u1ebft h\u1ee3p gi\u1eefa c\u00e1c ph\u01b0\u01a1ng ph\u00e1p s\u1ea3n xu\u1ea5t truy\u1ec1n th\u1ed1ng v\u00e0 quy tr\u00ecnh h\u1eefu c\u01a1 hi\u1ec7n \u0111\u1ea1i mang \u0111\u1ebfn chai r\u01b0\u1ee3u ch\u1ea5t l\u01b0\u1ee3ng cao, ph\u1ea3n \u00e1nh \u0111\u00fang tinh th\u1ea7n c\u1ee7a v\u00f9ng \u0111\u1ea5t.<\/span><\/p>\n","protected":false},"featured_media":25174,"comment_status":"open","ping_status":"closed","template":"","meta":[],"product_cat":[15,150,103],"product_tag":[],"class_list":{"0":"post-25170","1":"product","2":"type-product","3":"status-publish","4":"has-post-thumbnail","6":"product_cat-ruou-vang","7":"product_cat-ruou-vang-y","8":"product_cat-red-wines","11":"first","12":"instock","13":"shipping-taxable","14":"product-type-simple"},"_links":{"self":[{"href":"https:\/\/twine.vn\/index.php\/wp-json\/wp\/v2\/product\/25170","targetHints":{"allow":["GET"]}}],"collection":[{"href":"https:\/\/twine.vn\/index.php\/wp-json\/wp\/v2\/product"}],"about":[{"href":"https:\/\/twine.vn\/index.php\/wp-json\/wp\/v2\/types\/product"}],"replies":[{"embeddable":true,"href":"https:\/\/twine.vn\/index.php\/wp-json\/wp\/v2\/comments?post=25170"}],"wp:featuredmedia":[{"embeddable":true,"href":"https:\/\/twine.vn\/index.php\/wp-json\/wp\/v2\/media\/25174"}],"wp:attachment":[{"href":"https:\/\/twine.vn\/index.php\/wp-json\/wp\/v2\/media?parent=25170"}],"wp:term":[{"taxonomy":"product_cat","embeddable":true,"href":"https:\/\/twine.vn\/index.php\/wp-json\/wp\/v2\/product_cat?post=25170"},{"taxonomy":"product_tag","embeddable":true,"href":"https:\/\/twine.vn\/index.php\/wp-json\/wp\/v2\/product_tag?post=25170"}],"curies":[{"name":"wp","href":"https:\/\/api.w.org\/{rel}","templated":true}]}}