{"id":25175,"date":"2025-01-17T07:25:11","date_gmt":"2025-01-17T07:25:11","guid":{"rendered":"https:\/\/twine.vn\/?post_type=product&#038;p=25175"},"modified":"2025-01-17T07:25:11","modified_gmt":"2025-01-17T07:25:11","slug":"primocapo-primitivo-single-vineyard-2018","status":"publish","type":"product","link":"https:\/\/twine.vn\/index.php\/product\/primocapo-primitivo-single-vineyard-2018\/","title":{"rendered":"Primocapo Primitivo Single Vineyard 2018"},"content":{"rendered":"<h3><span style=\"font-family: helvetica, arial, sans-serif;\">L\u1ecbch s\u1eed &amp; ngu\u1ed3n g\u1ed1c<\/span><\/h3>\n<p><span style=\"font-family: helvetica, arial, sans-serif;\"><strong>Primocapo Primitivo Single Vineyard 2018<\/strong> l\u00e0 chai r\u01b0\u1ee3u vang \u0111\u1ecf cao c\u1ea5p \u0111\u01b0\u1ee3c s\u1ea3n xu\u1ea5t b\u1edfi nh\u00e0 r\u01b0\u1ee3u danh ti\u1ebfng <strong>Masseria Capoforte<\/strong> t\u1ea1i v\u00f9ng Puglia, \u00dd. Puglia \u0111\u01b0\u1ee3c bi\u1ebft \u0111\u1ebfn l\u00e0 qu\u00ea h\u01b0\u01a1ng c\u1ee7a gi\u1ed1ng nho <strong>Primitivo<\/strong>, m\u1ed9t trong nh\u1eefng gi\u1ed1ng nho \u0111\u1eb7c tr\u01b0ng nh\u1ea5t t\u1ea1i \u00dd. V\u1edbi s\u1ef1 k\u1ebft h\u1ee3p gi\u1eefa ph\u01b0\u01a1ng ph\u00e1p canh t\u00e1c truy\u1ec1n th\u1ed1ng v\u00e0 c\u00f4ng ngh\u1ec7 hi\u1ec7n \u0111\u1ea1i, <strong>Primocapo<\/strong> th\u1ec3 hi\u1ec7n tinh hoa c\u1ee7a v\u00f9ng \u0111\u1ea5t v\u00e0 kh\u00ed h\u1eadu \u0110\u1ecba Trung H\u1ea3i.<\/span><\/p>\n<hr \/>\n<h3><span style=\"font-family: helvetica, arial, sans-serif;\">H\u01b0\u01a1ng v\u1ecb \u0111\u1ed9c \u0111\u00e1o<\/span><\/h3>\n<ul>\n<li><span style=\"font-family: helvetica, arial, sans-serif;\"><strong>M\u0169i (Nose):<\/strong> H\u01b0\u01a1ng th\u01a1m n\u1ed3ng n\u00e0n c\u1ee7a tr\u00e1i c\u00e2y \u0111\u1ecf ch\u00edn nh\u01b0 m\u1eadn \u0111en, anh \u0111\u00e0o v\u00e0 m\u00e2m x\u00f4i, h\u00f2a quy\u1ec7n c\u00f9ng n\u1ed1t h\u01b0\u01a1ng tinh t\u1ebf c\u1ee7a vani, chocolate v\u00e0 ch\u00fat gia v\u1ecb cay nh\u1eb9.<\/span><\/li>\n<li><span style=\"font-family: helvetica, arial, sans-serif;\"><strong>V\u1ecb (Palate):<\/strong> C\u1ea5u tr\u00fac \u0111\u1ea7y \u0111\u1eb7n, \u0111\u1eadm \u0111\u00e0 v\u1edbi tannin m\u1ec1m m\u1ecbn, mang l\u1ea1i c\u1ea3m gi\u00e1c h\u00e0i h\u00f2a gi\u1eefa v\u1ecb ng\u1ecdt c\u1ee7a tr\u00e1i c\u00e2y ch\u00edn v\u00e0 h\u01b0\u01a1ng g\u1ed7 s\u1ed3i thanh l\u1ecbch.<\/span><\/li>\n<li><span style=\"font-family: helvetica, arial, sans-serif;\"><strong>D\u01b0 v\u1ecb (Finish):<\/strong> H\u1eadu v\u1ecb k\u00e9o d\u00e0i, \u0111\u1ec3 l\u1ea1i d\u1ea5u \u1ea5n c\u1ee7a qu\u1ea3 m\u1ecdng \u0111\u1ecf, chocolate \u0111en v\u00e0 m\u1ed9t ch\u00fat kho\u00e1ng ch\u1ea5t.<\/span><\/li>\n<\/ul>\n<hr \/>\n<h3><span style=\"font-family: helvetica, arial, sans-serif;\">\u0110\u1eb7c \u0111i\u1ec3m s\u1ea3n ph\u1ea9m<\/span><\/h3>\n<ul>\n<li><span style=\"font-family: helvetica, arial, sans-serif;\"><strong>Dung t\u00edch:<\/strong> 750ml<\/span><\/li>\n<li><span style=\"font-family: helvetica, arial, sans-serif;\"><strong>N\u1ed3ng \u0111\u1ed9 c\u1ed3n:<\/strong> 15% ABV<\/span><\/li>\n<li><span style=\"font-family: helvetica, arial, sans-serif;\"><strong>Xu\u1ea5t x\u1ee9:<\/strong> Puglia, \u00dd<\/span><\/li>\n<li><span style=\"font-family: helvetica, arial, sans-serif;\"><strong>Lo\u1ea1i:<\/strong> R\u01b0\u1ee3u vang \u0111\u1ecf cao c\u1ea5p<\/span><\/li>\n<\/ul>\n<hr \/>\n<h3><span style=\"font-family: helvetica, arial, sans-serif;\">C\u00e1ch th\u01b0\u1edfng th\u1ee9c<\/span><\/h3>\n<p><span style=\"font-family: helvetica, arial, sans-serif;\"><strong>Primocapo Primitivo Single Vineyard 2018<\/strong> th\u00edch h\u1ee3p nh\u1ea5t khi k\u1ebft h\u1ee3p v\u1edbi:<\/span><\/p>\n<ul>\n<li><span style=\"font-family: helvetica, arial, sans-serif;\">Th\u1ecbt b\u00f2 b\u00edt t\u1ebft, th\u1ecbt c\u1eebu n\u01b0\u1edbng ho\u1eb7c c\u00e1c m\u00f3n th\u1ecbt quay ki\u1ec3u \u00c2u.<\/span><\/li>\n<li><span style=\"font-family: helvetica, arial, sans-serif;\">M\u00ec \u00dd s\u1ed1t th\u1ecbt ho\u1eb7c s\u1ed1t r\u01b0\u1ee3u vang \u0111\u1ecf.<\/span><\/li>\n<li><span style=\"font-family: helvetica, arial, sans-serif;\">Ph\u00f4 mai \u1ee7 l\u00e2u n\u0103m nh\u01b0 Parmigiano Reggiano ho\u1eb7c Gorgonzola.<\/span><\/li>\n<\/ul>\n<p><span style=\"font-family: helvetica, arial, sans-serif;\"><strong>Nhi\u1ec7t \u0111\u1ed9 l\u00fd t\u01b0\u1edfng:<\/strong> 16-18\u00b0C. Tr\u01b0\u1edbc khi u\u1ed1ng, n\u00ean \u0111\u1ec3 vang \u201cth\u1edf\u201d trong decanter t\u1eeb 30-60 ph\u00fat \u0111\u1ec3 h\u01b0\u01a1ng v\u1ecb \u0111\u01b0\u1ee3c ph\u00e1t tri\u1ec3n t\u1ed1i \u01b0u.<\/span><\/p>\n<hr \/>\n<h3><span style=\"font-family: helvetica, arial, sans-serif;\">R\u01b0\u1ee3u Ngo\u1ea1i Twine \u2013 Th\u01b0\u01a1ng Hi\u1ec7u T\u1eeb N\u0103m 2021<\/span><\/h3>\n<ul>\n<li><span style=\"font-family: helvetica, arial, sans-serif;\"><strong>\u0110\u1ecba ch\u1ec9:<\/strong> 144, \u0110\u01b0\u1eddng D1, KDC Ph\u00fa H\u00f2a 1, TP. Th\u1ee7 D\u1ea7u M\u1ed9t, B\u00ecnh D\u01b0\u01a1ng<\/span><\/li>\n<li><span style=\"font-family: helvetica, arial, sans-serif;\"><strong>Hotline:<\/strong> 0989.819.859 \u2013 0898.683.465<\/span><\/li>\n<li><span style=\"font-family: helvetica, arial, sans-serif;\"><strong>Fanpage:<\/strong> <a href=\"https:\/\/fb.com\/ruoungoaitwine\" target=\"_new\" rel=\"noopener\">fb.com\/ruoungoaitwine<\/a> | <a href=\"https:\/\/fb.com\/ruouvangtwine\" target=\"_new\" rel=\"noopener\">fb.com\/ruouvangtwine<\/a><\/span><\/li>\n<\/ul>\n<p><span style=\"font-family: helvetica, arial, sans-serif;\">Twine \u2013 \u0110\u1ed3ng h\u00e0nh c\u00f9ng b\u1ea1n n\u00e2ng t\u1ea7m phong c\u00e1ch s\u1ed1ng v\u1edbi nh\u1eefng d\u00f2ng r\u01b0\u1ee3u ngo\u1ea1i th\u01b0\u1ee3ng h\u1ea1ng.<\/span><\/p>\n","protected":false},"excerpt":{"rendered":"<p><span style=\"font-family: helvetica, arial, sans-serif;\"><strong>Primocapo Primitivo Single Vineyard 2018<\/strong> l\u00e0 chai r\u01b0\u1ee3u vang \u0111\u1ecf cao c\u1ea5p \u0111\u01b0\u1ee3c s\u1ea3n xu\u1ea5t b\u1edfi nh\u00e0 r\u01b0\u1ee3u danh ti\u1ebfng <strong>Masseria Capoforte<\/strong> t\u1ea1i v\u00f9ng Puglia, \u00dd. Puglia \u0111\u01b0\u1ee3c bi\u1ebft \u0111\u1ebfn l\u00e0 qu\u00ea h\u01b0\u01a1ng c\u1ee7a gi\u1ed1ng nho <strong>Primitivo<\/strong>, m\u1ed9t trong nh\u1eefng gi\u1ed1ng nho \u0111\u1eb7c tr\u01b0ng nh\u1ea5t t\u1ea1i \u00dd. V\u1edbi s\u1ef1 k\u1ebft h\u1ee3p gi\u1eefa ph\u01b0\u01a1ng ph\u00e1p canh t\u00e1c truy\u1ec1n th\u1ed1ng v\u00e0 c\u00f4ng ngh\u1ec7 hi\u1ec7n \u0111\u1ea1i, <strong>Primocapo<\/strong> th\u1ec3 hi\u1ec7n tinh hoa c\u1ee7a v\u00f9ng \u0111\u1ea5t v\u00e0 kh\u00ed h\u1eadu \u0110\u1ecba Trung H\u1ea3i.<\/span><\/p>\n","protected":false},"featured_media":25179,"comment_status":"open","ping_status":"closed","template":"","meta":[],"product_cat":[15,150,103],"product_tag":[],"class_list":{"0":"post-25175","1":"product","2":"type-product","3":"status-publish","4":"has-post-thumbnail","6":"product_cat-ruou-vang","7":"product_cat-ruou-vang-y","8":"product_cat-red-wines","11":"first","12":"instock","13":"shipping-taxable","14":"product-type-simple"},"_links":{"self":[{"href":"https:\/\/twine.vn\/index.php\/wp-json\/wp\/v2\/product\/25175","targetHints":{"allow":["GET"]}}],"collection":[{"href":"https:\/\/twine.vn\/index.php\/wp-json\/wp\/v2\/product"}],"about":[{"href":"https:\/\/twine.vn\/index.php\/wp-json\/wp\/v2\/types\/product"}],"replies":[{"embeddable":true,"href":"https:\/\/twine.vn\/index.php\/wp-json\/wp\/v2\/comments?post=25175"}],"wp:featuredmedia":[{"embeddable":true,"href":"https:\/\/twine.vn\/index.php\/wp-json\/wp\/v2\/media\/25179"}],"wp:attachment":[{"href":"https:\/\/twine.vn\/index.php\/wp-json\/wp\/v2\/media?parent=25175"}],"wp:term":[{"taxonomy":"product_cat","embeddable":true,"href":"https:\/\/twine.vn\/index.php\/wp-json\/wp\/v2\/product_cat?post=25175"},{"taxonomy":"product_tag","embeddable":true,"href":"https:\/\/twine.vn\/index.php\/wp-json\/wp\/v2\/product_tag?post=25175"}],"curies":[{"name":"wp","href":"https:\/\/api.w.org\/{rel}","templated":true}]}}