{"id":25186,"date":"2025-01-19T11:03:56","date_gmt":"2025-01-19T11:03:56","guid":{"rendered":"https:\/\/twine.vn\/?post_type=product&#038;p=25186"},"modified":"2025-01-19T11:03:56","modified_gmt":"2025-01-19T11:03:56","slug":"x-timeto-primitivo-puglia","status":"publish","type":"product","link":"https:\/\/twine.vn\/index.php\/product\/x-timeto-primitivo-puglia\/","title":{"rendered":"X Timeto Primitivo Puglia"},"content":{"rendered":"<p><span style=\"font-family: helvetica, arial, sans-serif;\"><strong>L\u1ecbch s\u1eed &amp; ngu\u1ed3n g\u1ed1c<\/strong><\/span><br \/>\n<span style=\"font-family: helvetica, arial, sans-serif;\"><em>X Timeto Primitivo Puglia<\/em> l\u00e0 chai r\u01b0\u1ee3u vang \u0111\u1ecf cao c\u1ea5p \u0111\u1ebfn t\u1eeb v\u00f9ng Puglia, mi\u1ec1n Nam n\u01b0\u1edbc \u00dd. \u0110\u01b0\u1ee3c s\u1ea3n xu\u1ea5t t\u1eeb gi\u1ed1ng nho Primitivo n\u1ed5i ti\u1ebfng, chai r\u01b0\u1ee3u n\u00e0y th\u1ec3 hi\u1ec7n s\u1ef1 h\u00f2a quy\u1ec7n tuy\u1ec7t v\u1eddi gi\u1eefa truy\u1ec1n th\u1ed1ng v\u00e0 k\u1ef9 thu\u1eadt l\u00e0m r\u01b0\u1ee3u hi\u1ec7n \u0111\u1ea1i. V\u00f9ng Puglia v\u1edbi kh\u00ed h\u1eadu \u1ea5m \u00e1p, \u00e1nh n\u1eafng d\u1ed3i d\u00e0o c\u00f9ng th\u1ed5 nh\u01b0\u1ee1ng gi\u00e0u kho\u00e1ng ch\u1ea5t \u0111\u00e3 t\u1ea1o \u0111i\u1ec1u ki\u1ec7n l\u00fd t\u01b0\u1edfng \u0111\u1ec3 s\u1ea3n xu\u1ea5t ra nh\u1eefng chai vang mang h\u01b0\u01a1ng v\u1ecb \u0111\u1eb7c tr\u01b0ng. Th\u01b0\u01a1ng hi\u1ec7u <em>X Timeto<\/em> lu\u00f4n ch\u00fa tr\u1ecdng \u0111\u1ebfn t\u1eebng chi ti\u1ebft trong quy tr\u00ecnh s\u1ea3n xu\u1ea5t, \u0111\u1ea3m b\u1ea3o ch\u1ea5t l\u01b0\u1ee3ng v\u01b0\u1ee3t tr\u1ed9i.<\/span><\/p>\n<hr \/>\n<p><span style=\"font-family: helvetica, arial, sans-serif;\"><strong>H\u01b0\u01a1ng v\u1ecb \u0111\u1ed9c \u0111\u00e1o<\/strong><\/span><\/p>\n<ul>\n<li><span style=\"font-family: helvetica, arial, sans-serif;\"><strong>M\u0169i (Nose):<\/strong> H\u01b0\u01a1ng th\u01a1m phong ph\u00fa c\u1ee7a tr\u00e1i c\u00e2y ch\u00edn m\u1ecdng nh\u01b0 m\u00e2m x\u00f4i, m\u1eadn, v\u00e0 anh \u0111\u00e0o, k\u1ebft h\u1ee3p c\u00f9ng n\u1ed1t h\u01b0\u01a1ng cay nh\u1eb9 c\u1ee7a qu\u1ebf, h\u1ed3i v\u00e0 ch\u00fat tho\u1ea3ng t\u1eeb g\u1ed7 s\u1ed3i.<\/span><\/li>\n<li><span style=\"font-family: helvetica, arial, sans-serif;\"><strong>V\u1ecb (Palate):<\/strong> V\u1ecb r\u01b0\u1ee3u \u0111\u1eadm \u0111\u00e0, tr\u00f2n tr\u1ecba, v\u1edbi c\u1ea5u tr\u00fac tannin m\u1ec1m m\u1ea1i. H\u01b0\u01a1ng v\u1ecb ch\u1ee7 \u0111\u1ea1o l\u00e0 tr\u00e1i c\u00e2y ch\u00edn, h\u00f2a quy\u1ec7n v\u1edbi ch\u00fat v\u1ecb chocolate \u0111en v\u00e0 vani ng\u1ecdt ng\u00e0o t\u1eeb qu\u00e1 tr\u00ecnh \u1ee7 g\u1ed7 s\u1ed3i.<\/span><\/li>\n<li><span style=\"font-family: helvetica, arial, sans-serif;\"><strong>D\u01b0 v\u1ecb (Finish):<\/strong> D\u01b0 v\u1ecb k\u00e9o d\u00e0i, \u00eam d\u1ecbu, v\u1edbi d\u1ea5u \u1ea5n c\u1ee7a gia v\u1ecb cay nh\u1eb9 v\u00e0 m\u1ed9t ch\u00fat kho\u00e1ng ch\u1ea5t \u0111\u1eb7c tr\u01b0ng.<\/span><\/li>\n<\/ul>\n<hr \/>\n<p><span style=\"font-family: helvetica, arial, sans-serif;\"><strong>\u0110\u1eb7c \u0111i\u1ec3m s\u1ea3n ph\u1ea9m<\/strong><\/span><\/p>\n<ul>\n<li><span style=\"font-family: helvetica, arial, sans-serif;\"><strong>Dung t\u00edch:<\/strong> 750ml<\/span><\/li>\n<li><span style=\"font-family: helvetica, arial, sans-serif;\"><strong>N\u1ed3ng \u0111\u1ed9 c\u1ed3n:<\/strong> 14% ABV<\/span><\/li>\n<li><span style=\"font-family: helvetica, arial, sans-serif;\"><strong>Xu\u1ea5t x\u1ee9:<\/strong> Puglia, \u00dd<\/span><\/li>\n<li><span style=\"font-family: helvetica, arial, sans-serif;\"><strong>Lo\u1ea1i:<\/strong> R\u01b0\u1ee3u vang \u0111\u1ecf (Primitivo)<\/span><\/li>\n<\/ul>\n<hr \/>\n<p><span style=\"font-family: helvetica, arial, sans-serif;\"><strong>C\u00e1ch th\u01b0\u1edfng th\u1ee9c<\/strong><\/span><br \/>\n<span style=\"font-family: helvetica, arial, sans-serif;\"><em>X Timeto Primitivo Puglia<\/em> l\u00fd t\u01b0\u1edfng khi k\u1ebft h\u1ee3p v\u1edbi:<\/span><\/p>\n<ul>\n<li><span style=\"font-family: helvetica, arial, sans-serif;\">C\u00e1c m\u00f3n th\u1ecbt \u0111\u1ecf nh\u01b0 th\u1ecbt b\u00f2 n\u01b0\u1edbng, c\u1eebu quay, ho\u1eb7c s\u01b0\u1eddn heo x\u00f4ng kh\u00f3i.<\/span><\/li>\n<li><span style=\"font-family: helvetica, arial, sans-serif;\">C\u00e1c m\u00f3n ch\u1ebf bi\u1ebfn t\u1eeb ph\u00f4 mai m\u1ec1m ho\u1eb7c c\u1ee9ng nh\u01b0 Parmesan, Pecorino.<\/span><\/li>\n<li><span style=\"font-family: helvetica, arial, sans-serif;\">M\u00f3n m\u00ec \u1ed1ng s\u1ed1t c\u00e0 chua \u0111\u1eadm \u0111\u00e0 ho\u1eb7c pizza phong c\u00e1ch \u00dd.<\/span><\/li>\n<\/ul>\n<p><span style=\"font-family: helvetica, arial, sans-serif;\"><strong>Nhi\u1ec7t \u0111\u1ed9 ph\u1ee5c v\u1ee5:<\/strong> 16-18\u00b0C. N\u00ean \u0111\u1ec3 r\u01b0\u1ee3u th\u1edf trong decanter kho\u1ea3ng 30 ph\u00fat tr\u01b0\u1edbc khi th\u01b0\u1edfng th\u1ee9c \u0111\u1ec3 t\u1eadn h\u01b0\u1edfng t\u1ed1i \u0111a h\u01b0\u01a1ng v\u1ecb.<\/span><\/p>\n<hr \/>\n<p><span style=\"font-family: helvetica, arial, sans-serif;\"><strong>R\u01b0\u1ee3u Ngo\u1ea1i Twine \u2013 Th\u01b0\u01a1ng Hi\u1ec7u T\u1eeb N\u0103m 2021<\/strong><\/span><\/p>\n<ul>\n<li><span style=\"font-family: helvetica, arial, sans-serif;\"><strong>\u0110\u1ecba ch\u1ec9:<\/strong> 144, \u0110\u01b0\u1eddng D1, KDC Ph\u00fa H\u00f2a 1, TP. Th\u1ee7 D\u1ea7u M\u1ed9t, B\u00ecnh D\u01b0\u01a1ng<\/span><\/li>\n<li><span style=\"font-family: helvetica, arial, sans-serif;\"><strong>Hotline:<\/strong> 0989.819.859 \u2013 0898.683.465<\/span><\/li>\n<li><span style=\"font-family: helvetica, arial, sans-serif;\"><strong>Fanpage:<\/strong> fb.com\/ruoungoaitwine | fb.com\/ruouvangtwine<\/span><\/li>\n<\/ul>\n<p><span style=\"font-family: helvetica, arial, sans-serif;\"><em>Twine \u2013 \u0110\u1ed3ng h\u00e0nh c\u00f9ng b\u1ea1n n\u00e2ng t\u1ea7m phong c\u00e1ch s\u1ed1ng v\u1edbi nh\u1eefng d\u00f2ng r\u01b0\u1ee3u ngo\u1ea1i th\u01b0\u1ee3ng h\u1ea1ng.<\/em><\/span><\/p>\n","protected":false},"excerpt":{"rendered":"<p><span style=\"font-family: helvetica, arial, sans-serif;\"><em>X Timeto Primitivo Puglia<\/em> l\u00e0 chai r\u01b0\u1ee3u vang \u0111\u1ecf cao c\u1ea5p \u0111\u1ebfn t\u1eeb v\u00f9ng Puglia, mi\u1ec1n Nam n\u01b0\u1edbc \u00dd. \u0110\u01b0\u1ee3c s\u1ea3n xu\u1ea5t t\u1eeb gi\u1ed1ng nho Primitivo n\u1ed5i ti\u1ebfng, chai r\u01b0\u1ee3u n\u00e0y th\u1ec3 hi\u1ec7n s\u1ef1 h\u00f2a quy\u1ec7n tuy\u1ec7t v\u1eddi gi\u1eefa truy\u1ec1n th\u1ed1ng v\u00e0 k\u1ef9 thu\u1eadt l\u00e0m r\u01b0\u1ee3u hi\u1ec7n \u0111\u1ea1i. V\u00f9ng Puglia v\u1edbi kh\u00ed h\u1eadu \u1ea5m \u00e1p, \u00e1nh n\u1eafng d\u1ed3i d\u00e0o c\u00f9ng th\u1ed5 nh\u01b0\u1ee1ng gi\u00e0u kho\u00e1ng ch\u1ea5t \u0111\u00e3 t\u1ea1o \u0111i\u1ec1u ki\u1ec7n l\u00fd t\u01b0\u1edfng \u0111\u1ec3 s\u1ea3n xu\u1ea5t ra nh\u1eefng chai vang mang h\u01b0\u01a1ng v\u1ecb \u0111\u1eb7c tr\u01b0ng. Th\u01b0\u01a1ng hi\u1ec7u <em>X Timeto<\/em> lu\u00f4n ch\u00fa tr\u1ecdng \u0111\u1ebfn t\u1eebng chi ti\u1ebft trong quy tr\u00ecnh s\u1ea3n xu\u1ea5t, \u0111\u1ea3m b\u1ea3o ch\u1ea5t l\u01b0\u1ee3ng v\u01b0\u1ee3t tr\u1ed9i.<\/span><\/p>\n","protected":false},"featured_media":25190,"comment_status":"open","ping_status":"closed","template":"","meta":[],"product_cat":[15,150,103],"product_tag":[],"class_list":{"0":"post-25186","1":"product","2":"type-product","3":"status-publish","4":"has-post-thumbnail","6":"product_cat-ruou-vang","7":"product_cat-ruou-vang-y","8":"product_cat-red-wines","11":"first","12":"instock","13":"shipping-taxable","14":"product-type-simple"},"_links":{"self":[{"href":"https:\/\/twine.vn\/index.php\/wp-json\/wp\/v2\/product\/25186","targetHints":{"allow":["GET"]}}],"collection":[{"href":"https:\/\/twine.vn\/index.php\/wp-json\/wp\/v2\/product"}],"about":[{"href":"https:\/\/twine.vn\/index.php\/wp-json\/wp\/v2\/types\/product"}],"replies":[{"embeddable":true,"href":"https:\/\/twine.vn\/index.php\/wp-json\/wp\/v2\/comments?post=25186"}],"wp:featuredmedia":[{"embeddable":true,"href":"https:\/\/twine.vn\/index.php\/wp-json\/wp\/v2\/media\/25190"}],"wp:attachment":[{"href":"https:\/\/twine.vn\/index.php\/wp-json\/wp\/v2\/media?parent=25186"}],"wp:term":[{"taxonomy":"product_cat","embeddable":true,"href":"https:\/\/twine.vn\/index.php\/wp-json\/wp\/v2\/product_cat?post=25186"},{"taxonomy":"product_tag","embeddable":true,"href":"https:\/\/twine.vn\/index.php\/wp-json\/wp\/v2\/product_tag?post=25186"}],"curies":[{"name":"wp","href":"https:\/\/api.w.org\/{rel}","templated":true}]}}