{"id":25191,"date":"2025-01-19T11:09:21","date_gmt":"2025-01-19T11:09:21","guid":{"rendered":"https:\/\/twine.vn\/?post_type=product&#038;p=25191"},"modified":"2025-01-19T11:09:21","modified_gmt":"2025-01-19T11:09:21","slug":"cleopatra-montepulciano-dabruzzo","status":"publish","type":"product","link":"https:\/\/twine.vn\/index.php\/product\/cleopatra-montepulciano-dabruzzo\/","title":{"rendered":"Cleopatra Montepulciano D\u2019Abruzzo"},"content":{"rendered":"<p><span style=\"font-family: helvetica, arial, sans-serif;\"><strong>L\u1ecbch s\u1eed &amp; ngu\u1ed3n g\u1ed1c<\/strong><\/span><br \/>\n<span style=\"font-family: helvetica, arial, sans-serif;\"><em>Cleopatra Montepulciano D\u2019Abruzzo<\/em> l\u00e0 chai r\u01b0\u1ee3u vang \u0111\u1ecf cao c\u1ea5p \u0111\u1ebfn t\u1eeb v\u00f9ng Abruzzo, mi\u1ec1n trung n\u01b0\u1edbc \u00dd. \u0110\u01b0\u1ee3c l\u00e0m t\u1eeb gi\u1ed1ng nho Montepulciano \u0111\u1eb7c tr\u01b0ng, chai r\u01b0\u1ee3u n\u00e0y kh\u00f4ng ch\u1ec9 mang \u0111\u1ebfn h\u01b0\u01a1ng v\u1ecb \u0111\u1eadm \u0111\u00e0 m\u00e0 c\u00f2n l\u00e0 s\u1ef1 t\u00f4n vinh v\u0103n h\u00f3a v\u00e0 ngh\u1ec7 thu\u1eadt truy\u1ec1n th\u1ed1ng \u00dd. V\u00f9ng Abruzzo, v\u1edbi th\u1ed5 nh\u01b0\u1ee1ng gi\u00e0u kho\u00e1ng ch\u1ea5t c\u00f9ng kh\u00ed h\u1eadu l\u00fd t\u01b0\u1edfng, l\u00e0 n\u01a1i t\u1ea1o ra nh\u1eefng chai vang Montepulciano h\u1ea3o h\u1ea1ng. Th\u01b0\u01a1ng hi\u1ec7u Cleopatra, v\u1edbi thi\u1ebft k\u1ebf bi\u1ec3u t\u01b0\u1ee3ng N\u1eef ho\u00e0ng Cleopatra, nh\u1ea5n m\u1ea1nh s\u1ef1 sang tr\u1ecdng v\u00e0 \u0111\u1eb3ng c\u1ea5p c\u1ee7a s\u1ea3n ph\u1ea9m.<\/span><\/p>\n<hr \/>\n<p><span style=\"font-family: helvetica, arial, sans-serif;\"><strong>H\u01b0\u01a1ng v\u1ecb \u0111\u1ed9c \u0111\u00e1o<\/strong><\/span><\/p>\n<ul>\n<li><span style=\"font-family: helvetica, arial, sans-serif;\"><strong>M\u0169i (Nose):<\/strong> H\u01b0\u01a1ng th\u01a1m quy\u1ebfn r\u0169 c\u1ee7a qu\u1ea3 m\u00e2m x\u00f4i, anh \u0111\u00e0o \u0111en v\u00e0 m\u1eadn ch\u00edn, h\u00f2a quy\u1ec7n c\u00f9ng n\u1ed1t h\u01b0\u01a1ng cay nh\u1eb9 c\u1ee7a vani, ti\u00eau \u0111en v\u00e0 ch\u00fat g\u1ed7 s\u1ed3i.<\/span><\/li>\n<li><span style=\"font-family: helvetica, arial, sans-serif;\"><strong>V\u1ecb (Palate):<\/strong> H\u01b0\u01a1ng v\u1ecb \u0111\u1ea7y \u0111\u1eb7n, tannin m\u1ec1m m\u1ea1i, c\u00e2n b\u1eb1ng gi\u1eefa v\u1ecb tr\u00e1i c\u00e2y ch\u00edn m\u1ecdng v\u00e0 ch\u00fat ng\u1ecdt ng\u00e0o t\u1eeb chocolate \u0111en. R\u01b0\u1ee3u c\u00f3 \u0111\u1ed9 axit t\u1ed1t, mang l\u1ea1i c\u1ea3m gi\u00e1c t\u01b0\u01a1i m\u1edbi.<\/span><\/li>\n<li><span style=\"font-family: helvetica, arial, sans-serif;\"><strong>D\u01b0 v\u1ecb (Finish):<\/strong> D\u01b0 v\u1ecb k\u00e9o d\u00e0i v\u1edbi d\u1ea5u \u1ea5n c\u1ee7a gia v\u1ecb nh\u1eb9 nh\u00e0ng v\u00e0 h\u01b0\u01a1ng hoa h\u1ed3i tinh t\u1ebf.<\/span><\/li>\n<\/ul>\n<hr \/>\n<p><span style=\"font-family: helvetica, arial, sans-serif;\"><strong>\u0110\u1eb7c \u0111i\u1ec3m s\u1ea3n ph\u1ea9m<\/strong><\/span><\/p>\n<ul>\n<li><span style=\"font-family: helvetica, arial, sans-serif;\"><strong>Dung t\u00edch:<\/strong> 750ml<\/span><\/li>\n<li><span style=\"font-family: helvetica, arial, sans-serif;\"><strong>N\u1ed3ng \u0111\u1ed9 c\u1ed3n:<\/strong> 13.5% ABV<\/span><\/li>\n<li><span style=\"font-family: helvetica, arial, sans-serif;\"><strong>Xu\u1ea5t x\u1ee9:<\/strong> Abruzzo, \u00dd<\/span><\/li>\n<li><span style=\"font-family: helvetica, arial, sans-serif;\"><strong>Lo\u1ea1i:<\/strong> R\u01b0\u1ee3u vang \u0111\u1ecf (Montepulciano)<\/span><\/li>\n<\/ul>\n<hr \/>\n<p><span style=\"font-family: helvetica, arial, sans-serif;\"><strong>C\u00e1ch th\u01b0\u1edfng th\u1ee9c<\/strong><\/span><br \/>\n<span style=\"font-family: helvetica, arial, sans-serif;\"><em>Cleopatra Montepulciano D\u2019Abruzzo<\/em> l\u00fd t\u01b0\u1edfng khi k\u1ebft h\u1ee3p v\u1edbi:<\/span><\/p>\n<ul>\n<li><span style=\"font-family: helvetica, arial, sans-serif;\">C\u00e1c m\u00f3n th\u1ecbt \u0111\u1ecf n\u01b0\u1edbng, c\u1eebu quay, ho\u1eb7c b\u00f2 h\u1ea7m.<\/span><\/li>\n<li><span style=\"font-family: helvetica, arial, sans-serif;\">Pizza ho\u1eb7c m\u00ec \u00dd v\u1edbi s\u1ed1t c\u00e0 chua \u0111\u1eadm \u0111\u00e0.<\/span><\/li>\n<li><span style=\"font-family: helvetica, arial, sans-serif;\">Ph\u00f4 mai c\u1ee9ng nh\u01b0 Pecorino ho\u1eb7c Parmesan.<\/span><\/li>\n<\/ul>\n<p><span style=\"font-family: helvetica, arial, sans-serif;\"><strong>Nhi\u1ec7t \u0111\u1ed9 ph\u1ee5c v\u1ee5:<\/strong> 16-18\u00b0C. N\u00ean \u0111\u1ec3 vang th\u1edf trong decanter kho\u1ea3ng 20-30 ph\u00fat tr\u01b0\u1edbc khi th\u01b0\u1edfng th\u1ee9c \u0111\u1ec3 t\u1eadn h\u01b0\u1edfng h\u01b0\u01a1ng v\u1ecb tr\u1ecdn v\u1eb9n.<\/span><\/p>\n<hr \/>\n<p><span style=\"font-family: helvetica, arial, sans-serif;\"><strong>R\u01b0\u1ee3u Ngo\u1ea1i Twine \u2013 Th\u01b0\u01a1ng Hi\u1ec7u T\u1eeb N\u0103m 2021<\/strong><\/span><\/p>\n<ul>\n<li><span style=\"font-family: helvetica, arial, sans-serif;\"><strong>\u0110\u1ecba ch\u1ec9:<\/strong> 144, \u0110\u01b0\u1eddng D1, KDC Ph\u00fa H\u00f2a 1, TP. Th\u1ee7 D\u1ea7u M\u1ed9t, B\u00ecnh D\u01b0\u01a1ng<\/span><\/li>\n<li><span style=\"font-family: helvetica, arial, sans-serif;\"><strong>Hotline:<\/strong> 0989.819.859 \u2013 0898.683.465<\/span><\/li>\n<li><span style=\"font-family: helvetica, arial, sans-serif;\"><strong>Fanpage:<\/strong> fb.com\/ruoungoaitwine | fb.com\/ruouvangtwine<\/span><\/li>\n<\/ul>\n<p><span style=\"font-family: helvetica, arial, sans-serif;\"><em>Twine \u2013 \u0110\u1ed3ng h\u00e0nh c\u00f9ng b\u1ea1n n\u00e2ng t\u1ea7m phong c\u00e1ch s\u1ed1ng v\u1edbi nh\u1eefng d\u00f2ng r\u01b0\u1ee3u ngo\u1ea1i th\u01b0\u1ee3ng h\u1ea1ng.<\/em><\/span><\/p>\n","protected":false},"excerpt":{"rendered":"<p><span style=\"font-family: helvetica, arial, sans-serif;\"><em>Cleopatra Montepulciano D\u2019Abruzzo<\/em> l\u00e0 chai r\u01b0\u1ee3u vang \u0111\u1ecf cao c\u1ea5p \u0111\u1ebfn t\u1eeb v\u00f9ng Abruzzo, mi\u1ec1n trung n\u01b0\u1edbc \u00dd. \u0110\u01b0\u1ee3c l\u00e0m t\u1eeb gi\u1ed1ng nho Montepulciano \u0111\u1eb7c tr\u01b0ng, chai r\u01b0\u1ee3u n\u00e0y kh\u00f4ng ch\u1ec9 mang \u0111\u1ebfn h\u01b0\u01a1ng v\u1ecb \u0111\u1eadm \u0111\u00e0 m\u00e0 c\u00f2n l\u00e0 s\u1ef1 t\u00f4n vinh v\u0103n h\u00f3a v\u00e0 ngh\u1ec7 thu\u1eadt truy\u1ec1n th\u1ed1ng \u00dd. V\u00f9ng Abruzzo, v\u1edbi th\u1ed5 nh\u01b0\u1ee1ng gi\u00e0u kho\u00e1ng ch\u1ea5t c\u00f9ng kh\u00ed h\u1eadu l\u00fd t\u01b0\u1edfng, l\u00e0 n\u01a1i t\u1ea1o ra nh\u1eefng chai vang Montepulciano h\u1ea3o h\u1ea1ng. Th\u01b0\u01a1ng hi\u1ec7u Cleopatra, v\u1edbi thi\u1ebft k\u1ebf bi\u1ec3u t\u01b0\u1ee3ng N\u1eef ho\u00e0ng Cleopatra, nh\u1ea5n m\u1ea1nh s\u1ef1 sang tr\u1ecdng v\u00e0 \u0111\u1eb3ng c\u1ea5p c\u1ee7a s\u1ea3n ph\u1ea9m.<\/span><\/p>\n","protected":false},"featured_media":25195,"comment_status":"open","ping_status":"closed","template":"","meta":[],"product_cat":[15,150,103],"product_tag":[],"class_list":{"0":"post-25191","1":"product","2":"type-product","3":"status-publish","4":"has-post-thumbnail","6":"product_cat-ruou-vang","7":"product_cat-ruou-vang-y","8":"product_cat-red-wines","11":"first","12":"instock","13":"shipping-taxable","14":"product-type-simple"},"_links":{"self":[{"href":"https:\/\/twine.vn\/index.php\/wp-json\/wp\/v2\/product\/25191","targetHints":{"allow":["GET"]}}],"collection":[{"href":"https:\/\/twine.vn\/index.php\/wp-json\/wp\/v2\/product"}],"about":[{"href":"https:\/\/twine.vn\/index.php\/wp-json\/wp\/v2\/types\/product"}],"replies":[{"embeddable":true,"href":"https:\/\/twine.vn\/index.php\/wp-json\/wp\/v2\/comments?post=25191"}],"wp:featuredmedia":[{"embeddable":true,"href":"https:\/\/twine.vn\/index.php\/wp-json\/wp\/v2\/media\/25195"}],"wp:attachment":[{"href":"https:\/\/twine.vn\/index.php\/wp-json\/wp\/v2\/media?parent=25191"}],"wp:term":[{"taxonomy":"product_cat","embeddable":true,"href":"https:\/\/twine.vn\/index.php\/wp-json\/wp\/v2\/product_cat?post=25191"},{"taxonomy":"product_tag","embeddable":true,"href":"https:\/\/twine.vn\/index.php\/wp-json\/wp\/v2\/product_tag?post=25191"}],"curies":[{"name":"wp","href":"https:\/\/api.w.org\/{rel}","templated":true}]}}