{"id":25201,"date":"2025-01-19T11:19:48","date_gmt":"2025-01-19T11:19:48","guid":{"rendered":"https:\/\/twine.vn\/?post_type=product&#038;p=25201"},"modified":"2025-01-19T11:19:48","modified_gmt":"2025-01-19T11:19:48","slug":"chapelle-de-sainte-emilion-grand-cru-2020","status":"publish","type":"product","link":"https:\/\/twine.vn\/index.php\/product\/chapelle-de-sainte-emilion-grand-cru-2020\/","title":{"rendered":"Chapelle de Sainte Emilion Grand Cru 2020"},"content":{"rendered":"<h3><span style=\"font-family: helvetica, arial, sans-serif;\">L\u1ecbch s\u1eed &amp; ngu\u1ed3n g\u1ed1c<\/span><\/h3>\n<p><span style=\"font-family: helvetica, arial, sans-serif;\"><strong>Chapelle de Sainte Emilion Grand Cru 2020<\/strong> l\u00e0 d\u00f2ng vang \u0111\u1ecf cao c\u1ea5p thu\u1ed9c ph\u00e2n h\u1ea1ng <strong>Grand Cru<\/strong> t\u1eeb v\u00f9ng <strong>Saint-\u00c9milion<\/strong>, Bordeaux, Ph\u00e1p. Saint-\u00c9milion n\u1ed5i ti\u1ebfng v\u1edbi truy\u1ec1n th\u1ed1ng s\u1ea3n xu\u1ea5t r\u01b0\u1ee3u vang l\u00e2u \u0111\u1eddi, n\u01a1i nh\u1eefng th\u1eeda ru\u1ed9ng nho \u0111\u01b0\u1ee3c ch\u0103m s\u00f3c k\u1ef9 l\u01b0\u1ee1ng k\u1ebft h\u1ee3p c\u00f9ng k\u1ef9 thu\u1eadt l\u00e0m vang tinh x\u1ea3o. Chapelle de Sainte mang d\u1ea5u \u1ea5n c\u1ee7a m\u1ed9t nh\u00e0 s\u1ea3n xu\u1ea5t ch\u00fa tr\u1ecdng v\u00e0o ch\u1ea5t l\u01b0\u1ee3ng v\u00e0 th\u1ec3 hi\u1ec7n r\u00f5 \u0111\u1eb7c tr\u01b0ng c\u1ee7a terroir v\u00f9ng Bordeaux.<\/span><\/p>\n<hr \/>\n<h3><span style=\"font-family: helvetica, arial, sans-serif;\">H\u01b0\u01a1ng v\u1ecb \u0111\u1ed9c \u0111\u00e1o<\/span><\/h3>\n<ul>\n<li><span style=\"font-family: helvetica, arial, sans-serif;\"><strong>M\u0169i (Nose):<\/strong> H\u01b0\u01a1ng th\u01a1m phong ph\u00fa t\u1eeb tr\u00e1i c\u00e2y \u0111\u1ecf nh\u01b0 m\u1eadn, cherry \u0111en h\u00f2a quy\u1ec7n c\u00f9ng n\u1ed1t h\u01b0\u01a1ng tinh t\u1ebf c\u1ee7a vani, g\u1ed7 s\u1ed3i v\u00e0 ch\u00fat gia v\u1ecb.<\/span><\/li>\n<li><span style=\"font-family: helvetica, arial, sans-serif;\"><strong>V\u1ecb (Palate):<\/strong> Vang c\u00f3 c\u1ea5u tr\u00fac ph\u1ee9c t\u1ea1p, tannin ch\u00edn m\u1ec1m, v\u1edbi v\u1ecb ng\u1ecdt tr\u00e1i c\u00e2y n\u1ed5i b\u1eadt v\u00e0 ch\u00fat h\u1eadu v\u1ecb cay n\u1ed3ng c\u1ee7a ti\u00eau \u0111en.<\/span><\/li>\n<li><span style=\"font-family: helvetica, arial, sans-serif;\"><strong>D\u01b0 v\u1ecb (Finish):<\/strong> H\u1eadu v\u1ecb k\u00e9o d\u00e0i, \u0111\u1eadm \u0111\u00e0 v\u00e0 sang tr\u1ecdng v\u1edbi c\u1ea3m gi\u00e1c m\u01b0\u1ee3t m\u00e0, \u0111\u1ec3 l\u1ea1i \u1ea5n t\u01b0\u1ee3ng s\u00e2u s\u1eafc.<\/span><\/li>\n<\/ul>\n<hr \/>\n<h3><span style=\"font-family: helvetica, arial, sans-serif;\">\u0110\u1eb7c \u0111i\u1ec3m s\u1ea3n ph\u1ea9m<\/span><\/h3>\n<ul>\n<li><span style=\"font-family: helvetica, arial, sans-serif;\"><strong>Dung t\u00edch:<\/strong> 750ml<\/span><\/li>\n<li><span style=\"font-family: helvetica, arial, sans-serif;\"><strong>N\u1ed3ng \u0111\u1ed9 c\u1ed3n:<\/strong> 13.5% ABV<\/span><\/li>\n<li><span style=\"font-family: helvetica, arial, sans-serif;\"><strong>Xu\u1ea5t x\u1ee9:<\/strong> Saint-\u00c9milion, Bordeaux, Ph\u00e1p<\/span><\/li>\n<li><span style=\"font-family: helvetica, arial, sans-serif;\"><strong>Ph\u00e2n h\u1ea1ng:<\/strong> Grand Cru<\/span><\/li>\n<li><span style=\"font-family: helvetica, arial, sans-serif;\"><strong>Lo\u1ea1i:<\/strong> R\u01b0\u1ee3u vang \u0111\u1ecf cao c\u1ea5p<\/span><\/li>\n<\/ul>\n<hr \/>\n<h3><span style=\"font-family: helvetica, arial, sans-serif;\">C\u00e1ch th\u01b0\u1edfng th\u1ee9c<\/span><\/h3>\n<p><span style=\"font-family: helvetica, arial, sans-serif;\">\u0110\u1ec3 th\u01b0\u1edfng th\u1ee9c tr\u1ecdn v\u1eb9n <strong>Chapelle de Sainte Emilion Grand Cru 2020<\/strong>, b\u1ea1n n\u00ean k\u1ebft h\u1ee3p c\u00f9ng:<\/span><\/p>\n<ul>\n<li><span style=\"font-family: helvetica, arial, sans-serif;\">C\u00e1c m\u00f3n th\u1ecbt \u0111\u1ecf n\u01b0\u1edbng, b\u00edt t\u1ebft ho\u1eb7c th\u1ecbt c\u1eebu \u00e1p ch\u1ea3o.<\/span><\/li>\n<li><span style=\"font-family: helvetica, arial, sans-serif;\">C\u00e1c m\u00f3n \u0103n k\u00e8m s\u1ed1t r\u01b0\u1ee3u vang \u0111\u1ecf ho\u1eb7c s\u1ed1t ph\u00f4 mai xanh.<\/span><\/li>\n<li><span style=\"font-family: helvetica, arial, sans-serif;\">Ph\u00f4 mai cao c\u1ea5p nh\u01b0 Brie, Camembert ho\u1eb7c Blue Cheese.<\/span><\/li>\n<\/ul>\n<p><span style=\"font-family: helvetica, arial, sans-serif;\"><strong>Nhi\u1ec7t \u0111\u1ed9 l\u00fd t\u01b0\u1edfng:<\/strong> 16-18\u00b0C. N\u00ean \u0111\u1ec3 vang \u201cth\u1edf\u201d trong decanter kho\u1ea3ng 1 gi\u1edd tr\u01b0\u1edbc khi u\u1ed1ng \u0111\u1ec3 h\u01b0\u01a1ng v\u1ecb tr\u1edf n\u00ean ph\u1ee9c t\u1ea1p h\u01a1n.<\/span><\/p>\n<hr \/>\n<h3><span style=\"font-family: helvetica, arial, sans-serif;\">R\u01b0\u1ee3u Ngo\u1ea1i Twine \u2013 Tinh Hoa Vang Th\u01b0\u1ee3ng H\u1ea1ng<\/span><\/h3>\n<ul>\n<li><span style=\"font-family: helvetica, arial, sans-serif;\"><strong>\u0110\u1ecba ch\u1ec9:<\/strong> 144, \u0110\u01b0\u1eddng D1, KDC Ph\u00fa H\u00f2a 1, TP. Th\u1ee7 D\u1ea7u M\u1ed9t, B\u00ecnh D\u01b0\u01a1ng<\/span><\/li>\n<li><span style=\"font-family: helvetica, arial, sans-serif;\"><strong>Hotline:<\/strong> 0989.819.859 \u2013 0898.683.465<\/span><\/li>\n<li><span style=\"font-family: helvetica, arial, sans-serif;\"><strong>Fanpage:<\/strong> <a href=\"https:\/\/fb.com\/ruoungoaitwine\" target=\"_new\" rel=\"noopener\">fb.com\/ruoungoaitwine<\/a> | <a href=\"https:\/\/fb.com\/ruouvangtwine\" target=\"_new\" rel=\"noopener\">fb.com\/ruouvangtwine<\/a><\/span><\/li>\n<\/ul>\n<p><span style=\"font-family: helvetica, arial, sans-serif;\">Twine \u2013 \u0110\u00edch \u0111\u1ebfn c\u1ee7a nh\u1eefng t\u00edn \u0111\u1ed3 y\u00eau vang v\u00e0 phong c\u00e1ch s\u1ed1ng tinh t\u1ebf.<\/span><\/p>\n","protected":false},"excerpt":{"rendered":"<p><span style=\"font-family: helvetica, arial, sans-serif;\"><strong>Chapelle de Sainte Emilion Grand Cru 2020<\/strong> l\u00e0 d\u00f2ng vang \u0111\u1ecf cao c\u1ea5p thu\u1ed9c ph\u00e2n h\u1ea1ng <strong>Grand Cru<\/strong> t\u1eeb v\u00f9ng <strong>Saint-\u00c9milion<\/strong>, Bordeaux, Ph\u00e1p. Saint-\u00c9milion n\u1ed5i ti\u1ebfng v\u1edbi truy\u1ec1n th\u1ed1ng s\u1ea3n xu\u1ea5t r\u01b0\u1ee3u vang l\u00e2u \u0111\u1eddi, n\u01a1i nh\u1eefng th\u1eeda ru\u1ed9ng nho \u0111\u01b0\u1ee3c ch\u0103m s\u00f3c k\u1ef9 l\u01b0\u1ee1ng k\u1ebft h\u1ee3p c\u00f9ng k\u1ef9 thu\u1eadt l\u00e0m vang tinh x\u1ea3o. Chapelle de Sainte mang d\u1ea5u \u1ea5n c\u1ee7a m\u1ed9t nh\u00e0 s\u1ea3n xu\u1ea5t ch\u00fa tr\u1ecdng v\u00e0o ch\u1ea5t l\u01b0\u1ee3ng v\u00e0 th\u1ec3 hi\u1ec7n r\u00f5 \u0111\u1eb7c tr\u01b0ng c\u1ee7a terroir v\u00f9ng Bordeaux.<\/span><\/p>\n","protected":false},"featured_media":25205,"comment_status":"open","ping_status":"closed","template":"","meta":[],"product_cat":[15,152,103],"product_tag":[],"class_list":{"0":"post-25201","1":"product","2":"type-product","3":"status-publish","4":"has-post-thumbnail","6":"product_cat-ruou-vang","7":"product_cat-ruou-vang-phap","8":"product_cat-red-wines","11":"first","12":"instock","13":"shipping-taxable","14":"product-type-simple"},"_links":{"self":[{"href":"https:\/\/twine.vn\/index.php\/wp-json\/wp\/v2\/product\/25201","targetHints":{"allow":["GET"]}}],"collection":[{"href":"https:\/\/twine.vn\/index.php\/wp-json\/wp\/v2\/product"}],"about":[{"href":"https:\/\/twine.vn\/index.php\/wp-json\/wp\/v2\/types\/product"}],"replies":[{"embeddable":true,"href":"https:\/\/twine.vn\/index.php\/wp-json\/wp\/v2\/comments?post=25201"}],"wp:featuredmedia":[{"embeddable":true,"href":"https:\/\/twine.vn\/index.php\/wp-json\/wp\/v2\/media\/25205"}],"wp:attachment":[{"href":"https:\/\/twine.vn\/index.php\/wp-json\/wp\/v2\/media?parent=25201"}],"wp:term":[{"taxonomy":"product_cat","embeddable":true,"href":"https:\/\/twine.vn\/index.php\/wp-json\/wp\/v2\/product_cat?post=25201"},{"taxonomy":"product_tag","embeddable":true,"href":"https:\/\/twine.vn\/index.php\/wp-json\/wp\/v2\/product_tag?post=25201"}],"curies":[{"name":"wp","href":"https:\/\/api.w.org\/{rel}","templated":true}]}}