{"id":25206,"date":"2025-01-21T15:06:39","date_gmt":"2025-01-21T15:06:39","guid":{"rendered":"https:\/\/twine.vn\/?post_type=product&#038;p=25206"},"modified":"2025-01-21T15:06:40","modified_gmt":"2025-01-21T15:06:40","slug":"7colores-reserva-sauvignon-blanc-torontel-2020","status":"publish","type":"product","link":"https:\/\/twine.vn\/index.php\/product\/7colores-reserva-sauvignon-blanc-torontel-2020\/","title":{"rendered":"7Colores Reserva Sauvignon Blanc &#8211; Torontel 2020"},"content":{"rendered":"<div class=\"flex max-w-full flex-col flex-grow\">\n<div class=\"min-h-8 text-message flex w-full flex-col items-end gap-2 whitespace-normal break-words text-start [.text-message+&amp;]:mt-5\" dir=\"auto\" data-message-author-role=\"assistant\" data-message-id=\"eb6e449c-993d-42c1-a7ed-47c26068bc35\" data-message-model-slug=\"gpt-4o\">\n<div class=\"flex w-full flex-col gap-1 empty:hidden first:pt-[3px]\">\n<div class=\"markdown prose w-full break-words dark:prose-invert dark\">\n<p><span style=\"font-family: helvetica, arial, sans-serif;\"><strong>L\u1ecbch s\u1eed &amp; ngu\u1ed3n g\u1ed1c<\/strong><\/span><br \/>\n<span style=\"font-family: helvetica, arial, sans-serif;\">7Colores Reserva Sauvignon Blanc &#8211; Torontel 2020 l\u00e0 m\u1ed9t d\u00f2ng r\u01b0\u1ee3u vang tr\u1eafng \u0111\u1eb7c s\u1eafc t\u1eeb thung l\u0169ng Maule, Chile. Th\u01b0\u01a1ng hi\u1ec7u 7Colores \u0111\u01b0\u1ee3c l\u1ea5y c\u1ea3m h\u1ee9ng t\u1eeb m\u00e0u s\u1eafc t\u01b0\u01a1i s\u00e1ng v\u00e0 \u0111a d\u1ea1ng c\u1ee7a nh\u1eefng ch\u00fa chim b\u1ea3n \u0111\u1ecba, t\u01b0\u1ee3ng tr\u01b0ng cho s\u1ef1 phong ph\u00fa c\u1ee7a thi\u00ean nhi\u00ean v\u00e0 v\u0103n h\u00f3a n\u01a1i \u0111\u00e2y.<\/span><\/p>\n<p><span style=\"font-family: helvetica, arial, sans-serif;\"><strong>H\u01b0\u01a1ng v\u1ecb \u0111\u1eb7c tr\u01b0ng<\/strong><\/span><\/p>\n<ul>\n<li><span style=\"font-family: helvetica, arial, sans-serif;\"><strong>M\u0169i (Nose):<\/strong> H\u01b0\u01a1ng th\u01a1m n\u1ed3ng n\u00e0n c\u1ee7a cam qu\u00fdt, t\u00e1o xanh v\u00e0 hoa tr\u1eafng, k\u1ebft h\u1ee3p v\u1edbi ch\u00fat g\u1ee3i \u00fd c\u1ee7a c\u00e1c lo\u1ea1i th\u1ea3o m\u1ed9c t\u01b0\u01a1i.<\/span><\/li>\n<li><span style=\"font-family: helvetica, arial, sans-serif;\"><strong>V\u1ecb (Palate):<\/strong> V\u1ecb r\u01b0\u1ee3u t\u01b0\u01a1i m\u00e1t, s\u1ed1ng \u0111\u1ed9ng v\u1edbi \u0111\u1ed9 chua gi\u00f2n v\u00e0 k\u1ebft c\u1ea5u c\u00e2n b\u1eb1ng gi\u1eefa hai gi\u1ed1ng nho Sauvignon Blanc v\u00e0 Torontel.<\/span><\/li>\n<li><span style=\"font-family: helvetica, arial, sans-serif;\"><strong>D\u01b0 v\u1ecb (Finish):<\/strong> H\u1eadu v\u1ecb k\u00e9o d\u00e0i, thanh tho\u00e1t v\u1edbi ch\u00fat ng\u1ecdt nh\u1eb9 v\u00e0 h\u01b0\u01a1ng th\u01a1m tr\u00e1i c\u00e2y.<\/span><\/li>\n<\/ul>\n<p><span style=\"font-family: helvetica, arial, sans-serif;\"><strong>\u0110\u1eb7c \u0111i\u1ec3m s\u1ea3n ph\u1ea9m<\/strong><\/span><\/p>\n<ul>\n<li><span style=\"font-family: helvetica, arial, sans-serif;\">Dung t\u00edch: 750ml<\/span><\/li>\n<li><span style=\"font-family: helvetica, arial, sans-serif;\">N\u1ed3ng \u0111\u1ed9 c\u1ed3n: 13% ABV<\/span><\/li>\n<li><span style=\"font-family: helvetica, arial, sans-serif;\">Xu\u1ea5t x\u1ee9: Chile<\/span><\/li>\n<li><span style=\"font-family: helvetica, arial, sans-serif;\">Lo\u1ea1i: R\u01b0\u1ee3u vang tr\u1eafng<\/span><\/li>\n<\/ul>\n<p><span style=\"font-family: helvetica, arial, sans-serif;\"><strong>C\u00e1ch th\u01b0\u1edfng th\u1ee9c<\/strong><\/span><br \/>\n<span style=\"font-family: helvetica, arial, sans-serif;\">Ph\u00f9 h\u1ee3p khi d\u00f9ng k\u00e8m v\u1edbi c\u00e1c m\u00f3n h\u1ea3i s\u1ea3n, c\u00e1 h\u1ed3i \u00e1p ch\u1ea3o ho\u1eb7c c\u00e1c m\u00f3n salad tr\u00e1i c\u00e2y t\u01b0\u01a1i. Th\u01b0\u1edfng th\u1ee9c ngon nh\u1ea5t \u1edf nhi\u1ec7t \u0111\u1ed9 t\u1eeb 8-10\u00b0C \u0111\u1ec3 t\u1eadn h\u01b0\u1edfng \u0111\u1ea7y \u0111\u1ee7 h\u01b0\u01a1ng v\u1ecb t\u01b0\u01a1i m\u1edbi v\u00e0 s\u1ed1ng \u0111\u1ed9ng.<\/span><\/p>\n<p><span style=\"font-family: helvetica, arial, sans-serif;\"><strong>R\u01b0\u1ee3u Ngo\u1ea1i Twine \u2013 Mang \u0111\u1ebfn tr\u1ea3i nghi\u1ec7m \u0111\u1ec9nh cao<\/strong><\/span><\/p>\n<ul>\n<li><span style=\"font-family: helvetica, arial, sans-serif;\">\u0110\u1ecba ch\u1ec9: 144, \u0110\u01b0\u1eddng D1, KDC Ph\u00fa H\u00f2a 1, TP. Th\u1ee7 D\u1ea7u M\u1ed9t, B\u00ecnh D\u01b0\u01a1ng<\/span><\/li>\n<li><span style=\"font-family: helvetica, arial, sans-serif;\">Hotline: 0989.819.859 \u2013 0898.683.465<\/span><\/li>\n<li><span style=\"font-family: helvetica, arial, sans-serif;\">Fanpage: fb.com\/ruoungoaitwine | fb.com\/ruouvangtwine<\/span><\/li>\n<\/ul>\n<p><span style=\"font-family: helvetica, arial, sans-serif;\"><strong>Twine \u2013 Ch\u1ea5t l\u01b0\u1ee3ng v\u00e0 \u0111\u1eb3ng c\u1ea5p trong t\u1eebng gi\u1ecdt r\u01b0\u1ee3u!<\/strong><\/span><\/p>\n<\/div>\n<\/div>\n<\/div>\n<\/div>\n","protected":false},"excerpt":{"rendered":"<p><span style=\"font-family: helvetica, arial, sans-serif;\">7Colores Reserva Sauvignon Blanc &#8211; Torontel 2020 l\u00e0 m\u1ed9t d\u00f2ng r\u01b0\u1ee3u vang tr\u1eafng \u0111\u1eb7c s\u1eafc t\u1eeb thung l\u0169ng Maule, Chile. Th\u01b0\u01a1ng hi\u1ec7u 7Colores \u0111\u01b0\u1ee3c l\u1ea5y c\u1ea3m h\u1ee9ng t\u1eeb m\u00e0u s\u1eafc t\u01b0\u01a1i s\u00e1ng v\u00e0 \u0111a d\u1ea1ng c\u1ee7a nh\u1eefng ch\u00fa chim b\u1ea3n \u0111\u1ecba, t\u01b0\u1ee3ng tr\u01b0ng cho s\u1ef1 phong ph\u00fa c\u1ee7a thi\u00ean nhi\u00ean v\u00e0 v\u0103n h\u00f3a n\u01a1i \u0111\u00e2y.<\/span><\/p>\n","protected":false},"featured_media":25210,"comment_status":"open","ping_status":"closed","template":"","meta":[],"product_cat":[15,151,125],"product_tag":[],"class_list":{"0":"post-25206","1":"product","2":"type-product","3":"status-publish","4":"has-post-thumbnail","6":"product_cat-ruou-vang","7":"product_cat-ruou-vang-chile","8":"product_cat-white-wines","11":"first","12":"instock","13":"shipping-taxable","14":"product-type-simple"},"_links":{"self":[{"href":"https:\/\/twine.vn\/index.php\/wp-json\/wp\/v2\/product\/25206","targetHints":{"allow":["GET"]}}],"collection":[{"href":"https:\/\/twine.vn\/index.php\/wp-json\/wp\/v2\/product"}],"about":[{"href":"https:\/\/twine.vn\/index.php\/wp-json\/wp\/v2\/types\/product"}],"replies":[{"embeddable":true,"href":"https:\/\/twine.vn\/index.php\/wp-json\/wp\/v2\/comments?post=25206"}],"wp:featuredmedia":[{"embeddable":true,"href":"https:\/\/twine.vn\/index.php\/wp-json\/wp\/v2\/media\/25210"}],"wp:attachment":[{"href":"https:\/\/twine.vn\/index.php\/wp-json\/wp\/v2\/media?parent=25206"}],"wp:term":[{"taxonomy":"product_cat","embeddable":true,"href":"https:\/\/twine.vn\/index.php\/wp-json\/wp\/v2\/product_cat?post=25206"},{"taxonomy":"product_tag","embeddable":true,"href":"https:\/\/twine.vn\/index.php\/wp-json\/wp\/v2\/product_tag?post=25206"}],"curies":[{"name":"wp","href":"https:\/\/api.w.org\/{rel}","templated":true}]}}