{"id":25212,"date":"2025-01-21T15:17:30","date_gmt":"2025-01-21T15:17:30","guid":{"rendered":"https:\/\/twine.vn\/?post_type=product&#038;p=25212"},"modified":"2025-01-21T15:17:30","modified_gmt":"2025-01-21T15:17:30","slug":"genesis-cabernet-sauvignon-2022","status":"publish","type":"product","link":"https:\/\/twine.vn\/index.php\/product\/genesis-cabernet-sauvignon-2022\/","title":{"rendered":"G\u00e9nesis Cabernet Sauvignon 2022"},"content":{"rendered":"<h3><span style=\"font-family: helvetica, arial, sans-serif;\">L\u1ecbch S\u1eed &amp; Ngu\u1ed3n G\u1ed1c<\/span><\/h3>\n<p><span style=\"font-family: helvetica, arial, sans-serif;\"><strong>G\u00e9nesis Cabernet Sauvignon 2022<\/strong> \u0111\u1ebfn t\u1eeb Chile, m\u1ed9t trong nh\u1eefng qu\u1ed1c gia n\u1ed5i ti\u1ebfng v\u1edbi ng\u00e0nh c\u00f4ng nghi\u1ec7p r\u01b0\u1ee3u vang ph\u00e1t tri\u1ec3n m\u1ea1nh m\u1ebd nh\u1edd th\u1ed5 nh\u01b0\u1ee1ng phong ph\u00fa v\u00e0 kh\u00ed h\u1eadu \u00f4n h\u00f2a. D\u00f2ng r\u01b0\u1ee3u n\u00e0y \u0111\u01b0\u1ee3c s\u1ea3n xu\u1ea5t b\u1edfi gia \u0111\u00ecnh De Aguirre, v\u1edbi l\u1ecbch s\u1eed l\u00e2u \u0111\u1eddi v\u00e0 s\u1ef1 t\u1eadn t\u00e2m trong vi\u1ec7c t\u1ea1o ra nh\u1eefng chai vang \u0111\u1eb3ng c\u1ea5p, mang d\u1ea5u \u1ea5n \u0111\u1eb7c tr\u01b0ng c\u1ee7a v\u00f9ng thung l\u0169ng n\u1ed5i ti\u1ebfng.<\/span><\/p>\n<h3><span style=\"font-family: helvetica, arial, sans-serif;\">H\u01b0\u01a1ng V\u1ecb \u0110\u1ed9c \u0110\u00e1o<\/span><\/h3>\n<ul>\n<li><span style=\"font-family: helvetica, arial, sans-serif;\"><strong>M\u0169i (Nose):<\/strong> H\u01b0\u01a1ng th\u01a1m n\u1ed3ng n\u00e0n c\u1ee7a tr\u00e1i c\u00e2y \u0111en nh\u01b0 l\u00fd chua, m\u00e2m x\u00f4i, c\u00f9ng v\u1edbi m\u1ed9t ch\u00fat g\u1ed7 s\u1ed3i v\u00e0 gia v\u1ecb nh\u1eb9 nh\u00e0ng.<\/span><\/li>\n<li><span style=\"font-family: helvetica, arial, sans-serif;\"><strong>V\u1ecb (Palate):<\/strong> V\u1ecb tr\u00f2n \u0111\u1ea7y v\u1edbi tannin m\u1ecbn m\u00e0ng, c\u00e2n b\u1eb1ng ho\u00e0n h\u1ea3o gi\u1eefa v\u1ecb ch\u00e1t c\u1ee7a Cabernet v\u00e0 ng\u1ecdt d\u1ecbu c\u1ee7a tr\u00e1i c\u00e2y \u0111\u1ecf, th\u00eam n\u1ed1t h\u01b0\u01a1ng chocolate v\u00e0 ti\u00eau \u0111en.<\/span><\/li>\n<li><span style=\"font-family: helvetica, arial, sans-serif;\"><strong>D\u01b0 v\u1ecb (Finish):<\/strong> D\u01b0 v\u1ecb k\u00e9o d\u00e0i v\u1edbi d\u1ea5u \u1ea5n c\u1ee7a vani v\u00e0 h\u01b0\u01a1ng cam th\u1ea3o tinh t\u1ebf, \u0111\u1ec3 l\u1ea1i c\u1ea3m gi\u00e1c \u0111\u1eadm \u0111\u00e0 nh\u01b0ng thanh l\u1ecbch.<\/span><\/li>\n<\/ul>\n<h3><span style=\"font-family: helvetica, arial, sans-serif;\">\u0110\u1eb7c \u0110i\u1ec3m S\u1ea3n Ph\u1ea9m<\/span><\/h3>\n<ul>\n<li><span style=\"font-family: helvetica, arial, sans-serif;\"><strong>Dung t\u00edch:<\/strong> 750ml<\/span><\/li>\n<li><span style=\"font-family: helvetica, arial, sans-serif;\"><strong>N\u1ed3ng \u0111\u1ed9 c\u1ed3n:<\/strong> 13.5% ABV<\/span><\/li>\n<li><span style=\"font-family: helvetica, arial, sans-serif;\"><strong>Xu\u1ea5t x\u1ee9:<\/strong> Chile<\/span><\/li>\n<li><span style=\"font-family: helvetica, arial, sans-serif;\"><strong>Lo\u1ea1i:<\/strong> R\u01b0\u1ee3u vang \u0111\u1ecf<\/span><\/li>\n<li><span style=\"font-family: helvetica, arial, sans-serif;\"><strong>Ni\u00ean v\u1ee5:<\/strong> 2022<\/span><\/li>\n<li><span style=\"font-family: helvetica, arial, sans-serif;\"><strong>Gi\u1ed1ng nho:<\/strong> Cabernet Sauvignon<\/span><\/li>\n<\/ul>\n<h3><span style=\"font-family: helvetica, arial, sans-serif;\">C\u00e1ch Th\u01b0\u1edfng Th\u1ee9c<\/span><\/h3>\n<p><span style=\"font-family: helvetica, arial, sans-serif;\"><strong>G\u00e9nesis Cabernet Sauvignon 2022<\/strong> l\u00e0 s\u1ef1 l\u1ef1a ch\u1ecdn l\u00fd t\u01b0\u1edfng khi d\u00f9ng k\u00e8m v\u1edbi:<\/span><\/p>\n<ul>\n<li><span style=\"font-family: helvetica, arial, sans-serif;\">C\u00e1c m\u00f3n n\u01b0\u1edbng nh\u01b0 b\u00f2 b\u00edt t\u1ebft, th\u1ecbt c\u1eebu quay ho\u1eb7c v\u1ecbt n\u01b0\u1edbng.<\/span><\/li>\n<li><span style=\"font-family: helvetica, arial, sans-serif;\">M\u00ec \u00dd s\u1ed1t b\u00f2 b\u0103m ho\u1eb7c c\u00e1c m\u00f3n s\u1ed1t ph\u00f4 mai b\u00e9o ng\u1eady.<\/span><\/li>\n<li><span style=\"font-family: helvetica, arial, sans-serif;\">Ph\u1ee5c v\u1ee5 \u1edf nhi\u1ec7t \u0111\u1ed9 t\u1eeb 16-18\u00b0C v\u00e0 n\u00ean \u0111\u1ec3 r\u01b0\u1ee3u \u201cth\u1edf\u201d trong decanter kho\u1ea3ng 30 ph\u00fat tr\u01b0\u1edbc khi th\u01b0\u1edfng th\u1ee9c.<\/span><\/li>\n<\/ul>\n<hr \/>\n<p><span style=\"font-family: helvetica, arial, sans-serif;\"><strong>R\u01b0\u1ee3u Ngo\u1ea1i Twine \u2013 Th\u01b0\u01a1ng Hi\u1ec7u T\u1eeb N\u0103m 2021<\/strong><\/span><\/p>\n<ul>\n<li><span style=\"font-family: helvetica, arial, sans-serif;\">\u0110\u1ecba ch\u1ec9: 144, \u0110\u01b0\u1eddng D1, KDC Ph\u00fa H\u00f2a 1, TP. Th\u1ee7 D\u1ea7u M\u1ed9t, B\u00ecnh D\u01b0\u01a1ng<\/span><\/li>\n<li><span style=\"font-family: helvetica, arial, sans-serif;\">Hotline: 0989.819.859 \u2013 0898.683.465<\/span><\/li>\n<li><span style=\"font-family: helvetica, arial, sans-serif;\">Fanpage: fb.com\/ruoungoaitwine | fb.com\/ruouvangtwine<\/span><\/li>\n<\/ul>\n<p><span style=\"font-family: helvetica, arial, sans-serif;\"><strong>Twine \u2013 \u0110\u1ed3ng h\u00e0nh c\u00f9ng b\u1ea1n n\u00e2ng t\u1ea7m phong c\u00e1ch s\u1ed1ng v\u1edbi nh\u1eefng d\u00f2ng r\u01b0\u1ee3u ngo\u1ea1i th\u01b0\u1ee3ng h\u1ea1ng.<\/strong><\/span><\/p>\n","protected":false},"excerpt":{"rendered":"<p><span style=\"font-family: helvetica, arial, sans-serif;\"><strong>G\u00e9nesis Cabernet Sauvignon 2022<\/strong> \u0111\u1ebfn t\u1eeb Chile, m\u1ed9t trong nh\u1eefng qu\u1ed1c gia n\u1ed5i ti\u1ebfng v\u1edbi ng\u00e0nh c\u00f4ng nghi\u1ec7p r\u01b0\u1ee3u vang ph\u00e1t tri\u1ec3n m\u1ea1nh m\u1ebd nh\u1edd th\u1ed5 nh\u01b0\u1ee1ng phong ph\u00fa v\u00e0 kh\u00ed h\u1eadu \u00f4n h\u00f2a. D\u00f2ng r\u01b0\u1ee3u n\u00e0y \u0111\u01b0\u1ee3c s\u1ea3n xu\u1ea5t b\u1edfi gia \u0111\u00ecnh De Aguirre, v\u1edbi l\u1ecbch s\u1eed l\u00e2u \u0111\u1eddi v\u00e0 s\u1ef1 t\u1eadn t\u00e2m trong vi\u1ec7c t\u1ea1o ra nh\u1eefng chai vang \u0111\u1eb3ng c\u1ea5p, mang d\u1ea5u \u1ea5n \u0111\u1eb7c tr\u01b0ng c\u1ee7a v\u00f9ng thung l\u0169ng n\u1ed5i ti\u1ebfng.<\/span><\/p>\n","protected":false},"featured_media":25216,"comment_status":"open","ping_status":"closed","template":"","meta":[],"product_cat":[15,151],"product_tag":[],"class_list":{"0":"post-25212","1":"product","2":"type-product","3":"status-publish","4":"has-post-thumbnail","6":"product_cat-ruou-vang","7":"product_cat-ruou-vang-chile","10":"first","11":"instock","12":"shipping-taxable","13":"product-type-simple"},"_links":{"self":[{"href":"https:\/\/twine.vn\/index.php\/wp-json\/wp\/v2\/product\/25212","targetHints":{"allow":["GET"]}}],"collection":[{"href":"https:\/\/twine.vn\/index.php\/wp-json\/wp\/v2\/product"}],"about":[{"href":"https:\/\/twine.vn\/index.php\/wp-json\/wp\/v2\/types\/product"}],"replies":[{"embeddable":true,"href":"https:\/\/twine.vn\/index.php\/wp-json\/wp\/v2\/comments?post=25212"}],"wp:featuredmedia":[{"embeddable":true,"href":"https:\/\/twine.vn\/index.php\/wp-json\/wp\/v2\/media\/25216"}],"wp:attachment":[{"href":"https:\/\/twine.vn\/index.php\/wp-json\/wp\/v2\/media?parent=25212"}],"wp:term":[{"taxonomy":"product_cat","embeddable":true,"href":"https:\/\/twine.vn\/index.php\/wp-json\/wp\/v2\/product_cat?post=25212"},{"taxonomy":"product_tag","embeddable":true,"href":"https:\/\/twine.vn\/index.php\/wp-json\/wp\/v2\/product_tag?post=25212"}],"curies":[{"name":"wp","href":"https:\/\/api.w.org\/{rel}","templated":true}]}}