{"id":25217,"date":"2025-01-21T15:30:24","date_gmt":"2025-01-21T15:30:24","guid":{"rendered":"https:\/\/twine.vn\/?post_type=product&#038;p=25217"},"modified":"2025-01-21T15:30:24","modified_gmt":"2025-01-21T15:30:24","slug":"katherine-hills-sauvignon-blanc-2018","status":"publish","type":"product","link":"https:\/\/twine.vn\/index.php\/product\/katherine-hills-sauvignon-blanc-2018\/","title":{"rendered":"Katherine Hills Sauvignon Blanc 2018"},"content":{"rendered":"<h3><span style=\"font-family: helvetica, arial, sans-serif;\">L\u1ecbch S\u1eed &amp; Ngu\u1ed3n G\u1ed1c<\/span><\/h3>\n<p><span style=\"font-family: helvetica, arial, sans-serif;\"><strong>Katherine Hills Sauvignon Blanc 2018<\/strong> xu\u1ea5t x\u1ee9 t\u1eeb v\u00f9ng \u0110\u00f4ng Nam \u00dac, n\u01a1i n\u1ed5i ti\u1ebfng v\u1edbi nh\u1eefng d\u00f2ng r\u01b0\u1ee3u vang tr\u1eafng th\u01a1m ngon v\u00e0 ch\u1ea5t l\u01b0\u1ee3ng. V\u1edbi kh\u00ed h\u1eadu m\u00e1t m\u1ebb c\u00f9ng th\u1ed5 nh\u01b0\u1ee1ng gi\u00e0u dinh d\u01b0\u1ee1ng, khu v\u1ef1c n\u00e0y t\u1ea1o \u0111i\u1ec1u ki\u1ec7n ho\u00e0n h\u1ea3o cho gi\u1ed1ng nho Sauvignon Blanc ph\u00e1t tri\u1ec3n, mang l\u1ea1i h\u01b0\u01a1ng v\u1ecb t\u01b0\u01a1i m\u00e1t v\u00e0 c\u00e2n b\u1eb1ng.<\/span><\/p>\n<h3><span style=\"font-family: helvetica, arial, sans-serif;\">H\u01b0\u01a1ng V\u1ecb \u0110\u1ed9c \u0110\u00e1o<\/span><\/h3>\n<ul>\n<li><span style=\"font-family: helvetica, arial, sans-serif;\"><strong>M\u0169i (Nose):<\/strong> H\u01b0\u01a1ng th\u01a1m s\u1ed1ng \u0111\u1ed9ng c\u1ee7a chanh d\u00e2y, b\u01b0\u1edfi, v\u00e0 ch\u00fat h\u01b0\u01a1ng th\u1ea3o m\u1ed9c nh\u1eb9, \u0111i k\u00e8m v\u1edbi n\u1ed1t h\u01b0\u01a1ng tho\u1ea3ng c\u1ee7a c\u1ecf xanh.<\/span><\/li>\n<li><span style=\"font-family: helvetica, arial, sans-serif;\"><strong>V\u1ecb (Palate):<\/strong> V\u1ecb chua t\u01b0\u01a1i gi\u00f2n h\u00f2a quy\u1ec7n c\u00f9ng h\u01b0\u01a1ng v\u1ecb cam qu\u00fdt, t\u00e1o xanh v\u00e0 ch\u00fat kho\u00e1ng ch\u1ea5t, t\u1ea1o c\u1ea3m gi\u00e1c s\u1ea3ng kho\u00e1i tr\u00ean v\u00f2m mi\u1ec7ng.<\/span><\/li>\n<li><span style=\"font-family: helvetica, arial, sans-serif;\"><strong>D\u01b0 v\u1ecb (Finish):<\/strong> K\u1ebft th\u00fac thanh tho\u00e1t, k\u00e9o d\u00e0i v\u1edbi c\u1ea3m gi\u00e1c t\u01b0\u01a1i m\u1edbi v\u00e0 v\u1ecb chua c\u00e2n \u0111\u1ed1i.<\/span><\/li>\n<\/ul>\n<h3><span style=\"font-family: helvetica, arial, sans-serif;\">\u0110\u1eb7c \u0110i\u1ec3m S\u1ea3n Ph\u1ea9m<\/span><\/h3>\n<ul>\n<li><span style=\"font-family: helvetica, arial, sans-serif;\"><strong>Dung t\u00edch:<\/strong> 750ml<\/span><\/li>\n<li><span style=\"font-family: helvetica, arial, sans-serif;\"><strong>N\u1ed3ng \u0111\u1ed9 c\u1ed3n:<\/strong> 12.5% ABV<\/span><\/li>\n<li><span style=\"font-family: helvetica, arial, sans-serif;\"><strong>Xu\u1ea5t x\u1ee9:<\/strong> South Eastern Australia<\/span><\/li>\n<li><span style=\"font-family: helvetica, arial, sans-serif;\"><strong>Lo\u1ea1i:<\/strong> R\u01b0\u1ee3u vang tr\u1eafng<\/span><\/li>\n<li><span style=\"font-family: helvetica, arial, sans-serif;\"><strong>Ni\u00ean v\u1ee5:<\/strong> 2018<\/span><\/li>\n<li><span style=\"font-family: helvetica, arial, sans-serif;\"><strong>Gi\u1ed1ng nho:<\/strong> Sauvignon Blanc<\/span><\/li>\n<\/ul>\n<h3><span style=\"font-family: helvetica, arial, sans-serif;\">C\u00e1ch Th\u01b0\u1edfng Th\u1ee9c<\/span><\/h3>\n<p><span style=\"font-family: helvetica, arial, sans-serif;\"><strong>Katherine Hills Sauvignon Blanc 2018<\/strong> ph\u00f9 h\u1ee3p v\u1edbi:<\/span><\/p>\n<ul>\n<li><span style=\"font-family: helvetica, arial, sans-serif;\">H\u1ea3i s\u1ea3n t\u01b0\u01a1i s\u1ed1ng nh\u01b0 h\u00e0u, t\u00f4m h\u1ea5p ho\u1eb7c c\u00e1 h\u1ed3i n\u01b0\u1edbng.<\/span><\/li>\n<li><span style=\"font-family: helvetica, arial, sans-serif;\">C\u00e1c m\u00f3n salad nh\u1eb9 ho\u1eb7c m\u00f3n \u0103n ki\u1ec3u \u00c1 v\u1edbi gia v\u1ecb nh\u1eb9 nh\u00e0ng.<\/span><\/li>\n<li><span style=\"font-family: helvetica, arial, sans-serif;\">Ph\u1ee5c v\u1ee5 t\u1ed1t nh\u1ea5t \u1edf nhi\u1ec7t \u0111\u1ed9 t\u1eeb 8-10\u00b0C \u0111\u1ec3 gi\u1eef tr\u1ecdn v\u1eb9n h\u01b0\u01a1ng v\u1ecb.<\/span><\/li>\n<\/ul>\n<hr \/>\n<p><span style=\"font-family: helvetica, arial, sans-serif;\"><strong>R\u01b0\u1ee3u Ngo\u1ea1i Twine \u2013 Th\u01b0\u01a1ng Hi\u1ec7u T\u1eeb N\u0103m 2021<\/strong><\/span><\/p>\n<ul>\n<li><span style=\"font-family: helvetica, arial, sans-serif;\">\u0110\u1ecba ch\u1ec9: 144, \u0110\u01b0\u1eddng D1, KDC Ph\u00fa H\u00f2a 1, TP. Th\u1ee7 D\u1ea7u M\u1ed9t, B\u00ecnh D\u01b0\u01a1ng<\/span><\/li>\n<li><span style=\"font-family: helvetica, arial, sans-serif;\">Hotline: 0989.819.859 \u2013 0898.683.465<\/span><\/li>\n<li><span style=\"font-family: helvetica, arial, sans-serif;\">Fanpage: fb.com\/ruoungoaitwine | fb.com\/ruouvangtwine<\/span><\/li>\n<\/ul>\n<p><span style=\"font-family: helvetica, arial, sans-serif;\"><strong>Twine \u2013 \u0110\u1ed3ng h\u00e0nh c\u00f9ng b\u1ea1n n\u00e2ng t\u1ea7m phong c\u00e1ch s\u1ed1ng v\u1edbi nh\u1eefng d\u00f2ng r\u01b0\u1ee3u ngo\u1ea1i th\u01b0\u1ee3ng h\u1ea1ng.<\/strong><\/span><\/p>\n","protected":false},"excerpt":{"rendered":"<p><span style=\"font-family: helvetica, arial, sans-serif;\"><strong>Katherine Hills Sauvignon Blanc 2018<\/strong> xu\u1ea5t x\u1ee9 t\u1eeb v\u00f9ng \u0110\u00f4ng Nam \u00dac, n\u01a1i n\u1ed5i ti\u1ebfng v\u1edbi nh\u1eefng d\u00f2ng r\u01b0\u1ee3u vang tr\u1eafng th\u01a1m ngon v\u00e0 ch\u1ea5t l\u01b0\u1ee3ng. V\u1edbi kh\u00ed h\u1eadu m\u00e1t m\u1ebb c\u00f9ng th\u1ed5 nh\u01b0\u1ee1ng gi\u00e0u dinh d\u01b0\u1ee1ng, khu v\u1ef1c n\u00e0y t\u1ea1o \u0111i\u1ec1u ki\u1ec7n ho\u00e0n h\u1ea3o cho gi\u1ed1ng nho Sauvignon Blanc ph\u00e1t tri\u1ec3n, mang l\u1ea1i h\u01b0\u01a1ng v\u1ecb t\u01b0\u01a1i m\u00e1t v\u00e0 c\u00e2n b\u1eb1ng.<\/span><\/p>\n","protected":false},"featured_media":25221,"comment_status":"open","ping_status":"closed","template":"","meta":[],"product_cat":[15,153,125],"product_tag":[],"class_list":{"0":"post-25217","1":"product","2":"type-product","3":"status-publish","4":"has-post-thumbnail","6":"product_cat-ruou-vang","7":"product_cat-ruou-vang-uc","8":"product_cat-white-wines","11":"first","12":"instock","13":"shipping-taxable","14":"product-type-simple"},"_links":{"self":[{"href":"https:\/\/twine.vn\/index.php\/wp-json\/wp\/v2\/product\/25217","targetHints":{"allow":["GET"]}}],"collection":[{"href":"https:\/\/twine.vn\/index.php\/wp-json\/wp\/v2\/product"}],"about":[{"href":"https:\/\/twine.vn\/index.php\/wp-json\/wp\/v2\/types\/product"}],"replies":[{"embeddable":true,"href":"https:\/\/twine.vn\/index.php\/wp-json\/wp\/v2\/comments?post=25217"}],"wp:featuredmedia":[{"embeddable":true,"href":"https:\/\/twine.vn\/index.php\/wp-json\/wp\/v2\/media\/25221"}],"wp:attachment":[{"href":"https:\/\/twine.vn\/index.php\/wp-json\/wp\/v2\/media?parent=25217"}],"wp:term":[{"taxonomy":"product_cat","embeddable":true,"href":"https:\/\/twine.vn\/index.php\/wp-json\/wp\/v2\/product_cat?post=25217"},{"taxonomy":"product_tag","embeddable":true,"href":"https:\/\/twine.vn\/index.php\/wp-json\/wp\/v2\/product_tag?post=25217"}],"curies":[{"name":"wp","href":"https:\/\/api.w.org\/{rel}","templated":true}]}}