{"id":25222,"date":"2025-01-22T15:00:59","date_gmt":"2025-01-22T15:00:59","guid":{"rendered":"https:\/\/twine.vn\/?post_type=product&#038;p=25222"},"modified":"2025-01-22T15:03:28","modified_gmt":"2025-01-22T15:03:28","slug":"tridente-salento-rosso-igp","status":"publish","type":"product","link":"https:\/\/twine.vn\/index.php\/product\/tridente-salento-rosso-igp\/","title":{"rendered":"Tridente Salento Rosso IGP"},"content":{"rendered":"<h3><span style=\"font-family: helvetica, arial, sans-serif;\">L\u1ecbch s\u1eed &amp; ngu\u1ed3n g\u1ed1c<\/span><\/h3>\n<p><span style=\"font-family: helvetica, arial, sans-serif;\"><strong>Tridente Salento Rosso IGP<\/strong> l\u00e0 m\u1ed9t trong nh\u1eefng d\u00f2ng vang \u0111\u1ecf n\u1ed5i b\u1eadt \u0111\u1ebfn t\u1eeb v\u00f9ng <strong>Salento<\/strong>, mi\u1ec1n Nam n\u01b0\u1edbc \u00dd, thu\u1ed9c ph\u00e2n h\u1ea1ng <strong>Indicazione Geografica Protetta (IGP)<\/strong>. V\u1edbi bi\u1ec3u t\u01b0\u1ee3ng chi\u1ebfc \u0111inh ba (tridente), chai r\u01b0\u1ee3u n\u00e0y g\u1ee3i nh\u1eafc t\u1edbi truy\u1ec1n thuy\u1ebft c\u1ed5 \u0111\u1ea1i, mang theo s\u1ef1 m\u1ea1nh m\u1ebd v\u00e0 l\u1ecbch s\u1eed l\u00e2u \u0111\u1eddi c\u1ee7a v\u00f9ng \u0111\u1ea5t Salento.<\/span><\/p>\n<hr \/>\n<h3><span style=\"font-family: helvetica, arial, sans-serif;\">H\u01b0\u01a1ng v\u1ecb \u0111\u1ed9c \u0111\u00e1o<\/span><\/h3>\n<ul>\n<li><span style=\"font-family: helvetica, arial, sans-serif;\"><strong>M\u0169i (Nose):<\/strong> H\u01b0\u01a1ng th\u01a1m \u0111\u1eb7c tr\u01b0ng c\u1ee7a tr\u00e1i c\u00e2y \u0111\u1ecf ch\u00edn m\u1ecdng nh\u01b0 m\u00e2m x\u00f4i, m\u1eadn h\u00f2a quy\u1ec7n c\u00f9ng c\u00e1c n\u1ed1t h\u01b0\u01a1ng gia v\u1ecb cay nh\u1eb9, cacao v\u00e0 g\u1ed7 s\u1ed3i.<\/span><\/li>\n<li><span style=\"font-family: helvetica, arial, sans-serif;\"><strong>V\u1ecb (Palate):<\/strong> \u0110\u1eadm \u0111\u00e0, tannin m\u1ec1m m\u01b0\u1ee3t, c\u1ea5u tr\u00fac r\u01b0\u1ee3u c\u00e2n b\u1eb1ng ho\u00e0n h\u1ea3o v\u1edbi \u0111\u1ed9 chua nh\u1eb9, l\u00e0m n\u1ed5i b\u1eadt v\u1ecb ng\u1ecdt c\u1ee7a tr\u00e1i c\u00e2y.<\/span><\/li>\n<li><span style=\"font-family: helvetica, arial, sans-serif;\"><strong>D\u01b0 v\u1ecb (Finish):<\/strong> D\u00e0i l\u00e2u, \u0111\u1ec3 l\u1ea1i d\u1ea5u \u1ea5n m\u1ea1nh m\u1ebd v\u1edbi ch\u00fat v\u1ecb kh\u00f3i v\u00e0 vani t\u1eeb th\u00f9ng g\u1ed7 s\u1ed3i.<\/span><\/li>\n<\/ul>\n<hr \/>\n<h3><span style=\"font-family: helvetica, arial, sans-serif;\">\u0110\u1eb7c \u0111i\u1ec3m s\u1ea3n ph\u1ea9m<\/span><\/h3>\n<ul>\n<li><span style=\"font-family: helvetica, arial, sans-serif;\"><strong>Dung t\u00edch:<\/strong> 750ml<\/span><\/li>\n<li><span style=\"font-family: helvetica, arial, sans-serif;\"><strong>N\u1ed3ng \u0111\u1ed9 c\u1ed3n:<\/strong> 14% ABV<\/span><\/li>\n<li><span style=\"font-family: helvetica, arial, sans-serif;\"><strong>Xu\u1ea5t x\u1ee9:<\/strong> Salento, Puglia, \u00dd<\/span><\/li>\n<li><span style=\"font-family: helvetica, arial, sans-serif;\"><strong>Ph\u00e2n h\u1ea1ng:<\/strong> Indicazione Geografica Protetta (IGP)<\/span><\/li>\n<li><span style=\"font-family: helvetica, arial, sans-serif;\"><strong>Lo\u1ea1i:<\/strong> R\u01b0\u1ee3u vang \u0111\u1ecf cao c\u1ea5p<\/span><\/li>\n<\/ul>\n<hr \/>\n<h3><span style=\"font-family: helvetica, arial, sans-serif;\">C\u00e1ch th\u01b0\u1edfng th\u1ee9c<\/span><\/h3>\n<p><span style=\"font-family: helvetica, arial, sans-serif;\">\u0110\u1ec3 c\u1ea3m nh\u1eadn tr\u1ecdn v\u1eb9n h\u01b0\u01a1ng v\u1ecb <strong>Tridente Salento Rosso IGP<\/strong>, b\u1ea1n n\u00ean:<\/span><\/p>\n<ul>\n<li><span style=\"font-family: helvetica, arial, sans-serif;\">K\u1ebft h\u1ee3p v\u1edbi c\u00e1c m\u00f3n th\u1ecbt \u0111\u1ecf n\u01b0\u1edbng, th\u1ecbt heo mu\u1ed1i, ho\u1eb7c ph\u00f4 mai c\u1ee9ng nh\u01b0 Pecorino.<\/span><\/li>\n<li><span style=\"font-family: helvetica, arial, sans-serif;\">Ph\u00f9 h\u1ee3p \u0111\u1ec3 u\u1ed1ng c\u00f9ng m\u00ec \u00dd s\u1ed1t th\u1ecbt b\u00f2 ho\u1eb7c pizza n\u01b0\u1edbng c\u1ee7i.<\/span><\/li>\n<\/ul>\n<p><span style=\"font-family: helvetica, arial, sans-serif;\"><strong>Nhi\u1ec7t \u0111\u1ed9 l\u00fd t\u01b0\u1edfng:<\/strong> 16-18\u00b0C. N\u00ean \u0111\u1ec3 vang th\u1edf trong decanter kho\u1ea3ng 30-60 ph\u00fat tr\u01b0\u1edbc khi u\u1ed1ng.<\/span><\/p>\n<hr \/>\n<h3><span style=\"font-family: helvetica, arial, sans-serif;\">R\u01b0\u1ee3u Ngo\u1ea1i Twine \u2013 Tinh Hoa Vang Th\u01b0\u1ee3ng H\u1ea1ng<\/span><\/h3>\n<ul>\n<li><span style=\"font-family: helvetica, arial, sans-serif;\"><strong>\u0110\u1ecba ch\u1ec9:<\/strong> 144, \u0110\u01b0\u1eddng D1, KDC Ph\u00fa H\u00f2a 1, TP. Th\u1ee7 D\u1ea7u M\u1ed9t, B\u00ecnh D\u01b0\u01a1ng<\/span><\/li>\n<li><span style=\"font-family: helvetica, arial, sans-serif;\"><strong>Hotline:<\/strong> 0989.819.859 \u2013 0898.683.465<\/span><\/li>\n<li><span style=\"font-family: helvetica, arial, sans-serif;\"><strong>Fanpage:<\/strong> <a href=\"https:\/\/fb.com\/ruoungoaitwine\" target=\"_new\" rel=\"noopener\">fb.com\/ruoungoaitwine<\/a> | <a href=\"https:\/\/fb.com\/ruouvangtwine\" target=\"_new\" rel=\"noopener\">fb.com\/ruouvangtwine<\/a><\/span><\/li>\n<\/ul>\n<p><span style=\"font-family: helvetica, arial, sans-serif;\">Twine \u2013 Kh\u00e1m ph\u00e1 tinh hoa t\u1eeb nh\u1eefng chai vang \u0111\u1ec9nh cao.<\/span><\/p>\n","protected":false},"excerpt":{"rendered":"<p><span style=\"font-family: helvetica, arial, sans-serif;\"><strong>Tridente Salento Rosso IGP<\/strong> l\u00e0 m\u1ed9t trong nh\u1eefng d\u00f2ng vang \u0111\u1ecf n\u1ed5i b\u1eadt \u0111\u1ebfn t\u1eeb v\u00f9ng <strong>Salento<\/strong>, mi\u1ec1n Nam n\u01b0\u1edbc \u00dd, thu\u1ed9c ph\u00e2n h\u1ea1ng <strong>Indicazione Geografica Protetta (IGP)<\/strong>. V\u1edbi bi\u1ec3u t\u01b0\u1ee3ng chi\u1ebfc \u0111inh ba (tridente), chai r\u01b0\u1ee3u n\u00e0y g\u1ee3i nh\u1eafc t\u1edbi truy\u1ec1n thuy\u1ebft c\u1ed5 \u0111\u1ea1i, mang theo s\u1ef1 m\u1ea1nh m\u1ebd v\u00e0 l\u1ecbch s\u1eed l\u00e2u \u0111\u1eddi c\u1ee7a v\u00f9ng \u0111\u1ea5t Salento.<\/span><\/p>\n","protected":false},"featured_media":25226,"comment_status":"open","ping_status":"closed","template":"","meta":[],"product_cat":[15,150,103],"product_tag":[],"class_list":{"0":"post-25222","1":"product","2":"type-product","3":"status-publish","4":"has-post-thumbnail","6":"product_cat-ruou-vang","7":"product_cat-ruou-vang-y","8":"product_cat-red-wines","11":"first","12":"instock","13":"shipping-taxable","14":"product-type-simple"},"_links":{"self":[{"href":"https:\/\/twine.vn\/index.php\/wp-json\/wp\/v2\/product\/25222","targetHints":{"allow":["GET"]}}],"collection":[{"href":"https:\/\/twine.vn\/index.php\/wp-json\/wp\/v2\/product"}],"about":[{"href":"https:\/\/twine.vn\/index.php\/wp-json\/wp\/v2\/types\/product"}],"replies":[{"embeddable":true,"href":"https:\/\/twine.vn\/index.php\/wp-json\/wp\/v2\/comments?post=25222"}],"wp:featuredmedia":[{"embeddable":true,"href":"https:\/\/twine.vn\/index.php\/wp-json\/wp\/v2\/media\/25226"}],"wp:attachment":[{"href":"https:\/\/twine.vn\/index.php\/wp-json\/wp\/v2\/media?parent=25222"}],"wp:term":[{"taxonomy":"product_cat","embeddable":true,"href":"https:\/\/twine.vn\/index.php\/wp-json\/wp\/v2\/product_cat?post=25222"},{"taxonomy":"product_tag","embeddable":true,"href":"https:\/\/twine.vn\/index.php\/wp-json\/wp\/v2\/product_tag?post=25222"}],"curies":[{"name":"wp","href":"https:\/\/api.w.org\/{rel}","templated":true}]}}