{"id":25232,"date":"2025-01-24T15:46:47","date_gmt":"2025-01-24T15:46:47","guid":{"rendered":"https:\/\/twine.vn\/?post_type=product&#038;p=25232"},"modified":"2026-02-24T07:18:38","modified_gmt":"2026-02-24T07:18:38","slug":"perle-di-piera-violet-pearl-moscato","status":"publish","type":"product","link":"https:\/\/twine.vn\/index.php\/product\/perle-di-piera-violet-pearl-moscato\/","title":{"rendered":"Perle di Piera Violet Pearl Moscato"},"content":{"rendered":"<p><span style=\"font-family: helvetica, arial, sans-serif;\"><strong>L\u1ecbch s\u1eed &amp; Ngu\u1ed3n g\u1ed1c<\/strong><\/span><br \/>\n<span style=\"font-family: helvetica, arial, sans-serif;\">Perle di Piera Violet Pearl Moscato l\u00e0 m\u1ed9t chai vang n\u1ed5 tinh t\u1ebf \u0111\u1ebfn t\u1eeb \u00dd, n\u01a1i c\u00f3 truy\u1ec1n th\u1ed1ng s\u1ea3n xu\u1ea5t r\u01b0\u1ee3u vang l\u00e2u \u0111\u1eddi. \u0110\u01b0\u1ee3c l\u00e0m t\u1eeb gi\u1ed1ng nho Moscato n\u1ed5i ti\u1ebfng, chai r\u01b0\u1ee3u n\u00e0y th\u1ec3 hi\u1ec7n s\u1ef1 k\u1ebft h\u1ee3p ho\u00e0n h\u1ea3o gi\u1eefa h\u01b0\u01a1ng v\u1ecb ng\u1ecdt ng\u00e0o, t\u01b0\u01a1i m\u00e1t v\u00e0 phong c\u00e1ch hi\u1ec7n \u0111\u1ea1i. V\u1edbi thi\u1ebft k\u1ebf sang tr\u1ecdng v\u00e0 s\u1eafc t\u00edm huy\u1ec1n b\u00ed, Violet Pearl Moscato mang \u0111\u1ebfn tr\u1ea3i nghi\u1ec7m th\u01b0\u1edfng th\u1ee9c \u0111\u1ed9c \u0111\u00e1o, ph\u00f9 h\u1ee3p cho nh\u1eefng d\u1ecbp \u0111\u1eb7c bi\u1ec7t.<\/span><\/p>\n<p><span style=\"font-family: helvetica, arial, sans-serif;\"><strong>H\u01b0\u01a1ng v\u1ecb \u0111\u1ed9c \u0111\u00e1o<\/strong><\/span><\/p>\n<ul>\n<li><span style=\"font-family: helvetica, arial, sans-serif;\"><strong>M\u0169i (Nose):<\/strong> H\u01b0\u01a1ng th\u01a1m quy\u1ebfn r\u0169 c\u1ee7a hoa tr\u1eafng, qu\u1ea3 \u0111\u00e0o ch\u00edn v\u00e0 m\u1eadt ong, k\u1ebft h\u1ee3p c\u00f9ng ch\u00fat h\u01b0\u01a1ng cam qu\u00fdt nh\u1eb9 nh\u00e0ng.<\/span><\/li>\n<li><span style=\"font-family: helvetica, arial, sans-serif;\"><strong>V\u1ecb (Palate):<\/strong> V\u1ecb ng\u1ecdt d\u1ecbu \u0111\u1eb7c tr\u01b0ng c\u1ee7a Moscato, h\u00f2a quy\u1ec7n v\u1edbi \u0111\u1ed9 s\u1ee7i b\u1ecdt nh\u1eb9, mang l\u1ea1i c\u1ea3m gi\u00e1c t\u01b0\u01a1i m\u00e1t v\u00e0 thanh l\u1ecbch.<\/span><\/li>\n<li><span style=\"font-family: helvetica, arial, sans-serif;\"><strong>D\u01b0 v\u1ecb (Finish):<\/strong> K\u00e9o d\u00e0i v\u00e0 tr\u00f2n tr\u1ecba, \u0111\u1ec3 l\u1ea1i h\u1eadu v\u1ecb ng\u1ecdt ng\u00e0o v\u1edbi ch\u00fat g\u1ee3i \u00fd c\u1ee7a vani v\u00e0 tr\u00e1i c\u00e2y nhi\u1ec7t \u0111\u1edbi.<\/span><\/li>\n<\/ul>\n<p><span style=\"font-family: helvetica, arial, sans-serif;\"><strong>\u0110\u1eb7c \u0111i\u1ec3m s\u1ea3n ph\u1ea9m<\/strong><\/span><\/p>\n<ul>\n<li><span style=\"font-family: helvetica, arial, sans-serif;\"><strong>Dung t\u00edch:<\/strong> 750ml<\/span><\/li>\n<li><span style=\"font-family: helvetica, arial, sans-serif;\"><strong>N\u1ed3ng \u0111\u1ed9 c\u1ed3n:<\/strong> 7% ABV<\/span><\/li>\n<li><span style=\"font-family: helvetica, arial, sans-serif;\"><strong>Xu\u1ea5t x\u1ee9:<\/strong> \u00dd<\/span><\/li>\n<li><span style=\"font-family: helvetica, arial, sans-serif;\"><strong>Lo\u1ea1i:<\/strong> R\u01b0\u1ee3u vang n\u1ed5 ng\u1ecdt (Sparkling Moscato)<\/span><\/li>\n<\/ul>\n<p><span style=\"font-family: helvetica, arial, sans-serif;\"><strong>C\u00e1ch th\u01b0\u1edfng th\u1ee9c<\/strong><\/span><br \/>\n<span style=\"font-family: helvetica, arial, sans-serif;\">Perle di Piera Violet Pearl Moscato ngon nh\u1ea5t khi \u0111\u01b0\u1ee3c \u01b0\u1edbp l\u1ea1nh \u1edf nhi\u1ec7t \u0111\u1ed9 6-8\u00b0C. \u0110\u00e2y l\u00e0 l\u1ef1a ch\u1ecdn l\u00fd t\u01b0\u1edfng \u0111\u1ec3 k\u1ebft h\u1ee3p v\u1edbi tr\u00e1i c\u00e2y t\u01b0\u01a1i, m\u00f3n tr\u00e1ng mi\u1ec7ng, ho\u1eb7c \u0111\u01a1n gi\u1ea3n l\u00e0 nh\u00e2m nhi trong nh\u1eefng b\u1eefa ti\u1ec7c sang tr\u1ecdng v\u00e0 l\u00e3ng m\u1ea1n.<\/span><\/p>\n<hr \/>\n<p><span style=\"font-family: helvetica, arial, sans-serif;\"><strong>R\u01b0\u1ee3u Ngo\u1ea1i Twine \u2013 Th\u01b0\u01a1ng Hi\u1ec7u T\u1eeb N\u0103m 2021<\/strong><\/span><br \/>\n<span style=\"font-family: helvetica, arial, sans-serif;\"><strong>\u0110\u1ecba ch\u1ec9:<\/strong> 144, \u0110\u01b0\u1eddng D1, KDC Ph\u00fa H\u00f2a 1, TP. Th\u1ee7 D\u1ea7u M\u1ed9t, B\u00ecnh D\u01b0\u01a1ng<\/span><br \/>\n<span style=\"font-family: helvetica, arial, sans-serif;\"><strong>Hotline:<\/strong> 0989.819.859 \u2013 0898.683.465<\/span><br \/>\n<span style=\"font-family: helvetica, arial, sans-serif;\"><strong>Fanpage:<\/strong> <a href=\"https:\/\/fb.com\/ruoungoaitwine\" target=\"_new\" rel=\"noopener\">fb.com\/ruoungoaitwine<\/a> | <a href=\"https:\/\/fb.com\/ruouvangtwine\" target=\"_new\" rel=\"noopener\">fb.com\/ruouvangtwine<\/a><\/span><br \/>\n<span style=\"font-family: helvetica, arial, sans-serif;\"><strong>Twine \u2013 \u0110\u1ed3ng h\u00e0nh c\u00f9ng b\u1ea1n n\u00e2ng t\u1ea7m phong c\u00e1ch s\u1ed1ng v\u1edbi nh\u1eefng d\u00f2ng r\u01b0\u1ee3u ngo\u1ea1i th\u01b0\u1ee3ng h\u1ea1ng!<\/strong><\/span><\/p>\n","protected":false},"excerpt":{"rendered":"<p><span style=\"font-family: helvetica, arial, sans-serif;\">Perle di Piera Violet Pearl Moscato l\u00e0 m\u1ed9t chai vang n\u1ed5 tinh t\u1ebf \u0111\u1ebfn t\u1eeb \u00dd, n\u01a1i c\u00f3 truy\u1ec1n th\u1ed1ng s\u1ea3n xu\u1ea5t r\u01b0\u1ee3u vang l\u00e2u \u0111\u1eddi. \u0110\u01b0\u1ee3c l\u00e0m t\u1eeb gi\u1ed1ng nho Moscato n\u1ed5i ti\u1ebfng, chai r\u01b0\u1ee3u n\u00e0y th\u1ec3 hi\u1ec7n s\u1ef1 k\u1ebft h\u1ee3p ho\u00e0n h\u1ea3o gi\u1eefa h\u01b0\u01a1ng v\u1ecb ng\u1ecdt ng\u00e0o, t\u01b0\u01a1i m\u00e1t v\u00e0 phong c\u00e1ch hi\u1ec7n \u0111\u1ea1i. V\u1edbi thi\u1ebft k\u1ebf sang tr\u1ecdng v\u00e0 s\u1eafc t\u00edm huy\u1ec1n b\u00ed, Violet Pearl Moscato mang \u0111\u1ebfn tr\u1ea3i nghi\u1ec7m th\u01b0\u1edfng th\u1ee9c \u0111\u1ed9c \u0111\u00e1o, ph\u00f9 h\u1ee3p cho nh\u1eefng d\u1ecbp \u0111\u1eb7c bi\u1ec7t.<\/span><\/p>\n","protected":false},"featured_media":25231,"comment_status":"open","ping_status":"closed","template":"","meta":[],"product_cat":[15,70,150],"product_tag":[],"class_list":{"0":"post-25232","1":"product","2":"type-product","3":"status-publish","4":"has-post-thumbnail","6":"product_cat-ruou-vang","7":"product_cat-champagnes","8":"product_cat-ruou-vang-y","11":"first","12":"instock","13":"shipping-taxable","14":"product-type-simple"},"_links":{"self":[{"href":"https:\/\/twine.vn\/index.php\/wp-json\/wp\/v2\/product\/25232","targetHints":{"allow":["GET"]}}],"collection":[{"href":"https:\/\/twine.vn\/index.php\/wp-json\/wp\/v2\/product"}],"about":[{"href":"https:\/\/twine.vn\/index.php\/wp-json\/wp\/v2\/types\/product"}],"replies":[{"embeddable":true,"href":"https:\/\/twine.vn\/index.php\/wp-json\/wp\/v2\/comments?post=25232"}],"wp:featuredmedia":[{"embeddable":true,"href":"https:\/\/twine.vn\/index.php\/wp-json\/wp\/v2\/media\/25231"}],"wp:attachment":[{"href":"https:\/\/twine.vn\/index.php\/wp-json\/wp\/v2\/media?parent=25232"}],"wp:term":[{"taxonomy":"product_cat","embeddable":true,"href":"https:\/\/twine.vn\/index.php\/wp-json\/wp\/v2\/product_cat?post=25232"},{"taxonomy":"product_tag","embeddable":true,"href":"https:\/\/twine.vn\/index.php\/wp-json\/wp\/v2\/product_tag?post=25232"}],"curies":[{"name":"wp","href":"https:\/\/api.w.org\/{rel}","templated":true}]}}