{"id":25238,"date":"2025-01-24T16:08:27","date_gmt":"2025-01-24T16:08:27","guid":{"rendered":"https:\/\/twine.vn\/?post_type=product&#038;p=25238"},"modified":"2025-01-24T16:08:28","modified_gmt":"2025-01-24T16:08:28","slug":"sixty-eight-cabernet-sauvignon-2022","status":"publish","type":"product","link":"https:\/\/twine.vn\/index.php\/product\/sixty-eight-cabernet-sauvignon-2022\/","title":{"rendered":"Sixty Eight Cabernet Sauvignon 2022"},"content":{"rendered":"<h3><span style=\"font-family: helvetica, arial, sans-serif;\"><strong>L\u1ecbch s\u1eed &amp; ngu\u1ed3n g\u1ed1c<\/strong><\/span><\/h3>\n<p><span style=\"font-family: helvetica, arial, sans-serif;\"><strong>Sixty Eight Cabernet Sauvignon 2022<\/strong> l\u00e0 d\u00f2ng vang \u0111\u1ecf \u0111\u1ebfn t\u1eeb v\u00f9ng thung l\u0169ng Central Valley (D.O. Valle Central), Chile \u2013 n\u01a1i \u0111\u01b0\u1ee3c bi\u1ebft \u0111\u1ebfn v\u1edbi \u0111i\u1ec1u ki\u1ec7n kh\u00ed h\u1eadu v\u00e0 th\u1ed5 nh\u01b0\u1ee1ng l\u00fd t\u01b0\u1edfng \u0111\u1ec3 t\u1ea1o n\u00ean nh\u1eefng chai vang ch\u1ea5t l\u01b0\u1ee3ng. \u0110\u01b0\u1ee3c s\u1ea3n xu\u1ea5t b\u1edfi Simma Wine &amp; Vineyards, nh\u00e3n chai &#8220;68&#8221; t\u01b0\u1ee3ng tr\u01b0ng cho s\u1ef1 c\u00e2n b\u1eb1ng gi\u1eefa truy\u1ec1n th\u1ed1ng v\u00e0 phong c\u00e1ch hi\u1ec7n \u0111\u1ea1i. \u0110\u00e2y l\u00e0 d\u00f2ng vang \u0111\u01b0\u1ee3c \u0111\u00e1nh gi\u00e1 cao b\u1edfi nh\u1eefng ng\u01b0\u1eddi y\u00eau th\u00edch h\u01b0\u01a1ng v\u1ecb Cabernet Sauvignon c\u1ed5 \u0111i\u1ec3n.<\/span><\/p>\n<hr \/>\n<h3><span style=\"font-family: helvetica, arial, sans-serif;\"><strong>H\u01b0\u01a1ng v\u1ecb \u0111\u1eb7c tr\u01b0ng<\/strong><\/span><\/h3>\n<ul>\n<li><span style=\"font-family: helvetica, arial, sans-serif;\"><strong>M\u0169i (Nose):<\/strong> T\u1ecfa ra h\u01b0\u01a1ng th\u01a1m c\u1ee7a tr\u00e1i c\u00e2y \u0111\u1ecf nh\u01b0 anh \u0111\u00e0o, m\u1eadn ch\u00edn, k\u1ebft h\u1ee3p c\u00f9ng n\u1ed1t h\u01b0\u01a1ng nh\u1eb9 c\u1ee7a ti\u00eau \u0111en v\u00e0 g\u1ed7 s\u1ed3i.<\/span><\/li>\n<li><span style=\"font-family: helvetica, arial, sans-serif;\"><strong>V\u1ecb (Palate):<\/strong> Mang \u0111\u1ebfn s\u1ef1 m\u1ea1nh m\u1ebd v\u00e0 c\u00e2n b\u1eb1ng v\u1edbi tannin m\u1ec1m m\u1ea1i, h\u1eadu v\u1ecb g\u1ee3i nh\u1edb \u0111\u1ebfn vani v\u00e0 ch\u00fat v\u1ecb chocolate \u0111en.<\/span><\/li>\n<li><span style=\"font-family: helvetica, arial, sans-serif;\"><strong>D\u01b0 v\u1ecb (Finish):<\/strong> D\u01b0 \u00e2m k\u00e9o d\u00e0i, mang l\u1ea1i c\u1ea3m gi\u00e1c \u1ea5m \u00e1p v\u00e0 tinh t\u1ebf.<\/span><\/li>\n<\/ul>\n<hr \/>\n<h3><span style=\"font-family: helvetica, arial, sans-serif;\"><strong>\u0110\u1eb7c \u0111i\u1ec3m s\u1ea3n ph\u1ea9m<\/strong><\/span><\/h3>\n<ul>\n<li><span style=\"font-family: helvetica, arial, sans-serif;\"><strong>Lo\u1ea1i r\u01b0\u1ee3u:<\/strong> Vang \u0111\u1ecf (Cabernet Sauvignon)<\/span><\/li>\n<li><span style=\"font-family: helvetica, arial, sans-serif;\"><strong>Dung t\u00edch:<\/strong> 750ml<\/span><\/li>\n<li><span style=\"font-family: helvetica, arial, sans-serif;\"><strong>N\u1ed3ng \u0111\u1ed9 c\u1ed3n:<\/strong> 13.5% ABV<\/span><\/li>\n<li><span style=\"font-family: helvetica, arial, sans-serif;\"><strong>Ni\u00ean v\u1ee5:<\/strong> 2022<\/span><\/li>\n<li><span style=\"font-family: helvetica, arial, sans-serif;\"><strong>Xu\u1ea5t x\u1ee9:<\/strong> Valle Central, Chile<\/span><\/li>\n<\/ul>\n<hr \/>\n<h3><span style=\"font-family: helvetica, arial, sans-serif;\"><strong>C\u00e1ch th\u01b0\u1edfng th\u1ee9c<\/strong><\/span><\/h3>\n<p><span style=\"font-family: helvetica, arial, sans-serif;\">\u0110\u1ec3 c\u1ea3m nh\u1eadn tr\u1ecdn v\u1eb9n h\u01b0\u01a1ng v\u1ecb c\u1ee7a <strong>Sixty Eight Cabernet Sauvignon 2022<\/strong>, n\u00ean:<\/span><\/p>\n<ul>\n<li><span style=\"font-family: helvetica, arial, sans-serif;\"><strong>Nhi\u1ec7t \u0111\u1ed9 ph\u1ee5c v\u1ee5:<\/strong> 16-18\u00b0C.<\/span><\/li>\n<li><span style=\"font-family: helvetica, arial, sans-serif;\"><strong>Decant:<\/strong> 15-30 ph\u00fat tr\u01b0\u1edbc khi u\u1ed1ng.<\/span><\/li>\n<li><span style=\"font-family: helvetica, arial, sans-serif;\"><strong>K\u1ebft h\u1ee3p m\u00f3n \u0103n:<\/strong> Th\u00edch h\u1ee3p v\u1edbi th\u1ecbt b\u00f2 n\u01b0\u1edbng, th\u1ecbt c\u1eebu, ho\u1eb7c c\u00e1c m\u00f3n pasta s\u1ed1t \u0111\u1ecf.<\/span><\/li>\n<\/ul>\n<hr \/>\n<h3><span style=\"font-family: helvetica, arial, sans-serif;\"><strong>L\u00fd do ch\u1ecdn R\u01b0\u1ee3u Ngo\u1ea1i Twine<\/strong><\/span><\/h3>\n<ul>\n<li><span style=\"font-family: helvetica, arial, sans-serif;\"><strong>H\u00e0ng ch\u00ednh h\u00e3ng, ch\u1ea5t l\u01b0\u1ee3ng cao.<\/strong><\/span><\/li>\n<li><span style=\"font-family: helvetica, arial, sans-serif;\"><strong>Cam k\u1ebft xu\u1ea5t h\u00f3a \u0111\u01a1n VAT \u0111\u1ea7y \u0111\u1ee7.<\/strong><\/span><\/li>\n<li><span style=\"font-family: helvetica, arial, sans-serif;\"><strong>D\u1ecbch v\u1ee5 t\u01b0 v\u1ea5n chuy\u00ean nghi\u1ec7p, giao h\u00e0ng t\u1eadn n\u01a1i.<\/strong><\/span><\/li>\n<\/ul>\n<h4><span style=\"font-family: helvetica, arial, sans-serif;\"><strong>Th\u00f4ng tin li\u00ean h\u1ec7:<\/strong><\/span><\/h4>\n<ul>\n<li><span style=\"font-family: helvetica, arial, sans-serif;\"><strong>\u0110\u1ecba ch\u1ec9:<\/strong> 144, \u0110\u01b0\u1eddng D1, KDC Ph\u00fa H\u00f2a 1, TP. Th\u1ee7 D\u1ea7u M\u1ed9t, B\u00ecnh D\u01b0\u01a1ng<\/span><\/li>\n<li><span style=\"font-family: helvetica, arial, sans-serif;\"><strong>Hotline:<\/strong> 0989.819.859 \u2013 0898.683.465<\/span><\/li>\n<li><span style=\"font-family: helvetica, arial, sans-serif;\"><strong>Website:<\/strong> <a href=\"https:\/\/twine.vn\" target=\"_new\" rel=\"noopener\">twine.vn<\/a><\/span><\/li>\n<li><span style=\"font-family: helvetica, arial, sans-serif;\"><strong>Fanpage:<\/strong> <a href=\"https:\/\/fb.com\/ruoungoaitwine\" target=\"_new\" rel=\"noopener\">fb.com\/ruoungoaitwine<\/a> | <a href=\"https:\/\/fb.com\/ruouvangtwine\" target=\"_new\" rel=\"noopener\">fb.com\/ruouvangtwine<\/a><\/span><\/li>\n<\/ul>\n<p><span style=\"font-family: helvetica, arial, sans-serif;\"><strong>Twine \u2013 \u0110\u1ed3ng h\u00e0nh c\u00f9ng b\u1ea1n trong nh\u1eefng kho\u1ea3nh kh\u1eafc \u0111\u1eb7c bi\u1ec7t!<\/strong><\/span><\/p>\n","protected":false},"excerpt":{"rendered":"<p><span style=\"font-family: helvetica, arial, sans-serif;\"><strong>Sixty Eight Cabernet Sauvignon 2022<\/strong> l\u00e0 d\u00f2ng vang \u0111\u1ecf \u0111\u1ebfn t\u1eeb v\u00f9ng thung l\u0169ng Central Valley (D.O. Valle Central), Chile \u2013 n\u01a1i \u0111\u01b0\u1ee3c bi\u1ebft \u0111\u1ebfn v\u1edbi \u0111i\u1ec1u ki\u1ec7n kh\u00ed h\u1eadu v\u00e0 th\u1ed5 nh\u01b0\u1ee1ng l\u00fd t\u01b0\u1edfng \u0111\u1ec3 t\u1ea1o n\u00ean nh\u1eefng chai vang ch\u1ea5t l\u01b0\u1ee3ng. \u0110\u01b0\u1ee3c s\u1ea3n xu\u1ea5t b\u1edfi Simma Wine &amp; Vineyards, nh\u00e3n chai &#8220;68&#8221; t\u01b0\u1ee3ng tr\u01b0ng cho s\u1ef1 c\u00e2n b\u1eb1ng gi\u1eefa truy\u1ec1n th\u1ed1ng v\u00e0 phong c\u00e1ch hi\u1ec7n \u0111\u1ea1i. \u0110\u00e2y l\u00e0 d\u00f2ng vang \u0111\u01b0\u1ee3c \u0111\u00e1nh gi\u00e1 cao b\u1edfi nh\u1eefng ng\u01b0\u1eddi y\u00eau th\u00edch h\u01b0\u01a1ng v\u1ecb Cabernet Sauvignon c\u1ed5 \u0111i\u1ec3n.<\/span><\/p>\n","protected":false},"featured_media":25242,"comment_status":"open","ping_status":"closed","template":"","meta":[],"product_cat":[15,151,103],"product_tag":[],"class_list":{"0":"post-25238","1":"product","2":"type-product","3":"status-publish","4":"has-post-thumbnail","6":"product_cat-ruou-vang","7":"product_cat-ruou-vang-chile","8":"product_cat-red-wines","11":"first","12":"instock","13":"shipping-taxable","14":"product-type-simple"},"_links":{"self":[{"href":"https:\/\/twine.vn\/index.php\/wp-json\/wp\/v2\/product\/25238","targetHints":{"allow":["GET"]}}],"collection":[{"href":"https:\/\/twine.vn\/index.php\/wp-json\/wp\/v2\/product"}],"about":[{"href":"https:\/\/twine.vn\/index.php\/wp-json\/wp\/v2\/types\/product"}],"replies":[{"embeddable":true,"href":"https:\/\/twine.vn\/index.php\/wp-json\/wp\/v2\/comments?post=25238"}],"wp:featuredmedia":[{"embeddable":true,"href":"https:\/\/twine.vn\/index.php\/wp-json\/wp\/v2\/media\/25242"}],"wp:attachment":[{"href":"https:\/\/twine.vn\/index.php\/wp-json\/wp\/v2\/media?parent=25238"}],"wp:term":[{"taxonomy":"product_cat","embeddable":true,"href":"https:\/\/twine.vn\/index.php\/wp-json\/wp\/v2\/product_cat?post=25238"},{"taxonomy":"product_tag","embeddable":true,"href":"https:\/\/twine.vn\/index.php\/wp-json\/wp\/v2\/product_tag?post=25238"}],"curies":[{"name":"wp","href":"https:\/\/api.w.org\/{rel}","templated":true}]}}